{"id":17327,"date":"2025-01-08T16:30:33","date_gmt":"2025-01-08T15:30:33","guid":{"rendered":"https:\/\/maxeville.fr\/?page_id=17327"},"modified":"2025-01-08T16:30:34","modified_gmt":"2025-01-08T15:30:34","slug":"maison-des-aidants-de-nancy","status":"publish","type":"page","link":"https:\/\/maxeville.fr\/index.php\/maison-des-aidants-de-nancy\/","title":{"rendered":"Maison des Aidants de Nancy"},"content":{"rendered":"\n<p>Situ\u00e9e \u00e0 proximit\u00e9 du Kinepolis de Nancy, sa mission est d\u2019accompagner les aidants en leur offrant une \u00e9coute individuelle et collective, un diagnostic personnalis\u00e9 et des ressources adapt\u00e9es.<\/p>\n\n\n\n<p><a href=\"https:\/\/lamaisondesaidantsnancy.fr\/\" data-type=\"URL\" data-id=\"https:\/\/lamaisondesaidantsnancy.fr\/\" target=\"_blank\" rel=\"noreferrer noopener\">Retrouvez l\u00e8s par ici.<\/a><\/p>\n\n\n\n<p><a href=\"https:\/\/lamaisondesaidantsnancy.fr\/wp-content\/uploads\/2024\/12\/Programme-mda-1er-tr-2025.pdf\" data-type=\"URL\" data-id=\"https:\/\/lamaisondesaidantsnancy.fr\/wp-content\/uploads\/2024\/12\/Programme-mda-1er-tr-2025.pdf\" target=\"_blank\" rel=\"noreferrer noopener\">Programmation | leurs activit\u00e9s 2025<\/a><\/p>\n\n\n\n<p><\/p>\n<div style=\"padding-bottom:20px; padding-top:10px;\" class=\"hupso-share-buttons\"><!-- Hupso Share Buttons - https:\/\/www.hupso.com\/share\/ --><a class=\"hupso_toolbar\" href=\"https:\/\/www.hupso.com\/share\/\"><img src=\"https:\/\/static.hupso.com\/share\/buttons\/lang\/fr\/share-medium.png\" style=\"border:0px; padding-top: 5px; float:left;\" alt=\"Share Button\"\/><\/a><script type=\"text\/javascript\">var hupso_services_t=new Array();var hupso_background_t=\"#EAF4FF\";var hupso_border_t=\"#66CCFF\";var hupso_toolbar_size_t=\"medium\";var hupso_image_folder_url = \"\";var hupso_url_t=\"\";var hupso_title_t=\"Maison%20des%20Aidants%20de%20Nancy\";<\/script><script type=\"text\/javascript\" src=\"https:\/\/static.hupso.com\/share\/js\/share_toolbar.js\"><\/script><!-- Hupso Share Buttons --><\/div>","protected":false},"excerpt":{"rendered":"<p>Situ\u00e9e \u00e0 proximit\u00e9 du Kinepolis de Nancy, sa mission est d\u2019accompagner les aidants en leur offrant une \u00e9coute individuelle et collective, un diagnostic personnalis\u00e9 et des ressources adapt\u00e9es&#8230;.<\/p>\n","protected":false},"author":1,"featured_media":17328,"parent":0,"menu_order":0,"comment_status":"closed","ping_status":"closed","template":"","meta":[],"_links":{"self":[{"href":"https:\/\/maxeville.fr\/index.php\/wp-json\/wp\/v2\/pages\/17327"}],"collection":[{"href":"https:\/\/maxeville.fr\/index.php\/wp-json\/wp\/v2\/pages"}],"about":[{"href":"https:\/\/maxeville.fr\/index.php\/wp-json\/wp\/v2\/types\/page"}],"author":[{"embeddable":true,"href":"https:\/\/maxeville.fr\/index.php\/wp-json\/wp\/v2\/users\/1"}],"replies":[{"embeddable":true,"href":"https:\/\/maxeville.fr\/index.php\/wp-json\/wp\/v2\/comments?post=17327"}],"version-history":[{"count":1,"href":"https:\/\/maxeville.fr\/index.php\/wp-json\/wp\/v2\/pages\/17327\/revisions"}],"predecessor-version":[{"id":17329,"href":"https:\/\/maxeville.fr\/index.php\/wp-json\/wp\/v2\/pages\/17327\/revisions\/17329"}],"wp:featuredmedia":[{"embeddable":true,"href":"https:\/\/maxeville.fr\/index.php\/wp-json\/wp\/v2\/media\/17328"}],"wp:attachment":[{"href":"https:\/\/maxeville.fr\/index.php\/wp-json\/wp\/v2\/media?parent=17327"}],"curies":[{"name":"wp","href":"https:\/\/api.w.org\/{rel}","templated":true}]}}