{"id":17501,"date":"2025-02-25T10:54:12","date_gmt":"2025-02-25T09:54:12","guid":{"rendered":"https:\/\/maxeville.fr\/?page_id=17501"},"modified":"2025-02-25T10:57:25","modified_gmt":"2025-02-25T09:57:25","slug":"cadre-de-vie-mur-anti-bruit-rue-de-la-justice","status":"publish","type":"page","link":"https:\/\/maxeville.fr\/index.php\/cadre-de-vie-mur-anti-bruit-rue-de-la-justice\/","title":{"rendered":"Autoroute A31 &#038; \u00e9crans acoustiques :  rue de la Justice"},"content":{"rendered":"\n<p>Depuis la fin des ann\u00e9es 1960, les habitants du quartier nord-ouest de Max\u00e9ville sont expos\u00e9s et impact\u00e9s par les nuisances sonores g\u00e9n\u00e9r\u00e9es par un trafic routier cons\u00e9cutif \u00e0 la mise en service des tron\u00e7ons max\u00e9villois de l\u2019A31.<br><\/p>\n\n\n\n<p><strong><em>Apr\u00e8s un combat men\u00e9 par l\u2019\u00e9quipe municipale et les habitants, les travaux de protections acoustiques d\u00e9buteront d\u00e8s 2025. Un mur de 432\u2009m de long sera construit afin de r\u00e9duire l\u2019impact des nuisances sonores de 8,4\u2009d\u00e9cibels.<\/em><\/strong><\/p>\n\n\n\n<p><br>Les habitants continueront \u00e0 \u00eatre inform\u00e9s de l\u2019avanc\u00e9e des travaux par les services de l\u2019\u00c9tat et la commune lors de points r\u00e9guliers.<\/p>\n\n\n\n<blockquote class=\"wp-block-quote\">\n<p>\u00ab\u2009Mon r\u00f4le de maire est de convaincre politiquement.<br>Le dossier est pass\u00e9 par des hauts et des bas,<br>mais jamais nous n\u2019avons baiss\u00e9 les bras.<br>D\u00e8s 2025, les travaux seront entrepris et jusqu\u2019\u00e0 la pose<br>de la derni\u00e8re pierre, je resterai mobilis\u00e9.\u2009\u00bb<\/p>\n<cite><em>Christophe CHOSEROT<\/em> &#8211; Maire de Max\u00e9ville<\/cite><\/blockquote>\n\n\n\n<figure class=\"wp-block-image size-full\"><img decoding=\"async\" loading=\"lazy\" width=\"973\" height=\"541\" src=\"https:\/\/maxeville.fr\/wp-content\/uploads\/2025\/02\/TRAVAUX-A31.png\" alt=\"\" class=\"wp-image-17502\" srcset=\"https:\/\/maxeville.fr\/wp-content\/uploads\/2025\/02\/TRAVAUX-A31.png 973w, https:\/\/maxeville.fr\/wp-content\/uploads\/2025\/02\/TRAVAUX-A31-300x167.png 300w, https:\/\/maxeville.fr\/wp-content\/uploads\/2025\/02\/TRAVAUX-A31-768x427.png 768w, https:\/\/maxeville.fr\/wp-content\/uploads\/2025\/02\/TRAVAUX-A31-508x282.png 508w, https:\/\/maxeville.fr\/wp-content\/uploads\/2025\/02\/TRAVAUX-A31-24x13.png 24w, https:\/\/maxeville.fr\/wp-content\/uploads\/2025\/02\/TRAVAUX-A31-36x20.png 36w, https:\/\/maxeville.fr\/wp-content\/uploads\/2025\/02\/TRAVAUX-A31-48x27.png 48w\" sizes=\"(max-width: 973px) 100vw, 973px\" \/><\/figure>\n\n\n\n<p><strong>Prochaine r\u00e9union publique :<\/strong><\/p>\n\n\n\n<p>Vendredi 14 mars 2025 \u00e0 18h | h\u00f4tel de ville<\/p>\n\n\n\n<p><em>en pr\u00e9sence des services de la R\u00e9gion Grand Est et de la DREAL<\/em><\/p>\n\n\n\n<figure class=\"wp-block-image size-full is-resized\"><img decoding=\"async\" loading=\"lazy\" src=\"https:\/\/maxeville.fr\/wp-content\/uploads\/2025\/02\/Prefet_54.jpg\" alt=\"\" class=\"wp-image-17503\" width=\"154\" height=\"76\" srcset=\"https:\/\/maxeville.fr\/wp-content\/uploads\/2025\/02\/Prefet_54.jpg 800w, https:\/\/maxeville.fr\/wp-content\/uploads\/2025\/02\/Prefet_54-300x149.jpg 300w, https:\/\/maxeville.fr\/wp-content\/uploads\/2025\/02\/Prefet_54-768x381.jpg 768w, https:\/\/maxeville.fr\/wp-content\/uploads\/2025\/02\/Prefet_54-508x252.jpg 508w, https:\/\/maxeville.fr\/wp-content\/uploads\/2025\/02\/Prefet_54-24x12.jpg 24w, https:\/\/maxeville.fr\/wp-content\/uploads\/2025\/02\/Prefet_54-36x18.jpg 36w, https:\/\/maxeville.fr\/wp-content\/uploads\/2025\/02\/Prefet_54-48x24.jpg 48w\" sizes=\"(max-width: 154px) 100vw, 154px\" \/><\/figure>\n\n\n\n<figure class=\"wp-block-image size-large is-resized\"><img decoding=\"async\" loading=\"lazy\" src=\"https:\/\/maxeville.fr\/wp-content\/uploads\/2025\/02\/R-1024x396.jpg\" alt=\"\" class=\"wp-image-17508\" width=\"144\" height=\"55\" srcset=\"https:\/\/maxeville.fr\/wp-content\/uploads\/2025\/02\/R-1024x396.jpg 1024w, https:\/\/maxeville.fr\/wp-content\/uploads\/2025\/02\/R-300x116.jpg 300w, https:\/\/maxeville.fr\/wp-content\/uploads\/2025\/02\/R-768x297.jpg 768w, https:\/\/maxeville.fr\/wp-content\/uploads\/2025\/02\/R-1536x594.jpg 1536w, https:\/\/maxeville.fr\/wp-content\/uploads\/2025\/02\/R-2048x792.jpg 2048w, https:\/\/maxeville.fr\/wp-content\/uploads\/2025\/02\/R-973x376.jpg 973w, https:\/\/maxeville.fr\/wp-content\/uploads\/2025\/02\/R-508x197.jpg 508w, https:\/\/maxeville.fr\/wp-content\/uploads\/2025\/02\/R-24x9.jpg 24w, https:\/\/maxeville.fr\/wp-content\/uploads\/2025\/02\/R-36x14.jpg 36w, https:\/\/maxeville.fr\/wp-content\/uploads\/2025\/02\/R-48x19.jpg 48w\" sizes=\"(max-width: 144px) 100vw, 144px\" \/><\/figure>\n<div style=\"padding-bottom:20px; padding-top:10px;\" class=\"hupso-share-buttons\"><!-- Hupso Share Buttons - https:\/\/www.hupso.com\/share\/ --><a class=\"hupso_toolbar\" href=\"https:\/\/www.hupso.com\/share\/\"><img src=\"https:\/\/static.hupso.com\/share\/buttons\/lang\/fr\/share-medium.png\" style=\"border:0px; padding-top: 5px; float:left;\" alt=\"Share Button\"\/><\/a><script type=\"text\/javascript\">var hupso_services_t=new Array();var hupso_background_t=\"#EAF4FF\";var hupso_border_t=\"#66CCFF\";var hupso_toolbar_size_t=\"medium\";var hupso_image_folder_url = \"\";var hupso_url_t=\"\";var hupso_title_t=\"Autoroute%20A31%20%26%20%C3%A9crans%20acoustiques%20%3A%20%20rue%20de%20la%20Justice\";<\/script><script type=\"text\/javascript\" src=\"https:\/\/static.hupso.com\/share\/js\/share_toolbar.js\"><\/script><!-- Hupso Share Buttons --><\/div>","protected":false},"excerpt":{"rendered":"<p>Depuis la fin des ann\u00e9es 1960, les habitants du quartier nord-ouest de Max\u00e9ville sont expos\u00e9s et impact\u00e9s par les nuisances sonores g\u00e9n\u00e9r\u00e9es par un trafic routier cons\u00e9cutif \u00e0&#8230;<\/p>\n","protected":false},"author":1,"featured_media":0,"parent":0,"menu_order":0,"comment_status":"closed","ping_status":"closed","template":"","meta":[],"_links":{"self":[{"href":"https:\/\/maxeville.fr\/index.php\/wp-json\/wp\/v2\/pages\/17501"}],"collection":[{"href":"https:\/\/maxeville.fr\/index.php\/wp-json\/wp\/v2\/pages"}],"about":[{"href":"https:\/\/maxeville.fr\/index.php\/wp-json\/wp\/v2\/types\/page"}],"author":[{"embeddable":true,"href":"https:\/\/maxeville.fr\/index.php\/wp-json\/wp\/v2\/users\/1"}],"replies":[{"embeddable":true,"href":"https:\/\/maxeville.fr\/index.php\/wp-json\/wp\/v2\/comments?post=17501"}],"version-history":[{"count":3,"href":"https:\/\/maxeville.fr\/index.php\/wp-json\/wp\/v2\/pages\/17501\/revisions"}],"predecessor-version":[{"id":17509,"href":"https:\/\/maxeville.fr\/index.php\/wp-json\/wp\/v2\/pages\/17501\/revisions\/17509"}],"wp:attachment":[{"href":"https:\/\/maxeville.fr\/index.php\/wp-json\/wp\/v2\/media?parent=17501"}],"curies":[{"name":"wp","href":"https:\/\/api.w.org\/{rel}","templated":true}]}}