{"id":1762,"date":"2017-10-26T14:02:41","date_gmt":"2017-10-26T12:02:41","guid":{"rendered":"http:\/\/www.maxeville.fr\/?page_id=1762"},"modified":"2021-06-11T11:13:11","modified_gmt":"2021-06-11T09:13:11","slug":"mercredi-recreatifs","status":"publish","type":"page","link":"https:\/\/maxeville.fr\/index.php\/mes-loisirs\/mercredi-recreatifs\/","title":{"rendered":"Mercredis r\u00e9cr\u00e9atifs"},"content":{"rendered":"\n<p>Apr\u00e8s l&#8217;\u00e9cole les familles choisissent les services auxquels elles souhaitent que leur enfant participe :<br>&#8211; fin de classe jusqu&#8217;\u00e0 12h15<br>&#8211; restauration et apr\u00e8s-midi r\u00e9cr\u00e9atif de 12h15 \u00e0 18h30 \u00e0 Max&#8217;Anim pour le quartier Centre et au CILM pour le quartier du CLB et Moselly maternelle.<br>Si la restauration est demand\u00e9e, l&#8217;enfant reste obligatoirement \u00e0 l&#8217;apr\u00e8s-midi r\u00e9cr\u00e9atif.<\/p>\n\n\n\n<p><a rel=\"noreferrer noopener\" href=\"https:\/\/maxeville.fr\/wp-content\/uploads\/2020\/05\/brochure-service-peri-et-extra-TARIF-2019-2020-11.pdf\" target=\"_blank\">Consulter la brochure<\/a><br><a rel=\"noreferrer noopener\" href=\"https:\/\/maxeville.fr\/wp-content\/uploads\/2020\/05\/REGLEMENT-FONCTIONNEMENT-2020-2021-1.pdf\" target=\"_blank\">R\u00e8glement de fonctionnement<\/a><\/p>\n\n\n\n<p>Renseignements : 03 83 32 30 00 &#8211; periscolaire@mairie-maxeville.fr<\/p>\n<div style=\"padding-bottom:20px; padding-top:10px;\" class=\"hupso-share-buttons\"><!-- Hupso Share Buttons - https:\/\/www.hupso.com\/share\/ --><a class=\"hupso_toolbar\" href=\"https:\/\/www.hupso.com\/share\/\"><img src=\"https:\/\/static.hupso.com\/share\/buttons\/lang\/fr\/share-medium.png\" style=\"border:0px; padding-top: 5px; float:left;\" alt=\"Share Button\"\/><\/a><script type=\"text\/javascript\">var hupso_services_t=new Array();var hupso_background_t=\"#EAF4FF\";var hupso_border_t=\"#66CCFF\";var hupso_toolbar_size_t=\"medium\";var hupso_image_folder_url = \"\";var hupso_url_t=\"\";var hupso_title_t=\"Mercredis%20r%C3%A9cr%C3%A9atifs\";<\/script><script type=\"text\/javascript\" src=\"https:\/\/static.hupso.com\/share\/js\/share_toolbar.js\"><\/script><!-- Hupso Share Buttons --><\/div>","protected":false},"excerpt":{"rendered":"<p>Apr\u00e8s l&#8217;\u00e9cole les familles choisissent les services auxquels elles souhaitent que leur enfant participe :&#8211; fin de classe jusqu&#8217;\u00e0 12h15&#8211; restauration et apr\u00e8s-midi r\u00e9cr\u00e9atif de 12h15 \u00e0 18h30&#8230;<\/p>\n","protected":false},"author":1,"featured_media":0,"parent":391,"menu_order":1,"comment_status":"closed","ping_status":"closed","template":"","meta":[],"_links":{"self":[{"href":"https:\/\/maxeville.fr\/index.php\/wp-json\/wp\/v2\/pages\/1762"}],"collection":[{"href":"https:\/\/maxeville.fr\/index.php\/wp-json\/wp\/v2\/pages"}],"about":[{"href":"https:\/\/maxeville.fr\/index.php\/wp-json\/wp\/v2\/types\/page"}],"author":[{"embeddable":true,"href":"https:\/\/maxeville.fr\/index.php\/wp-json\/wp\/v2\/users\/1"}],"replies":[{"embeddable":true,"href":"https:\/\/maxeville.fr\/index.php\/wp-json\/wp\/v2\/comments?post=1762"}],"version-history":[{"count":15,"href":"https:\/\/maxeville.fr\/index.php\/wp-json\/wp\/v2\/pages\/1762\/revisions"}],"predecessor-version":[{"id":10325,"href":"https:\/\/maxeville.fr\/index.php\/wp-json\/wp\/v2\/pages\/1762\/revisions\/10325"}],"up":[{"embeddable":true,"href":"https:\/\/maxeville.fr\/index.php\/wp-json\/wp\/v2\/pages\/391"}],"wp:attachment":[{"href":"https:\/\/maxeville.fr\/index.php\/wp-json\/wp\/v2\/media?parent=1762"}],"curies":[{"name":"wp","href":"https:\/\/api.w.org\/{rel}","templated":true}]}}