{"id":1783,"date":"2017-10-26T14:18:47","date_gmt":"2017-10-26T12:18:47","guid":{"rendered":"http:\/\/www.maxeville.fr\/?page_id=1783"},"modified":"2025-06-16T15:06:19","modified_gmt":"2025-06-16T13:06:19","slug":"creches","status":"publish","type":"page","link":"https:\/\/maxeville.fr\/index.php\/ma-famille\/creches\/","title":{"rendered":"Etablissements d\u2019Accueil du Jeune Enfant (EAJE)"},"content":{"rendered":"<p>La Ville de Max\u00e9ville compte 2 multi-accueil :<\/p>\n<ul>\n<li>Les Colibris<\/li>\n<li>Pumuckl<\/li>\n<\/ul>\n<p><em>Afin de pouvoir r\u00e9pondre \u00e0 toutes les demandes des parents, la Ville a mis en place un partenariat avec plusieurs EAJE de l\u2019agglom\u00e9ration.<\/em><\/p>\n<p><span style=\"text-decoration: line-through;\"><br \/>\n<\/span>Dans le cadre de ce partenariat, l\u2019attribution des places n\u2019est pas automatique, mais est d\u00e9cid\u00e9e \u00e0 l\u2019issue d\u2019une commission bimestrielle. Le dossier d\u2019attribution est disponible aupr\u00e8s de la coordinatrice du Relais Petite Enfance (RPE Le Nid)<\/p>\n<p><strong>Une prise de rendez-vous est conseill\u00e9e aupr\u00e8s du RPE Le Nid :<\/strong><br \/>\nLes lundis de 14h \u00e0 17h \u00e0 la Maison du Lien et de la Solidarit\u00e9<\/p>\n<p>1, rue de la R\u00e9publique. &#8211; t\u00e9l : 03 57 80 06 96.<\/p>\n<div style=\"padding-bottom:20px; padding-top:10px;\" class=\"hupso-share-buttons\"><!-- Hupso Share Buttons - https:\/\/www.hupso.com\/share\/ --><a class=\"hupso_toolbar\" href=\"https:\/\/www.hupso.com\/share\/\"><img src=\"https:\/\/static.hupso.com\/share\/buttons\/lang\/fr\/share-medium.png\" style=\"border:0px; padding-top: 5px; float:left;\" alt=\"Share Button\"\/><\/a><script type=\"text\/javascript\">var hupso_services_t=new Array();var hupso_background_t=\"#EAF4FF\";var hupso_border_t=\"#66CCFF\";var hupso_toolbar_size_t=\"medium\";var hupso_image_folder_url = \"\";var hupso_url_t=\"\";var hupso_title_t=\"Etablissements%20d%E2%80%99Accueil%20du%20Jeune%20Enfant%20%28EAJE%29\";<\/script><script type=\"text\/javascript\" src=\"https:\/\/static.hupso.com\/share\/js\/share_toolbar.js\"><\/script><!-- Hupso Share Buttons --><\/div>","protected":false},"excerpt":{"rendered":"<p>La Ville de Max\u00e9ville compte 2 multi-accueil : Les Colibris Pumuckl Afin de pouvoir r\u00e9pondre \u00e0 toutes les demandes des parents, la Ville a mis en place un&#8230;<\/p>\n","protected":false},"author":1,"featured_media":14387,"parent":341,"menu_order":1,"comment_status":"closed","ping_status":"closed","template":"","meta":[],"_links":{"self":[{"href":"https:\/\/maxeville.fr\/index.php\/wp-json\/wp\/v2\/pages\/1783"}],"collection":[{"href":"https:\/\/maxeville.fr\/index.php\/wp-json\/wp\/v2\/pages"}],"about":[{"href":"https:\/\/maxeville.fr\/index.php\/wp-json\/wp\/v2\/types\/page"}],"author":[{"embeddable":true,"href":"https:\/\/maxeville.fr\/index.php\/wp-json\/wp\/v2\/users\/1"}],"replies":[{"embeddable":true,"href":"https:\/\/maxeville.fr\/index.php\/wp-json\/wp\/v2\/comments?post=1783"}],"version-history":[{"count":12,"href":"https:\/\/maxeville.fr\/index.php\/wp-json\/wp\/v2\/pages\/1783\/revisions"}],"predecessor-version":[{"id":18050,"href":"https:\/\/maxeville.fr\/index.php\/wp-json\/wp\/v2\/pages\/1783\/revisions\/18050"}],"up":[{"embeddable":true,"href":"https:\/\/maxeville.fr\/index.php\/wp-json\/wp\/v2\/pages\/341"}],"wp:featuredmedia":[{"embeddable":true,"href":"https:\/\/maxeville.fr\/index.php\/wp-json\/wp\/v2\/media\/14387"}],"wp:attachment":[{"href":"https:\/\/maxeville.fr\/index.php\/wp-json\/wp\/v2\/media?parent=1783"}],"curies":[{"name":"wp","href":"https:\/\/api.w.org\/{rel}","templated":true}]}}