{"id":1793,"date":"2017-10-26T14:21:58","date_gmt":"2017-10-26T12:21:58","guid":{"rendered":"http:\/\/www.maxeville.fr\/?page_id=1793"},"modified":"2026-03-27T15:48:05","modified_gmt":"2026-03-27T14:48:05","slug":"restauration-scolaire","status":"publish","type":"page","link":"https:\/\/maxeville.fr\/index.php\/ma-famille\/restauration-scolaire\/","title":{"rendered":"Restauration scolaire"},"content":{"rendered":"<p>Un service de restauration scolaire est accessible \u00e0 tous les enfants \u00e2g\u00e9s de 3 ans r\u00e9volus scolaris\u00e9s dans les \u00e9coles maternelles et \u00e9l\u00e9mentaires de la commune. Ce service est assur\u00e9 durant les jours d&#8217;\u00e9cole (lundi, mardi, jeudi et vendredi). La composition des menus est \u00e9labor\u00e9e par une di\u00e9t\u00e9ticienne.<br \/>L&#8217;inscription pr\u00e9alable en Mairie est obligatoire avant chaque rentr\u00e9e scolaire. Elle sera effective uniquement sur remise du dossier d&#8217;inscription d\u00fbment compl\u00e9t\u00e9 et sign\u00e9 accompagn\u00e9 des documents administratifs indispensables.<\/p>\n<p>Max\u00e9ville est engag\u00e9e dans un plan d\u2019action social en faveur de la Petite enfance,\u00a0 et met en place, dans tous les \u00e9tablissements scolaires,<strong> la cantine \u00e0 un euro pour les plus d\u00e9favoris\u00e9s<\/strong> et <strong>des petits d\u00e9jeuners gratuits<\/strong> pour les \u00e9coliers.<\/p>\n<p><strong>Les tarifs sont en consultation, <a href=\"https:\/\/maxeville.fr\/wp-content\/uploads\/2024\/10\/TARIF-SERVICES-PERISCOLAIRES-2024-2025.pdf\">par ici !<\/a><\/strong><\/p>\n<h5>Les sites de restauration scolaire<\/h5>\n<h3>Pour le groupe scolaire Andr\u00e9 Vautrin :<\/h3>\n<ul>\n<li>la salle Daniel Jacob<\/li>\n<li>le site de l&#8217;INSPE<\/li>\n<li>l&#8217;institut JB Thi\u00e9ry<\/li>\n<\/ul>\n<h3>Pour les groupes scolaires Jules Romains et Saint Exup\u00e9ry :<\/h3>\n<ul>\n<li>la salle de restauration Jules Romains<\/li>\n<li>le coll\u00e8ge La Fontaine<\/li>\n<\/ul>\n<h3>Les \u00e9l\u00e8ves de l&#8217;\u00e9cole maternelle Moselly prennent leurs repas au sein m\u00eame de l&#8217;\u00e9cole.<\/h3>\n<h5>Les Menus<\/h5>\n<p><strong>Institut JB Thi\u00e9ry\u00a0<\/strong><\/p>\n<p>&#8211;<\/p>\n<p><span style=\"color: #000000;\"><strong>Salle Daniel Jacob &#8211; Salle de restauration Jules Romains &#8211; \u00e9cole maternelle Mosell<em>y :<\/em><\/strong><\/span><\/p>\n<p><a href=\"https:\/\/maxeville.fr\/wp-content\/uploads\/2026\/03\/9mars-au-24avril.pdf\" target=\"_blank\" rel=\"noopener\">Menus du 9 mars au 24 avril<\/a><br \/><a href=\"https:\/\/maxeville.fr\/wp-content\/uploads\/2026\/03\/9mars-24avril_sansporc.pdf\" target=\"_blank\" rel=\"noopener\">Menus du 9 mars au 24 avril &#8211; sans porc<\/a><br \/><a href=\"https:\/\/maxeville.fr\/wp-content\/uploads\/2026\/03\/9mars-24avril-vege.pdf\" target=\"_blank\" rel=\"noopener\">Menus du 9 mars au 24 avril &#8211; sans viande<\/a><\/p>\n<p><span style=\"color: #000000;\"><strong>Site de L&#8217;INSP\u00c9<br \/><\/strong><\/span><a href=\"https:\/\/inspe.univ-lorraine.fr\/nancy-maxeville\/restauration-maxeville\" target=\"_blank\" rel=\"noopener noreferrer\">Menus en ligne &#8211; site de L&#8217;INSP\u00c9<\/a><\/p>\n<p>\u00a0<\/p>\n\n\n<hr class=\"wp-block-separator has-css-opacity\"\/>\n\n\n\n<p><strong>Autre service \u00e0 destination des \u00e9l\u00e8ves max\u00e9villois :<a href=\"https:\/\/maxeville.fr\/index.php\/nouveau-service-avant-lecole\/\" data-type=\"URL\" data-id=\"https:\/\/maxeville.fr\/index.php\/nouveau-service-avant-lecole\/\"> les petits d\u00e9jeuners gratuits<\/a><\/strong><\/p>\n<div style=\"padding-bottom:20px; padding-top:10px;\" class=\"hupso-share-buttons\"><!-- Hupso Share Buttons - https:\/\/www.hupso.com\/share\/ --><a class=\"hupso_toolbar\" href=\"https:\/\/www.hupso.com\/share\/\"><img src=\"https:\/\/static.hupso.com\/share\/buttons\/lang\/fr\/share-medium.png\" style=\"border:0px; padding-top: 5px; float:left;\" alt=\"Share Button\"\/><\/a><script type=\"text\/javascript\">var hupso_services_t=new Array();var hupso_background_t=\"#EAF4FF\";var hupso_border_t=\"#66CCFF\";var hupso_toolbar_size_t=\"medium\";var hupso_image_folder_url = \"\";var hupso_url_t=\"\";var hupso_title_t=\"Restauration%20scolaire\";<\/script><script type=\"text\/javascript\" src=\"https:\/\/static.hupso.com\/share\/js\/share_toolbar.js\"><\/script><!-- Hupso Share Buttons --><\/div>","protected":false},"excerpt":{"rendered":"<p>Un service de restauration scolaire est accessible \u00e0 tous les enfants \u00e2g\u00e9s de 3 ans r\u00e9volus scolaris\u00e9s dans les \u00e9coles maternelles et \u00e9l\u00e9mentaires de la commune. Ce service&#8230;<\/p>\n","protected":false},"author":1,"featured_media":8278,"parent":341,"menu_order":8,"comment_status":"closed","ping_status":"closed","template":"","meta":[],"_links":{"self":[{"href":"https:\/\/maxeville.fr\/index.php\/wp-json\/wp\/v2\/pages\/1793"}],"collection":[{"href":"https:\/\/maxeville.fr\/index.php\/wp-json\/wp\/v2\/pages"}],"about":[{"href":"https:\/\/maxeville.fr\/index.php\/wp-json\/wp\/v2\/types\/page"}],"author":[{"embeddable":true,"href":"https:\/\/maxeville.fr\/index.php\/wp-json\/wp\/v2\/users\/1"}],"replies":[{"embeddable":true,"href":"https:\/\/maxeville.fr\/index.php\/wp-json\/wp\/v2\/comments?post=1793"}],"version-history":[{"count":323,"href":"https:\/\/maxeville.fr\/index.php\/wp-json\/wp\/v2\/pages\/1793\/revisions"}],"predecessor-version":[{"id":19351,"href":"https:\/\/maxeville.fr\/index.php\/wp-json\/wp\/v2\/pages\/1793\/revisions\/19351"}],"up":[{"embeddable":true,"href":"https:\/\/maxeville.fr\/index.php\/wp-json\/wp\/v2\/pages\/341"}],"wp:featuredmedia":[{"embeddable":true,"href":"https:\/\/maxeville.fr\/index.php\/wp-json\/wp\/v2\/media\/8278"}],"wp:attachment":[{"href":"https:\/\/maxeville.fr\/index.php\/wp-json\/wp\/v2\/media?parent=1793"}],"curies":[{"name":"wp","href":"https:\/\/api.w.org\/{rel}","templated":true}]}}