{"id":1795,"date":"2017-10-26T14:23:17","date_gmt":"2017-10-26T12:23:17","guid":{"rendered":"http:\/\/www.maxeville.fr\/?page_id=1795"},"modified":"2025-09-03T14:49:00","modified_gmt":"2025-09-03T12:49:00","slug":"aides-loisirs-et-vacances","status":"publish","type":"page","link":"https:\/\/maxeville.fr\/index.php\/ma-famille\/aides-loisirs-et-vacances\/","title":{"rendered":"Aides loisirs et vacances"},"content":{"rendered":"<h3>Aides aux loisirs<\/h3>\n<p>Dispositif mis en place par la ville destin\u00e9 \u00e0 la prise en charge de tout ou partie des frais d&#8217;inscription. Il finance les activit\u00e9s de loisirs des jeunes Max\u00e9villois, de 0 \u00e0 18 ans dans la limite d&#8217;une activit\u00e9 par personne et par an.<br \/>\n<a href=\"https:\/\/maxeville.fr\/wp-content\/uploads\/2025\/09\/Aides-Loisirs-2025-2026.pdf\" target=\"_blank\" rel=\"noopener\">Formulaire aide aux loisirs 2025-2026<\/a><\/p>\n<p><em>Les informations personnelles que vous communiquez par renseignement de ce formulaire ci dessus sont strictement confidentielles et transmises au personnel de la ville de Max\u00e9ville en charge du traitement de votre demande. Pour en savoir plus sur le traitement des donn\u00e9es personnelles, <a href=\"https:\/\/maxeville.fr\/index.php\/contact\/\">c&#8217;est ici.<\/a><\/em><\/p>\n<h3>Aides aux vacances<\/h3>\n<p>Afin de permettre \u00e0 chaque jeune de partir en vacances, la mairie de Max\u00e9ville accorde des aides aux Centres de Loisirs avec h\u00e9bergement adapt\u00e9 \u00e0 la situation de chacun.<br \/>\n<a href=\"https:\/\/maxeville.fr\/wp-content\/uploads\/2025\/04\/Aides_Vacances_Ete2025.pdf\">Formulaire aide aux vacances d&#8217;\u00e9t\u00e9 2025<\/a><\/p>\n<div style=\"padding-bottom:20px; padding-top:10px;\" class=\"hupso-share-buttons\"><!-- Hupso Share Buttons - https:\/\/www.hupso.com\/share\/ --><a class=\"hupso_toolbar\" href=\"https:\/\/www.hupso.com\/share\/\"><img src=\"https:\/\/static.hupso.com\/share\/buttons\/lang\/fr\/share-medium.png\" style=\"border:0px; padding-top: 5px; float:left;\" alt=\"Share Button\"\/><\/a><script type=\"text\/javascript\">var hupso_services_t=new Array();var hupso_background_t=\"#EAF4FF\";var hupso_border_t=\"#66CCFF\";var hupso_toolbar_size_t=\"medium\";var hupso_image_folder_url = \"\";var hupso_url_t=\"\";var hupso_title_t=\"Aides%20loisirs%20et%20vacances\";<\/script><script type=\"text\/javascript\" src=\"https:\/\/static.hupso.com\/share\/js\/share_toolbar.js\"><\/script><!-- Hupso Share Buttons --><\/div>","protected":false},"excerpt":{"rendered":"<p>Aides aux loisirs Dispositif mis en place par la ville destin\u00e9 \u00e0 la prise en charge de tout ou partie des frais d&#8217;inscription. Il finance les activit\u00e9s de&#8230;<\/p>\n","protected":false},"author":1,"featured_media":0,"parent":341,"menu_order":10,"comment_status":"closed","ping_status":"closed","template":"","meta":[],"_links":{"self":[{"href":"https:\/\/maxeville.fr\/index.php\/wp-json\/wp\/v2\/pages\/1795"}],"collection":[{"href":"https:\/\/maxeville.fr\/index.php\/wp-json\/wp\/v2\/pages"}],"about":[{"href":"https:\/\/maxeville.fr\/index.php\/wp-json\/wp\/v2\/types\/page"}],"author":[{"embeddable":true,"href":"https:\/\/maxeville.fr\/index.php\/wp-json\/wp\/v2\/users\/1"}],"replies":[{"embeddable":true,"href":"https:\/\/maxeville.fr\/index.php\/wp-json\/wp\/v2\/comments?post=1795"}],"version-history":[{"count":18,"href":"https:\/\/maxeville.fr\/index.php\/wp-json\/wp\/v2\/pages\/1795\/revisions"}],"predecessor-version":[{"id":18439,"href":"https:\/\/maxeville.fr\/index.php\/wp-json\/wp\/v2\/pages\/1795\/revisions\/18439"}],"up":[{"embeddable":true,"href":"https:\/\/maxeville.fr\/index.php\/wp-json\/wp\/v2\/pages\/341"}],"wp:attachment":[{"href":"https:\/\/maxeville.fr\/index.php\/wp-json\/wp\/v2\/media?parent=1795"}],"curies":[{"name":"wp","href":"https:\/\/api.w.org\/{rel}","templated":true}]}}