{"id":1802,"date":"2017-10-26T14:26:57","date_gmt":"2017-10-26T12:26:57","guid":{"rendered":"http:\/\/www.maxeville.fr\/?page_id=1802"},"modified":"2017-11-02T13:14:29","modified_gmt":"2017-11-02T12:14:29","slug":"maison-departementale-des-solidarites","status":"publish","type":"page","link":"https:\/\/maxeville.fr\/index.php\/ma-famille\/maison-departementale-des-solidarites\/","title":{"rendered":"Maison D\u00e9partementale des Solidarit\u00e9s"},"content":{"rendered":"<p><img decoding=\"async\" loading=\"lazy\" class=\"alignnone size-full wp-image-2886 aligncenter\" src=\"http:\/\/www.maxeville.fr\/wp-content\/uploads\/2017\/11\/logo-maison-dep.-solidarit\u00e9s.jpg\" alt=\"logo maison dep. solidarit\u00e9s\" width=\"250\" height=\"237\" \/><br \/>\nPour r\u00e9pondre au mieux aux attentes des Meurthe-et-Mosellans, le conseil d\u00e9partemental r\u00e9organise ses\u00a0centres m\u00e9dico-sociaux (CMS) et cr\u00e9e des Maisons D\u00e9partementales des Solidarit\u00e9s (MDS).<br \/>\nLe but est d\u2019offrir \u00e0 chaque habitant, quels que soient son \u00e2ge, sa situation, son lieu de r\u00e9sidence, un accueil de\u00a0proximit\u00e9 bienveillant.<br \/>\nPour le d\u00e9partement, l\u2019objectif est de garantir un \u00e9gal acc\u00e8s au service public et de rendre un service de qualit\u00e9 qui permette de trouver les solutions les plus adapt\u00e9es aux besoins exprim\u00e9s par chacun.<br \/>\nPr\u00e9sentes partout en Meurthe-et-Moselle, les MDS sont organis\u00e9es en sites et points d\u2019accueil de proximit\u00e9, notamment en milieu rural.<br \/>\nLes MDS sont compos\u00e9es d\u2019\u00e9quipes de professionnels du domaine social et m\u00e9dico-social.<\/p>\n<p>Les MDS ont pour mission :<\/p>\n<ul>\n<li>d\u2019informer, d\u2019accompagner et de prot\u00e9ger les personnes et les familles,<\/li>\n<li>de mener des actions de sant\u00e9 en faveur des familles, des enfants et des femmes enceintes,<\/li>\n<li>de conduire des actions de pr\u00e9vention et d\u2019insertion pour contribuer \u00e0 la lutte contre l\u2019exclusion.<\/li>\n<\/ul>\n<p>Tout en garantissant la confidentialit\u00e9 des informations pour le respect des personnes, les MDS veulent permettre \u00e0 chacun d\u2019am\u00e9liorer ses conditions de vie et d\u2019exercer sa citoyennet\u00e9.<br \/>\n+ d&#8217;infos :\u00a0<a href=\"https:\/\/www.google.fr\/search?q=maison+departementales+des+solidarit%C3%A9s+54&amp;ie=utf-8&amp;oe=utf-8&amp;client=firefox-b&amp;gfe_rd=cr&amp;dcr=0&amp;ei=Kwb7WcfCH4X38Afa_o7ABg\" target=\"_blank\">Site Maison D\u00e9partementale des Solidarit\u00e9s<\/a><\/p>\n<p>Une permanence du conseil d\u00e9partemental est assur\u00e9e une fois par mois, \u00e0 Max\u00e9ville, \u00e0 la Maison du Lien et de la Solidarit\u00e9, 1 rue de la r\u00e9publique.<\/p>\n<div style=\"padding-bottom:20px; padding-top:10px;\" class=\"hupso-share-buttons\"><!-- Hupso Share Buttons - https:\/\/www.hupso.com\/share\/ --><a class=\"hupso_toolbar\" href=\"https:\/\/www.hupso.com\/share\/\"><img src=\"https:\/\/static.hupso.com\/share\/buttons\/lang\/fr\/share-medium.png\" style=\"border:0px; padding-top: 5px; float:left;\" alt=\"Share Button\"\/><\/a><script type=\"text\/javascript\">var hupso_services_t=new Array();var hupso_background_t=\"#EAF4FF\";var hupso_border_t=\"#66CCFF\";var hupso_toolbar_size_t=\"medium\";var hupso_image_folder_url = \"\";var hupso_url_t=\"\";var hupso_title_t=\"Maison%20D%C3%A9partementale%20des%20Solidarit%C3%A9s\";<\/script><script type=\"text\/javascript\" src=\"https:\/\/static.hupso.com\/share\/js\/share_toolbar.js\"><\/script><!-- Hupso Share Buttons --><\/div>","protected":false},"excerpt":{"rendered":"<p>Pour r\u00e9pondre au mieux aux attentes des Meurthe-et-Mosellans, le conseil d\u00e9partemental r\u00e9organise ses\u00a0centres m\u00e9dico-sociaux (CMS) et cr\u00e9e des Maisons D\u00e9partementales des Solidarit\u00e9s (MDS). Le but est d\u2019offrir \u00e0&#8230;<\/p>\n","protected":false},"author":1,"featured_media":0,"parent":341,"menu_order":18,"comment_status":"closed","ping_status":"closed","template":"","meta":[],"_links":{"self":[{"href":"https:\/\/maxeville.fr\/index.php\/wp-json\/wp\/v2\/pages\/1802"}],"collection":[{"href":"https:\/\/maxeville.fr\/index.php\/wp-json\/wp\/v2\/pages"}],"about":[{"href":"https:\/\/maxeville.fr\/index.php\/wp-json\/wp\/v2\/types\/page"}],"author":[{"embeddable":true,"href":"https:\/\/maxeville.fr\/index.php\/wp-json\/wp\/v2\/users\/1"}],"replies":[{"embeddable":true,"href":"https:\/\/maxeville.fr\/index.php\/wp-json\/wp\/v2\/comments?post=1802"}],"version-history":[{"count":4,"href":"https:\/\/maxeville.fr\/index.php\/wp-json\/wp\/v2\/pages\/1802\/revisions"}],"predecessor-version":[{"id":2884,"href":"https:\/\/maxeville.fr\/index.php\/wp-json\/wp\/v2\/pages\/1802\/revisions\/2884"}],"up":[{"embeddable":true,"href":"https:\/\/maxeville.fr\/index.php\/wp-json\/wp\/v2\/pages\/341"}],"wp:attachment":[{"href":"https:\/\/maxeville.fr\/index.php\/wp-json\/wp\/v2\/media?parent=1802"}],"curies":[{"name":"wp","href":"https:\/\/api.w.org\/{rel}","templated":true}]}}