{"id":1809,"date":"2017-10-26T14:29:49","date_gmt":"2017-10-26T12:29:49","guid":{"rendered":"http:\/\/www.maxeville.fr\/?page_id=1809"},"modified":"2024-05-13T14:33:08","modified_gmt":"2024-05-13T12:33:08","slug":"associations-seniors","status":"publish","type":"page","link":"https:\/\/maxeville.fr\/index.php\/ma-famille\/associations-seniors\/","title":{"rendered":"Associations seniors"},"content":{"rendered":"<p>La ville de Max\u00e9ville soutient le travail des associations qui \u0153uvrent sur son territoire, en direction des seniors Max\u00e9villois.<br \/>\nVous souhaitez rejoindre ou obtenir des renseignements concernant\u00a0une association ?<br \/>\n<strong>Contact :<\/strong><br \/>\nCorinne GENIN, coordinatrice du Point Accueil Seniors au 03 57 80 06 96<\/p>\n<div style=\"padding-bottom:20px; padding-top:10px;\" class=\"hupso-share-buttons\"><!-- Hupso Share Buttons - https:\/\/www.hupso.com\/share\/ --><a class=\"hupso_toolbar\" href=\"https:\/\/www.hupso.com\/share\/\"><img src=\"https:\/\/static.hupso.com\/share\/buttons\/lang\/fr\/share-medium.png\" style=\"border:0px; padding-top: 5px; float:left;\" alt=\"Share Button\"\/><\/a><script type=\"text\/javascript\">var hupso_services_t=new Array();var hupso_background_t=\"#EAF4FF\";var hupso_border_t=\"#66CCFF\";var hupso_toolbar_size_t=\"medium\";var hupso_image_folder_url = \"\";var hupso_url_t=\"\";var hupso_title_t=\"Associations%20seniors\";<\/script><script type=\"text\/javascript\" src=\"https:\/\/static.hupso.com\/share\/js\/share_toolbar.js\"><\/script><!-- Hupso Share Buttons --><\/div>","protected":false},"excerpt":{"rendered":"<p>La ville de Max\u00e9ville soutient le travail des associations qui \u0153uvrent sur son territoire, en direction des seniors Max\u00e9villois. Vous souhaitez rejoindre ou obtenir des renseignements concernant\u00a0une association&#8230;<\/p>\n","protected":false},"author":1,"featured_media":0,"parent":341,"menu_order":24,"comment_status":"closed","ping_status":"closed","template":"","meta":[],"_links":{"self":[{"href":"https:\/\/maxeville.fr\/index.php\/wp-json\/wp\/v2\/pages\/1809"}],"collection":[{"href":"https:\/\/maxeville.fr\/index.php\/wp-json\/wp\/v2\/pages"}],"about":[{"href":"https:\/\/maxeville.fr\/index.php\/wp-json\/wp\/v2\/types\/page"}],"author":[{"embeddable":true,"href":"https:\/\/maxeville.fr\/index.php\/wp-json\/wp\/v2\/users\/1"}],"replies":[{"embeddable":true,"href":"https:\/\/maxeville.fr\/index.php\/wp-json\/wp\/v2\/comments?post=1809"}],"version-history":[{"count":13,"href":"https:\/\/maxeville.fr\/index.php\/wp-json\/wp\/v2\/pages\/1809\/revisions"}],"predecessor-version":[{"id":16011,"href":"https:\/\/maxeville.fr\/index.php\/wp-json\/wp\/v2\/pages\/1809\/revisions\/16011"}],"up":[{"embeddable":true,"href":"https:\/\/maxeville.fr\/index.php\/wp-json\/wp\/v2\/pages\/341"}],"wp:attachment":[{"href":"https:\/\/maxeville.fr\/index.php\/wp-json\/wp\/v2\/media?parent=1809"}],"curies":[{"name":"wp","href":"https:\/\/api.w.org\/{rel}","templated":true}]}}