{"id":18340,"date":"2025-08-18T14:48:02","date_gmt":"2025-08-18T12:48:02","guid":{"rendered":"https:\/\/maxeville.fr\/?page_id=18340"},"modified":"2025-08-25T14:14:47","modified_gmt":"2025-08-25T12:14:47","slug":"enquete-publique-extension-du-cimetiere-communal","status":"publish","type":"page","link":"https:\/\/maxeville.fr\/index.php\/enquete-publique-extension-du-cimetiere-communal\/","title":{"rendered":"R\u00e9sultats de l&#8217;enqu\u00eate publique &#8211; extension du cimeti\u00e8re communal"},"content":{"rendered":"\n<p>Retrouvez ci-dessous le rapport et les conclusions, ainsi que l&#8217;avis du commissaire enqu\u00eateur suite \u00e0 l&#8217;enqu\u00eate publique qui s&#8217;est tenue du 3 juin au 3 juillet 2025 :<\/p>\n\n\n\n<p><a href=\"https:\/\/maxeville.fr\/wp-content\/uploads\/2025\/08\/Maxeville-rapport-enquete-publique-extension-cimetiere-2025-1.pdf\" data-type=\"URL\" data-id=\"https:\/\/maxeville.fr\/wp-content\/uploads\/2025\/08\/Maxeville-rapport-enquete-publique-extension-cimetiere-2025-1.pdf\">Rapport de l&#8217;enqu\u00eate publique<\/a><\/p>\n\n\n\n<p><a rel=\"noreferrer noopener\" href=\"https:\/\/maxeville.fr\/wp-content\/uploads\/2025\/08\/Maxeville-avis-commissaire-extension-cimetiere-2025.pdf\" data-type=\"URL\" data-id=\"https:\/\/maxeville.fr\/wp-content\/uploads\/2025\/08\/Maxeville-avis-commissaire-extension-cimetiere-2025.pdf\" target=\"_blank\">Avis et conclusion du commissaire enqu\u00eateur<\/a><\/p>\n<div style=\"padding-bottom:20px; padding-top:10px;\" class=\"hupso-share-buttons\"><!-- Hupso Share Buttons - https:\/\/www.hupso.com\/share\/ --><a class=\"hupso_toolbar\" href=\"https:\/\/www.hupso.com\/share\/\"><img src=\"https:\/\/static.hupso.com\/share\/buttons\/lang\/fr\/share-medium.png\" style=\"border:0px; padding-top: 5px; float:left;\" alt=\"Share Button\"\/><\/a><script type=\"text\/javascript\">var hupso_services_t=new Array();var hupso_background_t=\"#EAF4FF\";var hupso_border_t=\"#66CCFF\";var hupso_toolbar_size_t=\"medium\";var hupso_image_folder_url = \"\";var hupso_url_t=\"\";var hupso_title_t=\"R%C3%A9sultats%20de%20l%27enqu%C3%AAte%20publique%20-%20extension%20du%20cimeti%C3%A8re%20communal\";<\/script><script type=\"text\/javascript\" src=\"https:\/\/static.hupso.com\/share\/js\/share_toolbar.js\"><\/script><!-- Hupso Share Buttons --><\/div>","protected":false},"excerpt":{"rendered":"<p>Retrouvez ci-dessous le rapport et les conclusions, ainsi que l&#8217;avis du commissaire enqu\u00eateur suite \u00e0 l&#8217;enqu\u00eate publique qui s&#8217;est tenue du 3 juin au 3 juillet 2025 :&#8230;<\/p>\n","protected":false},"author":1,"featured_media":18002,"parent":0,"menu_order":0,"comment_status":"closed","ping_status":"closed","template":"","meta":[],"_links":{"self":[{"href":"https:\/\/maxeville.fr\/index.php\/wp-json\/wp\/v2\/pages\/18340"}],"collection":[{"href":"https:\/\/maxeville.fr\/index.php\/wp-json\/wp\/v2\/pages"}],"about":[{"href":"https:\/\/maxeville.fr\/index.php\/wp-json\/wp\/v2\/types\/page"}],"author":[{"embeddable":true,"href":"https:\/\/maxeville.fr\/index.php\/wp-json\/wp\/v2\/users\/1"}],"replies":[{"embeddable":true,"href":"https:\/\/maxeville.fr\/index.php\/wp-json\/wp\/v2\/comments?post=18340"}],"version-history":[{"count":2,"href":"https:\/\/maxeville.fr\/index.php\/wp-json\/wp\/v2\/pages\/18340\/revisions"}],"predecessor-version":[{"id":18373,"href":"https:\/\/maxeville.fr\/index.php\/wp-json\/wp\/v2\/pages\/18340\/revisions\/18373"}],"wp:featuredmedia":[{"embeddable":true,"href":"https:\/\/maxeville.fr\/index.php\/wp-json\/wp\/v2\/media\/18002"}],"wp:attachment":[{"href":"https:\/\/maxeville.fr\/index.php\/wp-json\/wp\/v2\/media?parent=18340"}],"curies":[{"name":"wp","href":"https:\/\/api.w.org\/{rel}","templated":true}]}}