{"id":1849,"date":"2017-10-26T15:19:24","date_gmt":"2017-10-26T13:19:24","guid":{"rendered":"http:\/\/www.maxeville.fr\/?page_id=1849"},"modified":"2024-04-18T09:14:22","modified_gmt":"2024-04-18T07:14:22","slug":"rapport-de-presentations-des-comptes-administratifs","status":"publish","type":"page","link":"https:\/\/maxeville.fr\/index.php\/ma-ville\/rapport-de-presentations-des-comptes-administratifs\/","title":{"rendered":"Rapport de pr\u00e9sentation des comptes administratifs"},"content":{"rendered":"<h5>Ann\u00e9e 2023<\/h5>\n<p><a href=\"https:\/\/maxeville.fr\/wp-content\/uploads\/2024\/04\/CA_2023-web.pdf\">Compte-administratif Max\u00e9ville 2023<\/a><\/p>\n<h5>Ann\u00e9e 2022<\/h5>\n<p><a href=\"https:\/\/maxeville.fr\/wp-content\/uploads\/2023\/04\/CA_2023.pdf\">Compte-administratif Max\u00e9ville 2022<\/a><\/p>\n<h5>Ann\u00e9e 2021<\/h5>\n<p><a href=\"https:\/\/maxeville.fr\/wp-content\/uploads\/2022\/11\/CA_2022-planche.pdf\">Compte-administratif Max\u00e9ville 2021<\/a><\/p>\n<h5>Ann\u00e9e 2020<\/h5>\n<p><a href=\"https:\/\/maxeville.fr\/wp-content\/uploads\/2021\/05\/CA-2020_planches.pdf\" target=\"_blank\" rel=\"noopener noreferrer\">Compte-administratif Max\u00e9ville 2020<\/a><\/p>\n<h5>Ann\u00e9e 2019<\/h5>\n<p><a href=\"https:\/\/maxeville.fr\/wp-content\/uploads\/2020\/06\/CA-2019-RAPPORT.pdf\" target=\"_blank\" rel=\"noopener noreferrer\">Compte-administratif Max\u00e9ville 2019<\/a><\/p>\n<h5>Ann\u00e9e 2018<\/h5>\n<p><a href=\"https:\/\/maxeville.fr\/wp-content\/uploads\/2019\/06\/CA-2018-RAPPORT-DE-PRESENTATIONdocx.pdf\" target=\"_blank\" rel=\"noopener noreferrer\">Compte-administratif Max\u00e9ville 2018<\/a><\/p>\n<h5>Ann\u00e9e 2017<\/h5>\n<p><a href=\"https:\/\/maxeville.fr\/wp-content\/uploads\/2018\/06\/Rapport-de-pr\u00e9sentation-CA-exercice-2017.pdf\">Compte-administratif Max\u00e9ville 2017<\/a><\/p>\n<h5>Ann\u00e9e 2016<\/h5>\n<p><a href=\"http:\/\/www.maxeville.fr\/wp-content\/uploads\/2017\/10\/Compte-Administratif-Max\u00e9ville-2016.pdf\" rel=\"\">Compte-Administratif Max\u00e9ville-2016<\/a><\/p>\n<h5>Ann\u00e9e 2015<\/h5>\n<p><a href=\"http:\/\/www.maxeville.fr\/wp-content\/uploads\/2017\/10\/Compte-Administratif-Max\u00e9ville-2015.pdf\" rel=\"\">Compte-Administratif Max\u00e9ville-2015<\/a><\/p>\n<h5>Ann\u00e9e 2014<\/h5>\n<p><a href=\"http:\/\/www.maxeville.fr\/wp-content\/uploads\/2017\/10\/Compte-Administratif-Max\u00e9ville-2014.pdf\" rel=\"\">Compte-Administratif-Max\u00e9ville-2014<\/a><\/p>\n<div style=\"padding-bottom:20px; padding-top:10px;\" class=\"hupso-share-buttons\"><!-- Hupso Share Buttons - https:\/\/www.hupso.com\/share\/ --><a class=\"hupso_toolbar\" href=\"https:\/\/www.hupso.com\/share\/\"><img src=\"https:\/\/static.hupso.com\/share\/buttons\/lang\/fr\/share-medium.png\" style=\"border:0px; padding-top: 5px; float:left;\" alt=\"Share Button\"\/><\/a><script type=\"text\/javascript\">var hupso_services_t=new Array();var hupso_background_t=\"#EAF4FF\";var hupso_border_t=\"#66CCFF\";var hupso_toolbar_size_t=\"medium\";var hupso_image_folder_url = \"\";var hupso_url_t=\"\";var hupso_title_t=\"Rapport%20de%20pr%C3%A9sentation%20des%20comptes%20administratifs\";<\/script><script type=\"text\/javascript\" src=\"https:\/\/static.hupso.com\/share\/js\/share_toolbar.js\"><\/script><!-- Hupso Share Buttons --><\/div>","protected":false},"excerpt":{"rendered":"<p>Ann\u00e9e 2023 Compte-administratif Max\u00e9ville 2023 Ann\u00e9e 2022 Compte-administratif Max\u00e9ville 2022 Ann\u00e9e 2021 Compte-administratif Max\u00e9ville 2021 Ann\u00e9e 2020 Compte-administratif Max\u00e9ville 2020 Ann\u00e9e 2019 Compte-administratif Max\u00e9ville 2019 Ann\u00e9e 2018 Compte-administratif&#8230;<\/p>\n","protected":false},"author":3,"featured_media":0,"parent":73,"menu_order":40,"comment_status":"closed","ping_status":"closed","template":"","meta":[],"_links":{"self":[{"href":"https:\/\/maxeville.fr\/index.php\/wp-json\/wp\/v2\/pages\/1849"}],"collection":[{"href":"https:\/\/maxeville.fr\/index.php\/wp-json\/wp\/v2\/pages"}],"about":[{"href":"https:\/\/maxeville.fr\/index.php\/wp-json\/wp\/v2\/types\/page"}],"author":[{"embeddable":true,"href":"https:\/\/maxeville.fr\/index.php\/wp-json\/wp\/v2\/users\/3"}],"replies":[{"embeddable":true,"href":"https:\/\/maxeville.fr\/index.php\/wp-json\/wp\/v2\/comments?post=1849"}],"version-history":[{"count":13,"href":"https:\/\/maxeville.fr\/index.php\/wp-json\/wp\/v2\/pages\/1849\/revisions"}],"predecessor-version":[{"id":15827,"href":"https:\/\/maxeville.fr\/index.php\/wp-json\/wp\/v2\/pages\/1849\/revisions\/15827"}],"up":[{"embeddable":true,"href":"https:\/\/maxeville.fr\/index.php\/wp-json\/wp\/v2\/pages\/73"}],"wp:attachment":[{"href":"https:\/\/maxeville.fr\/index.php\/wp-json\/wp\/v2\/media?parent=1849"}],"curies":[{"name":"wp","href":"https:\/\/api.w.org\/{rel}","templated":true}]}}