{"id":1871,"date":"2017-10-26T15:56:00","date_gmt":"2017-10-26T13:56:00","guid":{"rendered":"http:\/\/www.maxeville.fr\/?page_id=1871"},"modified":"2020-06-11T12:03:34","modified_gmt":"2020-06-11T10:03:34","slug":"implantation-marche","status":"publish","type":"page","link":"https:\/\/maxeville.fr\/index.php\/mon-quotidien\/implantation-marche\/","title":{"rendered":"Implantation au march\u00e9"},"content":{"rendered":"<h5>Sur le march\u00e9 de producteurs<\/h5>\n<p>Les producteurs d\u00e9sirant int\u00e9grer le march\u00e9 de Max\u00e9ville adresseront un courrier \u00e0 Monsieur le Maire par voie postale ou \u00e0\u00a0<a href=\"mailto:croussel@mairie-maxeville.fr\">croussel@mairie-maxeville.fr<\/a>\u00a0accompagn\u00e9s de la charte et du r\u00e8glement int\u00e9rieur dat\u00e9s, sign\u00e9s et d\u2019un courrier de candidature mentionnant les \u00e9l\u00e9ments suivants :<\/p>\n<ul>\n<li>Raison sociale<\/li>\n<li>Nom et pr\u00e9nom du g\u00e9rant \/ responsable<\/li>\n<li>Statut de la soci\u00e9t\u00e9<\/li>\n<li>Num\u00e9ro \u2013 registre du commerce<\/li>\n<li>Adresse<\/li>\n<li>Mail<\/li>\n<li>T\u00e9l\u00e9phone<\/li>\n<li>Activit\u00e9s<\/li>\n<li>Produits propos\u00e9s<\/li>\n<li>Fr\u00e9quence sur le march\u00e9<\/li>\n<li>M\u00e8tres lin\u00e9aires souhait\u00e9s \/ avec ou sans \u00e9lectricit\u00e9<\/li>\n<\/ul>\n<div style=\"padding-bottom:20px; padding-top:10px;\" class=\"hupso-share-buttons\"><!-- Hupso Share Buttons - https:\/\/www.hupso.com\/share\/ --><a class=\"hupso_toolbar\" href=\"https:\/\/www.hupso.com\/share\/\"><img src=\"https:\/\/static.hupso.com\/share\/buttons\/lang\/fr\/share-medium.png\" style=\"border:0px; padding-top: 5px; float:left;\" alt=\"Share Button\"\/><\/a><script type=\"text\/javascript\">var hupso_services_t=new Array();var hupso_background_t=\"#EAF4FF\";var hupso_border_t=\"#66CCFF\";var hupso_toolbar_size_t=\"medium\";var hupso_image_folder_url = \"\";var hupso_url_t=\"\";var hupso_title_t=\"Implantation%20au%20march%C3%A9\";<\/script><script type=\"text\/javascript\" src=\"https:\/\/static.hupso.com\/share\/js\/share_toolbar.js\"><\/script><!-- Hupso Share Buttons --><\/div>","protected":false},"excerpt":{"rendered":"<p>Sur le march\u00e9 de producteurs Les producteurs d\u00e9sirant int\u00e9grer le march\u00e9 de Max\u00e9ville adresseront un courrier \u00e0 Monsieur le Maire par voie postale ou \u00e0\u00a0croussel@mairie-maxeville.fr\u00a0accompagn\u00e9s de la charte&#8230;<\/p>\n","protected":false},"author":3,"featured_media":0,"parent":242,"menu_order":20,"comment_status":"closed","ping_status":"closed","template":"","meta":[],"_links":{"self":[{"href":"https:\/\/maxeville.fr\/index.php\/wp-json\/wp\/v2\/pages\/1871"}],"collection":[{"href":"https:\/\/maxeville.fr\/index.php\/wp-json\/wp\/v2\/pages"}],"about":[{"href":"https:\/\/maxeville.fr\/index.php\/wp-json\/wp\/v2\/types\/page"}],"author":[{"embeddable":true,"href":"https:\/\/maxeville.fr\/index.php\/wp-json\/wp\/v2\/users\/3"}],"replies":[{"embeddable":true,"href":"https:\/\/maxeville.fr\/index.php\/wp-json\/wp\/v2\/comments?post=1871"}],"version-history":[{"count":2,"href":"https:\/\/maxeville.fr\/index.php\/wp-json\/wp\/v2\/pages\/1871\/revisions"}],"predecessor-version":[{"id":8455,"href":"https:\/\/maxeville.fr\/index.php\/wp-json\/wp\/v2\/pages\/1871\/revisions\/8455"}],"up":[{"embeddable":true,"href":"https:\/\/maxeville.fr\/index.php\/wp-json\/wp\/v2\/pages\/242"}],"wp:attachment":[{"href":"https:\/\/maxeville.fr\/index.php\/wp-json\/wp\/v2\/media?parent=1871"}],"curies":[{"name":"wp","href":"https:\/\/api.w.org\/{rel}","templated":true}]}}