{"id":19140,"date":"2026-03-03T16:44:33","date_gmt":"2026-03-03T15:44:33","guid":{"rendered":"https:\/\/maxeville.fr\/?page_id=19140"},"modified":"2026-03-20T16:00:08","modified_gmt":"2026-03-20T15:00:08","slug":"les-commissions-municipales","status":"publish","type":"page","link":"https:\/\/maxeville.fr\/index.php\/les-commissions-municipales\/","title":{"rendered":"Les Commissions Municipales"},"content":{"rendered":"\n<p><strong><mark style=\"background-color:#faffac\" class=\"has-inline-color\">Mandat 2026-2032 <\/mark><\/strong>&#8211; <em><strong>page en construction<\/strong><\/em><\/p>\n\n\n\n<hr class=\"wp-block-separator has-alpha-channel-opacity\"\/>\n\n\n\n<p>Le Conseil municipal de Max\u00e9ville pour le mandat 2020-2026 comporte 4 commissions municipales compos\u00e9es de 13 membres chacune, intervenant sur les champs d\u2019action publique suivants\u00a0:<\/p>\n\n\n\n<p><\/p>\n\n\n\n<ul>\n<li>C.1 \u2013 FINANCES, Ressources humaines et Affaires juridiques<\/li>\n<\/ul>\n\n\n\n<figure class=\"wp-block-table\"><table><tbody><tr><td>Liste \u00ab Max\u00e9ville Les \u00e9nergies rassembl\u00e9es&nbsp;\u00bb<\/td><td>1 &#8211; Martine BOCOUM 2 \u2013 Romain MIRON 3 \u2013 Olivier PIVEL 4 \u2013 Jacqueline RIES 5 \u2013 Christophe RACKAY 6 \u2013 Fr\u00e9d\u00e9ric THIRIET 7 \u2013 Alexandre GEORGES 8 \u2013 Ma\u00ebva JOUVIEN-MOURI 9 \u2013 Maxime RAIGNOUX 10 \u2013 Ahmed BOUKAIOR 11 \u2013 Saber BRAKTA 12 \u2013 Najia CHOUKRI<\/td><\/tr><tr><td>Liste \u00ab Max\u00e9ville Devenons citoyens \u00bb<\/td><td>1 \u2013 Benjamin ROJTMAN-GUIRAUD<\/td><\/tr><\/tbody><\/table><\/figure>\n\n\n\n<ul>\n<li>C.2 \u2013 SOLIDARITE, SENIORS, DEVELOPPEMENT ECONOMIQUE<\/li>\n<\/ul>\n\n\n\n<figure class=\"wp-block-table\"><table><tbody><tr><td>Liste \u00ab Max\u00e9ville Les \u00e9nergies rassembl\u00e9es&nbsp;\u00bb<\/td><td>1 &#8211; Romain MIRON 2 &#8211; Christophe RACKAY 3 &#8211; Fr\u00e9d\u00e9rique GORSKI 4 \u2013 Najia CHOUKRI 5 \u2013 Jean-Lou ORLANDINI 6 \u2013 Delphine JONQUARD 7 \u2013 Jennifer SAGNA 8 \u2013 Annick KLEIN 9 \u2013 Philippe MARANDEL 10 \u2013 M\u00e9lodie GOUPIL 11 \u2013 Marie-Th\u00e9r\u00e8se KRIBS 12 \u2013 Brigitte BELLUSSI<\/td><\/tr><tr><td>Liste \u00ab Max\u00e9ville Devenons citoyens \u00bb<\/td><td>1 &#8211; Hanan MANKOUR<\/td><\/tr><\/tbody><\/table><\/figure>\n\n\n\n<ul>\n<li>C.3 \u2013 Transition \u00e9cologique, Urbanisme, Cadre de vie et Participation Citoyenne,<\/li>\n<\/ul>\n\n\n\n<figure class=\"wp-block-table\"><table><tbody><tr><td>Liste \u00ab Max\u00e9ville Les \u00e9nergies rassembl\u00e9es&nbsp;\u00bb<\/td><td>1 \u2013 Martine BOCOUM 2 \u2013 Annie DELRIEU 3 \u2013 Olivier PIVEL 4 \u2013 Jacqueline RIES 5 \u2013 Jean-Lou ORLANDINI 6 \u2013 Saber BRAKTA 7 \u2013 Annick KLEIN 8 \u2013 Philippe MARANDEL 9 \u2013 Antoine BRICHLER 10 \u2013 Marie ROBILLARD 11 \u2013 Ma\u00ebva JOUVIEN-MOURI 12 \u2013 Laurent SCHMITT<\/td><\/tr><tr><td>Liste \u00ab Max\u00e9ville Devenons citoyens \u00bb<\/td><td>1 \u2013 Salima BOUROUIS<\/td><\/tr><\/tbody><\/table><\/figure>\n\n\n\n<ul>\n<li>C.4 \u2013 EDUCATION, JEUNESSE, Sport, Culture, Associations<\/li>\n<\/ul>\n\n\n\n<figure class=\"wp-block-table\"><table><tbody><tr><td>Liste \u00ab Max\u00e9ville Les \u00e9nergies rassembl\u00e9es&nbsp;\u00bb<\/td><td>1 \u2013 Annie DELRIEU 2 \u2013 Fr\u00e9d\u00e9ric THIRIET 3 \u2013 Fr\u00e9d\u00e9rique GORSKI 4 \u2013 Delphine JONQUARD 5 \u2013 Alexandre GEORGES 6 \u2013 Laurent SCHMITT 7 \u2013 Brigitte BELLUSSI 8 \u2013 Maxime RAIGNOUX 9 \u2013 Ahmed BOUKAIOR 10 \u2013 M\u00e9lodie GOUPIL 11 \u2013 Marie-Th\u00e9r\u00e8se KRIBS 12 \u2013 Marie ROBILLARD<\/td><\/tr><tr><td>Liste \u00ab Max\u00e9ville Devenons citoyens \u00bb<\/td><td>1 \u2013 Hanan MANKOUR<\/td><\/tr><\/tbody><\/table><\/figure>\n\n\n\n<hr class=\"wp-block-separator has-alpha-channel-opacity\"\/>\n\n\n\n<p><strong><mark style=\"background-color:rgba(0, 0, 0, 0)\" class=\"has-inline-color has-accent-color\">Les commissions consultatives de la M\u00e9tropole du Grand Nancy<\/mark><\/strong><\/p>\n\n\n\n<p><a href=\"https:\/\/maxeville.fr\/wp-content\/uploads\/2026\/03\/04-Modification-Commissions-MGN.pdf\" data-type=\"URL\" data-id=\"https:\/\/maxeville.fr\/wp-content\/uploads\/2026\/03\/04-Modification-Commissions-MGN.pdf\" target=\"_blank\" rel=\"noreferrer noopener\">Consulter ci-contre les repr\u00e9sentants du Conseil Municipal de Max\u00e9ville appel\u00e9s \u00e0 si\u00e9ger au sein des commissions m\u00e9tropolitaines.<\/a><\/p>\n<div style=\"padding-bottom:20px; padding-top:10px;\" class=\"hupso-share-buttons\"><!-- Hupso Share Buttons - https:\/\/www.hupso.com\/share\/ --><a class=\"hupso_toolbar\" href=\"https:\/\/www.hupso.com\/share\/\"><img src=\"https:\/\/static.hupso.com\/share\/buttons\/lang\/fr\/share-medium.png\" style=\"border:0px; padding-top: 5px; float:left;\" alt=\"Share Button\"\/><\/a><script type=\"text\/javascript\">var hupso_services_t=new Array();var hupso_background_t=\"#EAF4FF\";var hupso_border_t=\"#66CCFF\";var hupso_toolbar_size_t=\"medium\";var hupso_image_folder_url = \"\";var hupso_url_t=\"\";var hupso_title_t=\"Les%20Commissions%20Municipales\";<\/script><script type=\"text\/javascript\" src=\"https:\/\/static.hupso.com\/share\/js\/share_toolbar.js\"><\/script><!-- Hupso Share Buttons --><\/div>","protected":false},"excerpt":{"rendered":"<p>Mandat 2026-2032 &#8211; page en construction Le Conseil municipal de Max\u00e9ville pour le mandat 2020-2026 comporte 4 commissions municipales compos\u00e9es de 13 membres chacune, intervenant sur les champs&#8230;<\/p>\n","protected":false},"author":1,"featured_media":0,"parent":0,"menu_order":0,"comment_status":"closed","ping_status":"closed","template":"","meta":[],"_links":{"self":[{"href":"https:\/\/maxeville.fr\/index.php\/wp-json\/wp\/v2\/pages\/19140"}],"collection":[{"href":"https:\/\/maxeville.fr\/index.php\/wp-json\/wp\/v2\/pages"}],"about":[{"href":"https:\/\/maxeville.fr\/index.php\/wp-json\/wp\/v2\/types\/page"}],"author":[{"embeddable":true,"href":"https:\/\/maxeville.fr\/index.php\/wp-json\/wp\/v2\/users\/1"}],"replies":[{"embeddable":true,"href":"https:\/\/maxeville.fr\/index.php\/wp-json\/wp\/v2\/comments?post=19140"}],"version-history":[{"count":5,"href":"https:\/\/maxeville.fr\/index.php\/wp-json\/wp\/v2\/pages\/19140\/revisions"}],"predecessor-version":[{"id":19297,"href":"https:\/\/maxeville.fr\/index.php\/wp-json\/wp\/v2\/pages\/19140\/revisions\/19297"}],"wp:attachment":[{"href":"https:\/\/maxeville.fr\/index.php\/wp-json\/wp\/v2\/media?parent=19140"}],"curies":[{"name":"wp","href":"https:\/\/api.w.org\/{rel}","templated":true}]}}