{"id":19282,"date":"2026-03-20T10:31:27","date_gmt":"2026-03-20T09:31:27","guid":{"rendered":"https:\/\/maxeville.fr\/?page_id=19282"},"modified":"2026-03-20T10:31:27","modified_gmt":"2026-03-20T09:31:27","slug":"allo-ecoute-seniors","status":"publish","type":"page","link":"https:\/\/maxeville.fr\/index.php\/allo-ecoute-seniors\/","title":{"rendered":"Allo \u00e9coute S\u00e9niors"},"content":{"rendered":"\n<p><strong>All\u00f4 \u00c9coute S\u00e9niors <\/strong>propose des rendez-vous t\u00e9l\u00e9phoniques au profit des seniors de Max\u00e9ville de plus de 60 ans. <em><strong><mark style=\"background-color:#f2ff93\" class=\"has-inline-color\">Ce service est gratuit et consiste \u00e0 recevoir un appel aux jours, heures et \u00e0 la fr\u00e9quence choisis par le senior pour prendre de ses nouvelles.<\/mark><\/strong><\/em><br><\/p>\n\n\n\n<p>Inscription via un formulaire ou sur un simple appel t\u00e9l\u00e9phonique au Point Accueil Seniors. | <a rel=\"noreferrer noopener\" href=\"https:\/\/maxeville.fr\/wp-content\/uploads\/2026\/03\/mode-emploi-allo.pdf\" target=\"_blank\">S&#8217;inscrire au dispositif<\/a><br><\/p>\n\n\n\n<p>Les appels t\u00e9l\u00e9phoniques seront pass\u00e9s du P\u00f4le Solidarit\u00e9 (pour la confidentialit\u00e9 des donn\u00e9es) par des agents du service et pilot\u00e9s par la coordinatrice du Point Accueil Seniors<\/p>\n\n\n\n<hr class=\"wp-block-separator has-alpha-channel-opacity\"\/>\n\n\n\n<p>Service S\u00e9niors Ville de Max\u00e9ville : Corinne GENIN<br>03 83 32 30 00 &#8211; 03 83 32 69 67<\/p>\n\n\n\n<p><\/p>\n<div style=\"padding-bottom:20px; padding-top:10px;\" class=\"hupso-share-buttons\"><!-- Hupso Share Buttons - https:\/\/www.hupso.com\/share\/ --><a class=\"hupso_toolbar\" href=\"https:\/\/www.hupso.com\/share\/\"><img src=\"https:\/\/static.hupso.com\/share\/buttons\/lang\/fr\/share-medium.png\" style=\"border:0px; padding-top: 5px; float:left;\" alt=\"Share Button\"\/><\/a><script type=\"text\/javascript\">var hupso_services_t=new Array();var hupso_background_t=\"#EAF4FF\";var hupso_border_t=\"#66CCFF\";var hupso_toolbar_size_t=\"medium\";var hupso_image_folder_url = \"\";var hupso_url_t=\"\";var hupso_title_t=\"Allo%20%C3%A9coute%20S%C3%A9niors\";<\/script><script type=\"text\/javascript\" src=\"https:\/\/static.hupso.com\/share\/js\/share_toolbar.js\"><\/script><!-- Hupso Share Buttons --><\/div>","protected":false},"excerpt":{"rendered":"<p>All\u00f4 \u00c9coute S\u00e9niors propose des rendez-vous t\u00e9l\u00e9phoniques au profit des seniors de Max\u00e9ville de plus de 60 ans. Ce service est gratuit et consiste \u00e0 recevoir un appel&#8230;<\/p>\n","protected":false},"author":1,"featured_media":19284,"parent":0,"menu_order":0,"comment_status":"closed","ping_status":"closed","template":"","meta":[],"_links":{"self":[{"href":"https:\/\/maxeville.fr\/index.php\/wp-json\/wp\/v2\/pages\/19282"}],"collection":[{"href":"https:\/\/maxeville.fr\/index.php\/wp-json\/wp\/v2\/pages"}],"about":[{"href":"https:\/\/maxeville.fr\/index.php\/wp-json\/wp\/v2\/types\/page"}],"author":[{"embeddable":true,"href":"https:\/\/maxeville.fr\/index.php\/wp-json\/wp\/v2\/users\/1"}],"replies":[{"embeddable":true,"href":"https:\/\/maxeville.fr\/index.php\/wp-json\/wp\/v2\/comments?post=19282"}],"version-history":[{"count":1,"href":"https:\/\/maxeville.fr\/index.php\/wp-json\/wp\/v2\/pages\/19282\/revisions"}],"predecessor-version":[{"id":19285,"href":"https:\/\/maxeville.fr\/index.php\/wp-json\/wp\/v2\/pages\/19282\/revisions\/19285"}],"wp:featuredmedia":[{"embeddable":true,"href":"https:\/\/maxeville.fr\/index.php\/wp-json\/wp\/v2\/media\/19284"}],"wp:attachment":[{"href":"https:\/\/maxeville.fr\/index.php\/wp-json\/wp\/v2\/media?parent=19282"}],"curies":[{"name":"wp","href":"https:\/\/api.w.org\/{rel}","templated":true}]}}