{"id":2054,"date":"2017-10-27T15:20:19","date_gmt":"2017-10-27T13:20:19","guid":{"rendered":"http:\/\/www.maxeville.fr\/?page_id=2054"},"modified":"2026-01-29T14:06:54","modified_gmt":"2026-01-29T13:06:54","slug":"demarches","status":"publish","type":"page","link":"https:\/\/maxeville.fr\/index.php\/demarches\/","title":{"rendered":"D\u00e9marches"},"content":{"rendered":"<p>Cette page propose une liste de tous les formulaires disponibles sur le site de la ville :<\/p>\n<h3>\u00c9tat civil<img decoding=\"async\" src=\"http:\/\/www.maxeville.fr\/wp-content\/plugins\/advanced-wp-columns\/assets\/js\/plugins\/views\/img\/1x1-pixel.png\" alt=\"\" \/><\/h3>\n<div class=\"csColumn\" data-csstartpoint=\"645\" data-csendpoint=\"945\" data-cswidth=\"31.3%\" data-csid=\"b2e8439d-bfd4-adfb-bbdd-c3d0eba6633e\"><a href=\"https:\/\/maxeville.fr\/index.php\/carte-nationale-didentite-et-passeport\/\">Carte Nationale d&#8217;Identit\u00e9<\/a><br \/>\n<a href=\"https:\/\/maxeville.fr\/index.php\/actes-de-letat-civil\/\">Actes de l&#8217;\u00c9tat civil<\/a><br \/>\n<a href=\"https:\/\/maxeville.fr\/index.php\/mariage\/\">Mariage &#8211; PACS<\/a><\/div>\n<div class=\"csColumn\" data-csstartpoint=\"645\" data-csendpoint=\"945\" data-cswidth=\"31.3%\" data-csid=\"b2e8439d-bfd4-adfb-bbdd-c3d0eba6633e\"><a href=\"https:\/\/maxeville.fr\/index.php\/reconnaissance-dun-enfant\/\">Reconnaissance d&#8217;un enfant<\/a><br \/>\n<a href=\"https:\/\/maxeville.fr\/index.php\/attestation-daccueil\/\">Attestation d&#8217;accueil<\/a><br \/>\n<a href=\"https:\/\/maxeville.fr\/index.php\/les-bureaux-de-vote-a-maxeville\/\">Inscription liste \u00e9lectorale<\/a><br \/>\n<a href=\"https:\/\/maxeville.fr\/index.php\/attestation-de-vie-commune\/\">Attestation de vie commune ou certificat de concubinage<\/a><br \/>\n<a href=\"https:\/\/maxeville.fr\/index.php\/recensement-citoyen\/\">Recensement citoyen<\/a><br \/>\n<a href=\"https:\/\/maxeville.fr\/index.php\/parrainage-civil\/\">Parrainage civil<\/a><br \/>\n<a href=\"https:\/\/maxeville.fr\/index.php\/livret-de-famille\/\">Livret de famille<\/a><br \/>\n<a href=\"https:\/\/maxeville.fr\/index.php\/legalisation-de-signature\/\">L\u00e9galisation de signature<\/a><br \/>\n<a href=\"https:\/\/maxeville.fr\/index.php\/copie-certifiee-conforme-dun-document-administratif\/\">Copie certifi\u00e9e conforme d&#8217;un document administratif<\/a><\/div>\n<div data-csstartpoint=\"645\" data-csendpoint=\"945\" data-cswidth=\"31.3%\" data-csid=\"b2e8439d-bfd4-adfb-bbdd-c3d0eba6633e\"><\/div>\n<h3 data-csstartpoint=\"330\" data-csendpoint=\"630\" data-cswidth=\"31.3%\" data-csid=\"d79a3701-be9b-845e-8b7f-f25623c09eed\">Scolarit\u00e9<\/h3>\n<div class=\"csColumnGap\"><img decoding=\"async\" src=\"http:\/\/www.maxeville.fr\/wp-content\/plugins\/advanced-wp-columns\/assets\/js\/plugins\/views\/img\/1x1-pixel.png\" alt=\"\" \/><a href=\"https:\/\/maxeville.fr\/index.php\/ma-famille\/ecoles\">\u00c9coles<\/a><br \/>\n<a href=\"https:\/\/maxeville.fr\/index.php\/ma-famille\/restauration-scolaire\">Restauration scolaire<\/a><\/div>\n<div class=\"csColumnGap\"><a href=\"https:\/\/maxeville.fr\/wp-content\/uploads\/2020\/08\/R\u00e8glement-financier-Max\u00e9ville-1.pdf\">Demande de pr\u00e9l\u00e8vement<\/a><br \/>\n<a href=\"https:\/\/maxeville.fr\/index.php\/ma-famille\/mercredi-recreatifs\">Mercredis r\u00e9cr\u00e9atifs<\/a><br \/>\n<a href=\"https:\/\/maxeville.fr\/index.php\/ma-famille\/aides-loisirs-et-vacances\">Aides loisirs et vacances<\/a><\/div>\n<h3>Urbanisme<\/h3>\n<p><a href=\"https:\/\/maxeville.fr\/index.php\/ma-ville\/service-urbanisme\/\">Service Urbanisme<\/a><br \/>\n<a href=\"https:\/\/maxeville.fr\/index.php\/mon-quotidien\/publicite-exterieure\/\">Publicit\u00e9 ext\u00e9rieure<\/a><\/p>\n<h3>Finances<\/h3>\n<p><a href=\"https:\/\/maxeville.fr\/index.php\/ma-ville\/subventions\/\">Subventions<\/a><\/p>\n<h3 data-csstartpoint=\"645\" data-csendpoint=\"945\" data-cswidth=\"31.3%\" data-csid=\"b2e8439d-bfd4-adfb-bbdd-c3d0eba6633e\">Location de salles<img decoding=\"async\" src=\"http:\/\/www.maxeville.fr\/wp-content\/plugins\/advanced-wp-columns\/assets\/js\/plugins\/views\/img\/1x1-pixel.png\" alt=\"\" \/><\/h3>\n<div class=\"csColumn\" data-csstartpoint=\"330\" data-csendpoint=\"630\" data-cswidth=\"31.3%\" data-csid=\"d79a3701-be9b-845e-8b7f-f25623c09eed\"><a href=\"https:\/\/maxeville.fr\/index.php\/mon-quotidien\/salle-les-carrieres\">Les Carri\u00e8res<\/a><br \/>\n<a href=\"https:\/\/maxeville.fr\/index.php\/mon-quotidien\/salle-les-cailles-blanches\">Les Cailles Blanches<\/a><\/div>\n<div class=\"csColumnGap\"><img decoding=\"async\" src=\"http:\/\/www.maxeville.fr\/wp-content\/plugins\/advanced-wp-columns\/assets\/js\/plugins\/views\/img\/1x1-pixel.png\" alt=\"\" \/><a href=\"https:\/\/maxeville.fr\/index.php\/mon-quotidien\/autres-salles-a-louer\">Autres salles<\/a><\/div>\n<div><\/div>\n<div>\n<h3 data-csstartpoint=\"645\" data-csendpoint=\"945\" data-cswidth=\"31.3%\" data-csid=\"b2e8439d-bfd4-adfb-bbdd-c3d0eba6633e\">Pr\u00eat de v\u00e9hicules et de mat\u00e9riel<\/h3>\n<p><a href=\"https:\/\/maxeville.fr\/wp-content\/uploads\/2025\/07\/Guide-pret-materiel-Assos-Riverains-1.pdf\" target=\"_blank\" rel=\"noreferrer noopener\" data-type=\"URL\" data-id=\"https:\/\/maxeville.fr\/wp-content\/uploads\/2025\/07\/Guide-pret-materiel-Assos-Riverains-1.pdf\">Instructions de pr\u00eat de mat\u00e9riel pour les associations et riverains<\/a><br \/>\n<a href=\"https:\/\/maxeville.fr\/wp-content\/uploads\/2025\/07\/Guide-pret-vehicule-Assos-1.pdf\" target=\"_blank\" rel=\"noreferrer noopener\" data-type=\"URL\" data-id=\"https:\/\/maxeville.fr\/wp-content\/uploads\/2025\/07\/Guide-pret-vehicule-Assos-1.pdf\">Instructions de pr\u00eat de v\u00e9hicules pour les associations<\/a><\/p>\n<\/div>\n<div class=\"csColumn\" data-csstartpoint=\"330\" data-csendpoint=\"630\" data-cswidth=\"31.3%\" data-csid=\"d79a3701-be9b-845e-8b7f-f25623c09eed\"><\/div>\n<div class=\"csColumnGap\"><\/div>\n<div style=\"padding-bottom:20px; padding-top:10px;\" class=\"hupso-share-buttons\"><!-- Hupso Share Buttons - https:\/\/www.hupso.com\/share\/ --><a class=\"hupso_toolbar\" href=\"https:\/\/www.hupso.com\/share\/\"><img src=\"https:\/\/static.hupso.com\/share\/buttons\/lang\/fr\/share-medium.png\" style=\"border:0px; padding-top: 5px; float:left;\" alt=\"Share Button\"\/><\/a><script type=\"text\/javascript\">var hupso_services_t=new Array();var hupso_background_t=\"#EAF4FF\";var hupso_border_t=\"#66CCFF\";var hupso_toolbar_size_t=\"medium\";var hupso_image_folder_url = \"\";var hupso_url_t=\"\";var hupso_title_t=\"D%C3%A9marches\";<\/script><script type=\"text\/javascript\" src=\"https:\/\/static.hupso.com\/share\/js\/share_toolbar.js\"><\/script><!-- Hupso Share Buttons --><\/div>","protected":false},"excerpt":{"rendered":"<p>Cette page propose une liste de tous les formulaires disponibles sur le site de la ville : \u00c9tat civil Carte Nationale d&#8217;Identit\u00e9 Actes de l&#8217;\u00c9tat civil Mariage &#8211;&#8230;<\/p>\n","protected":false},"author":1,"featured_media":0,"parent":0,"menu_order":8,"comment_status":"closed","ping_status":"closed","template":"","meta":[],"_links":{"self":[{"href":"https:\/\/maxeville.fr\/index.php\/wp-json\/wp\/v2\/pages\/2054"}],"collection":[{"href":"https:\/\/maxeville.fr\/index.php\/wp-json\/wp\/v2\/pages"}],"about":[{"href":"https:\/\/maxeville.fr\/index.php\/wp-json\/wp\/v2\/types\/page"}],"author":[{"embeddable":true,"href":"https:\/\/maxeville.fr\/index.php\/wp-json\/wp\/v2\/users\/1"}],"replies":[{"embeddable":true,"href":"https:\/\/maxeville.fr\/index.php\/wp-json\/wp\/v2\/comments?post=2054"}],"version-history":[{"count":39,"href":"https:\/\/maxeville.fr\/index.php\/wp-json\/wp\/v2\/pages\/2054\/revisions"}],"predecessor-version":[{"id":19040,"href":"https:\/\/maxeville.fr\/index.php\/wp-json\/wp\/v2\/pages\/2054\/revisions\/19040"}],"wp:attachment":[{"href":"https:\/\/maxeville.fr\/index.php\/wp-json\/wp\/v2\/media?parent=2054"}],"curies":[{"name":"wp","href":"https:\/\/api.w.org\/{rel}","templated":true}]}}