{"id":2057,"date":"2017-10-27T15:24:40","date_gmt":"2017-10-27T13:24:40","guid":{"rendered":"http:\/\/www.maxeville.fr\/?page_id=2057"},"modified":"2026-03-13T09:40:45","modified_gmt":"2026-03-13T08:40:45","slug":"journal-municipal","status":"publish","type":"page","link":"https:\/\/maxeville.fr\/index.php\/ma-ville\/journal-municipal\/","title":{"rendered":"Le &#8220;JDM&#8221; &#8211; Journal de Max\u00e9ville"},"content":{"rendered":"<p>Le Journal Municipal de Max\u00e9ville est r\u00e9alis\u00e9 par le service communication de la ville de Max\u00e9ville.<\/p>\n<p>Ses rubriques vous permettent de prendre connaissance des actualit\u00e9s de la ville et des informations concernant votre quotidien. Toutes les sorties, les rendez-vous citoyens et les activit\u00e9s sont regroup\u00e9s dans les pages \u00ab Agenda \u00bb ainsi en fonction de ses go\u00fbts et de ses attentes, chacun y trouve ce qui l&#8217;int\u00e9resse.<\/p>\n<h5><strong>Cliquez sur les couvertures pour consulter le magazine<\/strong><\/h5>\n<p><a href=\"https:\/\/maxeville.fr\/wp-content\/uploads\/2026\/03\/JDM-70_WEB2.pdf\" target=\"_blank\" rel=\"noopener noreferrer\"><img decoding=\"async\" loading=\"lazy\" src=\"https:\/\/maxeville.fr\/wp-content\/uploads\/2026\/02\/JDM-70_WEB_Page_01.jpg\" width=\"127\" height=\"1131\" \/><\/a><a href=\"https:\/\/maxeville.fr\/wp-content\/uploads\/2025\/12\/JDM-69-web.pdf\" target=\"_blank\" rel=\"noopener noreferrer\"><img decoding=\"async\" loading=\"lazy\" src=\"https:\/\/maxeville.fr\/wp-content\/uploads\/2025\/12\/JDM-69-scaled.jpg\" width=\"127\" height=\"1131\" \/><\/a><a href=\"https:\/\/maxeville.fr\/wp-content\/uploads\/2025\/10\/JDM-68-web-1.pdf\" target=\"_blank\" rel=\"noopener noreferrer\"><img decoding=\"async\" loading=\"lazy\" src=\"https:\/\/maxeville.fr\/wp-content\/uploads\/2025\/10\/COUV-JDM68.jpg\" width=\"127\" height=\"1131\" \/><\/a><a href=\"https:\/\/maxeville.fr\/wp-content\/uploads\/2025\/08\/JDM-67-WEB.pdf\" target=\"_blank\" rel=\"noopener noreferrer\"><img decoding=\"async\" loading=\"lazy\" src=\"https:\/\/maxeville.fr\/wp-content\/uploads\/2025\/08\/JDM-67-scaled.jpg\" width=\"127\" height=\"1131\" \/><\/a><a href=\"https:\/\/maxeville.fr\/wp-content\/uploads\/2025\/06\/JDM-66-WEB.pdf\" target=\"_blank\" rel=\"noopener noreferrer\"><img decoding=\"async\" loading=\"lazy\" src=\"https:\/\/maxeville.fr\/wp-content\/uploads\/2025\/07\/JDM-66-couverture-scaled.jpg\" width=\"127\" height=\"1131\" \/><\/a><a href=\"https:\/\/maxeville.fr\/wp-content\/uploads\/2025\/05\/JDM-65-web.pdf\" target=\"_blank\" rel=\"noopener noreferrer\"><img decoding=\"async\" loading=\"lazy\" src=\"https:\/\/maxeville.fr\/wp-content\/uploads\/2025\/05\/JDM-65-couverture-scaled.jpg\" width=\"127\" height=\"1131\" \/><\/a><a href=\"https:\/\/maxeville.fr\/wp-content\/uploads\/2025\/02\/JDM-64-web-Maxeville.pdf\" target=\"_blank\" rel=\"noopener noreferrer\"><img decoding=\"async\" loading=\"lazy\" src=\"https:\/\/maxeville.fr\/wp-content\/uploads\/2025\/02\/JDM-64-couverture-scaled.jpg\" width=\"127\" height=\"1131\" \/><\/a><a href=\"https:\/\/maxeville.fr\/wp-content\/uploads\/2024\/12\/JDM_63-WEB.pdf\" target=\"_blank\" rel=\"noopener noreferrer\"><img decoding=\"async\" loading=\"lazy\" src=\"https:\/\/maxeville.fr\/wp-content\/uploads\/2024\/12\/JDM_63-couverture-scaled.jpg\" width=\"127\" height=\"1131\" \/><\/a><a href=\"https:\/\/maxeville.fr\/wp-content\/uploads\/2024\/10\/JDM_62-WEB.pdf\" target=\"_blank\" rel=\"noopener noreferrer\"><img decoding=\"async\" loading=\"lazy\" src=\"https:\/\/maxeville.fr\/wp-content\/uploads\/2024\/10\/JDM_62-scaled.jpg\" width=\"127\" height=\"1131\" \/><\/a><a href=\"https:\/\/maxeville.fr\/wp-content\/uploads\/2024\/08\/JDM-61-Web.pdf\" target=\"_blank\" rel=\"noopener noreferrer\"><img decoding=\"async\" loading=\"lazy\" src=\"https:\/\/maxeville.fr\/wp-content\/uploads\/2024\/08\/JDM-61-Couverture-scaled.jpg\" width=\"127\" height=\"1131\" \/><\/a><a href=\"https:\/\/maxeville.fr\/wp-content\/uploads\/2024\/06\/JDM_60-WEB.pdf\" target=\"_blank\" rel=\"noopener noreferrer\"><img decoding=\"async\" loading=\"lazy\" src=\"https:\/\/maxeville.fr\/wp-content\/uploads\/2024\/06\/JDM_60-couverture-scaled.jpg\" width=\"127\" height=\"1131\" \/><\/a><a href=\"https:\/\/maxeville.fr\/wp-content\/uploads\/2024\/04\/JDM_59-WEB.pdf\" target=\"_blank\" rel=\"noopener noreferrer\"><img decoding=\"async\" loading=\"lazy\" src=\"https:\/\/maxeville.fr\/wp-content\/uploads\/2024\/04\/JDM_59-Couv-scaled.jpg\" width=\"127\" height=\"1131\" \/><\/a><a href=\"https:\/\/maxeville.fr\/wp-content\/uploads\/2024\/02\/JDM_58-WEB-1.pdf\" target=\"_blank\" rel=\"noopener noreferrer\"><img decoding=\"async\" loading=\"lazy\" src=\"https:\/\/maxeville.fr\/wp-content\/uploads\/2024\/02\/JDM_58-Couverture-scaled.jpg\" width=\"127\" height=\"1131\" \/><\/a><a href=\"https:\/\/maxeville.fr\/wp-content\/uploads\/2023\/12\/JDM-57_WEB.pdf\" target=\"_blank\" rel=\"noopener noreferrer\"><img decoding=\"async\" loading=\"lazy\" src=\"https:\/\/maxeville.fr\/wp-content\/uploads\/2023\/12\/Couv.JDM-57-scaled.jpg\" width=\"127\" height=\"1131\" \/><\/a><a href=\"https:\/\/maxeville.fr\/wp-content\/uploads\/2023\/10\/JDM_56_web.pdf\" target=\"_blank\" rel=\"noopener noreferrer\"><img decoding=\"async\" loading=\"lazy\" src=\"https:\/\/maxeville.fr\/wp-content\/uploads\/2023\/10\/JDM_56_couv-scaled.jpg\" width=\"127\" height=\"1131\" \/><\/a><a href=\"https:\/\/maxeville.fr\/wp-content\/uploads\/2023\/08\/JDM_55-web-1.pdf\" target=\"_blank\" rel=\"noopener noreferrer\"><img decoding=\"async\" loading=\"lazy\" src=\"https:\/\/maxeville.fr\/wp-content\/uploads\/2023\/08\/JDM_55-couverture.jpg\" width=\"127\" height=\"1131\" \/><\/a><a href=\"https:\/\/maxeville.fr\/wp-content\/uploads\/2023\/06\/JDM_54_web.pdf\" target=\"_blank\" rel=\"noopener noreferrer\"><img decoding=\"async\" loading=\"lazy\" src=\"https:\/\/maxeville.fr\/wp-content\/uploads\/2023\/06\/JDM_54_couv-scaled.jpg\" width=\"127\" height=\"1131\" \/><\/a><a href=\"https:\/\/maxeville.fr\/wp-content\/uploads\/2023\/04\/JDM_53_web.pdf\" target=\"_blank\" rel=\"noopener noreferrer\"><img decoding=\"async\" loading=\"lazy\" src=\"https:\/\/maxeville.fr\/wp-content\/uploads\/2023\/04\/JDM_53_COUV.png\" width=\"127\" height=\"1131\" \/><\/a><a href=\"https:\/\/maxeville.fr\/wp-content\/uploads\/2023\/02\/JDM_52_web.pdf\" target=\"_blank\" rel=\"noopener noreferrer\"><img decoding=\"async\" loading=\"lazy\" src=\"https:\/\/maxeville.fr\/wp-content\/uploads\/2023\/02\/JDM_52_couv-scaled.jpg\" width=\"127\" height=\"1131\" \/><\/a><a href=\"https:\/\/maxeville.fr\/wp-content\/uploads\/2022\/12\/JDM_51_web.pdf\" target=\"_blank\" rel=\"noopener noreferrer\"><img decoding=\"async\" loading=\"lazy\" src=\"https:\/\/maxeville.fr\/wp-content\/uploads\/2022\/12\/JDM_51_Couv.jpg\" width=\"127\" height=\"1131\" \/><\/a><a href=\"https:\/\/maxeville.fr\/wp-content\/uploads\/2022\/10\/JDM_50_web.pdf\" target=\"_blank\" rel=\"noopener noreferrer\"><img decoding=\"async\" loading=\"lazy\" src=\"https:\/\/maxeville.fr\/wp-content\/uploads\/2022\/10\/JDM_50_couv.jpg\" width=\"127\" height=\"1131\" \/><\/a><a href=\"https:\/\/maxeville.fr\/wp-content\/uploads\/2022\/08\/JDM_49_web-1.pdf\" target=\"_blank\" rel=\"noopener noreferrer\"><img decoding=\"async\" loading=\"lazy\" src=\"https:\/\/maxeville.fr\/wp-content\/uploads\/2022\/08\/JDM_49_couv-scaled.jpg\" width=\"127\" height=\"1131\" \/><\/a><a href=\"https:\/\/maxeville.fr\/wp-content\/uploads\/2022\/06\/JDM-48-Ete._web.pdf\" target=\"_blank\" rel=\"noopener noreferrer\"><img decoding=\"async\" loading=\"lazy\" src=\"https:\/\/maxeville.fr\/wp-content\/uploads\/2022\/06\/JDM-48-Ete-COUV.jpg\" width=\"127\" height=\"1131\" \/><\/a><a href=\"https:\/\/maxeville.fr\/wp-content\/uploads\/2022\/04\/JDM_47_web.pdf\" target=\"_blank\" rel=\"noopener noreferrer\"><img decoding=\"async\" loading=\"lazy\" src=\"https:\/\/maxeville.fr\/wp-content\/uploads\/2022\/04\/JDM_47_web-couv.png\" width=\"127\" height=\"1131\" \/><\/a><a href=\"https:\/\/maxeville.fr\/wp-content\/uploads\/2022\/02\/JDM_46-web.pdf\" target=\"_blank\" rel=\"noopener noreferrer\"><img decoding=\"async\" loading=\"lazy\" src=\"https:\/\/maxeville.fr\/wp-content\/uploads\/2022\/02\/JDM_46-couv.png\" width=\"127\" height=\"1131\" \/><\/a><a href=\"https:\/\/maxeville.fr\/wp-content\/uploads\/2021\/12\/JDM_45-web.pdf\" target=\"_blank\" rel=\"noopener noreferrer\"><img decoding=\"async\" loading=\"lazy\" src=\"https:\/\/maxeville.fr\/wp-content\/uploads\/2021\/12\/JDM_45-couv.png\" width=\"127\" height=\"1131\" \/><\/a><a href=\"https:\/\/maxeville.fr\/wp-content\/uploads\/2021\/10\/JDM_44-WEB.pdf\" target=\"_blank\" rel=\"noopener noreferrer\"><img decoding=\"async\" loading=\"lazy\" src=\"https:\/\/maxeville.fr\/wp-content\/uploads\/2021\/10\/COUVERTURE_jdm44.png\" width=\"127\" height=\"1131\" \/><\/a><a href=\"https:\/\/maxeville.fr\/wp-content\/uploads\/2021\/08\/JDM_43-web-1.pdf\" target=\"_blank\" rel=\"noopener noreferrer\"><img decoding=\"async\" loading=\"lazy\" src=\"https:\/\/maxeville.fr\/wp-content\/uploads\/2021\/08\/JDM_43-couv.png\" width=\"127\" height=\"1131\" \/><\/a><a href=\"https:\/\/maxeville.fr\/wp-content\/uploads\/2021\/06\/JDM_42-web.pdf\" target=\"_blank\" rel=\"noopener noreferrer\"><img decoding=\"async\" loading=\"lazy\" src=\"https:\/\/maxeville.fr\/wp-content\/uploads\/2021\/06\/JDM_42-couv.png\" width=\"127\" height=\"1131\" \/><\/a><a href=\"https:\/\/maxeville.fr\/wp-content\/uploads\/2021\/04\/JDM_41-web.pdf\" target=\"_blank\" rel=\"noopener noreferrer\"><img decoding=\"async\" loading=\"lazy\" src=\"https:\/\/maxeville.fr\/wp-content\/uploads\/2021\/04\/JDM_41-couv.png\" width=\"127\" height=\"1131\" \/><\/a><a href=\"https:\/\/maxeville.fr\/wp-content\/uploads\/2021\/02\/JDM40_web.pdf\" target=\"_blank\" rel=\"noopener noreferrer\"><img decoding=\"async\" loading=\"lazy\" src=\"https:\/\/maxeville.fr\/wp-content\/uploads\/2021\/02\/JDM_40_couv.png\" width=\"127\" height=\"1131\" \/><\/a><a href=\"\/\/maxeville.fr\/wp-content\/uploads\/2020\/12\/JDM_39_WEB1.pdf\" target=\"_blank\" rel=\"noopener noreferrer\"><img decoding=\"async\" loading=\"lazy\" src=\"https:\/\/maxeville.fr\/wp-content\/uploads\/2020\/12\/JDM_39_WEB1-couv.png\" width=\"127\" height=\"1131\" \/><\/a><a href=\"https:\/\/maxeville.fr\/wp-content\/uploads\/2020\/10\/JDM_38-WEB.pdf\" target=\"_blank\" rel=\"noopener noreferrer\"><img decoding=\"async\" loading=\"lazy\" src=\"https:\/\/maxeville.fr\/wp-content\/uploads\/2020\/10\/JDM_38-couv.png\" width=\"127\" height=\"1131\" \/><\/a><a href=\"https:\/\/maxeville.fr\/wp-content\/uploads\/2020\/08\/JDM_37_WEB.pdf\" target=\"_blank\" rel=\"noopener noreferrer\"><img decoding=\"async\" loading=\"lazy\" src=\"https:\/\/maxeville.fr\/wp-content\/uploads\/2020\/08\/JDM_37_couv.png\" width=\"127\" height=\"1131\" \/><\/a><a href=\"https:\/\/maxeville.fr\/wp-content\/uploads\/2020\/06\/JDM_36-web.pdf\" target=\"_blank\" rel=\"noopener noreferrer\"><img decoding=\"async\" loading=\"lazy\" src=\"https:\/\/maxeville.fr\/wp-content\/uploads\/2020\/06\/JDM_36_COUV.png\" width=\"127\" height=\"1131\" \/><\/a><a href=\"https:\/\/maxeville.fr\/wp-content\/uploads\/2020\/04\/JDM_35_web.pdf\" target=\"_blank\" rel=\"noopener noreferrer\"><img decoding=\"async\" loading=\"lazy\" src=\"https:\/\/maxeville.fr\/wp-content\/uploads\/2020\/04\/JDM_35-couv.png\" width=\"127\" height=\"1131\" \/><\/a><a href=\"https:\/\/maxeville.fr\/wp-content\/uploads\/2020\/02\/JDM_34-web.pdf\" target=\"_blank\" rel=\"noopener noreferrer\"><img decoding=\"async\" loading=\"lazy\" src=\"https:\/\/maxeville.fr\/wp-content\/uploads\/2020\/02\/JDM_34-couv.png\" width=\"127\" height=\"1131\" \/><\/a><a href=\"https:\/\/maxeville.fr\/wp-content\/uploads\/2019\/12\/JDM_33_light.pdf\" target=\"_blank\" rel=\"noopener noreferrer\"><img decoding=\"async\" loading=\"lazy\" src=\"https:\/\/maxeville.fr\/wp-content\/uploads\/2019\/12\/JDM_33_couv.jpg\" alt=\"jdm_couv_18\" width=\"127\" height=\"1131\" \/><\/a><a href=\"https:\/\/maxeville.fr\/wp-content\/uploads\/2019\/10\/JDM_32-web.pdf\" target=\"_blank\" rel=\"noopener noreferrer\"><img decoding=\"async\" loading=\"lazy\" src=\"https:\/\/maxeville.fr\/wp-content\/uploads\/2019\/10\/JDM_32-COUV.png\" alt=\"jdm_couv_18\" width=\"127\" height=\"1723\" \/><\/a><a href=\"https:\/\/maxeville.fr\/wp-content\/uploads\/2019\/08\/JDM_31-web.pdf\" target=\"_blank\" rel=\"noopener noreferrer\"><img decoding=\"async\" loading=\"lazy\" src=\"https:\/\/maxeville.fr\/wp-content\/uploads\/2019\/08\/JDM_31-couv.png\" alt=\"jdm_couv_18\" width=\"127\" height=\"180\" \/><\/a><a href=\"https:\/\/maxeville.fr\/wp-content\/uploads\/2019\/06\/JDM_30-web.pdf\" target=\"_blank\" rel=\"noopener noreferrer\"><img decoding=\"async\" loading=\"lazy\" src=\"https:\/\/maxeville.fr\/wp-content\/uploads\/2019\/06\/JDM_30_couv.png\" alt=\"jdm_couv_18\" width=\"127\" height=\"180\" \/> <\/a><a href=\"https:\/\/maxeville.fr\/wp-content\/uploads\/2019\/05\/JDM_29-web.pdf\" target=\"_blank\" rel=\"noopener noreferrer\"><img decoding=\"async\" loading=\"lazy\" src=\"https:\/\/maxeville.fr\/wp-content\/uploads\/2019\/04\/JDM_29_COUV.png\" alt=\"jdm_couv_18\" width=\"127\" height=\"180\" \/> <\/a><a href=\"https:\/\/maxeville.fr\/wp-content\/uploads\/2019\/02\/JDM_28-MARS-AVRIL2019_web.pdf\" target=\"_blank\" rel=\"noopener noreferrer\"><img decoding=\"async\" loading=\"lazy\" src=\"https:\/\/maxeville.fr\/wp-content\/uploads\/2019\/02\/JDM_28-couv.png\" alt=\"jdm_couv_18\" width=\"127\" height=\"180\" \/> <\/a><a href=\"https:\/\/maxeville.fr\/wp-content\/uploads\/2018\/12\/JDM27_web-1.pdf\" target=\"_blank\" rel=\"noopener noreferrer\"><img decoding=\"async\" loading=\"lazy\" src=\"https:\/\/maxeville.fr\/wp-content\/uploads\/2018\/12\/JDM27_couv.png\" alt=\"jdm_couv_17\" width=\"127\" height=\"180\" \/> <\/a><a href=\"https:\/\/maxeville.fr\/wp-content\/uploads\/2018\/10\/JDM26-web.pdf\" target=\"_blank\" rel=\"noopener noreferrer\"><img decoding=\"async\" loading=\"lazy\" src=\"https:\/\/maxeville.fr\/wp-content\/uploads\/2018\/10\/journal_maxeville_26_couv.png\" alt=\"jdm_couv_16\" width=\"127\" height=\"180\" \/><\/a> <a href=\"https:\/\/maxeville.fr\/wp-content\/uploads\/2018\/08\/JDM_25_web.pdf\" target=\"_blank\" rel=\"noopener noreferrer\"><img decoding=\"async\" loading=\"lazy\" src=\"https:\/\/maxeville.fr\/wp-content\/uploads\/2018\/08\/journal_maxeville_25_couv.png\" alt=\"jdm_couv_15\" width=\"127\" height=\"180\" \/><\/a><a href=\"https:\/\/maxeville.fr\/wp-content\/uploads\/2018\/07\/JDM_24_web.pdf\" target=\"_blank\" rel=\"noopener noreferrer\"><img decoding=\"async\" loading=\"lazy\" src=\"https:\/\/maxeville.fr\/wp-content\/uploads\/2018\/07\/journal_maxeville_24_couv.png\" alt=\"jdm_couv_14\" width=\"127\" height=\"180\" \/><\/a><a href=\"https:\/\/maxeville.fr\/wp-content\/uploads\/2022\/10\/JDM_23_web.pdf\" target=\"_blank\" rel=\"noopener noreferrer\"><img decoding=\"async\" loading=\"lazy\" src=\"https:\/\/maxeville.fr\/wp-content\/uploads\/2022\/10\/couv-23.jpg\" alt=\"jdm_couv_14\" width=\"127\" height=\"180\" \/><\/a> <a href=\"https:\/\/maxeville.fr\/wp-content\/uploads\/2018\/03\/journal_maxeville_22_web.pdf\" target=\"_blank\" rel=\"noopener noreferrer\"><img decoding=\"async\" loading=\"lazy\" src=\"https:\/\/maxeville.fr\/wp-content\/uploads\/2018\/03\/journal_maxeville_22_couv.png\" alt=\"jdm_couv_13\" width=\"127\" height=\"180\" \/><\/a> <a href=\"https:\/\/maxeville.fr\/wp-content\/uploads\/2018\/02\/JDM_21.pdf\" target=\"_blank\" rel=\"noopener noreferrer\"><img decoding=\"async\" loading=\"lazy\" src=\"https:\/\/maxeville.fr\/wp-content\/uploads\/2019\/03\/JDM_21_couv.jpg\" alt=\"jdm_couv_12\" width=\"127\" height=\"180\" \/><\/a> <a href=\"https:\/\/maxeville.fr\/wp-content\/uploads\/2017\/10\/journal_maxeville_20_web.pdf\" target=\"_blank\" rel=\"noopener noreferrer\"><img decoding=\"async\" loading=\"lazy\" src=\"https:\/\/maxeville.fr\/wp-content\/uploads\/2017\/10\/jdm_couv_20.jpg\" alt=\"jdm_couv_11\" width=\"127\" height=\"180\" \/><\/a>\u00a0\u00a0 <a href=\"https:\/\/maxeville.fr\/wp-content\/uploads\/2017\/10\/journal_maxeville_19_web.pdf\" target=\"_blank\" rel=\"noopener noreferrer\"><img decoding=\"async\" loading=\"lazy\" src=\"https:\/\/maxeville.fr\/wp-content\/uploads\/2017\/10\/jdm_couv_19.jpg\" alt=\"jdm_couv_11\" width=\"127\" height=\"180\" \/><\/a><\/p>\n<h5>Pr\u00e9c\u00e9dents num\u00e9ros<\/h5>\n<p>De septembre 2014 \u00e0 ao\u00fbt 2017. (conception graphique : <a href=\"https:\/\/www.surlestoits.fr\/\" target=\"_blank\" rel=\"noopener\">Sur les Toits<\/a>)<\/p>\n<p><a href=\"http:\/\/www.maxeville.fr\/wp-content\/uploads\/2017\/10\/journal_maxeville_18_web.pdf\" target=\"_blank\" rel=\"noopener noreferrer\"><img decoding=\"async\" loading=\"lazy\" src=\"http:\/\/www.maxeville.fr\/wp-content\/uploads\/2017\/10\/jdm_couv_18-127x180.jpg\" alt=\"jdm_couv_18\" width=\"127\" height=\"180\" \/> <\/a><a href=\"http:\/\/www.maxeville.fr\/wp-content\/uploads\/2017\/10\/journal_maxeville_17_web.pdf\" target=\"_blank\" rel=\"noopener noreferrer\"><img decoding=\"async\" loading=\"lazy\" src=\"http:\/\/www.maxeville.fr\/wp-content\/uploads\/2017\/10\/jdm_couv_17-127x180.jpg\" alt=\"jdm_couv_17\" width=\"127\" height=\"180\" \/> <\/a><a href=\"http:\/\/www.maxeville.fr\/wp-content\/uploads\/2017\/10\/journal_maxeville_16_web.pdf\" target=\"_blank\" rel=\"noopener noreferrer\"><img decoding=\"async\" loading=\"lazy\" src=\"http:\/\/www.maxeville.fr\/wp-content\/uploads\/2017\/10\/jdm_couv_16-127x180.jpg\" alt=\"jdm_couv_16\" width=\"127\" height=\"180\" \/><\/a> <a href=\"http:\/\/www.maxeville.fr\/wp-content\/uploads\/2017\/10\/journal_maxeville_15_web.pdf\" target=\"_blank\" rel=\"noopener noreferrer\"><img decoding=\"async\" loading=\"lazy\" src=\"http:\/\/www.maxeville.fr\/wp-content\/uploads\/2017\/10\/jdm_couv_15-127x180.jpg\" alt=\"jdm_couv_15\" width=\"127\" height=\"180\" \/><\/a> <a href=\"http:\/\/www.maxeville.fr\/wp-content\/uploads\/2017\/10\/journal_maxeville_14_web.pdf\" target=\"_blank\" rel=\"noopener noreferrer\"><img decoding=\"async\" loading=\"lazy\" src=\"http:\/\/www.maxeville.fr\/wp-content\/uploads\/2017\/10\/jdm_couv_14-127x180.jpg\" alt=\"jdm_couv_14\" width=\"127\" height=\"180\" \/><\/a> <a href=\"http:\/\/www.maxeville.fr\/wp-content\/uploads\/2017\/10\/journal_maxeville_13_web.pdf\" target=\"_blank\" rel=\"noopener noreferrer\"><img decoding=\"async\" loading=\"lazy\" src=\"http:\/\/www.maxeville.fr\/wp-content\/uploads\/2017\/10\/jdm_couv_13-127x180.jpg\" alt=\"jdm_couv_13\" width=\"127\" height=\"180\" \/><\/a> <a href=\"http:\/\/www.maxeville.fr\/wp-content\/uploads\/2017\/10\/journal_maxeville_12_web.pdf\" target=\"_blank\" rel=\"noopener noreferrer\"><img decoding=\"async\" loading=\"lazy\" src=\"http:\/\/www.maxeville.fr\/wp-content\/uploads\/2017\/10\/jdm_couv_12-127x180.jpg\" alt=\"jdm_couv_12\" width=\"127\" height=\"180\" \/><\/a> <a href=\"http:\/\/www.maxeville.fr\/wp-content\/uploads\/2017\/10\/journal_maxeville_11_web.pdf\" target=\"_blank\" rel=\"noopener noreferrer\"><img decoding=\"async\" loading=\"lazy\" src=\"http:\/\/www.maxeville.fr\/wp-content\/uploads\/2017\/10\/jdm_couv_11-127x180.jpg\" alt=\"jdm_couv_11\" width=\"127\" height=\"180\" \/><\/a> <a href=\"http:\/\/www.maxeville.fr\/wp-content\/uploads\/2017\/10\/journal_maxeville_10_web.pdf\" target=\"_blank\" rel=\"noopener noreferrer\"><img decoding=\"async\" loading=\"lazy\" src=\"http:\/\/www.maxeville.fr\/wp-content\/uploads\/2017\/10\/jdm_couv_10-127x180.jpg\" alt=\"jdm_couv_10\" width=\"127\" height=\"180\" \/><\/a> <a href=\"http:\/\/www.maxeville.fr\/wp-content\/uploads\/2017\/10\/journal_maxeville_9_web.pdf\" target=\"_blank\" rel=\"noopener noreferrer\"><img decoding=\"async\" loading=\"lazy\" src=\"http:\/\/www.maxeville.fr\/wp-content\/uploads\/2017\/10\/jdm_couv_9-127x180.jpg\" alt=\"jdm_couv_9\" width=\"127\" height=\"180\" \/><\/a> <a href=\"http:\/\/www.maxeville.fr\/wp-content\/uploads\/2017\/10\/journal_maxeville_8_web.pdf\" target=\"_blank\" rel=\"noopener noreferrer\"><img decoding=\"async\" loading=\"lazy\" src=\"http:\/\/www.maxeville.fr\/wp-content\/uploads\/2017\/10\/jdm_couv_8-127x180.jpg\" alt=\"jdm_couv_8\" width=\"127\" height=\"180\" \/><\/a> <a href=\"http:\/\/www.maxeville.fr\/wp-content\/uploads\/2017\/10\/journal_maxeville_7_web.pdf\" target=\"_blank\" rel=\"noopener noreferrer\"><img decoding=\"async\" loading=\"lazy\" src=\"http:\/\/www.maxeville.fr\/wp-content\/uploads\/2017\/10\/jdm_couv_7-127x180.jpg\" alt=\"jdm_couv_7\" width=\"127\" height=\"180\" \/><\/a> <a href=\"http:\/\/www.maxeville.fr\/wp-content\/uploads\/2017\/10\/journal_maxeville_6_web.pdf\" target=\"_blank\" rel=\"noopener noreferrer\"><img decoding=\"async\" loading=\"lazy\" src=\"http:\/\/www.maxeville.fr\/wp-content\/uploads\/2017\/10\/jdm_couv_6-127x180.jpg\" alt=\"jdm_couv_6\" width=\"127\" height=\"180\" \/><\/a> <a href=\"http:\/\/www.maxeville.fr\/wp-content\/uploads\/2017\/10\/journal_maxeville_5_web.pdf\" target=\"_blank\" rel=\"noopener noreferrer\"><img decoding=\"async\" loading=\"lazy\" src=\"http:\/\/www.maxeville.fr\/wp-content\/uploads\/2017\/10\/jdm_couv_5-127x180.jpg\" alt=\"jdm_couv_5\" width=\"127\" height=\"180\" \/><\/a> <a href=\"https:\/\/maxeville.fr\/wp-content\/uploads\/2018\/12\/Journal_maxeville_04_web.pdf\" target=\"_blank\" rel=\"noopener noreferrer\"><img decoding=\"async\" loading=\"lazy\" src=\"http:\/\/www.maxeville.fr\/wp-content\/uploads\/2017\/10\/jdm_couv_4-127x180.jpg\" alt=\"jdm_couv_4\" width=\"127\" height=\"180\" \/><\/a> <a href=\"http:\/\/www.maxeville.fr\/wp-content\/uploads\/2017\/10\/journal_maxeville_3_web.pdf\" target=\"_blank\" rel=\"noopener noreferrer\"><img decoding=\"async\" loading=\"lazy\" src=\"http:\/\/www.maxeville.fr\/wp-content\/uploads\/2017\/10\/jdm_couv_3-127x180.jpg\" alt=\"jdm_couv_3\" width=\"127\" height=\"180\" \/><\/a> <a href=\"http:\/\/www.maxeville.fr\/wp-content\/uploads\/2017\/10\/journal_maxeville_2_web.pdf\" target=\"_blank\" rel=\"noopener noreferrer\"><img decoding=\"async\" loading=\"lazy\" src=\"http:\/\/www.maxeville.fr\/wp-content\/uploads\/2017\/10\/jdm_couv_2-127x180.jpg\" alt=\"jdm_couv_2\" width=\"127\" height=\"180\" \/><\/a> <a href=\"https:\/\/maxeville.fr\/wp-content\/uploads\/2017\/10\/Journal_maxeville_1_web.pdf\" target=\"_blank\" rel=\"noopener noreferrer\"><img decoding=\"async\" loading=\"lazy\" src=\"http:\/\/www.maxeville.fr\/wp-content\/uploads\/2017\/10\/jdm_couv_1-127x180.jpg\" alt=\"jdm_couv_1\" width=\"127\" height=\"180\" \/><\/a> <img decoding=\"async\" loading=\"lazy\" src=\"https:\/\/maxeville.fr\/wp-content\/uploads\/2018\/02\/couv_blank.jpg\" alt=\"\" width=\"127\" height=\"180\" \/> <img decoding=\"async\" loading=\"lazy\" src=\"https:\/\/maxeville.fr\/wp-content\/uploads\/2018\/02\/couv_blank.jpg\" alt=\"\" width=\"127\" height=\"180\" \/> <img decoding=\"async\" loading=\"lazy\" src=\"https:\/\/maxeville.fr\/wp-content\/uploads\/2018\/02\/couv_blank.jpg\" alt=\"\" width=\"127\" height=\"180\" \/><\/p>\n<div style=\"padding-bottom:20px; padding-top:10px;\" class=\"hupso-share-buttons\"><!-- Hupso Share Buttons - https:\/\/www.hupso.com\/share\/ --><a class=\"hupso_toolbar\" href=\"https:\/\/www.hupso.com\/share\/\"><img src=\"https:\/\/static.hupso.com\/share\/buttons\/lang\/fr\/share-medium.png\" style=\"border:0px; padding-top: 5px; float:left;\" alt=\"Share Button\"\/><\/a><script type=\"text\/javascript\">var hupso_services_t=new Array();var hupso_background_t=\"#EAF4FF\";var hupso_border_t=\"#66CCFF\";var hupso_toolbar_size_t=\"medium\";var hupso_image_folder_url = \"\";var hupso_url_t=\"\";var hupso_title_t=\"Le%20%22JDM%22%20-%20Journal%20de%20Max%C3%A9ville\";<\/script><script type=\"text\/javascript\" src=\"https:\/\/static.hupso.com\/share\/js\/share_toolbar.js\"><\/script><!-- Hupso Share Buttons --><\/div>","protected":false},"excerpt":{"rendered":"<p>Le Journal Municipal de Max\u00e9ville est r\u00e9alis\u00e9 par le service communication de la ville de Max\u00e9ville. Ses rubriques vous permettent de prendre connaissance des actualit\u00e9s de la ville&#8230;<\/p>\n","protected":false},"author":1,"featured_media":0,"parent":73,"menu_order":11,"comment_status":"closed","ping_status":"closed","template":"","meta":[],"_links":{"self":[{"href":"https:\/\/maxeville.fr\/index.php\/wp-json\/wp\/v2\/pages\/2057"}],"collection":[{"href":"https:\/\/maxeville.fr\/index.php\/wp-json\/wp\/v2\/pages"}],"about":[{"href":"https:\/\/maxeville.fr\/index.php\/wp-json\/wp\/v2\/types\/page"}],"author":[{"embeddable":true,"href":"https:\/\/maxeville.fr\/index.php\/wp-json\/wp\/v2\/users\/1"}],"replies":[{"embeddable":true,"href":"https:\/\/maxeville.fr\/index.php\/wp-json\/wp\/v2\/comments?post=2057"}],"version-history":[{"count":210,"href":"https:\/\/maxeville.fr\/index.php\/wp-json\/wp\/v2\/pages\/2057\/revisions"}],"predecessor-version":[{"id":19226,"href":"https:\/\/maxeville.fr\/index.php\/wp-json\/wp\/v2\/pages\/2057\/revisions\/19226"}],"up":[{"embeddable":true,"href":"https:\/\/maxeville.fr\/index.php\/wp-json\/wp\/v2\/pages\/73"}],"wp:attachment":[{"href":"https:\/\/maxeville.fr\/index.php\/wp-json\/wp\/v2\/media?parent=2057"}],"curies":[{"name":"wp","href":"https:\/\/api.w.org\/{rel}","templated":true}]}}