{"id":2115,"date":"2017-10-27T16:23:57","date_gmt":"2017-10-27T14:23:57","guid":{"rendered":"http:\/\/www.maxeville.fr\/?page_id=2115"},"modified":"2026-01-02T09:27:36","modified_gmt":"2026-01-02T08:27:36","slug":"service-urbanisme","status":"publish","type":"page","link":"https:\/\/maxeville.fr\/index.php\/ma-ville\/service-urbanisme\/","title":{"rendered":"Service urbanisme"},"content":{"rendered":"<p><span style=\"color: #3366ff;\"><strong>Le service urbanisme est en charge de :<\/strong><\/span><\/p>\n<ul>\n<li><em>le droit des sols : PLUi, permis de construire, droit de pr\u00e9emption\u2026<\/em><\/li>\n<li><em>l\u2019am\u00e9lioration de l\u2019habitat<\/em><\/li>\n<li><em>les projets d\u2019am\u00e9nagement du territoire communal<\/em><\/li>\n<li><em>les mutations de terrains<\/em><\/li>\n<li><em>les aspects de s\u00e9curit\u00e9 concernant les \u00e9tablissements accueillant du public<\/em><\/li>\n<li><em>le domaine public<\/em><\/li>\n<\/ul>\n<div dir=\"ltr\">\n<div id=\"gmail-m_1290701225421318212m_6316901741085135719gmail-:4bb\">\n<div id=\"gmail-m_1290701225421318212m_6316901741085135719gmail-:4be\" role=\"textbox\" aria-label=\"Corps du message\" aria-multiline=\"true\">\n<p dir=\"ltr\">\n<\/div>\n<\/div>\n<\/div>\n<div class=\"post-header\">\n<hr \/>\n<\/div>\n<div class=\"post-content\">\n<p><span style=\"color: #3366ff;\">D\u00e9sormais, vous pouvez effectuer vos demandes d\u2019urbanisme en ligne\u00a0!<\/span><\/p>\n<p><em>Votre commune, associ\u00e9e \u00e0 la M\u00e9tropole du Grand Nancy, s\u2019inscrit dans un programme de modernisation et de simplification des d\u00e9marches d\u2019urbanisme.<\/em><\/p>\n<p><strong>Vous souhaitez vendre un bien ou avoir des informations relatives \u00e0 un terrain sur la commune de Max\u00e9ville?\u00a0<\/strong><\/p>\n<p><span class=\"has-inline-color\"><a href=\"https:\/\/www.grandnancy.eu\/vivre-habiter\/urbanisme\/demarches-durbanisme\/\" target=\"_blank\" rel=\"noreferrer noopener\" data-type=\"URL\" data-id=\"https:\/\/www.grandnancy.eu\/vivre-habiter\/urbanisme\/demarches-durbanisme\/\"><strong>Effectuez d\u00e9sormais ces d\u00e9marches en ligne<\/strong>\u00a0:\u00a0<strong>Par ici !<\/strong><\/a><\/span><\/p>\n<hr \/>\n<\/div>\n<p><span style=\"color: #3366ff;\"><strong>L&#8217;accueil du public se fait exclusivement sur rendez-vous :<\/strong><\/span><\/p>\n<p>Service de l&#8217;Urbanisme &#8211; Ville de Max\u00e9ville<\/p>\n<p>03 83 32 30 00<\/p>\n<div style=\"padding-bottom:20px; padding-top:10px;\" class=\"hupso-share-buttons\"><!-- Hupso Share Buttons - https:\/\/www.hupso.com\/share\/ --><a class=\"hupso_toolbar\" href=\"https:\/\/www.hupso.com\/share\/\"><img src=\"https:\/\/static.hupso.com\/share\/buttons\/lang\/fr\/share-medium.png\" style=\"border:0px; padding-top: 5px; float:left;\" alt=\"Share Button\"\/><\/a><script type=\"text\/javascript\">var hupso_services_t=new Array();var hupso_background_t=\"#EAF4FF\";var hupso_border_t=\"#66CCFF\";var hupso_toolbar_size_t=\"medium\";var hupso_image_folder_url = \"\";var hupso_url_t=\"\";var hupso_title_t=\"Service%20urbanisme\";<\/script><script type=\"text\/javascript\" src=\"https:\/\/static.hupso.com\/share\/js\/share_toolbar.js\"><\/script><!-- Hupso Share Buttons --><\/div>","protected":false},"excerpt":{"rendered":"<p>Le service urbanisme est en charge de : le droit des sols : PLUi, permis de construire, droit de pr\u00e9emption\u2026 l\u2019am\u00e9lioration de l\u2019habitat les projets d\u2019am\u00e9nagement du territoire&#8230;<\/p>\n","protected":false},"author":1,"featured_media":16748,"parent":73,"menu_order":2,"comment_status":"closed","ping_status":"closed","template":"","meta":[],"_links":{"self":[{"href":"https:\/\/maxeville.fr\/index.php\/wp-json\/wp\/v2\/pages\/2115"}],"collection":[{"href":"https:\/\/maxeville.fr\/index.php\/wp-json\/wp\/v2\/pages"}],"about":[{"href":"https:\/\/maxeville.fr\/index.php\/wp-json\/wp\/v2\/types\/page"}],"author":[{"embeddable":true,"href":"https:\/\/maxeville.fr\/index.php\/wp-json\/wp\/v2\/users\/1"}],"replies":[{"embeddable":true,"href":"https:\/\/maxeville.fr\/index.php\/wp-json\/wp\/v2\/comments?post=2115"}],"version-history":[{"count":20,"href":"https:\/\/maxeville.fr\/index.php\/wp-json\/wp\/v2\/pages\/2115\/revisions"}],"predecessor-version":[{"id":18903,"href":"https:\/\/maxeville.fr\/index.php\/wp-json\/wp\/v2\/pages\/2115\/revisions\/18903"}],"up":[{"embeddable":true,"href":"https:\/\/maxeville.fr\/index.php\/wp-json\/wp\/v2\/pages\/73"}],"wp:featuredmedia":[{"embeddable":true,"href":"https:\/\/maxeville.fr\/index.php\/wp-json\/wp\/v2\/media\/16748"}],"wp:attachment":[{"href":"https:\/\/maxeville.fr\/index.php\/wp-json\/wp\/v2\/media?parent=2115"}],"curies":[{"name":"wp","href":"https:\/\/api.w.org\/{rel}","templated":true}]}}