{"id":2117,"date":"2017-10-27T16:26:05","date_gmt":"2017-10-27T14:26:05","guid":{"rendered":"http:\/\/www.maxeville.fr\/?page_id=2117"},"modified":"2024-09-27T16:08:26","modified_gmt":"2024-09-27T14:08:26","slug":"amelioration-habitat","status":"publish","type":"page","link":"https:\/\/maxeville.fr\/index.php\/ma-ville\/amelioration-habitat\/","title":{"rendered":"Am\u00e9lioration de l&#8217;habitat"},"content":{"rendered":"<h5>Aides financi\u00e8res pour travaux de r\u00e9habilitation<\/h5>\n<p><a href=\"https:\/\/maxeville.fr\/wp-content\/uploads\/2023\/10\/Reglement-2023-2026-1.pdf\" target=\"_blank\" rel=\"noopener\">Consulter le r\u00e8glement d&#8217;attribution des aides \u00e0 l&#8217;am\u00e9lioration de l&#8217;habitat<\/a><\/p>\n<h3>Programme d\u2019int\u00e9r\u00eat g\u00e9n\u00e9ral :<\/h3>\n<p>Am\u00e9liorer l\u2019habitat dans la M\u00e9tropole du\u00a0Grand Nancy (Propri\u00e9taire, bailleur, occupant)<\/p>\n<p><strong>Pour en savoir plus, n\u2019h\u00e9sitez pas \u00e0 contacter :<\/strong><br \/>\nSoci\u00e9t\u00e9 Publique Locale Grand Nancy Habitat<br \/>\nt\u00e9l : 03 83 37 20 24<br \/>\ne-mail :<a href=\"mailto:contact@gnh54.fr\" target=\"_blank\" rel=\"noopener\">contact@gnh54.fr<\/a><\/p>\n<div style=\"padding-bottom:20px; padding-top:10px;\" class=\"hupso-share-buttons\"><!-- Hupso Share Buttons - https:\/\/www.hupso.com\/share\/ --><a class=\"hupso_toolbar\" href=\"https:\/\/www.hupso.com\/share\/\"><img src=\"https:\/\/static.hupso.com\/share\/buttons\/lang\/fr\/share-medium.png\" style=\"border:0px; padding-top: 5px; float:left;\" alt=\"Share Button\"\/><\/a><script type=\"text\/javascript\">var hupso_services_t=new Array();var hupso_background_t=\"#EAF4FF\";var hupso_border_t=\"#66CCFF\";var hupso_toolbar_size_t=\"medium\";var hupso_image_folder_url = \"\";var hupso_url_t=\"\";var hupso_title_t=\"Am%C3%A9lioration%20de%20l%27habitat\";<\/script><script type=\"text\/javascript\" src=\"https:\/\/static.hupso.com\/share\/js\/share_toolbar.js\"><\/script><!-- Hupso Share Buttons --><\/div>","protected":false},"excerpt":{"rendered":"<p>Aides financi\u00e8res pour travaux de r\u00e9habilitation Consulter le r\u00e8glement d&#8217;attribution des aides \u00e0 l&#8217;am\u00e9lioration de l&#8217;habitat Programme d\u2019int\u00e9r\u00eat g\u00e9n\u00e9ral : Am\u00e9liorer l\u2019habitat dans la M\u00e9tropole du\u00a0Grand Nancy (Propri\u00e9taire,&#8230;<\/p>\n","protected":false},"author":1,"featured_media":0,"parent":73,"menu_order":3,"comment_status":"closed","ping_status":"closed","template":"","meta":[],"_links":{"self":[{"href":"https:\/\/maxeville.fr\/index.php\/wp-json\/wp\/v2\/pages\/2117"}],"collection":[{"href":"https:\/\/maxeville.fr\/index.php\/wp-json\/wp\/v2\/pages"}],"about":[{"href":"https:\/\/maxeville.fr\/index.php\/wp-json\/wp\/v2\/types\/page"}],"author":[{"embeddable":true,"href":"https:\/\/maxeville.fr\/index.php\/wp-json\/wp\/v2\/users\/1"}],"replies":[{"embeddable":true,"href":"https:\/\/maxeville.fr\/index.php\/wp-json\/wp\/v2\/comments?post=2117"}],"version-history":[{"count":13,"href":"https:\/\/maxeville.fr\/index.php\/wp-json\/wp\/v2\/pages\/2117\/revisions"}],"predecessor-version":[{"id":16757,"href":"https:\/\/maxeville.fr\/index.php\/wp-json\/wp\/v2\/pages\/2117\/revisions\/16757"}],"up":[{"embeddable":true,"href":"https:\/\/maxeville.fr\/index.php\/wp-json\/wp\/v2\/pages\/73"}],"wp:attachment":[{"href":"https:\/\/maxeville.fr\/index.php\/wp-json\/wp\/v2\/media?parent=2117"}],"curies":[{"name":"wp","href":"https:\/\/api.w.org\/{rel}","templated":true}]}}