{"id":2124,"date":"2017-10-27T16:28:55","date_gmt":"2017-10-27T14:28:55","guid":{"rendered":"http:\/\/www.maxeville.fr\/?page_id=2124"},"modified":"2024-09-27T16:05:26","modified_gmt":"2024-09-27T14:05:26","slug":"cadastre","status":"publish","type":"page","link":"https:\/\/maxeville.fr\/index.php\/ma-ville\/cadastre\/","title":{"rendered":"Cadastre"},"content":{"rendered":"<hr \/>\n<p><em>Le cadastre est un inventaire g\u00e9n\u00e9ral des immeubles b\u00e2tis et non b\u00e2tis, qui sert notamment \u00e0 l\u2019administration fiscale pour estimer \u00e9quitablement les impositions. Celui-ci ayant une vocation fiscale, les donn\u00e9es fournies (surface, limites parcellaires, mitoyennet\u00e9\u2026) n\u2019ont qu\u2019une valeur indicative.<\/em><\/p>\n<p>Vous pouvez consulter le cadastre en ligne sur\u00a0<a href=\"http:\/\/www.cadastre.gouv.fr\/\" target=\"_blank\" rel=\"noopener\">www.cadastre.gouv.fr<\/a><\/p>\n<p><a href=\"https:\/\/maxeville.fr\/index.php\/ma-ville\/service-urbanisme\/\">Le service urbanisme <\/a>est \u00e9galement \u00e0 votre disposition pour toute demande concernant le cadastre.<\/p>\n<div style=\"padding-bottom:20px; padding-top:10px;\" class=\"hupso-share-buttons\"><!-- Hupso Share Buttons - https:\/\/www.hupso.com\/share\/ --><a class=\"hupso_toolbar\" href=\"https:\/\/www.hupso.com\/share\/\"><img src=\"https:\/\/static.hupso.com\/share\/buttons\/lang\/fr\/share-medium.png\" style=\"border:0px; padding-top: 5px; float:left;\" alt=\"Share Button\"\/><\/a><script type=\"text\/javascript\">var hupso_services_t=new Array();var hupso_background_t=\"#EAF4FF\";var hupso_border_t=\"#66CCFF\";var hupso_toolbar_size_t=\"medium\";var hupso_image_folder_url = \"\";var hupso_url_t=\"\";var hupso_title_t=\"Cadastre\";<\/script><script type=\"text\/javascript\" src=\"https:\/\/static.hupso.com\/share\/js\/share_toolbar.js\"><\/script><!-- Hupso Share Buttons --><\/div>","protected":false},"excerpt":{"rendered":"<p>Le cadastre est un inventaire g\u00e9n\u00e9ral des immeubles b\u00e2tis et non b\u00e2tis, qui sert notamment \u00e0 l\u2019administration fiscale pour estimer \u00e9quitablement les impositions. Celui-ci ayant une vocation fiscale,&#8230;<\/p>\n","protected":false},"author":1,"featured_media":0,"parent":73,"menu_order":5,"comment_status":"closed","ping_status":"closed","template":"","meta":[],"_links":{"self":[{"href":"https:\/\/maxeville.fr\/index.php\/wp-json\/wp\/v2\/pages\/2124"}],"collection":[{"href":"https:\/\/maxeville.fr\/index.php\/wp-json\/wp\/v2\/pages"}],"about":[{"href":"https:\/\/maxeville.fr\/index.php\/wp-json\/wp\/v2\/types\/page"}],"author":[{"embeddable":true,"href":"https:\/\/maxeville.fr\/index.php\/wp-json\/wp\/v2\/users\/1"}],"replies":[{"embeddable":true,"href":"https:\/\/maxeville.fr\/index.php\/wp-json\/wp\/v2\/comments?post=2124"}],"version-history":[{"count":5,"href":"https:\/\/maxeville.fr\/index.php\/wp-json\/wp\/v2\/pages\/2124\/revisions"}],"predecessor-version":[{"id":16754,"href":"https:\/\/maxeville.fr\/index.php\/wp-json\/wp\/v2\/pages\/2124\/revisions\/16754"}],"up":[{"embeddable":true,"href":"https:\/\/maxeville.fr\/index.php\/wp-json\/wp\/v2\/pages\/73"}],"wp:attachment":[{"href":"https:\/\/maxeville.fr\/index.php\/wp-json\/wp\/v2\/media?parent=2124"}],"curies":[{"name":"wp","href":"https:\/\/api.w.org\/{rel}","templated":true}]}}