{"id":233,"date":"2016-04-06T12:03:27","date_gmt":"2016-04-06T14:03:27","guid":{"rendered":"http:\/\/www.maxeville.fr\/?page_id=233"},"modified":"2025-01-14T14:07:59","modified_gmt":"2025-01-14T13:07:59","slug":"eco-quartier","status":"publish","type":"page","link":"https:\/\/maxeville.fr\/index.php\/ma-ville\/eco-quartier\/","title":{"rendered":"Le Nouveau Programme National de Renouvellement Urbain (NPNRU)"},"content":{"rendered":"<div class=\"heading__teaser\"><em>Lanc\u00e9 en 2014, le NPNRU pr\u00e9voit la transformation profonde de plus de 450 quartiers prioritaires de la politique de la ville en intervenant fortement sur l&#8217;habitat et les \u00e9quipements publics, pour favoriser la mixit\u00e9 dans ces territoire<\/em><\/div>\n<h5>Le Plateau de Haye &#8211; Nancy &#8211; Laxou &#8211; Max\u00e9ville<\/h5>\n<p>Le Plateau de Haye fait l\u2019objet depuis 2004 de l\u2019un des plus ambitieux Programme de R\u00e9novation Urbaine de France, associant grands travaux de cadre de vie, cr\u00e9ation de nouveaux services, recherche de convivialit\u00e9, mobilit\u00e9s et d\u00e9veloppement \u00e9conomique.<\/p>\n<h5>L\u2019\u00e9co-quartier construit la ville durable<\/h5>\n<p>Engag\u00e9 d\u00e8s 2004, le projet de r\u00e9novation urbaine du Plateau de Haye \u00e0 Laxou, Max\u00e9ville et Nancy a remport\u00e9 en 2011 le Grand Prix national \u00e9coQuartier, attribu\u00e9 par le minist\u00e8re de l\u2019\u00e9cologie, du D\u00e9veloppement durable et de l\u2019\u00e9nergie. En 2012, ce territoire a \u00e9t\u00e9 \u00e0 nouveau distingu\u00e9 par le groupe Moniteur qui lui a d\u00e9cern\u00e9 le Prix de l\u2019Am\u00e9nagement urbain dans la cat\u00e9gorie \u00ab Grandes villes et territoires m\u00e9tropolitains \u00bb. Reconnu pour sa d\u00e9marche innovante et exemplaire, le Plateau de Haye r\u00e9pond aux enjeux de la Ville europ\u00e9enne durable et du Grenelle Environnement.<\/p>\n<h5>Des r\u00e9alisations visibles<\/h5>\n<p>En 2012, de nombreux chantiers ont continu\u00e9 de transformer profond\u00e9ment le visage des quartiers. Dans le quartier de Champ-le-Boeuf, les am\u00e9nagements ext\u00e9rieurs des secteurs Rabodeau et Madon sont termin\u00e9s. Le parc lin\u00e9aire est d\u00e9sormais ouvert aux pi\u00e9tons et aux cyclistes. La cr\u00e9ation du giratoire avenue des Quatre Vents permet de fluidifier la circulation et de faciliter les d\u00e9placements des habitants. Du c\u00f4t\u00e9 des Aulnes et des anciennes carri\u00e8res Solvay, de nouvelles voiries am\u00e9liorent les \u00e9changes entre les diff\u00e9rents quartiers de Max\u00e9ville. D\u2019importants travaux sont \u00e9galement r\u00e9alis\u00e9s pour r\u00e9pondre \u00e0 la restructuration du r\u00e9seau de transports en commun qui sera op\u00e9rationnel \u00e0 la fin de l\u2019\u00e9t\u00e9 2013. Avec la cr\u00e9ation de la ligne 2 en site propre, la r\u00e9organisation des parcours et la mise en place d\u2019un P\u2019tit Stan, les Max\u00e9villois pourront se rendre plus facilement d\u2019un quartier \u00e0 l\u2019autre de leur commune et rejoindre plus rapidement le centre-ville de Nancy. Pour p\u00e9renniser ces transformations, la Gestion Urbaine de Proximit\u00e9 (GUP) mobilise les diff\u00e9rents acteurs locaux et les habitants autour d\u2019actions concr\u00e8tes, comme le nettoyage des espaces publics, la lutte contre les incivilit\u00e9s, la sensibilisation aux \u00e9conomies d\u2019\u00e9nergie ou encore la mise en place de chantiers d\u2019insertion.<br \/>\nActuellement \u00e0 l\u2019\u00e9tude, les produits propos\u00e9s seront principalement des maisons individuelles, des logements interm\u00e9diaires et de petits collectifs. De quoi parachever la mutation du quartier.<\/p>\n<hr \/>\n<h5><em><strong>Qu\u2019est ce que la r\u00e9novation urbaine, l\u2019ANRU, le PNRU, le NPNRU ?<\/strong><\/em><br \/>\nPour aller plus loin,<a href=\"https:\/\/www.omhgrandnancy.fr\/index.php\/renovation-urbaine\"> c&#8217;est par ici !<\/a><\/h5>\n<div style=\"padding-bottom:20px; padding-top:10px;\" class=\"hupso-share-buttons\"><!-- Hupso Share Buttons - https:\/\/www.hupso.com\/share\/ --><a class=\"hupso_toolbar\" href=\"https:\/\/www.hupso.com\/share\/\"><img src=\"https:\/\/static.hupso.com\/share\/buttons\/lang\/fr\/share-medium.png\" style=\"border:0px; padding-top: 5px; float:left;\" alt=\"Share Button\"\/><\/a><script type=\"text\/javascript\">var hupso_services_t=new Array();var hupso_background_t=\"#EAF4FF\";var hupso_border_t=\"#66CCFF\";var hupso_toolbar_size_t=\"medium\";var hupso_image_folder_url = \"\";var hupso_url_t=\"\";var hupso_title_t=\"Le%20Nouveau%20Programme%20National%20de%20Renouvellement%20Urbain%20%28NPNRU%29\";<\/script><script type=\"text\/javascript\" src=\"https:\/\/static.hupso.com\/share\/js\/share_toolbar.js\"><\/script><!-- Hupso Share Buttons --><\/div>","protected":false},"excerpt":{"rendered":"<p>Lanc\u00e9 en 2014, le NPNRU pr\u00e9voit la transformation profonde de plus de 450 quartiers prioritaires de la politique de la ville en intervenant fortement sur l&#8217;habitat et les&#8230;<\/p>\n","protected":false},"author":1,"featured_media":0,"parent":73,"menu_order":17,"comment_status":"closed","ping_status":"closed","template":"","meta":[],"_links":{"self":[{"href":"https:\/\/maxeville.fr\/index.php\/wp-json\/wp\/v2\/pages\/233"}],"collection":[{"href":"https:\/\/maxeville.fr\/index.php\/wp-json\/wp\/v2\/pages"}],"about":[{"href":"https:\/\/maxeville.fr\/index.php\/wp-json\/wp\/v2\/types\/page"}],"author":[{"embeddable":true,"href":"https:\/\/maxeville.fr\/index.php\/wp-json\/wp\/v2\/users\/1"}],"replies":[{"embeddable":true,"href":"https:\/\/maxeville.fr\/index.php\/wp-json\/wp\/v2\/comments?post=233"}],"version-history":[{"count":9,"href":"https:\/\/maxeville.fr\/index.php\/wp-json\/wp\/v2\/pages\/233\/revisions"}],"predecessor-version":[{"id":17352,"href":"https:\/\/maxeville.fr\/index.php\/wp-json\/wp\/v2\/pages\/233\/revisions\/17352"}],"up":[{"embeddable":true,"href":"https:\/\/maxeville.fr\/index.php\/wp-json\/wp\/v2\/pages\/73"}],"wp:attachment":[{"href":"https:\/\/maxeville.fr\/index.php\/wp-json\/wp\/v2\/media?parent=233"}],"curies":[{"name":"wp","href":"https:\/\/api.w.org\/{rel}","templated":true}]}}