{"id":247,"date":"2016-04-06T12:11:43","date_gmt":"2016-04-06T14:11:43","guid":{"rendered":"http:\/\/www.maxeville.fr\/?page_id=247"},"modified":"2025-06-03T10:30:13","modified_gmt":"2025-06-03T08:30:13","slug":"police-municipale","status":"publish","type":"page","link":"https:\/\/maxeville.fr\/index.php\/mon-quotidien\/police-municipale\/","title":{"rendered":"Police Municipale"},"content":{"rendered":"<p>Le poste est compos\u00e9 de 4 agents de police et d&#8217;une secr\u00e9taire.<br \/>\nL&#8217;accueil du public s&#8217;effectue du lundi au vendredi : 14 Rue du 15 Septembre 1944, 54 320 Max\u00e9ville<br \/>\n<strong>Horaires d&#8217;ouverture :<\/strong> de 9h \u00e0 12h et de 14h \u00e0 17h<br \/>\n<strong>T\u00e9l :<\/strong> 03 83 32 30 00<br \/>\n<strong>e-mail :<\/strong> <a href=\"mailto:policemunicipale@mairie-maxeville.fr\">policemunicipale@mairie-maxeville.fr<\/a><br \/>\nToute correspondance doit \u00eatre adress\u00e9 \u00e0 Monsieur le Maire \u00e0 l&#8217;adresse suivante :<br \/>\n14 rue du 15 Septembre 1944 &#8211; 54320 Max\u00e9ville<\/p>\n<h5>Assistance aux personnes<\/h5>\n<p>La Police Municipale assure une assistance aux personnes dans les situations suivantes :<\/p>\n<ul>\n<li>Prise de main courante uniquement. Les d\u00e9p\u00f4t de plainte se font aupr\u00e8s de la Police Nationale.<\/li>\n<li>Personne ne r\u00e9pondant pas aux appels<\/li>\n<li>Hygi\u00e8ne et insalubrit\u00e9<\/li>\n<li>Conflit de voisinage<\/li>\n<li>Accident de la circulation<\/li>\n<li>Signalement de personne et objet suspect<\/li>\n<li>Soins psychiatriques sans consentement<\/li>\n<li>Vid\u00e9o tranquillit\u00e9<\/li>\n<li>Op\u00e9ration Tranquillit\u00e9 Vacances (OTV) &#8211;\u00a0<a href=\"https:\/\/maxeville.fr\/wp-content\/uploads\/2024\/04\/OTV.pdf\" rel=\"\">formulaire OTV<\/a><\/li>\n<\/ul>\n<p>N&#8217;h\u00e9sitez pas \u00e0 contacter la Police Nationale (composer le 17) en parall\u00e8le de la Police Municipale ou en dehors des horaires d&#8217;ouverture du Poste et\/ou en cas d&#8217;extr\u00eame urgence et\/ou de danger imm\u00e9diat.<br \/>\n<span id=\"stationnement-et-circulation\"><\/span><\/p>\n<h5 id=\"stationnement-et-circulation\">Stationnement et circulation<\/h5>\n<ul>\n<li>Stationnement g\u00eanant et dangereux<\/li>\n<li>Stationnement abusif sur la voie publique (sup\u00e9rieur \u00e0 7 jours cons\u00e9cutifs)<\/li>\n<li>Gestion de la voirie et des travaux de voirie. L&#8217;application &#8220;<a href=\"https:\/\/app.g-ny.org\/\">G-NY, Le Grand Nancy facile<\/a>&#8221; est \u00e0 votre disposition pour d\u00e9clarer toute anomalie sur la voie publique.<\/li>\n<li>Occupation du domaine public : les demandes d&#8217;autorisation doivent \u00eatre d\u00e9pos\u00e9es au moins 15 jours avant la date pr\u00e9vue d&#8217;occupation<\/li>\n<li>Pose d&#8217;\u00e9chafaudage, travaux, &#8230;<\/li>\n<li>D\u00e9m\u00e9nagement\/emm\u00e9nagement<\/li>\n<\/ul>\n<h5>R\u00e8glements et lois<\/h5>\n<ul>\n<li>L&#8217;affichage des arr\u00eat\u00e9s municipaux se trouve sur les panneaux officiels situ\u00e9s avenue du Commandant Charcot, rues Solvay et Lafayette \u00e0 deux endroits diff\u00e9rents, Seille et des Aulnes<\/li>\n<li>Applications des arr\u00eat\u00e9s pr\u00e9fectoraux (br\u00fblage \u00e0 ciel ouvert&#8230;) et municipaux (aires de jeux, parc&#8230;)<\/li>\n<li>Application du R\u00e8glement Sanitaire D\u00e9partemental (RSD) &#8211; <a href=\"http:\/\/www.maxeville.fr\/wp-content\/uploads\/2016\/04\/RSD.pdf\" rel=\"\">RSD<\/a><\/li>\n<\/ul>\n<h5>Animaux<\/h5>\n<ul>\n<li>Signalement des animaux errants, bless\u00e9s, mort sur la voie publique<\/li>\n<li>Op\u00e9ration chats libres, par contact t\u00e9l\u00e9phonique (st\u00e9rilisation, vaccination&#8230;)<\/li>\n<li>Permis de d\u00e9tention de chiens cat\u00e9goris\u00e9s <a href=\"https:\/\/maxeville.fr\/wp-content\/uploads\/2024\/04\/Demande-permis-def.pdf\" rel=\"\">demande permis 1<\/a>\u00a0\/<a href=\"https:\/\/maxeville.fr\/wp-content\/uploads\/2024\/04\/Demande-permis-prov.pdf\" rel=\"\">demande permis 2<\/a><\/li>\n<li>Animaux mordeurs et\/ou griffeurs : d\u00e9claration obligatoire au poste de Police Municipale\u00a0 d&#8217;une morsure et\/ou griffure sur un \u00eatre humain<\/li>\n<li>Obligation de tenir les chiens en laisse sur la voie publique et de ramasser leurs d\u00e9jections.<\/li>\n<li>Nouveaux animaux de compagnie (NAC)<\/li>\n<\/ul>\n<h5>Tags ou graffitis<\/h5>\n<p>Uniquement sur bien priv\u00e9 et visible de la voir publique <a href=\"https:\/\/maxeville.fr\/wp-content\/uploads\/2024\/04\/autorisation-enlevement-graffitis.pdf\" rel=\"\">formulaire Tags<\/a><\/p>\n<h5 id=\"manifestations\">Manifestations<\/h5>\n<ul>\n<li>Occupation du domaine public (f\u00eate des voisins, brocante&#8230;)<\/li>\n<li>D\u00e9bit de boissons (buvette associative&#8230;)<\/li>\n<\/ul>\n<h5>\u00c9v\u00e9nementiel<\/h5>\n<ul>\n<li>Lutte contre les violences urbaines &#8211; A l\u2019occasion des F\u00eates de fin d\u2019ann\u00e9e, il est recommand\u00e9 de ne laisser aucune poubelle sur le domaine public durant les soir\u00e9es du 24 et 31 d\u00e9cembre. Ceci afin d\u2019\u00e9viter la commission d\u2019 actes de malveillance (feux de poubelles\u2026)<\/li>\n<li>D\u00e9neigement<\/li>\n<\/ul>\n<h5>Arr\u00eat\u00e9s \u00e0 disposition<\/h5>\n<ul>\n<li>Demande de d\u00e9marchage | autoris\u00e9 <strong>mais<\/strong> sous conditions et r\u00e8glement\u00e9 &#8211; <a href=\"https:\/\/maxeville.fr\/wp-content\/uploads\/2025\/06\/25-03-19-Reglementation-demarchage-a-domicile.pdf\" target=\"_blank\" rel=\"noopener\">consulter l&#8217;arr\u00eat\u00e9<\/a><\/li>\n<li>Bruits de voisinage et utilisation de mat\u00e9riels bruyants <a href=\"https:\/\/maxeville.fr\/wp-content\/uploads\/2024\/04\/Bruit.pdf\" rel=\"\">arr\u00eat\u00e9 municipal &#8211; bruits et engins<\/a><\/li>\n<li>Ramassage des ordures m\u00e9nag\u00e8res <a href=\"https:\/\/maxeville.fr\/wp-content\/uploads\/2024\/04\/Arrete-ordures.pdf\" rel=\"\">arr\u00eat\u00e9 municipal &#8211; ordures et tri <\/a><\/li>\n<li>D\u00e9neigement<\/li>\n<li>Interdiction de nourrir les pigeons <a href=\"https:\/\/maxeville.fr\/wp-content\/uploads\/2024\/04\/Arrete-pigeons.pdf\" rel=\"\">arr\u00eat\u00e9 municipal &#8211; pigeons<\/a><\/li>\n<li>Ramassage d\u00e9jections canines <a href=\"https:\/\/maxeville.fr\/wp-content\/uploads\/2024\/04\/Arrete-ramassage-dejections.pdf\">arr\u00eat\u00e9 municipal &#8211; Ramassage d\u00e9jections\u00a0<\/a><\/li>\n<\/ul>\n<div style=\"padding-bottom:20px; padding-top:10px;\" class=\"hupso-share-buttons\"><!-- Hupso Share Buttons - https:\/\/www.hupso.com\/share\/ --><a class=\"hupso_toolbar\" href=\"https:\/\/www.hupso.com\/share\/\"><img src=\"https:\/\/static.hupso.com\/share\/buttons\/lang\/fr\/share-medium.png\" style=\"border:0px; padding-top: 5px; float:left;\" alt=\"Share Button\"\/><\/a><script type=\"text\/javascript\">var hupso_services_t=new Array();var hupso_background_t=\"#EAF4FF\";var hupso_border_t=\"#66CCFF\";var hupso_toolbar_size_t=\"medium\";var hupso_image_folder_url = \"\";var hupso_url_t=\"\";var hupso_title_t=\"Police%20Municipale\";<\/script><script type=\"text\/javascript\" src=\"https:\/\/static.hupso.com\/share\/js\/share_toolbar.js\"><\/script><!-- Hupso Share Buttons --><\/div>","protected":false},"excerpt":{"rendered":"<p>Le poste est compos\u00e9 de 4 agents de police et d&#8217;une secr\u00e9taire. L&#8217;accueil du public s&#8217;effectue du lundi au vendredi : 14 Rue du 15 Septembre 1944, 54&#8230;<\/p>\n","protected":false},"author":1,"featured_media":0,"parent":242,"menu_order":17,"comment_status":"closed","ping_status":"closed","template":"","meta":[],"_links":{"self":[{"href":"https:\/\/maxeville.fr\/index.php\/wp-json\/wp\/v2\/pages\/247"}],"collection":[{"href":"https:\/\/maxeville.fr\/index.php\/wp-json\/wp\/v2\/pages"}],"about":[{"href":"https:\/\/maxeville.fr\/index.php\/wp-json\/wp\/v2\/types\/page"}],"author":[{"embeddable":true,"href":"https:\/\/maxeville.fr\/index.php\/wp-json\/wp\/v2\/users\/1"}],"replies":[{"embeddable":true,"href":"https:\/\/maxeville.fr\/index.php\/wp-json\/wp\/v2\/comments?post=247"}],"version-history":[{"count":66,"href":"https:\/\/maxeville.fr\/index.php\/wp-json\/wp\/v2\/pages\/247\/revisions"}],"predecessor-version":[{"id":18006,"href":"https:\/\/maxeville.fr\/index.php\/wp-json\/wp\/v2\/pages\/247\/revisions\/18006"}],"up":[{"embeddable":true,"href":"https:\/\/maxeville.fr\/index.php\/wp-json\/wp\/v2\/pages\/242"}],"wp:attachment":[{"href":"https:\/\/maxeville.fr\/index.php\/wp-json\/wp\/v2\/media?parent=247"}],"curies":[{"name":"wp","href":"https:\/\/api.w.org\/{rel}","templated":true}]}}