{"id":251,"date":"2016-04-06T12:12:20","date_gmt":"2016-04-06T14:12:20","guid":{"rendered":"http:\/\/www.maxeville.fr\/?page_id=251"},"modified":"2024-09-06T13:21:27","modified_gmt":"2024-09-06T11:21:27","slug":"arretes-municipaux","status":"publish","type":"page","link":"https:\/\/maxeville.fr\/index.php\/mon-quotidien\/arretes-municipaux\/","title":{"rendered":"Arr\u00eat\u00e9s  | infos travaux"},"content":{"rendered":"<ul>\n<li><a href=\"https:\/\/maxeville.fr\/wp-content\/uploads\/2024\/09\/AP-2024-0296-signe-.pdf\" target=\"_blank\" rel=\"noopener\">arr\u00eat\u00e9 pr\u00e9fectoral n\u00b02024-0296 visant la r\u00e9duction de la pollution atmosph\u00e9rique issue des installations r\u00e9sidentielles de chauffage au bois dans les constructions neuves sur le territoire du plan de protection de l&#8217;atmosph\u00e8re de l&#8217;agglom\u00e9ration nanc\u00e9ienne<\/a><\/li>\n<li><a href=\"https:\/\/maxeville.fr\/wp-content\/uploads\/2024\/08\/2024-08-04-arrete-portant-non-reconnaissance-1-1.pdf\" target=\"_blank\" rel=\"noopener\">arr\u00eat\u00e9 minist\u00e9riel du 23 juillet 2024 : non reconnaissance de l&#8217;\u00e9tat de catastrophe naturelle au titre de la s\u00e9cheresse 2023<\/a><\/li>\n<li><a href=\"https:\/\/maxeville.fr\/wp-content\/uploads\/2024\/06\/courrier-mairies-meurthe-et-moselle-signe.pdf\" target=\"_blank\" rel=\"noopener\">arr\u00eat\u00e9 pr\u00e9fectoral n\u00b0 2024-DREAL-EBP-0090 | Autorisation de p\u00e9n\u00e9trer dans les propri\u00e9t\u00e9s priv\u00e9es &#8211; <em>travaux d&#8217;inventaire des richesses \u00e9cologiques, floristiques, faunistiques, g\u00e9ologiques..etc.<\/em><\/a><\/li>\n<li><a href=\"https:\/\/maxeville.fr\/wp-content\/uploads\/2023\/07\/2023-07-21-Arrete-prefectoral-restriction-usage-du-feu.pdf\">arr\u00eat\u00e9 pr\u00e9fectoral du 22 juillet au 4 ao\u00fbt 2023 : relatif \u00e0 l&#8217;emploi du feu en vue de la pr\u00e9vention du risque d&#8217;incendie de for\u00eats et de v\u00e9g\u00e9taux\u00a0 (reconduction des mesures de restriction).<\/a><\/li>\n<li>\n<p><a href=\"https:\/\/maxeville.fr\/wp-content\/uploads\/2023\/05\/arrete-mise-a-jour-plan-cadastral-signe-permanent.pdf\"><em>Mise \u00e0 jour des plans cadastraux sur la commune de Max\u00e9ville |<\/em><em>\u00a0<strong>7 juin et le 30 septembre 2023<\/strong><\/em><\/a><\/p>\n<\/li>\n<\/ul>\n\n\n<p><\/p>\n<div style=\"padding-bottom:20px; padding-top:10px;\" class=\"hupso-share-buttons\"><!-- Hupso Share Buttons - https:\/\/www.hupso.com\/share\/ --><a class=\"hupso_toolbar\" href=\"https:\/\/www.hupso.com\/share\/\"><img src=\"https:\/\/static.hupso.com\/share\/buttons\/lang\/fr\/share-medium.png\" style=\"border:0px; padding-top: 5px; float:left;\" alt=\"Share Button\"\/><\/a><script type=\"text\/javascript\">var hupso_services_t=new Array();var hupso_background_t=\"#EAF4FF\";var hupso_border_t=\"#66CCFF\";var hupso_toolbar_size_t=\"medium\";var hupso_image_folder_url = \"\";var hupso_url_t=\"\";var hupso_title_t=\"Arr%C3%AAt%C3%A9s%20%20%7C%20infos%20travaux\";<\/script><script type=\"text\/javascript\" src=\"https:\/\/static.hupso.com\/share\/js\/share_toolbar.js\"><\/script><!-- Hupso Share Buttons --><\/div>","protected":false},"excerpt":{"rendered":"<p>arr\u00eat\u00e9 pr\u00e9fectoral n\u00b02024-0296 visant la r\u00e9duction de la pollution atmosph\u00e9rique issue des installations r\u00e9sidentielles de chauffage au bois dans les constructions neuves sur le territoire du plan de&#8230;<\/p>\n","protected":false},"author":1,"featured_media":0,"parent":242,"menu_order":18,"comment_status":"closed","ping_status":"closed","template":"","meta":[],"_links":{"self":[{"href":"https:\/\/maxeville.fr\/index.php\/wp-json\/wp\/v2\/pages\/251"}],"collection":[{"href":"https:\/\/maxeville.fr\/index.php\/wp-json\/wp\/v2\/pages"}],"about":[{"href":"https:\/\/maxeville.fr\/index.php\/wp-json\/wp\/v2\/types\/page"}],"author":[{"embeddable":true,"href":"https:\/\/maxeville.fr\/index.php\/wp-json\/wp\/v2\/users\/1"}],"replies":[{"embeddable":true,"href":"https:\/\/maxeville.fr\/index.php\/wp-json\/wp\/v2\/comments?post=251"}],"version-history":[{"count":58,"href":"https:\/\/maxeville.fr\/index.php\/wp-json\/wp\/v2\/pages\/251\/revisions"}],"predecessor-version":[{"id":16578,"href":"https:\/\/maxeville.fr\/index.php\/wp-json\/wp\/v2\/pages\/251\/revisions\/16578"}],"up":[{"embeddable":true,"href":"https:\/\/maxeville.fr\/index.php\/wp-json\/wp\/v2\/pages\/242"}],"wp:attachment":[{"href":"https:\/\/maxeville.fr\/index.php\/wp-json\/wp\/v2\/media?parent=251"}],"curies":[{"name":"wp","href":"https:\/\/api.w.org\/{rel}","templated":true}]}}