{"id":262,"date":"2016-04-06T12:17:36","date_gmt":"2016-04-06T14:17:36","guid":{"rendered":"http:\/\/www.maxeville.fr\/?page_id=262"},"modified":"2017-11-02T13:32:21","modified_gmt":"2017-11-02T12:32:21","slug":"espaces-verts","status":"publish","type":"page","link":"https:\/\/maxeville.fr\/index.php\/mon-quotidien\/espaces-verts\/","title":{"rendered":"Espaces verts"},"content":{"rendered":"<h5>Des fleurs pour Max\u00e9ville<\/h5>\n<p>La ville de Max\u00e9ville a conserv\u00e9 ses\u00a03 fleurs, label d\u00e9cern\u00e9 par le Conseil National des Villes et Villages Fleuris. Sachant que le niveau maximum est de 4 fleurs, la commune est fi\u00e8re d\u2019avoir pu maintenir ce niveau, d\u2019autant que les crit\u00e8res pour obtenir ce\u00a0 label ne concernent pas uniquement le fleurissement. Il int\u00e8gre \u00e9galement le d\u00e9veloppement durable, la qualit\u00e9 de l\u2019accueil et des actions autour du lien social, le respect de l\u2019environnement, et la propret\u00e9. C\u2019est une belle r\u00e9compense pour les services de la ville et les habitants qui \u0153uvrent au quotidien pour l\u2019embellissement de la commune.<\/p>\n<p>Pour pr\u00e9server les ressources naturelles, un nouveau plan de fleurissement plus \u00e9conome en eau a \u00e9t\u00e9 mis en place avenue de Metz.<\/p>\n<h5>For\u00eats, parcs et jardins<\/h5>\n<p>Quant au patrimoine forestier, deux for\u00eats sont implant\u00e9es sur le territoire : la for\u00eat\u00a0dite\u00a0&#8220;Songeur&#8221; et\u00a0 &#8220;du Ch\u00eane du Bon Dieu&#8221; qui constitue des coupures vertes de qualit\u00e9<\/p>\n<p>La gestion d\u2019une cinquantaine de jardins familiaux est confi\u00e9e \u00e0 l\u2019association Les Jardins de Max\u00e9ville. V\u00e9ritables lieux de convivialit\u00e9, ces potagers partag\u00e9s permettent aux habitants de consommer des fruits et des l\u00e9gumes de saison tout en r\u00e9alisant des \u00e9conomies. En 2012, l\u2019association a d\u00e9frich\u00e9 et agrandi une parcelle suppl\u00e9mentaire. Une convention a \u00e9galement \u00e9t\u00e9 sign\u00e9e avec l\u2019association des Croqueurs de pommes qui assure l\u2019entretien et la valorisation des vergers max\u00e9villois.<\/p>\n<div style=\"padding-bottom:20px; padding-top:10px;\" class=\"hupso-share-buttons\"><!-- Hupso Share Buttons - https:\/\/www.hupso.com\/share\/ --><a class=\"hupso_toolbar\" href=\"https:\/\/www.hupso.com\/share\/\"><img src=\"https:\/\/static.hupso.com\/share\/buttons\/lang\/fr\/share-medium.png\" style=\"border:0px; padding-top: 5px; float:left;\" alt=\"Share Button\"\/><\/a><script type=\"text\/javascript\">var hupso_services_t=new Array();var hupso_background_t=\"#EAF4FF\";var hupso_border_t=\"#66CCFF\";var hupso_toolbar_size_t=\"medium\";var hupso_image_folder_url = \"\";var hupso_url_t=\"\";var hupso_title_t=\"Espaces%20verts\";<\/script><script type=\"text\/javascript\" src=\"https:\/\/static.hupso.com\/share\/js\/share_toolbar.js\"><\/script><!-- Hupso Share Buttons --><\/div>","protected":false},"excerpt":{"rendered":"<p>Des fleurs pour Max\u00e9ville La ville de Max\u00e9ville a conserv\u00e9 ses\u00a03 fleurs, label d\u00e9cern\u00e9 par le Conseil National des Villes et Villages Fleuris. Sachant que le niveau maximum&#8230;<\/p>\n","protected":false},"author":1,"featured_media":0,"parent":242,"menu_order":6,"comment_status":"closed","ping_status":"closed","template":"","meta":[],"_links":{"self":[{"href":"https:\/\/maxeville.fr\/index.php\/wp-json\/wp\/v2\/pages\/262"}],"collection":[{"href":"https:\/\/maxeville.fr\/index.php\/wp-json\/wp\/v2\/pages"}],"about":[{"href":"https:\/\/maxeville.fr\/index.php\/wp-json\/wp\/v2\/types\/page"}],"author":[{"embeddable":true,"href":"https:\/\/maxeville.fr\/index.php\/wp-json\/wp\/v2\/users\/1"}],"replies":[{"embeddable":true,"href":"https:\/\/maxeville.fr\/index.php\/wp-json\/wp\/v2\/comments?post=262"}],"version-history":[{"count":3,"href":"https:\/\/maxeville.fr\/index.php\/wp-json\/wp\/v2\/pages\/262\/revisions"}],"predecessor-version":[{"id":2888,"href":"https:\/\/maxeville.fr\/index.php\/wp-json\/wp\/v2\/pages\/262\/revisions\/2888"}],"up":[{"embeddable":true,"href":"https:\/\/maxeville.fr\/index.php\/wp-json\/wp\/v2\/pages\/242"}],"wp:attachment":[{"href":"https:\/\/maxeville.fr\/index.php\/wp-json\/wp\/v2\/media?parent=262"}],"curies":[{"name":"wp","href":"https:\/\/api.w.org\/{rel}","templated":true}]}}