{"id":266,"date":"2016-04-06T12:18:11","date_gmt":"2016-04-06T14:18:11","guid":{"rendered":"http:\/\/www.maxeville.fr\/?page_id=266"},"modified":"2023-06-19T10:40:06","modified_gmt":"2023-06-19T08:40:06","slug":"proprete-urbaine","status":"publish","type":"page","link":"https:\/\/maxeville.fr\/index.php\/mon-quotidien\/proprete-urbaine\/","title":{"rendered":"Propret\u00e9 urbaine"},"content":{"rendered":"<h5>Collecte des ordures m\u00e9nag\u00e8res<\/h5>\n<p><strong>Vendredi\u00a0 matin<\/strong><\/p>\n<h5>Collecte des d\u00e9chets recyclables<\/h5>\n<p><strong>Jeudi\u00a0matin<\/strong><\/p>\n<p><em>Maison de l\u2019Habitat et du D\u00e9veloppement Durable<\/em> : rez-de-chauss\u00e9e du Grand Nancy, 22-24 viaduc Kennedy, Esplanade Philippe Seguin \u2013 54000 Nancy.<\/p>\n<p><a href=\"https:\/\/mhdd.grandnancy.eu\/p\/contact\">Contact<\/a><\/p>\n<h5>Propret\u00e9 canine,<br \/>\njamais sans mon sac !<\/h5>\n<p>Avis aux propri\u00e9taires de chiens : le ramassage des d\u00e9jections canines est imp\u00e9ratif pour conserver nos trottoirs et nos espaces verts propres. Avec ce geste simple, vous respectez votre ville et les autres habitants.<\/p>\n<p>Pour vous aider dans cette d\u00e9marche, des canisacs sont mis gratuitement \u00e0 votre disposition. Vous les trouverez dans les diff\u00e9rents distributeurs en libre-service install\u00e9s en ville. Vous pouvez \u00e9galement vous en procurer gratuitement en Mairie, Mairie annexe du CILM et aux services techniques aux heures d\u2019ouverture.<\/p>\n<h3>Ramasser est une obligation :<\/h3>\n<p>Depuis le 9 mars 2015, ramasser la crotte de votre chien vous co\u00fbtera moins cher que de ne pas la ramasser ! En effet, la verbalisation des propri\u00e9taires r\u00e9calcitrants co\u00fbtera, selon l\u2019article R 633-6 du Code P\u00e9nal,\u00a0la somme de 68 \u20ac (amende de 3<sup>e<\/sup> classe).<\/p>\n<h3>Implantations des distributeurs de canisacs \u00e0 disposition :<\/h3>\n<p><strong>Secteur Champ-Le-B\u0153uf :<\/strong><br \/>\nrue de la Chiers, pr\u00e8s du terrain de p\u00e9tanque<br \/>\nComplexe sportif L\u00e9o Lagrange<br \/>\nrue Henri Brun<br \/>\nP\u00f4le emploi<br \/>\nPharmacie au CLB<br \/>\nmmH<br \/>\nCILM<br \/>\n\u00e0\u00a0l\u2019entr\u00e9e et \u00e0 la sortie\u00a0du cheminement du parc de la rue de la Seille<\/p>\n<p><strong>Secteur Les Aulnes\u00a0<\/strong><br \/>\naire de jeux derri\u00e8re le premier immeuble \u00e0 gauche en entrant dans le quartier<br \/>\nau niveau de l\u2019acc\u00e8s de l\u2019\u00e9cole Moselly<br \/>\ndevant la Tour 12<br \/>\n\u00e0 c\u00f4t\u00e9 de la Tour Panoramique<\/p>\n<p><strong>Secteur Centre<\/strong><br \/>\nMairie<br \/>\nMJC<br \/>\nComplexe Mairie Marvingt<br \/>\n\u00c9picerie centre<br \/>\navenue Patton avant le pont<br \/>\nPharmacie avenue de Metz<br \/>\nle long du canal en face du centre technique<br \/>\ncourt de tennis n\u00b01 pr\u00e8s du club house<br \/>\ncourt de tennis n\u00b03 pr\u00e8s des containers papier<br \/>\ncourt de tennis n\u00b03 sous le viaduc<br \/>\nBoulangerie du centre<br \/>\nBoulangerie avenue de Metz<br \/>\nBureau de tabac centre<br \/>\nBureau de tabac avenue de Metz<br \/>\nhaut des vignes<br \/>\nrue Gambetta prolong\u00e9e \u00e0 hauteur du tunnel du pont fleuri<br \/>\nau parc municipal<br \/>\nsquare Solvay<br \/>\n2 dans le parc de la Mairie<br \/>\nparking de l\u2019\u00e9glise Saint-Martin<br \/>\nen bas et en haute de la rue de l\u2019Am\u00e9thyste<br \/>\nimmeuble La balance<\/p>\n<p><strong>Secteur Meurthe-Canal\u00a0<\/strong><br \/>\naire de jeux rue Eug\u00e8ne Vallin<br \/>\nsquare des Pourpres<br \/>\nsentier du Dimanche<br \/>\nSuper U rue Lafayette<br \/>\nCentre Technique<\/p>\n<header class=\"post-header\">\n<h1 class=\"post-title\">Devant ma maison, en toute saison<\/h1>\n<\/header>\n<div class=\"post-content entry-content\">\n<p><a href=\"https:\/\/www.grandnancy.eu\/vivre-habiter\/dechets\/devant-ma-maison-en-toute-saison?fbclid=IwAR0dJ9Pv9jXB6qvfbn0hhACmQFXJ1T4lYs0v8dw4m6CcAAhw2cCCbyc6xg0\" target=\"_blank\" rel=\"noopener\"><em><strong>Bien qu\u2019appartenant au domaine public, l\u2019entretien des trottoirs et caniveaux en limite de propri\u00e9t\u00e9 est \u00e0 la charge des occupants de l\u2019habitation (propri\u00e9taires ou locataires) et ce en toute saison<\/strong>.<\/em><\/a><\/p>\n<\/div>\n<div style=\"padding-bottom:20px; padding-top:10px;\" class=\"hupso-share-buttons\"><!-- Hupso Share Buttons - https:\/\/www.hupso.com\/share\/ --><a class=\"hupso_toolbar\" href=\"https:\/\/www.hupso.com\/share\/\"><img src=\"https:\/\/static.hupso.com\/share\/buttons\/lang\/fr\/share-medium.png\" style=\"border:0px; padding-top: 5px; float:left;\" alt=\"Share Button\"\/><\/a><script type=\"text\/javascript\">var hupso_services_t=new Array();var hupso_background_t=\"#EAF4FF\";var hupso_border_t=\"#66CCFF\";var hupso_toolbar_size_t=\"medium\";var hupso_image_folder_url = \"\";var hupso_url_t=\"\";var hupso_title_t=\"Propret%C3%A9%20urbaine\";<\/script><script type=\"text\/javascript\" src=\"https:\/\/static.hupso.com\/share\/js\/share_toolbar.js\"><\/script><!-- Hupso Share Buttons --><\/div>","protected":false},"excerpt":{"rendered":"<p>Collecte des ordures m\u00e9nag\u00e8res Vendredi\u00a0 matin Collecte des d\u00e9chets recyclables Jeudi\u00a0matin Maison de l\u2019Habitat et du D\u00e9veloppement Durable : rez-de-chauss\u00e9e du Grand Nancy, 22-24 viaduc Kennedy, Esplanade Philippe&#8230;<\/p>\n","protected":false},"author":1,"featured_media":0,"parent":242,"menu_order":28,"comment_status":"closed","ping_status":"closed","template":"","meta":[],"_links":{"self":[{"href":"https:\/\/maxeville.fr\/index.php\/wp-json\/wp\/v2\/pages\/266"}],"collection":[{"href":"https:\/\/maxeville.fr\/index.php\/wp-json\/wp\/v2\/pages"}],"about":[{"href":"https:\/\/maxeville.fr\/index.php\/wp-json\/wp\/v2\/types\/page"}],"author":[{"embeddable":true,"href":"https:\/\/maxeville.fr\/index.php\/wp-json\/wp\/v2\/users\/1"}],"replies":[{"embeddable":true,"href":"https:\/\/maxeville.fr\/index.php\/wp-json\/wp\/v2\/comments?post=266"}],"version-history":[{"count":17,"href":"https:\/\/maxeville.fr\/index.php\/wp-json\/wp\/v2\/pages\/266\/revisions"}],"predecessor-version":[{"id":13992,"href":"https:\/\/maxeville.fr\/index.php\/wp-json\/wp\/v2\/pages\/266\/revisions\/13992"}],"up":[{"embeddable":true,"href":"https:\/\/maxeville.fr\/index.php\/wp-json\/wp\/v2\/pages\/242"}],"wp:attachment":[{"href":"https:\/\/maxeville.fr\/index.php\/wp-json\/wp\/v2\/media?parent=266"}],"curies":[{"name":"wp","href":"https:\/\/api.w.org\/{rel}","templated":true}]}}