{"id":275,"date":"2016-04-06T12:23:21","date_gmt":"2016-04-06T14:23:21","guid":{"rendered":"http:\/\/www.maxeville.fr\/?page_id=275"},"modified":"2018-01-23T17:04:33","modified_gmt":"2018-01-23T16:04:33","slug":"historique-comite-jumelage","status":"publish","type":"page","link":"https:\/\/maxeville.fr\/index.php\/ma-ville\/historique-comite-jumelage\/","title":{"rendered":"Historique"},"content":{"rendered":"<h5>Entre Max\u00e9ville et Ramstein\u2013Miesenbach &#8211; Allemagne<\/h5>\n<p>La Ville de Max\u00e9ville est jumel\u00e9e depuis 1991 avec la Ville de Ramstein-Miesenbach en Rh\u00e9nanie \u2013 Palatinat. Proche de Kaiserslautern, Ramstein-Miesenbach est une ville de 7\u00a0600 habitants connue pour h\u00e9berger la base a\u00e9rienne de l\u2019US Air Force (USAF) ainsi que l\u2019Etat Major \u00ab\u00a0Air\u00a0\u00bb de l\u2019OTAN en Europe. Les 160 km s\u00e9parant nos deux villes favorisent les relations. D\u00e9s le d\u00e9but, les \u00e9changes scolaires, sportifs et associatifs ont \u00e9t\u00e9 privil\u00e9gi\u00e9s. Une dizaine de manifestations sont organis\u00e9es chaque ann\u00e9e. On y trouve des \u00e9changes traditionnels entre clubs de marche, de danses ou de sports et des temps forts comme ceux\u00a0 du carnaval \u00e0 Ramstein-Miesenbach ou de la f\u00eate de la Saint &#8211; Martin \u00e0 Max\u00e9ville. La tradition de la Saint Martin est tr\u00e8s ancr\u00e9e en Allemagne et chez nous, le fameux d\u00e9fil\u00e9 des lanternes attire aujourd\u2019hui un public nombreux. Pour favoriser l\u2019apprentissage de la langue, le jardin d\u2019enfants franco-allemand Pumuckl de Max\u00e9ville et celui de Pinocchio de Ramstein-Miesenbach se rencontrent r\u00e9guli\u00e8rement tout comme l\u2019\u00e9cole Andr\u00e9 Vautrin.<\/p>\n<p>Une centaine de membres sont affili\u00e9s au Comit\u00e9 de jumelage et les relations amicales tiss\u00e9es par les bureaux respectifs qui se connaissent depuis l\u2019origine facilitent les \u00e9changes.<\/p>\n<p>La Ville de Max\u00e9ville soutient le comit\u00e9 de jumelage dans la conduite de ses actions par l\u2019octroi d\u2019une subvention permettant la prise en charge des d\u00e9placements ou la prise en charge des frais de r\u00e9ception. Au-del\u00e0, la Ville de Max\u00e9ville reste \u00e9galement attentive \u00e0 associer sa ville jumelle et les comit\u00e9s de jumelage aux manifestations dont elle a l\u2019initiative (c\u00e9l\u00e9bration du centenaire de la guerre 14-18 en 2014, f\u00eate de la bi\u00e8re), \u00e0 accueillir des lyc\u00e9ens en stage dans les services municipaux (cas en 2016) ou \u00e0 d\u00e9velopper de nouveaux partenariats comme avec la base de l\u2019OTAN et de nouvelles actions comme l\u2019ann\u00e9e du jumelage qui sera organis\u00e9e en 2018.<\/p>\n<p><a href=\"http:\/\/www.ramstein-miesenbach.de\/vg_ramstein_miesenbach\/de\/Stadt\/\">http:\/\/www.ramstein-miesenbach.de\/vg_ramstein_miesenbach\/de\/Stadt\/<\/a><\/p>\n<h5>Entre Max\u00e9ville et Poienile Iz\u00e9i &#8211; Roumanie<\/h5>\n<p>Les premiers contacts entre Max\u00e9ville et Poienile Iz\u00e9i datent de 1991\u00a0; Poienile Iz\u00e9i, commune de 1100 habitants situ\u00e9e \u00e0 une altitude de 1000m s\u2019\u00e9tend sur 11km et est situ\u00e9e \u00e0 50 km de l\u2019Ukraine (au Nord) et \u00e0 70km de la Hongrie (\u00e0 l\u2019Ouest). Apr\u00e8s 12 ann\u00e9es d\u2019\u00e9changes purement humanitaires (convoi de m\u00e9dicaments, distribution de mat\u00e9riel scolaire, \u2026.), la Ville de Max\u00e9ville a souhait\u00e9 donner une nouvelle dimension \u00e0 cette relation en se positionnant comme un appui au d\u00e9veloppement des projets de la Municipalit\u00e9 roumaine. Bien vite, des probl\u00e8mes d\u2019approvisionnement en eau potable ont \u00e9t\u00e9 identifi\u00e9s. Le premier projet intitul\u00e9 \u00ab\u00a0coop\u00e9ration municipale dans les domaines de l\u2019eau et de l\u2019environnement\u00a0\u00bb fut le premier projet de coop\u00e9ration d\u00e9centralis\u00e9e.<\/p>\n<p>Poienile Izei et Max\u00e9ville se sont jumel\u00e9es en 2005 (voyage en bus) avec l\u2019accueil en 2006 d\u2019un groupe de roumains pour la signature retour. Deux voyages avec les habitants ont \u00e9t\u00e9 organis\u00e9s en 2007 et 2013. L\u2019organisation d\u2019un voyage \u00e0 l\u2019\u00e9t\u00e9 2018 est en cours d\u2019\u00e9tude par le comit\u00e9 de jumelage de Max\u00e9ville en lien avec la Municipalit\u00e9.<\/p>\n<h5>Entre Max\u00e9ville et Imouzzer du Kandar &#8211; Maroc<\/h5>\n<p>En 1995,\u00a0 Max\u00e9ville et Imouzzer du Kandar situ\u00e9e dans la province de S\u00e9frou, \u00e0 40 km de F\u00e8s ont sign\u00e9 un protocole de coop\u00e9ration technique qui avait comme objectif de r\u00e9organiser la fili\u00e8re de collecte ainsi que le traitement et la mise en d\u00e9charge contr\u00f4l\u00e9e des d\u00e9chets solides de la Ville. Diff\u00e9rentes actions de coop\u00e9ration d\u00e9centralis\u00e9e ont \u00e9t\u00e9 men\u00e9es jusqu\u2019en 2002. Puis des \u00e9changes entre jeunes et fonctionnaires ont ponctu\u00e9 cette relation. Par la suite, de nombreux liens se sont tiss\u00e9s avec la soci\u00e9t\u00e9 civile d\u2019Imouzzer (cin\u00e9 club d\u2019Imouzzer, festival des pommes, \u2026.).<\/p>\n<div style=\"padding-bottom:20px; padding-top:10px;\" class=\"hupso-share-buttons\"><!-- Hupso Share Buttons - https:\/\/www.hupso.com\/share\/ --><a class=\"hupso_toolbar\" href=\"https:\/\/www.hupso.com\/share\/\"><img src=\"https:\/\/static.hupso.com\/share\/buttons\/lang\/fr\/share-medium.png\" style=\"border:0px; padding-top: 5px; float:left;\" alt=\"Share Button\"\/><\/a><script type=\"text\/javascript\">var hupso_services_t=new Array();var hupso_background_t=\"#EAF4FF\";var hupso_border_t=\"#66CCFF\";var hupso_toolbar_size_t=\"medium\";var hupso_image_folder_url = \"\";var hupso_url_t=\"\";var hupso_title_t=\"Historique\";<\/script><script type=\"text\/javascript\" src=\"https:\/\/static.hupso.com\/share\/js\/share_toolbar.js\"><\/script><!-- Hupso Share Buttons --><\/div>","protected":false},"excerpt":{"rendered":"<p>Entre Max\u00e9ville et Ramstein\u2013Miesenbach &#8211; Allemagne La Ville de Max\u00e9ville est jumel\u00e9e depuis 1991 avec la Ville de Ramstein-Miesenbach en Rh\u00e9nanie \u2013 Palatinat. Proche de Kaiserslautern, Ramstein-Miesenbach est&#8230;<\/p>\n","protected":false},"author":1,"featured_media":0,"parent":73,"menu_order":26,"comment_status":"closed","ping_status":"closed","template":"","meta":[],"_links":{"self":[{"href":"https:\/\/maxeville.fr\/index.php\/wp-json\/wp\/v2\/pages\/275"}],"collection":[{"href":"https:\/\/maxeville.fr\/index.php\/wp-json\/wp\/v2\/pages"}],"about":[{"href":"https:\/\/maxeville.fr\/index.php\/wp-json\/wp\/v2\/types\/page"}],"author":[{"embeddable":true,"href":"https:\/\/maxeville.fr\/index.php\/wp-json\/wp\/v2\/users\/1"}],"replies":[{"embeddable":true,"href":"https:\/\/maxeville.fr\/index.php\/wp-json\/wp\/v2\/comments?post=275"}],"version-history":[{"count":5,"href":"https:\/\/maxeville.fr\/index.php\/wp-json\/wp\/v2\/pages\/275\/revisions"}],"predecessor-version":[{"id":3764,"href":"https:\/\/maxeville.fr\/index.php\/wp-json\/wp\/v2\/pages\/275\/revisions\/3764"}],"up":[{"embeddable":true,"href":"https:\/\/maxeville.fr\/index.php\/wp-json\/wp\/v2\/pages\/73"}],"wp:attachment":[{"href":"https:\/\/maxeville.fr\/index.php\/wp-json\/wp\/v2\/media?parent=275"}],"curies":[{"name":"wp","href":"https:\/\/api.w.org\/{rel}","templated":true}]}}