{"id":328,"date":"2016-04-06T12:40:09","date_gmt":"2016-04-06T14:40:09","guid":{"rendered":"http:\/\/www.maxeville.fr\/?page_id=328"},"modified":"2021-01-07T14:34:51","modified_gmt":"2021-01-07T13:34:51","slug":"fete-des-voisins","status":"publish","type":"page","link":"https:\/\/maxeville.fr\/index.php\/ma-ville\/fete-des-voisins\/","title":{"rendered":"F\u00eate des voisins"},"content":{"rendered":"<h5><\/h5>\n<p>Chaque ann\u00e9e, la mairie propose de participer \u00e0 ces moments conviviaux en vous offrant un panier ap\u00e9ro.<\/p>\n<p>Pour cette f\u00eate en particulier et pour toutes les rencontres entre voisins que vous organiserez durant l&#8217;\u00e9t\u00e9, il vous suffit de faire parvenir \u00e0 Monsieur le Maire, 15 jours avant la tenue de l&#8217;\u00e9v\u00e9nement, une demande \u00e9crite (par voie postale ou par mail \u00e0 l&#8217;adresse <a href=\"mailto:participation@mairie-maxeville.fr\">participation@mairie-maxeville.fr<\/a>) en y mentionnant la date, l&#8217;horaire, le lieu, le nombre de personnes et les besoins en mat\u00e9riel (tables, bancs).<\/p>\n<p>Toutefois, il est \u00e0 noter que pour des raisons de s\u00e9curit\u00e9, l&#8217;organisation de f\u00eate des voisins sera interdite sur la voie publique mais sera possible dans les parcs et squares municipaux. D&#8217;autre part, en ce qui concerne le pr\u00eat de mat\u00e9riel, il vous appartiendra de venir le chercher et le ramener au centre technique municipale par vos propres moyens.<\/p>\n<div style=\"padding-bottom:20px; padding-top:10px;\" class=\"hupso-share-buttons\"><!-- Hupso Share Buttons - https:\/\/www.hupso.com\/share\/ --><a class=\"hupso_toolbar\" href=\"https:\/\/www.hupso.com\/share\/\"><img src=\"https:\/\/static.hupso.com\/share\/buttons\/lang\/fr\/share-medium.png\" style=\"border:0px; padding-top: 5px; float:left;\" alt=\"Share Button\"\/><\/a><script type=\"text\/javascript\">var hupso_services_t=new Array();var hupso_background_t=\"#EAF4FF\";var hupso_border_t=\"#66CCFF\";var hupso_toolbar_size_t=\"medium\";var hupso_image_folder_url = \"\";var hupso_url_t=\"\";var hupso_title_t=\"F%C3%AAte%20des%20voisins\";<\/script><script type=\"text\/javascript\" src=\"https:\/\/static.hupso.com\/share\/js\/share_toolbar.js\"><\/script><!-- Hupso Share Buttons --><\/div>","protected":false},"excerpt":{"rendered":"<p>Chaque ann\u00e9e, la mairie propose de participer \u00e0 ces moments conviviaux en vous offrant un panier ap\u00e9ro. Pour cette f\u00eate en particulier et pour toutes les rencontres entre&#8230;<\/p>\n","protected":false},"author":1,"featured_media":0,"parent":73,"menu_order":31,"comment_status":"closed","ping_status":"closed","template":"","meta":[],"_links":{"self":[{"href":"https:\/\/maxeville.fr\/index.php\/wp-json\/wp\/v2\/pages\/328"}],"collection":[{"href":"https:\/\/maxeville.fr\/index.php\/wp-json\/wp\/v2\/pages"}],"about":[{"href":"https:\/\/maxeville.fr\/index.php\/wp-json\/wp\/v2\/types\/page"}],"author":[{"embeddable":true,"href":"https:\/\/maxeville.fr\/index.php\/wp-json\/wp\/v2\/users\/1"}],"replies":[{"embeddable":true,"href":"https:\/\/maxeville.fr\/index.php\/wp-json\/wp\/v2\/comments?post=328"}],"version-history":[{"count":9,"href":"https:\/\/maxeville.fr\/index.php\/wp-json\/wp\/v2\/pages\/328\/revisions"}],"predecessor-version":[{"id":9565,"href":"https:\/\/maxeville.fr\/index.php\/wp-json\/wp\/v2\/pages\/328\/revisions\/9565"}],"up":[{"embeddable":true,"href":"https:\/\/maxeville.fr\/index.php\/wp-json\/wp\/v2\/pages\/73"}],"wp:attachment":[{"href":"https:\/\/maxeville.fr\/index.php\/wp-json\/wp\/v2\/media?parent=328"}],"curies":[{"name":"wp","href":"https:\/\/api.w.org\/{rel}","templated":true}]}}