{"id":3300,"date":"2017-11-16T11:39:22","date_gmt":"2017-11-16T10:39:22","guid":{"rendered":"http:\/\/maxeville.fr\/?page_id=3300"},"modified":"2025-01-14T10:57:21","modified_gmt":"2025-01-14T09:57:21","slug":"organigramme-general","status":"publish","type":"page","link":"https:\/\/maxeville.fr\/index.php\/ma-ville\/organigramme-general\/","title":{"rendered":"Organigramme g\u00e9n\u00e9ral des services"},"content":{"rendered":"<h5>Mairie de Max\u00e9ville<\/h5>\n\n\n<figure class=\"wp-block-image size-large\"><img decoding=\"async\" loading=\"lazy\" width=\"1024\" height=\"724\" src=\"https:\/\/maxeville.fr\/wp-content\/uploads\/2025\/01\/Maxeville-Organigramme-General-1024x724.jpg\" alt=\"\" class=\"wp-image-17343\" srcset=\"https:\/\/maxeville.fr\/wp-content\/uploads\/2025\/01\/Maxeville-Organigramme-General-1024x724.jpg 1024w, https:\/\/maxeville.fr\/wp-content\/uploads\/2025\/01\/Maxeville-Organigramme-General-300x212.jpg 300w, https:\/\/maxeville.fr\/wp-content\/uploads\/2025\/01\/Maxeville-Organigramme-General-768x543.jpg 768w, https:\/\/maxeville.fr\/wp-content\/uploads\/2025\/01\/Maxeville-Organigramme-General-1536x1086.jpg 1536w, https:\/\/maxeville.fr\/wp-content\/uploads\/2025\/01\/Maxeville-Organigramme-General-2048x1449.jpg 2048w, https:\/\/maxeville.fr\/wp-content\/uploads\/2025\/01\/Maxeville-Organigramme-General-973x688.jpg 973w, https:\/\/maxeville.fr\/wp-content\/uploads\/2025\/01\/Maxeville-Organigramme-General-508x359.jpg 508w, https:\/\/maxeville.fr\/wp-content\/uploads\/2025\/01\/Maxeville-Organigramme-General-24x17.jpg 24w, https:\/\/maxeville.fr\/wp-content\/uploads\/2025\/01\/Maxeville-Organigramme-General-36x25.jpg 36w, https:\/\/maxeville.fr\/wp-content\/uploads\/2025\/01\/Maxeville-Organigramme-General-48x34.jpg 48w\" sizes=\"(max-width: 1024px) 100vw, 1024px\" \/><\/figure>\n<div style=\"padding-bottom:20px; padding-top:10px;\" class=\"hupso-share-buttons\"><!-- Hupso Share Buttons - https:\/\/www.hupso.com\/share\/ --><a class=\"hupso_toolbar\" href=\"https:\/\/www.hupso.com\/share\/\"><img src=\"https:\/\/static.hupso.com\/share\/buttons\/lang\/fr\/share-medium.png\" style=\"border:0px; padding-top: 5px; float:left;\" alt=\"Share Button\"\/><\/a><script type=\"text\/javascript\">var hupso_services_t=new Array();var hupso_background_t=\"#EAF4FF\";var hupso_border_t=\"#66CCFF\";var hupso_toolbar_size_t=\"medium\";var hupso_image_folder_url = \"\";var hupso_url_t=\"\";var hupso_title_t=\"Organigramme%20g%C3%A9n%C3%A9ral%20des%20services\";<\/script><script type=\"text\/javascript\" src=\"https:\/\/static.hupso.com\/share\/js\/share_toolbar.js\"><\/script><!-- Hupso Share Buttons --><\/div>","protected":false},"excerpt":{"rendered":"<p>Mairie de Max\u00e9ville<\/p>\n","protected":false},"author":1,"featured_media":0,"parent":73,"menu_order":8,"comment_status":"closed","ping_status":"closed","template":"","meta":[],"_links":{"self":[{"href":"https:\/\/maxeville.fr\/index.php\/wp-json\/wp\/v2\/pages\/3300"}],"collection":[{"href":"https:\/\/maxeville.fr\/index.php\/wp-json\/wp\/v2\/pages"}],"about":[{"href":"https:\/\/maxeville.fr\/index.php\/wp-json\/wp\/v2\/types\/page"}],"author":[{"embeddable":true,"href":"https:\/\/maxeville.fr\/index.php\/wp-json\/wp\/v2\/users\/1"}],"replies":[{"embeddable":true,"href":"https:\/\/maxeville.fr\/index.php\/wp-json\/wp\/v2\/comments?post=3300"}],"version-history":[{"count":27,"href":"https:\/\/maxeville.fr\/index.php\/wp-json\/wp\/v2\/pages\/3300\/revisions"}],"predecessor-version":[{"id":17344,"href":"https:\/\/maxeville.fr\/index.php\/wp-json\/wp\/v2\/pages\/3300\/revisions\/17344"}],"up":[{"embeddable":true,"href":"https:\/\/maxeville.fr\/index.php\/wp-json\/wp\/v2\/pages\/73"}],"wp:attachment":[{"href":"https:\/\/maxeville.fr\/index.php\/wp-json\/wp\/v2\/media?parent=3300"}],"curies":[{"name":"wp","href":"https:\/\/api.w.org\/{rel}","templated":true}]}}