{"id":341,"date":"2016-04-06T12:42:26","date_gmt":"2016-04-06T14:42:26","guid":{"rendered":"http:\/\/www.maxeville.fr\/?page_id=341"},"modified":"2025-12-12T15:57:09","modified_gmt":"2025-12-12T14:57:09","slug":"ma-famille","status":"publish","type":"page","link":"https:\/\/maxeville.fr\/index.php\/ma-famille\/","title":{"rendered":"MA FAMILLE"},"content":{"rendered":"<p><img decoding=\"async\" loading=\"lazy\" class=\"alignnone size-full wp-image-1334\" src=\"http:\/\/www.maxeville.fr\/wp-content\/uploads\/2017\/10\/vue_maxeville_aulnes.png\" alt=\"ma_ville\" width=\"800\" height=\"200\" \/><\/p>\n<p><!-- ------------------------------------------ --><\/p>\n<div class=\"csRow\">\n<div class=\"csColumn\" style=\"margin: 0px; padding: 0px; float: left; width: 31.3%;\" data-csstartpoint=\"15\" data-csendpoint=\"315\" data-cswidth=\"31.3%\" data-csid=\"400af3d3-9c46-4c73-8c91-d4768b875a45\">\n<h4>0-3 ans<\/h4>\n<\/div>\n<div class=\"csColumnGap\" style=\"margin: 0px; padding: 0px; float: left; width: 1.56%;\"><img decoding=\"async\" src=\"http:\/\/www.maxeville.fr\/wp-content\/plugins\/advanced-wp-columns\/assets\/js\/plugins\/views\/img\/1x1-pixel.png\" alt=\"\" \/><\/div>\n<div class=\"csColumn\" style=\"margin: 0px; padding: 0px; float: left; width: 31.3%;\" data-csstartpoint=\"330\" data-csendpoint=\"630\" data-cswidth=\"31.3%\" data-csid=\"d79a3701-be9b-845e-8b7f-f25623c09eed\"><a href=\"https:\/\/portalssl.agoraplus.fr\/maxeville\/portail_display.home\" target=\"_blank\" rel=\"noopener noreferrer\">Portail famille<\/a><br \/>\n<a href=\"https:\/\/maxeville.fr\/index.php\/ma-famille\/petite-enfance\">Petite enfance<\/a><br \/>\n<a href=\"https:\/\/maxeville.fr\/index.php\/ma-famille\/creches\">Modes d&#8217;accueils<\/a><br \/>\n<a href=\"https:\/\/maxeville.fr\/index.php\/maxeville-une-ville-amie-des-enfants\/\">Ville Amie des Enfants<\/a><br \/>\n<a href=\"https:\/\/maxeville.fr\/index.php\/sac-de-naissance-nouveau-nes\/\">Sac de naissance<\/a><\/div>\n<div class=\"csColumnGap\" style=\"margin: 0px; padding: 0px; float: left; width: 1.56%;\"><img decoding=\"async\" src=\"http:\/\/www.maxeville.fr\/wp-content\/plugins\/advanced-wp-columns\/assets\/js\/plugins\/views\/img\/1x1-pixel.png\" alt=\"\" \/><\/div>\n<div class=\"csColumn\" style=\"margin: 0px; padding: 0px; float: left; width: 31.3%;\" data-csstartpoint=\"645\" data-csendpoint=\"945\" data-cswidth=\"31.3%\" data-csid=\"b2e8439d-bfd4-adfb-bbdd-c3d0eba6633e\"><a href=\"https:\/\/maxeville.fr\/index.php\/ma-famille\/ram-et-assistantes-maternelles\">RPE &#8211; Relais Petite Enfance LE NID<\/a><br \/>\n<a href=\"https:\/\/maxeville.fr\/index.php\/ma-famille\/reussite-educative\">R\u00e9ussite \u00e9ducative<\/a><br \/>\n<a href=\"https:\/\/maxeville.fr\/index.php\/lenvol-lieu-daccueil-enfants-parents-de-maxeville\/\">Le LAEP &#8220;L&#8217;envol&#8221;<\/a><br \/>\n<a href=\"https:\/\/maxeville.fr\/index.php\/reseau-decoute-dappui-et-daccompagnement-des-parents-reaap\/\">Le REAAP<\/a><br \/>\n<a href=\"https:\/\/maxeville.fr\/index.php\/les-services-petite-enfance-de-maxeville\/\">Guide Petite Enfance et Parentalit\u00e9<\/a><\/div>\n<div style=\"clear: both; float: none; display: block; visibility: hidden; width: 0px; font-size: 0px; line-height: 0;\"><\/div>\n<\/div>\n<hr \/>\n<p><!-- ------------------------------------------ --><\/p>\n<div class=\"csRow\">\n<div class=\"csColumn\" style=\"margin: 0px; padding: 0px; float: left; width: 31.3%;\" data-csstartpoint=\"15\" data-csendpoint=\"315\" data-cswidth=\"31.3%\" data-csid=\"400af3d3-9c46-4c73-8c91-d4768b875a45\">\n<h4>3-12 ans<\/h4>\n<\/div>\n<div class=\"csColumnGap\" style=\"margin: 0px; padding: 0px; float: left; width: 1.56%;\"><img decoding=\"async\" src=\"http:\/\/www.maxeville.fr\/wp-content\/plugins\/advanced-wp-columns\/assets\/js\/plugins\/views\/img\/1x1-pixel.png\" alt=\"\" \/><\/div>\n<div class=\"csColumn\" style=\"margin: 0px; padding: 0px; float: left; width: 31.3%;\" data-csstartpoint=\"330\" data-csendpoint=\"630\" data-cswidth=\"31.3%\" data-csid=\"d79a3701-be9b-845e-8b7f-f25623c09eed\"><a href=\"https:\/\/maxeville.fr\/index.php\/les-services-petite-enfance-de-maxeville\/\">Guide Petite Enfance et Parentalit\u00e9<\/a><br \/>\n<a href=\"https:\/\/portalssl.agoraplus.fr\/maxeville\/portail_display.home\" target=\"_blank\" rel=\"noopener noreferrer\">Portail famille<\/a><br \/>\n<a href=\"https:\/\/maxeville.fr\/index.php\/ma-famille\/ecoles\">\u00c9coles<\/a><br \/>\n<a href=\"https:\/\/maxeville.fr\/index.php\/ma-famille\/reussite-educative\">R\u00e9ussite \u00e9ducative<\/a><br \/>\n<a href=\"https:\/\/maxeville.fr\/index.php\/ma-famille\/restauration-scolaire\">Restauration scolaire<\/a><br \/>\n<a href=\"https:\/\/maxeville.fr\/index.php\/service-peri-et-extra-scolaires-a-maxeville\/\">Services peri &amp; extra scolaires<\/a><\/div>\n<div class=\"csColumnGap\" style=\"margin: 0px; padding: 0px; float: left; width: 1.56%;\"><img decoding=\"async\" src=\"http:\/\/www.maxeville.fr\/wp-content\/plugins\/advanced-wp-columns\/assets\/js\/plugins\/views\/img\/1x1-pixel.png\" alt=\"\" \/><\/div>\n<div class=\"csColumn\" style=\"margin: 0px; padding: 0px; float: left; width: 31.3%;\" data-csstartpoint=\"645\" data-csendpoint=\"945\" data-cswidth=\"31.3%\" data-csid=\"b2e8439d-bfd4-adfb-bbdd-c3d0eba6633e\"><a href=\"https:\/\/maxeville.fr\/index.php\/ma-famille\/aprem\/?preview=true&amp;_thumbnail_id=16574\">A.P.R.E.M<\/a><br \/>\n<a href=\"https:\/\/maxeville.fr\/index.php\/ma-famille\/centre-aere-maxanim\">Centre a\u00e9r\u00e9 Max&#8217;Anim<\/a><br \/>\n<a href=\"https:\/\/maxeville.fr\/index.php\/ma-famille\/aides-loisirs-et-vacances\">Aides loisirs et vacances<\/a><br \/>\n<a href=\"https:\/\/maxeville.fr\/index.php\/nouveau-service-avant-lecole\/\">Accueil petit d\u00e9jeuner<\/a><br \/>\n<a href=\"https:\/\/maxeville.fr\/index.php\/maxeville-une-ville-amie-des-enfants\/\">Ville Amie des Enfants<\/a><\/p>\n<\/div>\n<div style=\"clear: both; float: none; display: block; visibility: hidden; width: 0px; font-size: 0px; line-height: 0;\"><\/div>\n<\/div>\n<div style=\"clear: both; float: none; display: block; visibility: hidden; width: 0px; font-size: 0px; line-height: 0;\"><\/div>\n<hr \/>\n<p><!-- ------------------------------------------ --><\/p>\n<div class=\"csRow\">\n<div class=\"csColumn\" style=\"margin: 0px; padding: 0px; float: left; width: 31.3%;\" data-csstartpoint=\"15\" data-csendpoint=\"315\" data-cswidth=\"31.3%\" data-csid=\"400af3d3-9c46-4c73-8c91-d4768b875a45\">\n<h4>10-17 ans<\/h4>\n<\/div>\n<div class=\"csColumnGap\" style=\"margin: 0px; padding: 0px; float: left; width: 1.56%;\"><img decoding=\"async\" src=\"http:\/\/www.maxeville.fr\/wp-content\/plugins\/advanced-wp-columns\/assets\/js\/plugins\/views\/img\/1x1-pixel.png\" alt=\"\" \/><\/div>\n<div class=\"csColumn\" style=\"margin: 0px; padding: 0px; float: left; width: 31.3%;\" data-csstartpoint=\"330\" data-csendpoint=\"630\" data-cswidth=\"31.3%\" data-csid=\"d79a3701-be9b-845e-8b7f-f25623c09eed\"><a href=\"https:\/\/maxeville.fr\/index.php\/ma-famille\/local-jeunes-zadomax\">Local jeunes Team&#8217;Ados<\/a><br \/>\n<a href=\"https:\/\/maxeville.fr\/index.php\/ma-famille\/vacances-10-17-ans\">Vacances 11-17 ans<\/a><\/p>\n<\/div>\n<div class=\"csColumnGap\" style=\"margin: 0px; padding: 0px; float: left; width: 1.56%;\"><img decoding=\"async\" src=\"http:\/\/www.maxeville.fr\/wp-content\/plugins\/advanced-wp-columns\/assets\/js\/plugins\/views\/img\/1x1-pixel.png\" alt=\"\" \/><\/div>\n<div class=\"csColumn\" style=\"margin: 0px; padding: 0px; float: left; width: 31.3%;\" data-csstartpoint=\"645\" data-csendpoint=\"945\" data-cswidth=\"31.3%\" data-csid=\"b2e8439d-bfd4-adfb-bbdd-c3d0eba6633e\"><a href=\"https:\/\/maxeville.fr\/index.php\/ma-famille\/aides-loisirs-et-vacances\">Aides loisirs et vacances<\/a><br \/>\n<a href=\"https:\/\/maxeville.fr\/index.php\/ma-famille\/mission-locale\">Mission locale<\/a><br \/>\n<a href=\"https:\/\/maxeville.fr\/index.php\/maxeville-une-ville-amie-des-enfants\/\">Ville Amie des Enfants<\/a><\/div>\n<div style=\"clear: both; float: none; display: block; visibility: hidden; width: 0px; font-size: 0px; line-height: 0;\"><\/div>\n<\/div>\n<hr \/>\n<p><!-- ------------------------------------------ --><\/p>\n<div class=\"csRow\">\n<div class=\"csColumn\" style=\"margin: 0px; padding: 0px; float: left; width: 31.3%;\" data-csstartpoint=\"15\" data-csendpoint=\"315\" data-cswidth=\"31.3%\" data-csid=\"400af3d3-9c46-4c73-8c91-d4768b875a45\">\n<h4>Aides et services<\/h4>\n<\/div>\n<div class=\"csColumnGap\" style=\"margin: 0px; padding: 0px; float: left; width: 1.56%;\"><img decoding=\"async\" src=\"http:\/\/www.maxeville.fr\/wp-content\/plugins\/advanced-wp-columns\/assets\/js\/plugins\/views\/img\/1x1-pixel.png\" alt=\"\" \/><\/div>\n<div class=\"csColumn\" style=\"margin: 0px; padding: 0px; float: left; width: 31.3%;\" data-csstartpoint=\"330\" data-csendpoint=\"630\" data-cswidth=\"31.3%\" data-csid=\"d79a3701-be9b-845e-8b7f-f25623c09eed\"><a href=\"https:\/\/maxeville.fr\/index.php\/ma-famille\/mission-locale\">Mission locale<\/a><br \/>\n<a href=\"https:\/\/maxeville.fr\/index.php\/ma-famille\/association-solidarite-emploi\">Associations solidarit\u00e9 et emploi<\/a><br \/>\n<a href=\"https:\/\/maxeville.fr\/index.php\/ma-famille\/sante\">Sant\u00e9<\/a><br \/>\n<a href=\"https:\/\/maxeville.fr\/index.php\/ma-famille\/handicap\">Handicap<\/a><br \/>\n<a href=\"https:\/\/maxeville.fr\/index.php\/ma-famille\/maison-du-lien-et-de-la-solidarite\">Maison du Lien et de la Solidarit\u00e9<\/a><br \/>\n<a href=\"https:\/\/maxeville.fr\/index.php\/defibrillateur-externe-automatique-a-maxeville\/\">Grand Nancy d\u00e9fib&#8217;<\/a><br \/>\n<a href=\"https:\/\/maxeville.fr\/index.php\/maison-des-aidants-de-nancy\/\" target=\"_blank\" rel=\"noopener\">Maison des aidants de Nancy<\/a><\/div>\n<div class=\"csColumnGap\" style=\"margin: 0px; padding: 0px; float: left; width: 1.56%;\"><img decoding=\"async\" src=\"http:\/\/www.maxeville.fr\/wp-content\/plugins\/advanced-wp-columns\/assets\/js\/plugins\/views\/img\/1x1-pixel.png\" alt=\"\" \/><\/div>\n<div class=\"csColumn\" style=\"margin: 0px; padding: 0px; float: left; width: 31.3%;\" data-csstartpoint=\"645\" data-csendpoint=\"945\" data-cswidth=\"31.3%\" data-csid=\"b2e8439d-bfd4-adfb-bbdd-c3d0eba6633e\"><a href=\"https:\/\/maxeville.fr\/index.php\/ma-famille\/ccas\">CCAS<\/a><br \/>\n<a href=\"https:\/\/maxeville.fr\/index.php\/ma-famille\/evs\">Espace de Vie Sociale<\/a><br \/>\n<a href=\"https:\/\/maxeville.fr\/index.php\/ma-famille\/maison-departementale-des-solidarites\">Maison D\u00e9p. des Solidarit\u00e9s<\/a><br \/>\n<a href=\"https:\/\/maxeville.fr\/index.php\/ma-famille\/service-au-logement\">Service au logement<\/a><br \/>\n<a href=\"https:\/\/maxeville.fr\/index.php\/ma-famille\/bailleurs-sociaux\">Bailleurs sociaux<\/a><br \/>\n<a href=\"https:\/\/maxeville.fr\/index.php\/epiceries-solidaires-a-maxeville\/\">Epiceries solidaires<\/a><br \/>\n<a href=\"https:\/\/www.caf.fr\/allocataires\/actualites\/actualites-nationales\/violences-conjugales-une-aide-d-urgence-pour-vous-proteger\" target=\"_blank\" rel=\"noopener\">Violences conjugales : aide aux victimes<\/a><\/div>\n<div style=\"clear: both; float: none; display: block; visibility: hidden; width: 0px; font-size: 0px; line-height: 0;\"><\/div>\n<\/div>\n<hr \/>\n<p><!-- ------------------------------------------ --><\/p>\n<div class=\"csRow\">\n<div class=\"csColumn\" style=\"margin: 0px; padding: 0px; float: left; width: 31.3%;\" data-csstartpoint=\"15\" data-csendpoint=\"315\" data-cswidth=\"31.3%\" data-csid=\"400af3d3-9c46-4c73-8c91-d4768b875a45\">\n<h4>Seniors<\/h4>\n<\/div>\n<div class=\"csColumnGap\" style=\"margin: 0px; padding: 0px; float: left; width: 1.56%;\"><img decoding=\"async\" src=\"http:\/\/www.maxeville.fr\/wp-content\/plugins\/advanced-wp-columns\/assets\/js\/plugins\/views\/img\/1x1-pixel.png\" alt=\"\" \/><\/div>\n<div class=\"csColumn\" style=\"margin: 0px; padding: 0px; float: left; width: 31.3%;\" data-csstartpoint=\"330\" data-csendpoint=\"630\" data-cswidth=\"31.3%\" data-csid=\"d79a3701-be9b-845e-8b7f-f25623c09eed\"><a href=\"https:\/\/maxeville.fr\/index.php\/ma-famille\/habitat-partage-intergenerationnel\">Habitat partag\u00e9 interg\u00e9n\u00e9rationnel<\/a><br \/>\n<a href=\"https:\/\/maxeville.fr\/index.php\/ma-famille\/aide-a-la-vie-quotidienne\">Aide \u00e0 la vie quotidienne<\/a><br \/>\n<a href=\"https:\/\/maxeville.fr\/index.php\/ma-famille\/sante\">Sant\u00e9<\/a><br \/>\n<a href=\"https:\/\/maxeville.fr\/index.php\/ma-famille\/handicap\">Handicap<\/a><br \/>\n<a href=\"https:\/\/maxeville.fr\/index.php\/ma-famille\/ccas\">CCAS<\/a><br \/>\n<a href=\"https:\/\/maxeville.fr\/index.php\/ma-famille\/evs\">Espace de Vie Sociale<\/a><br \/>\n<a href=\"https:\/\/maxeville.fr\/index.php\/ma-famille\/maison-departementale-des-solidarites\">Maison D\u00e9p. des Solidarit\u00e9s<\/a><br \/>\n<a href=\"https:\/\/maxeville.fr\/index.php\/ma-famille\/maintien-a-domicile\">Maintien \u00e0 domicile<\/a><br \/>\n<a href=\"https:\/\/maxeville.fr\/index.php\/reseau-des-seniors-onpa-nancy\/\">R\u00e9seau des s\u00e9niors | ONPA-Nancy<\/a><\/div>\n<div class=\"csColumnGap\" style=\"margin: 0px; padding: 0px; float: left; width: 1.56%;\"><img decoding=\"async\" src=\"http:\/\/www.maxeville.fr\/wp-content\/plugins\/advanced-wp-columns\/assets\/js\/plugins\/views\/img\/1x1-pixel.png\" alt=\"\" \/><\/div>\n<div class=\"csColumn\" style=\"margin: 0px; padding: 0px; float: left; width: 31.3%;\" data-csstartpoint=\"645\" data-csendpoint=\"945\" data-cswidth=\"31.3%\" data-csid=\"b2e8439d-bfd4-adfb-bbdd-c3d0eba6633e\"><a href=\"https:\/\/maxeville.fr\/index.php\/ma-famille\/service-au-logement\">Service au logement<\/a><br \/>\n<a href=\"https:\/\/maxeville.fr\/index.php\/ma-famille\/bailleurs-sociaux\">Bailleurs sociaux<\/a><br \/>\n<a href=\"https:\/\/maxeville.fr\/index.php\/ma-famille\/loisirs-seniors\">Loisirs seniors<\/a><br \/>\n<a href=\"https:\/\/maxeville.fr\/index.php\/ma-famille\/gym-douce-seniors\">Gym douce seniors<\/a><br \/>\n<a href=\"https:\/\/maxeville.fr\/index.php\/sophro-relaxation-seniors\/\">Sophro-relaxation s\u00e9niors<\/a><br \/>\n<a href=\"https:\/\/maxeville.fr\/index.php\/ma-famille\/maison-du-lien-et-de-la-solidarite\">Maison du Lien et de la Solidarit\u00e9<\/a><br \/>\n<a href=\"https:\/\/maxeville.fr\/index.php\/ma-famille\/monalisa\">Monalisa<\/a><br \/>\n<a href=\"https:\/\/maxeville.fr\/index.php\/ma-famille\/associations-seniors\">Associations seniors<\/a><br \/>\n<a href=\"https:\/\/maxeville.fr\/index.php\/allo-ecoute-seniors\/\">All\u00f4 \u00e9coute seniors<\/a><br \/>\n<a href=\"https:\/\/maxeville.fr\/index.php\/epiceries-solidaires-a-maxeville\/\">Epiceries solidaires<\/a><br \/>\n<a href=\"https:\/\/maxeville.fr\/wp-content\/uploads\/2025\/12\/GUIDE-SENIORS-2025-web.pdf\" target=\"_blank\" rel=\"noopener\">Guide s\u00e9niors<\/a><\/div>\n<div style=\"clear: both; float: none; display: block; visibility: hidden; width: 0px; font-size: 0px; line-height: 0;\"><\/div>\n<\/div>\n<hr \/>\n<div style=\"padding-bottom:20px; padding-top:10px;\" class=\"hupso-share-buttons\"><!-- Hupso Share Buttons - https:\/\/www.hupso.com\/share\/ --><a class=\"hupso_toolbar\" href=\"https:\/\/www.hupso.com\/share\/\"><img src=\"https:\/\/static.hupso.com\/share\/buttons\/lang\/fr\/share-medium.png\" style=\"border:0px; padding-top: 5px; float:left;\" alt=\"Share Button\"\/><\/a><script type=\"text\/javascript\">var hupso_services_t=new Array();var hupso_background_t=\"#EAF4FF\";var hupso_border_t=\"#66CCFF\";var hupso_toolbar_size_t=\"medium\";var hupso_image_folder_url = \"\";var hupso_url_t=\"\";var hupso_title_t=\"MA%20FAMILLE\";<\/script><script type=\"text\/javascript\" src=\"https:\/\/static.hupso.com\/share\/js\/share_toolbar.js\"><\/script><!-- Hupso Share Buttons --><\/div>","protected":false},"excerpt":{"rendered":"<p>0-3 ans Portail famille Petite enfance Modes d&#8217;accueils Ville Amie des Enfants Sac de naissance RPE &#8211; Relais Petite Enfance LE NID R\u00e9ussite \u00e9ducative Le LAEP &#8220;L&#8217;envol&#8221; Le&#8230;<\/p>\n","protected":false},"author":1,"featured_media":0,"parent":0,"menu_order":5,"comment_status":"closed","ping_status":"closed","template":"","meta":[],"_links":{"self":[{"href":"https:\/\/maxeville.fr\/index.php\/wp-json\/wp\/v2\/pages\/341"}],"collection":[{"href":"https:\/\/maxeville.fr\/index.php\/wp-json\/wp\/v2\/pages"}],"about":[{"href":"https:\/\/maxeville.fr\/index.php\/wp-json\/wp\/v2\/types\/page"}],"author":[{"embeddable":true,"href":"https:\/\/maxeville.fr\/index.php\/wp-json\/wp\/v2\/users\/1"}],"replies":[{"embeddable":true,"href":"https:\/\/maxeville.fr\/index.php\/wp-json\/wp\/v2\/comments?post=341"}],"version-history":[{"count":93,"href":"https:\/\/maxeville.fr\/index.php\/wp-json\/wp\/v2\/pages\/341\/revisions"}],"predecessor-version":[{"id":18861,"href":"https:\/\/maxeville.fr\/index.php\/wp-json\/wp\/v2\/pages\/341\/revisions\/18861"}],"wp:attachment":[{"href":"https:\/\/maxeville.fr\/index.php\/wp-json\/wp\/v2\/media?parent=341"}],"curies":[{"name":"wp","href":"https:\/\/api.w.org\/{rel}","templated":true}]}}