{"id":345,"date":"2016-04-06T12:42:42","date_gmt":"2016-04-06T14:42:42","guid":{"rendered":"http:\/\/www.maxeville.fr\/?page_id=345"},"modified":"2024-09-06T10:35:10","modified_gmt":"2024-09-06T08:35:10","slug":"ram-et-assistantes-maternelles","status":"publish","type":"page","link":"https:\/\/maxeville.fr\/index.php\/ma-famille\/ram-et-assistantes-maternelles\/","title":{"rendered":"RPE Relais Petite Enfance LE NID"},"content":{"rendered":"\n<p><strong>Qu\u2019est-ce que le RPE ?<\/strong><\/p>\n\n\n\n<p>Le Relais Petite Enfance offre une solution de proximit\u00e9 aux questions relatives \u00e0 l\u2019accueil des enfants, \u00e0 la formation, aux questions administratives, etc, et propose chaque semaine et ce, tout au long de l\u2019ann\u00e9e, des activit\u00e9s vari\u00e9es \u00e0 partager.<\/p>\n\n\n\n<p>Le Relais Petite-Enfance (RPE) Le Nid est un service gratuit et neutre, agr\u00e9\u00e9 par la Caisse d\u2019Allocation Familiale (CAF), destin\u00e9 aux parents, futurs parents, assistant(e)s maternel(le)s, aux gardes \u00e0 domicile et aux enfants qu\u2019elles accueillent.<\/p>\n\n\n\n<p>Les permanences du RPE vous permettront d\u2019obtenir tous les renseignements n\u00e9cessaires. Elles sont assur\u00e9es :<\/p>\n\n\n\n<ul>\n<li>Par t\u00e9l\u00e9phone les lundis de 9h \u00e0 12h et les jeudis de 14h \u00e0 17h au 03 57 80 06 96<\/li>\n\n\n\n<li>Sur rendez-vous \u00e0 la Maison du Lien et de la Solidarit\u00e9, 1 Rue de la r\u00e9publique&nbsp; les lundis de 14h \u00e0 17h<br><br><\/li>\n<\/ul>\n\n\n\n<p><\/p>\n\n\n\n<p><strong>Votre contact :<\/strong><\/p>\n\n\n\n<p>Corinne PELTE<br>coordinatrice Petite Enfance \u2013 1 rue de la R\u00e9publique \u00e0 Max\u00e9ville<br>rpe@mairie-maxeville.fr |  03 57 80 06 96<\/p>\n\n\n\n<p>Motricit\u00e9, \u00e9veil des sens, cuisine, cr\u00e9ativit\u00e9, visite du Jardin Botanique, rencontre avec St-Nicolas et pr\u00e9paration des festivit\u00e9s de fin d\u2019ann\u00e9e sont au menu des activit\u00e9s du RPE.<\/p>\n\n\n\n<p>Vous souhaitez participer ou mettre en place une activit\u00e9 au sein du RPE de Max\u00e9ville ? Vous souhaitez obtenir une r\u00e9ponse \u00e0 une question en tant que parent employeur ou professionnel(le) de la Petite Enfance ?<br><strong>Contactez sans plus attendre Corinne PELTE<\/strong><\/p>\n\n\n\n<h2 class=\"wp-block-heading\"><strong>Liste des assistantes maternelles<\/strong><\/h2>\n\n\n\n<p>Le site du <a rel=\"noreferrer noopener\" href=\"http:\/\/www.meurthe-et-moselle.fr\" target=\"_blank\">Conseil D\u00e9partemental<\/a> et celui de la <a rel=\"noreferrer noopener\" href=\"http:\/\/www.mon-enfant.fr\" target=\"_blank\">C.A.F.<\/a> diffusent la liste des assistantes maternelles de notre commune. Pour garantir la conformit\u00e9 des informations, il est toutefois n\u00e9cessaire que chaque assistante maternelle mette \u00e0 jour sa situation directement sur ces&nbsp;deux sites.<\/p>\n\n\n\n<p><\/p>\n\n\n\n<p><em>photo : Colin-Maynard<\/em><\/p>\n<div style=\"padding-bottom:20px; padding-top:10px;\" class=\"hupso-share-buttons\"><!-- Hupso Share Buttons - https:\/\/www.hupso.com\/share\/ --><a class=\"hupso_toolbar\" href=\"https:\/\/www.hupso.com\/share\/\"><img src=\"https:\/\/static.hupso.com\/share\/buttons\/lang\/fr\/share-medium.png\" style=\"border:0px; padding-top: 5px; float:left;\" alt=\"Share Button\"\/><\/a><script type=\"text\/javascript\">var hupso_services_t=new Array();var hupso_background_t=\"#EAF4FF\";var hupso_border_t=\"#66CCFF\";var hupso_toolbar_size_t=\"medium\";var hupso_image_folder_url = \"\";var hupso_url_t=\"\";var hupso_title_t=\"RPE%20Relais%20Petite%20Enfance%20LE%20NID\";<\/script><script type=\"text\/javascript\" src=\"https:\/\/static.hupso.com\/share\/js\/share_toolbar.js\"><\/script><!-- Hupso Share Buttons --><\/div>","protected":false},"excerpt":{"rendered":"<p>Qu\u2019est-ce que le RPE ? Le Relais Petite Enfance offre une solution de proximit\u00e9 aux questions relatives \u00e0 l\u2019accueil des enfants, \u00e0 la formation, aux questions administratives, etc,&#8230;<\/p>\n","protected":false},"author":1,"featured_media":16576,"parent":341,"menu_order":4,"comment_status":"closed","ping_status":"closed","template":"","meta":[],"_links":{"self":[{"href":"https:\/\/maxeville.fr\/index.php\/wp-json\/wp\/v2\/pages\/345"}],"collection":[{"href":"https:\/\/maxeville.fr\/index.php\/wp-json\/wp\/v2\/pages"}],"about":[{"href":"https:\/\/maxeville.fr\/index.php\/wp-json\/wp\/v2\/types\/page"}],"author":[{"embeddable":true,"href":"https:\/\/maxeville.fr\/index.php\/wp-json\/wp\/v2\/users\/1"}],"replies":[{"embeddable":true,"href":"https:\/\/maxeville.fr\/index.php\/wp-json\/wp\/v2\/comments?post=345"}],"version-history":[{"count":33,"href":"https:\/\/maxeville.fr\/index.php\/wp-json\/wp\/v2\/pages\/345\/revisions"}],"predecessor-version":[{"id":17297,"href":"https:\/\/maxeville.fr\/index.php\/wp-json\/wp\/v2\/pages\/345\/revisions\/17297"}],"up":[{"embeddable":true,"href":"https:\/\/maxeville.fr\/index.php\/wp-json\/wp\/v2\/pages\/341"}],"wp:featuredmedia":[{"embeddable":true,"href":"https:\/\/maxeville.fr\/index.php\/wp-json\/wp\/v2\/media\/16576"}],"wp:attachment":[{"href":"https:\/\/maxeville.fr\/index.php\/wp-json\/wp\/v2\/media?parent=345"}],"curies":[{"name":"wp","href":"https:\/\/api.w.org\/{rel}","templated":true}]}}