{"id":370,"date":"2016-04-06T12:46:02","date_gmt":"2016-04-06T14:46:02","guid":{"rendered":"http:\/\/www.maxeville.fr\/?page_id=370"},"modified":"2024-10-03T15:19:04","modified_gmt":"2024-10-03T13:19:04","slug":"centre-aere-maxanim","status":"publish","type":"page","link":"https:\/\/maxeville.fr\/index.php\/mes-loisirs\/centre-aere-maxanim\/","title":{"rendered":"Centre-a\u00e9r\u00e9 Max&#8217;Anim"},"content":{"rendered":"<p>Centre de loisirs pour les 3 &#8211; 12 ans.<br>\nMax&#8217;anim<br>\n<span class=\"_Xbe\">2 Avenue du G\u00e9n\u00e9ral Patton<br>\n54320 Max\u00e9ville<\/span><\/p>\n\n\n<p>Renseignements : 03 83 32 30 00 &#8211; periscolaire@mairie-maxeville.fr<\/p>\n\n\n\n<div class=\"wp-block-group is-layout-flow\"><div class=\"wp-block-group__inner-container\">\n<p><\/p>\n\n\n\n<p><a href=\"https:\/\/maxeville.fr\/index.php\/maxanim-programme-vacances-toussaint\/\" data-type=\"URL\" data-id=\"https:\/\/maxeville.fr\/index.php\/maxanim-programme-vacances-toussaint\/\">Max\u2019Anim : programme vacances Toussaint<\/a> 2024<\/p>\n<\/div><\/div>\n\n\n<h3>Inscriptions :<\/h3>\n<p><span style=\"font-family: sans-serif; font-size: small;\">&#8211; CILM<\/span><br>\n<span style=\"font-family: sans-serif; font-size: small;\">&#8211; Mairie<\/span><br>\n<span style=\"font-family: sans-serif; font-size: small;\">&#8211; Portail famille Agora<\/span><\/p><div style=\"padding-bottom:20px; padding-top:10px;\" class=\"hupso-share-buttons\"><!-- Hupso Share Buttons - https:\/\/www.hupso.com\/share\/ --><a class=\"hupso_toolbar\" href=\"https:\/\/www.hupso.com\/share\/\"><img src=\"https:\/\/static.hupso.com\/share\/buttons\/lang\/fr\/share-medium.png\" style=\"border:0px; padding-top: 5px; float:left;\" alt=\"Share Button\"\/><\/a><script type=\"text\/javascript\">var hupso_services_t=new Array();var hupso_background_t=\"#EAF4FF\";var hupso_border_t=\"#66CCFF\";var hupso_toolbar_size_t=\"medium\";var hupso_image_folder_url = \"\";var hupso_url_t=\"\";var hupso_title_t=\"Centre-a%C3%A9r%C3%A9%20Max%27Anim\";<\/script><script type=\"text\/javascript\" src=\"https:\/\/static.hupso.com\/share\/js\/share_toolbar.js\"><\/script><!-- Hupso Share Buttons --><\/div>","protected":false},"excerpt":{"rendered":"<p>Centre de loisirs pour les 3 &#8211; 12 ans. Max&#8217;anim 2 Avenue du G\u00e9n\u00e9ral Patton 54320 Max\u00e9ville Renseignements : 03 83 32 30 00 &#8211; periscolaire@mairie-maxeville.fr Max\u2019Anim :&#8230;<\/p>\n","protected":false},"author":1,"featured_media":9768,"parent":391,"menu_order":9,"comment_status":"closed","ping_status":"closed","template":"","meta":[],"_links":{"self":[{"href":"https:\/\/maxeville.fr\/index.php\/wp-json\/wp\/v2\/pages\/370"}],"collection":[{"href":"https:\/\/maxeville.fr\/index.php\/wp-json\/wp\/v2\/pages"}],"about":[{"href":"https:\/\/maxeville.fr\/index.php\/wp-json\/wp\/v2\/types\/page"}],"author":[{"embeddable":true,"href":"https:\/\/maxeville.fr\/index.php\/wp-json\/wp\/v2\/users\/1"}],"replies":[{"embeddable":true,"href":"https:\/\/maxeville.fr\/index.php\/wp-json\/wp\/v2\/comments?post=370"}],"version-history":[{"count":26,"href":"https:\/\/maxeville.fr\/index.php\/wp-json\/wp\/v2\/pages\/370\/revisions"}],"predecessor-version":[{"id":16803,"href":"https:\/\/maxeville.fr\/index.php\/wp-json\/wp\/v2\/pages\/370\/revisions\/16803"}],"up":[{"embeddable":true,"href":"https:\/\/maxeville.fr\/index.php\/wp-json\/wp\/v2\/pages\/391"}],"wp:featuredmedia":[{"embeddable":true,"href":"https:\/\/maxeville.fr\/index.php\/wp-json\/wp\/v2\/media\/9768"}],"wp:attachment":[{"href":"https:\/\/maxeville.fr\/index.php\/wp-json\/wp\/v2\/media?parent=370"}],"curies":[{"name":"wp","href":"https:\/\/api.w.org\/{rel}","templated":true}]}}