{"id":377,"date":"2016-04-06T12:46:46","date_gmt":"2016-04-06T14:46:46","guid":{"rendered":"http:\/\/www.maxeville.fr\/?page_id=377"},"modified":"2024-10-03T15:19:52","modified_gmt":"2024-10-03T13:19:52","slug":"vacances-10-17-ans","status":"publish","type":"page","link":"https:\/\/maxeville.fr\/index.php\/mes-loisirs\/vacances-10-17-ans\/","title":{"rendered":"Vacances 11-17 ans"},"content":{"rendered":"<p>Durant les vacances scolaires nous proposons aux 11-17 ans de participer \u00e0 des activit\u00e9s diverses.<br \/>\nAu programme du sport, des activit\u00e9s manuelles et culturelles mais \u00e9galement des sorties vari\u00e9es. Sans oublier du partage et de la bonne humeur !<\/p>\n<p>Pour nous rejoindre c&#8217;est tr\u00e8s simple! Il vous faut remplir la plaquette disponible en mairie, au CILM ainsi que dans les complexes de la ville, la fiche sanitaire et de joindre une photocopie de l&#8217;attestation d&#8217;assurance du participant.<\/p>\n<p>Informations : 03 83 32 30 00<\/p>\n<p><a href=\"https:\/\/maxeville.fr\/index.php\/team-ados-programme-vacances-toussaint\/\">Vacances de la Toussaint 2024<\/a><\/p>\n<div style=\"padding-bottom:20px; padding-top:10px;\" class=\"hupso-share-buttons\"><!-- Hupso Share Buttons - https:\/\/www.hupso.com\/share\/ --><a class=\"hupso_toolbar\" href=\"https:\/\/www.hupso.com\/share\/\"><img src=\"https:\/\/static.hupso.com\/share\/buttons\/lang\/fr\/share-medium.png\" style=\"border:0px; padding-top: 5px; float:left;\" alt=\"Share Button\"\/><\/a><script type=\"text\/javascript\">var hupso_services_t=new Array();var hupso_background_t=\"#EAF4FF\";var hupso_border_t=\"#66CCFF\";var hupso_toolbar_size_t=\"medium\";var hupso_image_folder_url = \"\";var hupso_url_t=\"\";var hupso_title_t=\"Vacances%2011-17%20ans\";<\/script><script type=\"text\/javascript\" src=\"https:\/\/static.hupso.com\/share\/js\/share_toolbar.js\"><\/script><!-- Hupso Share Buttons --><\/div>","protected":false},"excerpt":{"rendered":"<p>Durant les vacances scolaires nous proposons aux 11-17 ans de participer \u00e0 des activit\u00e9s diverses. Au programme du sport, des activit\u00e9s manuelles et culturelles mais \u00e9galement des sorties&#8230;<\/p>\n","protected":false},"author":1,"featured_media":0,"parent":391,"menu_order":11,"comment_status":"closed","ping_status":"closed","template":"","meta":[],"_links":{"self":[{"href":"https:\/\/maxeville.fr\/index.php\/wp-json\/wp\/v2\/pages\/377"}],"collection":[{"href":"https:\/\/maxeville.fr\/index.php\/wp-json\/wp\/v2\/pages"}],"about":[{"href":"https:\/\/maxeville.fr\/index.php\/wp-json\/wp\/v2\/types\/page"}],"author":[{"embeddable":true,"href":"https:\/\/maxeville.fr\/index.php\/wp-json\/wp\/v2\/users\/1"}],"replies":[{"embeddable":true,"href":"https:\/\/maxeville.fr\/index.php\/wp-json\/wp\/v2\/comments?post=377"}],"version-history":[{"count":20,"href":"https:\/\/maxeville.fr\/index.php\/wp-json\/wp\/v2\/pages\/377\/revisions"}],"predecessor-version":[{"id":16804,"href":"https:\/\/maxeville.fr\/index.php\/wp-json\/wp\/v2\/pages\/377\/revisions\/16804"}],"up":[{"embeddable":true,"href":"https:\/\/maxeville.fr\/index.php\/wp-json\/wp\/v2\/pages\/391"}],"wp:attachment":[{"href":"https:\/\/maxeville.fr\/index.php\/wp-json\/wp\/v2\/media?parent=377"}],"curies":[{"name":"wp","href":"https:\/\/api.w.org\/{rel}","templated":true}]}}