{"id":381,"date":"2016-04-06T12:47:04","date_gmt":"2016-04-06T14:47:04","guid":{"rendered":"http:\/\/www.maxeville.fr\/?page_id=381"},"modified":"2023-04-11T14:50:22","modified_gmt":"2023-04-11T12:50:22","slug":"local-jeunes-zadomax","status":"publish","type":"page","link":"https:\/\/maxeville.fr\/index.php\/mes-loisirs\/local-jeunes-zadomax\/","title":{"rendered":"Local jeunes Team&#8217;Ados"},"content":{"rendered":"<hr \/>\n<h5>Local destin\u00e9 aux jeunes de 11 \u00e0 17 ans<\/h5>\n<p>Il est situ\u00e9 au rue de l&#8217;Orne, au Complexe Sportif L\u00e9o Lagrange<br \/>\nOuvert le mercredi de 14h \u00e0 17h.<\/p>\n<p><strong>Sa fonction :<\/strong><\/p>\n<ul>\n<li>Accompagner les jeunes dans la transition enfance\/jeunesse ;<\/li>\n<li>Favoriser la participation et l\u2019implication des jeunes,\u00a0et les accompagner dans l\u2019apprentissage de l\u2019autonomie ;<\/li>\n<li>Sensibiliser les jeunes \u00e0 des pratiques culturelles, sportives en favorisant la d\u00e9couverte et l\u2019ouverture aux autres.<\/li>\n<\/ul>\n<h3>Les activit\u00e9s durant les vacances<\/h3>\n<p>Durant chaque p\u00e9riode de vacances d&#8217;automne, hiver, printemps et l\u2019\u00e9t\u00e9 des activit\u00e9s diverses et vari\u00e9es sont propos\u00e9es aux jeunes.<\/p>\n<h3>Le Kiosque Info Jeunesse<\/h3>\n<p>En \u00e9troite relation avec les partenaires locaux offrir une r\u00e9ponse globale \u00e0 toutes les questions des jeunes et contribuer ainsi \u00e0 leur autonomie et \u00e0 leur citoyennet\u00e9.<\/p>\n<div style=\"padding-bottom:20px; padding-top:10px;\" class=\"hupso-share-buttons\"><!-- Hupso Share Buttons - https:\/\/www.hupso.com\/share\/ --><a class=\"hupso_toolbar\" href=\"https:\/\/www.hupso.com\/share\/\"><img src=\"https:\/\/static.hupso.com\/share\/buttons\/lang\/fr\/share-medium.png\" style=\"border:0px; padding-top: 5px; float:left;\" alt=\"Share Button\"\/><\/a><script type=\"text\/javascript\">var hupso_services_t=new Array();var hupso_background_t=\"#EAF4FF\";var hupso_border_t=\"#66CCFF\";var hupso_toolbar_size_t=\"medium\";var hupso_image_folder_url = \"\";var hupso_url_t=\"\";var hupso_title_t=\"Local%20jeunes%20Team%27Ados\";<\/script><script type=\"text\/javascript\" src=\"https:\/\/static.hupso.com\/share\/js\/share_toolbar.js\"><\/script><!-- Hupso Share Buttons --><\/div>","protected":false},"excerpt":{"rendered":"<p>Local destin\u00e9 aux jeunes de 11 \u00e0 17 ans Il est situ\u00e9 au rue de l&#8217;Orne, au Complexe Sportif L\u00e9o Lagrange Ouvert le mercredi de 14h \u00e0 17h&#8230;.<\/p>\n","protected":false},"author":1,"featured_media":12616,"parent":391,"menu_order":10,"comment_status":"closed","ping_status":"closed","template":"","meta":[],"_links":{"self":[{"href":"https:\/\/maxeville.fr\/index.php\/wp-json\/wp\/v2\/pages\/381"}],"collection":[{"href":"https:\/\/maxeville.fr\/index.php\/wp-json\/wp\/v2\/pages"}],"about":[{"href":"https:\/\/maxeville.fr\/index.php\/wp-json\/wp\/v2\/types\/page"}],"author":[{"embeddable":true,"href":"https:\/\/maxeville.fr\/index.php\/wp-json\/wp\/v2\/users\/1"}],"replies":[{"embeddable":true,"href":"https:\/\/maxeville.fr\/index.php\/wp-json\/wp\/v2\/comments?post=381"}],"version-history":[{"count":17,"href":"https:\/\/maxeville.fr\/index.php\/wp-json\/wp\/v2\/pages\/381\/revisions"}],"predecessor-version":[{"id":13532,"href":"https:\/\/maxeville.fr\/index.php\/wp-json\/wp\/v2\/pages\/381\/revisions\/13532"}],"up":[{"embeddable":true,"href":"https:\/\/maxeville.fr\/index.php\/wp-json\/wp\/v2\/pages\/391"}],"wp:featuredmedia":[{"embeddable":true,"href":"https:\/\/maxeville.fr\/index.php\/wp-json\/wp\/v2\/media\/12616"}],"wp:attachment":[{"href":"https:\/\/maxeville.fr\/index.php\/wp-json\/wp\/v2\/media?parent=381"}],"curies":[{"name":"wp","href":"https:\/\/api.w.org\/{rel}","templated":true}]}}