{"id":383,"date":"2016-04-06T12:47:37","date_gmt":"2016-04-06T14:47:37","guid":{"rendered":"http:\/\/www.maxeville.fr\/?page_id=383"},"modified":"2021-08-13T09:53:18","modified_gmt":"2021-08-13T07:53:18","slug":"habitat-partage-intergenerationnel","status":"publish","type":"page","link":"https:\/\/maxeville.fr\/index.php\/ma-famille\/habitat-partage-intergenerationnel\/","title":{"rendered":"Habitat partag\u00e9 interg\u00e9n\u00e9rationnel"},"content":{"rendered":"<h5>L&#8217;habitat interg\u00e9n\u00e9rationnel<\/h5>\n<p><em>Un \u00e9change de bons proc\u00e9d\u00e9s et une solution alternative et innovante pour renforcer le mieux vivre ensemble.<\/em><\/p>\n<h3>1 TOIT 2 G\u00c9N\u00c9RATIONS :<\/h3>\n<p>Cr\u00e9\u00e9e en 2008. L\u2019association Un toit 2 g\u00e9n\u00e9rations propose de mettre en place des colocations\/cohabitations interg\u00e9n\u00e9rationnelles sur toute la r\u00e9gion Grand Est.<\/p>\n<p><strong>Il s\u2019agit de mettre en relation :<\/strong><br \/>\n&#8211; <strong>Un senior<\/strong> disposant au minimum d\u2019une chambre meubl\u00e9e dans son appartement ou maison, qu\u2019il soit propri\u00e9taire ou locataire avec<br \/>\n&#8211; <strong>Un jeune \u00e9tudiant ou jeune travailleur<\/strong> en recherche d\u2019une solution logement conviviale et \u00e9conomique<\/p>\n<p>&gt; <a href=\"https:\/\/www.untoit2generations.fr\/cohabitation-intergenerationnelle-inscription-ne-restez-plus-seul\">Les avantages pour le senior : rompre l\u2019isolement, avoir un compl\u00e9ment de revenu avoir une pr\u00e9sence rassurante, se faire aider pour quelques services<\/a><\/p>\n<p><a href=\"https:\/\/www.untoit2generations.fr\/cohabitation-intergenerationnelle-inscription-jeune\">&gt; Les avantages pour le jeune : trouver une solution logement \u00e9conomique, partager de l\u2019exp\u00e9rience.<\/a><\/p>\n<p>L\u2019association s\u2019occupe de toutes les d\u00e9marches administratives et favorise ainsi les relations d\u2019entraide, de solidarit\u00e9 entre les g\u00e9n\u00e9rations. Les cohabitations sont valid\u00e9es lors de la signature d\u2019un contrat instaur\u00e9 par la Loi ELAN en novembre 2018, ce contrat vient apporter un cadre juridique, et l\u2019association est garant du respect des crit\u00e8res impos\u00e9s par la loi.<\/p>\n<p><strong>L\u2019association est partenaire de la m\u00e9tropole du Grand Nancy et de la Maison de l\u2019habitat et du d\u00e9veloppement durable.<\/strong><\/p>\n<p><em>Un toit 2 g\u00e9n\u00e9rations<\/em><br \/>\n<em>22\/24 Viaduc Kennedy 54000 NANCY<\/em><br \/>\n<em>www.untoit2generations.fr<\/em><br \/>\n<em>contact@untoit2generations.fr<\/em><br \/>\n<em>0387222196<\/em><\/p>\n<h3>UN TOIT PARTAG\u00c9 :<\/h3>\n<p>Du fait du vieillissement et des changements de mode de vie, il est important\/n\u00e9cessaire de promouvoir des offres alternatives d\u2019habitat pour les personnes retrait\u00e9es.<br \/>\nDe ce constat et faisant suite \u00e0 une \u00e9tude men\u00e9e sur le territoire du Grand Nancy, l\u2019association \u00ab un toit partag\u00e9 \u00bb a \u00e9t\u00e9 cr\u00e9\u00e9e afin de promouvoir la colocation pour les personnes de 55 ans et plus.<br \/>\nUn toit partag\u00e9 est une aussi le fruit d\u2019une d\u00e9marche de co-construction et plusieurs acteurs de l\u2019agglom\u00e9ration nanc\u00e9ienne se sont inscrits dans cette d\u00e9marche. C\u2019est pourquoi, l\u2019association est \u00e9galement compos\u00e9e d\u2019acteurs locaux (collectivit\u00e9s, associations, etc.), permettant ainsi de travailler en toute coh\u00e9rence et en lien avec ces partenaires.<br \/>\nUn toit Partag\u00e9<br \/>\n33 bis rue Saint Michel<br \/>\n54000 Nancy<br \/>\n06 48 03 42 69<br \/>\n<a href=\"http:\/\/untoitpartage.f\" target=\"_blank\" rel=\"noopener\">untoitpartage.fr<\/a><\/p>\n<p>Pout tout renseignement : Corinne GENIN, coordinatrice du Point Accueil Seniors de Max\u00e9ville : 03 83 32 30 00.<\/p>\n<div style=\"padding-bottom:20px; padding-top:10px;\" class=\"hupso-share-buttons\"><!-- Hupso Share Buttons - https:\/\/www.hupso.com\/share\/ --><a class=\"hupso_toolbar\" href=\"https:\/\/www.hupso.com\/share\/\"><img src=\"https:\/\/static.hupso.com\/share\/buttons\/lang\/fr\/share-medium.png\" style=\"border:0px; padding-top: 5px; float:left;\" alt=\"Share Button\"\/><\/a><script type=\"text\/javascript\">var hupso_services_t=new Array();var hupso_background_t=\"#EAF4FF\";var hupso_border_t=\"#66CCFF\";var hupso_toolbar_size_t=\"medium\";var hupso_image_folder_url = \"\";var hupso_url_t=\"\";var hupso_title_t=\"Habitat%20partag%C3%A9%20interg%C3%A9n%C3%A9rationnel\";<\/script><script type=\"text\/javascript\" src=\"https:\/\/static.hupso.com\/share\/js\/share_toolbar.js\"><\/script><!-- Hupso Share Buttons --><\/div>","protected":false},"excerpt":{"rendered":"<p>L&#8217;habitat interg\u00e9n\u00e9rationnel Un \u00e9change de bons proc\u00e9d\u00e9s et une solution alternative et innovante pour renforcer le mieux vivre ensemble. 1 TOIT 2 G\u00c9N\u00c9RATIONS : Cr\u00e9\u00e9e en 2008. L\u2019association&#8230;<\/p>\n","protected":false},"author":1,"featured_media":0,"parent":341,"menu_order":22,"comment_status":"closed","ping_status":"closed","template":"","meta":[],"_links":{"self":[{"href":"https:\/\/maxeville.fr\/index.php\/wp-json\/wp\/v2\/pages\/383"}],"collection":[{"href":"https:\/\/maxeville.fr\/index.php\/wp-json\/wp\/v2\/pages"}],"about":[{"href":"https:\/\/maxeville.fr\/index.php\/wp-json\/wp\/v2\/types\/page"}],"author":[{"embeddable":true,"href":"https:\/\/maxeville.fr\/index.php\/wp-json\/wp\/v2\/users\/1"}],"replies":[{"embeddable":true,"href":"https:\/\/maxeville.fr\/index.php\/wp-json\/wp\/v2\/comments?post=383"}],"version-history":[{"count":5,"href":"https:\/\/maxeville.fr\/index.php\/wp-json\/wp\/v2\/pages\/383\/revisions"}],"predecessor-version":[{"id":10581,"href":"https:\/\/maxeville.fr\/index.php\/wp-json\/wp\/v2\/pages\/383\/revisions\/10581"}],"up":[{"embeddable":true,"href":"https:\/\/maxeville.fr\/index.php\/wp-json\/wp\/v2\/pages\/341"}],"wp:attachment":[{"href":"https:\/\/maxeville.fr\/index.php\/wp-json\/wp\/v2\/media?parent=383"}],"curies":[{"name":"wp","href":"https:\/\/api.w.org\/{rel}","templated":true}]}}