{"id":391,"date":"2016-04-06T12:48:35","date_gmt":"2016-04-06T14:48:35","guid":{"rendered":"http:\/\/www.maxeville.fr\/?page_id=391"},"modified":"2025-09-17T13:56:09","modified_gmt":"2025-09-17T11:56:09","slug":"mes-loisirs","status":"publish","type":"page","link":"https:\/\/maxeville.fr\/index.php\/mes-loisirs\/","title":{"rendered":"MES LOISIRS"},"content":{"rendered":"<p><img decoding=\"async\" loading=\"lazy\" class=\"alignnone size-full wp-image-1334\" src=\"http:\/\/www.maxeville.fr\/wp-content\/uploads\/2017\/10\/vue_maxeville_clb.png\" alt=\"ma_ville\" width=\"800\" height=\"200\"><\/p>\n<p><!-- ------------------------------------------ --><\/p>\n<div class=\"csRow\">\n<div class=\"csColumn\" style=\"margin: 0px; padding: 0px; float: left; width: 31.3%;\" data-csstartpoint=\"15\" data-csendpoint=\"315\" data-cswidth=\"31.3%\" data-csid=\"400af3d3-9c46-4c73-8c91-d4768b875a45\">\n<h4>culture<\/h4>\n<\/div>\n<div class=\"csColumnGap\" style=\"margin: 0px; padding: 0px; float: left; width: 1.56%;\"><img decoding=\"async\" src=\"http:\/\/www.maxeville.fr\/wp-content\/plugins\/advanced-wp-columns\/assets\/js\/plugins\/views\/img\/1x1-pixel.png\" alt=\"\"><\/div>\n<div class=\"csColumn\" style=\"margin: 0px; padding: 0px; float: left; width: 31.3%;\" data-csstartpoint=\"330\" data-csendpoint=\"630\" data-cswidth=\"31.3%\" data-csid=\"d79a3701-be9b-845e-8b7f-f25623c09eed\"><a href=\"https:\/\/maxeville.fr\/index.php\/mes-loisirs\/ludotheque\">Ludoth\u00e8ques<\/a><br><a href=\"https:\/\/maxeville.fr\/index.php\/mes-loisirs\/mediatheques\">M\u00e9diath\u00e8ques<\/a><br><a href=\"https:\/\/maxeville.fr\/index.php\/mes-loisirs\/mjc-massinon\">MJC Massinon<\/a><br><a href=\"https:\/\/maxeville.fr\/index.php\/memoire-de-maxeville\/\">M\u00e9moire de Max\u00e9ville<\/a><\/div>\n<div class=\"csColumnGap\" style=\"margin: 0px; padding: 0px; float: left; width: 1.56%;\"><img decoding=\"async\" src=\"http:\/\/www.maxeville.fr\/wp-content\/plugins\/advanced-wp-columns\/assets\/js\/plugins\/views\/img\/1x1-pixel.png\" alt=\"\"><\/div>\n<div class=\"csColumn\" style=\"margin: 0px; padding: 0px; float: left; width: 31.3%;\" data-csstartpoint=\"645\" data-csendpoint=\"945\" data-cswidth=\"31.3%\" data-csid=\"b2e8439d-bfd4-adfb-bbdd-c3d0eba6633e\"><a href=\"https:\/\/maxeville.fr\/index.php\/mes-loisirs\/le-preau-des-arts\">Le Pr\u00e9au des Arts<\/a><br><a href=\"https:\/\/maxeville.fr\/index.php\/mes-loisirs\/site-des-brasseries\">Site des Brasseries<\/a><br><a href=\"https:\/\/maxeville.fr\/index.php\/mes-loisirs\/associations-culturelles\">Associations culturelles<\/a><br><a href=\"https:\/\/maxeville.fr\/index.php\/imageest\/\">Image&#8217;Est<\/a><br><a href=\"https:\/\/maxeville.fr\/index.php\/mes-loisirs\/festival-michto\">Le Mem\u00f4<\/a><\/div>\n<div style=\"clear: both; float: none; display: block; visibility: hidden; width: 0px; font-size: 0px; line-height: 0;\">&nbsp;<\/div>\n<\/div>\n<hr>\n<p><!-- ------------------------------------------ --><\/p>\n<div class=\"csRow\">\n<div class=\"csColumn\" style=\"margin: 0px; padding: 0px; float: left; width: 31.3%;\" data-csstartpoint=\"15\" data-csendpoint=\"315\" data-cswidth=\"31.3%\" data-csid=\"400af3d3-9c46-4c73-8c91-d4768b875a45\">\n<h4>animation<\/h4>\n<\/div>\n<div class=\"csColumnGap\" style=\"margin: 0px; padding: 0px; float: left; width: 1.56%;\"><img decoding=\"async\" src=\"http:\/\/www.maxeville.fr\/wp-content\/plugins\/advanced-wp-columns\/assets\/js\/plugins\/views\/img\/1x1-pixel.png\" alt=\"\"><\/div>\n<div class=\"csColumn\" style=\"margin: 0px; padding: 0px; float: left; width: 31.3%;\" data-csstartpoint=\"330\" data-csendpoint=\"630\" data-cswidth=\"31.3%\" data-csid=\"d79a3701-be9b-845e-8b7f-f25623c09eed\"><a href=\"https:\/\/maxeville.fr\/index.php\/mes-loisirs\/centre-aere-maxanim\">Centre a\u00e9r\u00e9 Max&#8217;Anim<\/a><br><a href=\"https:\/\/maxeville.fr\/index.php\/mes-loisirs\/local-jeunes-zadomax\">Local jeunes Team&#8217;Ados<\/a><br><a href=\"https:\/\/maxeville.fr\/index.php\/mes-loisirs\/mjc-massinon\">MJC Massinon<\/a><br><a href=\"https:\/\/maxeville.fr\/index.php\/mes-loisirs\/ludotheque\">Ludoth\u00e8ques<\/a><br><a href=\"https:\/\/maxeville.fr\/index.php\/le-lopin-de-leo\/\">Le Lopin de L\u00e9o<\/a><\/div>\n<div class=\"csColumn\" style=\"margin: 0px; padding: 0px; float: left; width: 31.3%;\" data-csstartpoint=\"330\" data-csendpoint=\"630\" data-cswidth=\"31.3%\" data-csid=\"d79a3701-be9b-845e-8b7f-f25623c09eed\"><a href=\"https:\/\/maxeville.fr\/index.php\/mes-loisirs\/vacances-10-17-ans\">Vacances 11-17 ans<\/a><br><a href=\"https:\/\/maxeville.fr\/index.php\/mes-loisirs\/loisirs-seniors\">Loisirs seniors<\/a><br><a href=\"https:\/\/maxeville.fr\/index.php\/mes-loisirs\/voyages-seniors\">Voyages seniors<\/a><br><a href=\"https:\/\/maxeville.fr\/index.php\/mes-loisirs\/associations-loisirs\">Associations loisirs<\/a><\/div>\n<div style=\"clear: both; float: none; display: block; visibility: hidden; width: 0px; font-size: 0px; line-height: 0;\">&nbsp;<\/div>\n<\/div>\n<hr>\n<p><!-- ------------------------------------------ --><\/p>\n<div class=\"csRow\">\n<div class=\"csColumn\" style=\"margin: 0px; padding: 0px; float: left; width: 31.3%;\" data-csstartpoint=\"15\" data-csendpoint=\"315\" data-cswidth=\"31.3%\" data-csid=\"400af3d3-9c46-4c73-8c91-d4768b875a45\">\n<h4>sport<\/h4>\n<\/div>\n<div class=\"csColumnGap\" style=\"margin: 0px; padding: 0px; float: left; width: 1.56%;\"><img decoding=\"async\" src=\"http:\/\/www.maxeville.fr\/wp-content\/plugins\/advanced-wp-columns\/assets\/js\/plugins\/views\/img\/1x1-pixel.png\" alt=\"\"><\/div>\n<div class=\"csColumn\" style=\"margin: 0px; padding: 0px; float: left; width: 31.3%;\" data-csstartpoint=\"330\" data-csendpoint=\"630\" data-cswidth=\"31.3%\" data-csid=\"d79a3701-be9b-845e-8b7f-f25623c09eed\"><a href=\"https:\/\/maxeville.fr\/index.php\/mes-loisirs\/equipements-sportifs\">\u00c9quipements sportifs<\/a><br><a href=\"https:\/\/maxeville.fr\/index.php\/mes-loisirs\/gym-douce-seniors\">Gym douce seniors<\/a><br><a href=\"https:\/\/maxeville.fr\/index.php\/sophro-relaxation-seniors\/\">Sophro-relaxation s\u00e9niors<\/a><\/div>\n<div class=\"csColumnGap\" style=\"margin: 0px; padding: 0px; float: left; width: 1.56%;\"><img decoding=\"async\" src=\"http:\/\/www.maxeville.fr\/wp-content\/plugins\/advanced-wp-columns\/assets\/js\/plugins\/views\/img\/1x1-pixel.png\" alt=\"\"><\/div>\n<div class=\"csColumn\" style=\"margin: 0px; padding: 0px; float: left; width: 31.3%;\" data-csstartpoint=\"645\" data-csendpoint=\"945\" data-cswidth=\"31.3%\" data-csid=\"b2e8439d-bfd4-adfb-bbdd-c3d0eba6633e\"><a href=\"https:\/\/maxeville.fr\/index.php\/mes-loisirs\/associations-sportives\">Associations sportives<\/a><br><a href=\"https:\/\/maxeville.fr\/index.php\/decouvrir-les-sentiers-de-votre-ville\/\" target=\"_blank\" rel=\"noopener\">Les Sentiers de Max\u00e9ville<\/a><\/div>\n<div style=\"clear: both; float: none; display: block; visibility: hidden; width: 0px; font-size: 0px; line-height: 0;\">&nbsp;<\/div>\n<\/div>\n<hr>\n<p><!-- ------------------------------------------ --><\/p>\n<div class=\"csRow\">\n<div class=\"csColumn\" style=\"margin: 0px; padding: 0px; float: left; width: 31.3%;\" data-csstartpoint=\"15\" data-csendpoint=\"315\" data-cswidth=\"31.3%\" data-csid=\"400af3d3-9c46-4c73-8c91-d4768b875a45\">\n<h4>manifestations<\/h4>\n<\/div>\n<div class=\"csColumnGap\" style=\"margin: 0px; padding: 0px; float: left; width: 1.56%;\"><img decoding=\"async\" src=\"http:\/\/www.maxeville.fr\/wp-content\/plugins\/advanced-wp-columns\/assets\/js\/plugins\/views\/img\/1x1-pixel.png\" alt=\"\"><\/div>\n<div class=\"csColumn\" style=\"margin: 0px; padding: 0px; float: left; width: 31.3%;\" data-csstartpoint=\"330\" data-csendpoint=\"630\" data-cswidth=\"31.3%\" data-csid=\"d79a3701-be9b-845e-8b7f-f25623c09eed\"><a href=\"https:\/\/maxeville.fr\/index.php\/mes-loisirs\/fete-des-fraises\">F\u00eate des Fraises<\/a><br><a href=\"https:\/\/maxeville.fr\/index.php\/mes-loisirs\/fete-de-la-biere\">Rock&#8217;n Bock<\/a><br><a href=\"https:\/\/maxeville.fr\/index.php\/mes-loisirs\/defile-des-lanternes\">D\u00e9fil\u00e9 des lanternes<\/a><br><a href=\"https:\/\/maxeville.fr\/index.php\/mon-quotidien\/les-rendez-vous-musicaux-du-marche\/\">Rendez-vous musicaux du march\u00e9<\/a><\/div>\n<div class=\"csColumnGap\" style=\"margin: 0px; padding: 0px; float: left; width: 1.56%;\"><img decoding=\"async\" src=\"http:\/\/www.maxeville.fr\/wp-content\/plugins\/advanced-wp-columns\/assets\/js\/plugins\/views\/img\/1x1-pixel.png\" alt=\"\"><\/div>\n<div class=\"csColumn\" style=\"margin: 0px; padding: 0px; float: left; width: 31.3%;\" data-csstartpoint=\"645\" data-csendpoint=\"945\" data-cswidth=\"31.3%\" data-csid=\"b2e8439d-bfd4-adfb-bbdd-c3d0eba6633e\"><a href=\"https:\/\/maxeville.fr\/index.php\/mes-loisirs\/saint-nicolas\">La Saint-Nicolas<\/a><br><a href=\"https:\/\/maxeville.fr\/index.php\/le-printemps-du-theatre-festival-annuel-de-theatre-amateur\/\">Le Printemps du Th\u00e9\u00e2tre<\/a><br><a href=\"https:\/\/maxeville.fr\/index.php\/ma-ville\/fete-des-voisins\">F\u00eate des voisins<\/a><\/div>\n<\/div>\n<hr>\n\n\n<p><\/p>\n\n\n\n<p><\/p>\n\n\n\n<p><strong>Sports, activit\u00e9s manuelles, gym et relaxation, musique\u2026 Retrouvez toutes les activit\u00e9s \u00e0 faire \u00e0 Max\u00e9ville par ici : <\/strong><a href=\"https:\/\/maxeville.fr\/wp-content\/uploads\/2025\/09\/Guide-loisirs-Maxeville-2025-2026-web-v2.pdf\" data-type=\"URL\" data-id=\"https:\/\/maxeville.fr\/wp-content\/uploads\/2025\/09\/Guide-loisirs-Maxeville-2025-2026-web-v2.pdf\" target=\"_blank\" rel=\"noreferrer noopener\">guide des activit\u00e9s 2025-2026.<\/a><\/p>\n\n\n\n<hr class=\"wp-block-separator has-alpha-channel-opacity\"\/>\n\n\n\n<p><strong>Pr\u00eat de mat\u00e9riel et de v\u00e9hicules par la ville :<br><\/strong><a href=\"https:\/\/maxeville.fr\/wp-content\/uploads\/2025\/09\/Guide-pret-materiel-Assos-Riverains.pdf\" data-type=\"URL\" data-id=\"https:\/\/maxeville.fr\/wp-content\/uploads\/2025\/09\/Guide-pret-materiel-Assos-Riverains.pdf\" target=\"_blank\" rel=\"noreferrer noopener\">Instructions de pr\u00eat de mat\u00e9riel pour les associations et riverains<\/a><br><a href=\"https:\/\/maxeville.fr\/wp-content\/uploads\/2025\/09\/Guide-pret-vehicule-Assos.pdf\" data-type=\"URL\" data-id=\"https:\/\/maxeville.fr\/wp-content\/uploads\/2025\/09\/Guide-pret-vehicule-Assos.pdf\" target=\"_blank\" rel=\"noreferrer noopener\">Instructions de pr\u00eat de v\u00e9hicules pour les associations<\/a><\/p>\n<div style=\"padding-bottom:20px; padding-top:10px;\" class=\"hupso-share-buttons\"><!-- Hupso Share Buttons - https:\/\/www.hupso.com\/share\/ --><a class=\"hupso_toolbar\" href=\"https:\/\/www.hupso.com\/share\/\"><img src=\"https:\/\/static.hupso.com\/share\/buttons\/lang\/fr\/share-medium.png\" style=\"border:0px; padding-top: 5px; float:left;\" alt=\"Share Button\"\/><\/a><script type=\"text\/javascript\">var hupso_services_t=new Array();var hupso_background_t=\"#EAF4FF\";var hupso_border_t=\"#66CCFF\";var hupso_toolbar_size_t=\"medium\";var hupso_image_folder_url = \"\";var hupso_url_t=\"\";var hupso_title_t=\"MES%20LOISIRS\";<\/script><script type=\"text\/javascript\" src=\"https:\/\/static.hupso.com\/share\/js\/share_toolbar.js\"><\/script><!-- Hupso Share Buttons --><\/div>","protected":false},"excerpt":{"rendered":"<p>culture Ludoth\u00e8quesM\u00e9diath\u00e8quesMJC MassinonM\u00e9moire de Max\u00e9ville Le Pr\u00e9au des ArtsSite des BrasseriesAssociations culturellesImage&#8217;EstLe Mem\u00f4 &nbsp; animation Centre a\u00e9r\u00e9 Max&#8217;AnimLocal jeunes Team&#8217;AdosMJC MassinonLudoth\u00e8quesLe Lopin de L\u00e9o Vacances 11-17 ansLoisirs seniorsVoyages&#8230;<\/p>\n","protected":false},"author":1,"featured_media":0,"parent":0,"menu_order":6,"comment_status":"closed","ping_status":"closed","template":"","meta":[],"_links":{"self":[{"href":"https:\/\/maxeville.fr\/index.php\/wp-json\/wp\/v2\/pages\/391"}],"collection":[{"href":"https:\/\/maxeville.fr\/index.php\/wp-json\/wp\/v2\/pages"}],"about":[{"href":"https:\/\/maxeville.fr\/index.php\/wp-json\/wp\/v2\/types\/page"}],"author":[{"embeddable":true,"href":"https:\/\/maxeville.fr\/index.php\/wp-json\/wp\/v2\/users\/1"}],"replies":[{"embeddable":true,"href":"https:\/\/maxeville.fr\/index.php\/wp-json\/wp\/v2\/comments?post=391"}],"version-history":[{"count":71,"href":"https:\/\/maxeville.fr\/index.php\/wp-json\/wp\/v2\/pages\/391\/revisions"}],"predecessor-version":[{"id":18509,"href":"https:\/\/maxeville.fr\/index.php\/wp-json\/wp\/v2\/pages\/391\/revisions\/18509"}],"wp:attachment":[{"href":"https:\/\/maxeville.fr\/index.php\/wp-json\/wp\/v2\/media?parent=391"}],"curies":[{"name":"wp","href":"https:\/\/api.w.org\/{rel}","templated":true}]}}