{"id":397,"date":"2016-04-06T12:48:56","date_gmt":"2016-04-06T14:48:56","guid":{"rendered":"http:\/\/www.maxeville.fr\/?page_id=397"},"modified":"2026-04-03T13:18:45","modified_gmt":"2026-04-03T11:18:45","slug":"mediatheques","status":"publish","type":"page","link":"https:\/\/maxeville.fr\/index.php\/mes-loisirs\/mediatheques\/","title":{"rendered":"M\u00e9diath\u00e8ques"},"content":{"rendered":"\n<figure class=\"wp-block-image size-large\"><img decoding=\"async\" loading=\"lazy\" width=\"707\" height=\"1024\" src=\"https:\/\/maxeville.fr\/wp-content\/uploads\/2024\/05\/MediathequeMaxeville-entete-2024-707x1024.jpg\" alt=\"\" class=\"wp-image-16108\" srcset=\"https:\/\/maxeville.fr\/wp-content\/uploads\/2024\/05\/MediathequeMaxeville-entete-2024-707x1024.jpg 707w, https:\/\/maxeville.fr\/wp-content\/uploads\/2024\/05\/MediathequeMaxeville-entete-2024-207x300.jpg 207w, https:\/\/maxeville.fr\/wp-content\/uploads\/2024\/05\/MediathequeMaxeville-entete-2024-768x1112.jpg 768w, https:\/\/maxeville.fr\/wp-content\/uploads\/2024\/05\/MediathequeMaxeville-entete-2024-1061x1536.jpg 1061w, https:\/\/maxeville.fr\/wp-content\/uploads\/2024\/05\/MediathequeMaxeville-entete-2024-973x1409.jpg 973w, https:\/\/maxeville.fr\/wp-content\/uploads\/2024\/05\/MediathequeMaxeville-entete-2024-508x735.jpg 508w, https:\/\/maxeville.fr\/wp-content\/uploads\/2024\/05\/MediathequeMaxeville-entete-2024-17x24.jpg 17w, https:\/\/maxeville.fr\/wp-content\/uploads\/2024\/05\/MediathequeMaxeville-entete-2024-25x36.jpg 25w, https:\/\/maxeville.fr\/wp-content\/uploads\/2024\/05\/MediathequeMaxeville-entete-2024-33x48.jpg 33w, https:\/\/maxeville.fr\/wp-content\/uploads\/2024\/05\/MediathequeMaxeville-entete-2024.jpg 1206w\" sizes=\"(max-width: 707px) 100vw, 707px\" \/><\/figure>\n\n\n\n<p>33, rue des brasseries, Max\u00e9ville<br>T\u00e9l : 03 54 40 34 73 | <a href=\"mailto:mediatheque@mairie-maxeville.fr\">mediatheque@mairie-maxeville.fr<\/a><\/p>\n\n\n\n<hr class=\"wp-block-separator has-css-opacity\"\/>\n\n\n\n<p><strong>Les horaires :<\/strong><br><strong>Mardi mercredi vendredi : 9h-12h<br>Mercredi : &nbsp;14h-18h30<br>Jeudi : 14h &#8211; 19h<br>Samedi : 9h30 \u2013 12h<\/strong><\/p>\n\n\n\n<p><\/p>\n\n\n\n<p><\/p>\n\n\n\n<p><strong><mark style=\"background-color:#f1ff62\" class=\"has-inline-color\">Attention, fermeture de la M\u00e9diath\u00e8que des Brasseries pour travaux :<\/mark><\/strong><\/p>\n\n\n\n<figure class=\"wp-block-image size-large\"><img decoding=\"async\" loading=\"lazy\" width=\"724\" height=\"1024\" src=\"https:\/\/maxeville.fr\/wp-content\/uploads\/2026\/03\/A3-fermetureTRAVAUX2026-724x1024.jpg\" alt=\"\" class=\"wp-image-19218\" srcset=\"https:\/\/maxeville.fr\/wp-content\/uploads\/2026\/03\/A3-fermetureTRAVAUX2026-724x1024.jpg 724w, https:\/\/maxeville.fr\/wp-content\/uploads\/2026\/03\/A3-fermetureTRAVAUX2026-212x300.jpg 212w, https:\/\/maxeville.fr\/wp-content\/uploads\/2026\/03\/A3-fermetureTRAVAUX2026-768x1086.jpg 768w, https:\/\/maxeville.fr\/wp-content\/uploads\/2026\/03\/A3-fermetureTRAVAUX2026-1086x1536.jpg 1086w, https:\/\/maxeville.fr\/wp-content\/uploads\/2026\/03\/A3-fermetureTRAVAUX2026-1449x2048.jpg 1449w, https:\/\/maxeville.fr\/wp-content\/uploads\/2026\/03\/A3-fermetureTRAVAUX2026-973x1376.jpg 973w, https:\/\/maxeville.fr\/wp-content\/uploads\/2026\/03\/A3-fermetureTRAVAUX2026-508x718.jpg 508w, https:\/\/maxeville.fr\/wp-content\/uploads\/2026\/03\/A3-fermetureTRAVAUX2026-17x24.jpg 17w, https:\/\/maxeville.fr\/wp-content\/uploads\/2026\/03\/A3-fermetureTRAVAUX2026-25x36.jpg 25w, https:\/\/maxeville.fr\/wp-content\/uploads\/2026\/03\/A3-fermetureTRAVAUX2026-34x48.jpg 34w, https:\/\/maxeville.fr\/wp-content\/uploads\/2026\/03\/A3-fermetureTRAVAUX2026-scaled.jpg 1811w\" sizes=\"(max-width: 724px) 100vw, 724px\" \/><\/figure>\n\n\n\n<hr class=\"wp-block-separator has-alpha-channel-opacity\"\/>\n\n\n\n<h2 class=\"wp-block-heading\"><strong>Inscription <\/strong><\/h2>\n\n\n\n<p>La M\u00e9diath\u00e8que est accessible \u00e0 tous, la consultation sur place y est libre. Les lecteurs inscrits peuvent emprunter 12 documents dont 2 DVD, tous secteurs confondus, pour une dur\u00e9e de 4 semaines.<\/p>\n\n\n\n<p>L\u2019emprunt pour les Max\u00e9villois est gratuit. Les non-Max\u00e9villois doivent payer une cotisation de 10 euros pour les adultes et de 5 euros pour les moins de 18 ans.<\/p>\n\n\n\n<p><em>Pour vous inscrire, pr\u00e9sentez-vous \u00e0 la m\u00e9diath\u00e8que avec votre carte d\u2019identit\u00e9 et un justificatif de domicile, o\u00f9 il vous sera remis un formulaire d\u2019inscription et le r\u00e8glement int\u00e9rieur. Pour les mineurs, la signature des parents est obligatoire<\/em><\/p>\n\n\n\n<hr class=\"wp-block-separator has-alpha-channel-opacity\"\/>\n\n\n\n<div class=\"wp-block-media-text alignwide is-stacked-on-mobile\" style=\"grid-template-columns:15% auto\"><figure class=\"wp-block-media-text__media\"><img decoding=\"async\" loading=\"lazy\" width=\"172\" height=\"109\" src=\"https:\/\/maxeville.fr\/wp-content\/uploads\/2024\/05\/LOGO-COLIBRIS.png\" alt=\"\" class=\"wp-image-16100 size-full\" srcset=\"https:\/\/maxeville.fr\/wp-content\/uploads\/2024\/05\/LOGO-COLIBRIS.png 172w, https:\/\/maxeville.fr\/wp-content\/uploads\/2024\/05\/LOGO-COLIBRIS-24x15.png 24w, https:\/\/maxeville.fr\/wp-content\/uploads\/2024\/05\/LOGO-COLIBRIS-36x23.png 36w, https:\/\/maxeville.fr\/wp-content\/uploads\/2024\/05\/LOGO-COLIBRIS-48x30.png 48w\" sizes=\"(max-width: 172px) 100vw, 172px\" \/><\/figure><div class=\"wp-block-media-text__content\">\n<p>La m\u00e9diath\u00e8que de Max\u00e9ville fait partie du r\u00e9seau Co-Libris qui regroupe 9 biblioth\u00e8ques et m\u00e9diath\u00e8ques de la M\u00e9tropole. Les adh\u00e9rents max\u00e9villois ont ainsi acc\u00e8s gratuitement \u00e0 tous les \u00e9tablissements du r\u00e9seau ainsi qu\u2019\u00e0 de nombreuses ressources en ligne, sur le site&nbsp;: <a href=\"http:\/\/www.reseau-colibris.fr\">http:\/\/www.reseau-colibris.f<\/a>r<\/p>\n<\/div><\/div>\n\n\n\n<hr class=\"wp-block-separator has-css-opacity\"\/>\n\n\n\n<hr class=\"wp-block-separator has-css-opacity\"\/>\n\n\n\n<p><strong>B\u00e9b\u00e9 bouquine pour les 0-3 ans <\/strong>: histoires, comptines, jeux de doigts,\u2026 pour faire d\u00e9couvrir le livre et le plaisir d\u2019\u00e9couter des histoires aux tout-petits.<\/p>\n\n\n\n<p><\/p>\n\n\n\n<figure class=\"wp-block-image size-large\"><img decoding=\"async\" loading=\"lazy\" width=\"724\" height=\"1024\" src=\"https:\/\/maxeville.fr\/wp-content\/uploads\/2026\/03\/ANNULATIONS-BBB-724x1024.jpg\" alt=\"\" class=\"wp-image-19213\" srcset=\"https:\/\/maxeville.fr\/wp-content\/uploads\/2026\/03\/ANNULATIONS-BBB-724x1024.jpg 724w, https:\/\/maxeville.fr\/wp-content\/uploads\/2026\/03\/ANNULATIONS-BBB-212x300.jpg 212w, https:\/\/maxeville.fr\/wp-content\/uploads\/2026\/03\/ANNULATIONS-BBB-768x1086.jpg 768w, https:\/\/maxeville.fr\/wp-content\/uploads\/2026\/03\/ANNULATIONS-BBB-1086x1536.jpg 1086w, https:\/\/maxeville.fr\/wp-content\/uploads\/2026\/03\/ANNULATIONS-BBB-1448x2048.jpg 1448w, https:\/\/maxeville.fr\/wp-content\/uploads\/2026\/03\/ANNULATIONS-BBB-973x1376.jpg 973w, https:\/\/maxeville.fr\/wp-content\/uploads\/2026\/03\/ANNULATIONS-BBB-508x718.jpg 508w, https:\/\/maxeville.fr\/wp-content\/uploads\/2026\/03\/ANNULATIONS-BBB-17x24.jpg 17w, https:\/\/maxeville.fr\/wp-content\/uploads\/2026\/03\/ANNULATIONS-BBB-25x36.jpg 25w, https:\/\/maxeville.fr\/wp-content\/uploads\/2026\/03\/ANNULATIONS-BBB-34x48.jpg 34w, https:\/\/maxeville.fr\/wp-content\/uploads\/2026\/03\/ANNULATIONS-BBB.jpg 1654w\" sizes=\"(max-width: 724px) 100vw, 724px\" \/><\/figure>\n\n\n\n<p><strong>Les P&#8217;tits Samedis de la M\u00e9diath\u00e8que : <\/strong><em>Samedi \u00e7a conte&#8230; rencontres ou ateliers&#8230;<\/em><\/p>\n\n\n\n<figure class=\"wp-block-image size-large\"><img decoding=\"async\" loading=\"lazy\" width=\"724\" height=\"1024\" src=\"https:\/\/maxeville.fr\/wp-content\/uploads\/2026\/03\/ANNULATIONS-SCC-724x1024.jpg\" alt=\"\" class=\"wp-image-19214\" srcset=\"https:\/\/maxeville.fr\/wp-content\/uploads\/2026\/03\/ANNULATIONS-SCC-724x1024.jpg 724w, https:\/\/maxeville.fr\/wp-content\/uploads\/2026\/03\/ANNULATIONS-SCC-212x300.jpg 212w, https:\/\/maxeville.fr\/wp-content\/uploads\/2026\/03\/ANNULATIONS-SCC-768x1086.jpg 768w, https:\/\/maxeville.fr\/wp-content\/uploads\/2026\/03\/ANNULATIONS-SCC-1086x1536.jpg 1086w, https:\/\/maxeville.fr\/wp-content\/uploads\/2026\/03\/ANNULATIONS-SCC-1448x2048.jpg 1448w, https:\/\/maxeville.fr\/wp-content\/uploads\/2026\/03\/ANNULATIONS-SCC-973x1376.jpg 973w, https:\/\/maxeville.fr\/wp-content\/uploads\/2026\/03\/ANNULATIONS-SCC-508x718.jpg 508w, https:\/\/maxeville.fr\/wp-content\/uploads\/2026\/03\/ANNULATIONS-SCC-17x24.jpg 17w, https:\/\/maxeville.fr\/wp-content\/uploads\/2026\/03\/ANNULATIONS-SCC-25x36.jpg 25w, https:\/\/maxeville.fr\/wp-content\/uploads\/2026\/03\/ANNULATIONS-SCC-34x48.jpg 34w, https:\/\/maxeville.fr\/wp-content\/uploads\/2026\/03\/ANNULATIONS-SCC.jpg 1654w\" sizes=\"(max-width: 724px) 100vw, 724px\" \/><\/figure>\n\n\n\n<div class=\"wp-block-group is-layout-flow\"><div class=\"wp-block-group__inner-container\"><\/div><\/div>\n\n\n\n<hr class=\"wp-block-separator has-css-opacity\"\/>\n\n\n\n<hr class=\"wp-block-separator has-css-opacity\"\/>\n\n\n\n<hr class=\"wp-block-separator has-css-opacity\"\/>\n\n\n\n<figure class=\"wp-block-image size-large\"><img decoding=\"async\" loading=\"lazy\" width=\"1024\" height=\"331\" src=\"https:\/\/maxeville.fr\/wp-content\/uploads\/2021\/01\/BANNIERE-mediatheque_seul_CILM-1024x331.jpg\" alt=\"\" class=\"wp-image-9667\" srcset=\"https:\/\/maxeville.fr\/wp-content\/uploads\/2021\/01\/BANNIERE-mediatheque_seul_CILM-1024x331.jpg 1024w, https:\/\/maxeville.fr\/wp-content\/uploads\/2021\/01\/BANNIERE-mediatheque_seul_CILM-300x97.jpg 300w, https:\/\/maxeville.fr\/wp-content\/uploads\/2021\/01\/BANNIERE-mediatheque_seul_CILM-768x248.jpg 768w, https:\/\/maxeville.fr\/wp-content\/uploads\/2021\/01\/BANNIERE-mediatheque_seul_CILM-1536x497.jpg 1536w, https:\/\/maxeville.fr\/wp-content\/uploads\/2021\/01\/BANNIERE-mediatheque_seul_CILM-2048x662.jpg 2048w, https:\/\/maxeville.fr\/wp-content\/uploads\/2021\/01\/BANNIERE-mediatheque_seul_CILM-973x315.jpg 973w, https:\/\/maxeville.fr\/wp-content\/uploads\/2021\/01\/BANNIERE-mediatheque_seul_CILM-508x164.jpg 508w, https:\/\/maxeville.fr\/wp-content\/uploads\/2021\/01\/BANNIERE-mediatheque_seul_CILM-250x81.jpg 250w, https:\/\/maxeville.fr\/wp-content\/uploads\/2021\/01\/BANNIERE-mediatheque_seul_CILM-550x178.jpg 550w, https:\/\/maxeville.fr\/wp-content\/uploads\/2021\/01\/BANNIERE-mediatheque_seul_CILM-800x259.jpg 800w, https:\/\/maxeville.fr\/wp-content\/uploads\/2021\/01\/BANNIERE-mediatheque_seul_CILM-557x180.jpg 557w, https:\/\/maxeville.fr\/wp-content\/uploads\/2021\/01\/BANNIERE-mediatheque_seul_CILM-928x300.jpg 928w, https:\/\/maxeville.fr\/wp-content\/uploads\/2021\/01\/BANNIERE-mediatheque_seul_CILM-1546x500.jpg 1546w, https:\/\/maxeville.fr\/wp-content\/uploads\/2021\/01\/BANNIERE-mediatheque_seul_CILM-24x8.jpg 24w, https:\/\/maxeville.fr\/wp-content\/uploads\/2021\/01\/BANNIERE-mediatheque_seul_CILM-36x12.jpg 36w, https:\/\/maxeville.fr\/wp-content\/uploads\/2021\/01\/BANNIERE-mediatheque_seul_CILM-48x16.jpg 48w\" sizes=\"(max-width: 1024px) 100vw, 1024px\" \/><\/figure>\n\n\n\n<p>23 rue de la Meuse, Laxou<br>T\u00e9l. 03 83 96 47 90<br>Fax 03 83 27 02 73<\/p>\n\n\n\n<p><strong>Horaires d\u2019ouverture :<\/strong> Le mardi, le mercredi et le samedi&nbsp;de 14h \u00e0 18h<\/p>\n\n\n\n<p><strong>Mercredi \u00e7a conte&nbsp;\u00e0 partir de 3 ans<\/strong> : chaque dernier mercredi du mois, les conteurs de Philodart invitent les enfants \u00e0 voyager au pays des histoires \u00e0 la m\u00e9diath\u00e8que du Centre Intercommunal de Laxou-Max\u00e9ville<\/p>\n<div style=\"padding-bottom:20px; padding-top:10px;\" class=\"hupso-share-buttons\"><!-- Hupso Share Buttons - https:\/\/www.hupso.com\/share\/ --><a class=\"hupso_toolbar\" href=\"https:\/\/www.hupso.com\/share\/\"><img src=\"https:\/\/static.hupso.com\/share\/buttons\/lang\/fr\/share-medium.png\" style=\"border:0px; padding-top: 5px; float:left;\" alt=\"Share Button\"\/><\/a><script type=\"text\/javascript\">var hupso_services_t=new Array();var hupso_background_t=\"#EAF4FF\";var hupso_border_t=\"#66CCFF\";var hupso_toolbar_size_t=\"medium\";var hupso_image_folder_url = \"\";var hupso_url_t=\"\";var hupso_title_t=\"M%C3%A9diath%C3%A8ques\";<\/script><script type=\"text\/javascript\" src=\"https:\/\/static.hupso.com\/share\/js\/share_toolbar.js\"><\/script><!-- Hupso Share Buttons --><\/div>","protected":false},"excerpt":{"rendered":"<p>33, rue des brasseries, Max\u00e9villeT\u00e9l : 03 54 40 34 73 | mediatheque@mairie-maxeville.fr Les horaires :Mardi mercredi vendredi : 9h-12hMercredi : &nbsp;14h-18h30Jeudi : 14h &#8211; 19hSamedi : 9h30&#8230;<\/p>\n","protected":false},"author":1,"featured_media":0,"parent":391,"menu_order":3,"comment_status":"closed","ping_status":"closed","template":"","meta":[],"_links":{"self":[{"href":"https:\/\/maxeville.fr\/index.php\/wp-json\/wp\/v2\/pages\/397"}],"collection":[{"href":"https:\/\/maxeville.fr\/index.php\/wp-json\/wp\/v2\/pages"}],"about":[{"href":"https:\/\/maxeville.fr\/index.php\/wp-json\/wp\/v2\/types\/page"}],"author":[{"embeddable":true,"href":"https:\/\/maxeville.fr\/index.php\/wp-json\/wp\/v2\/users\/1"}],"replies":[{"embeddable":true,"href":"https:\/\/maxeville.fr\/index.php\/wp-json\/wp\/v2\/comments?post=397"}],"version-history":[{"count":152,"href":"https:\/\/maxeville.fr\/index.php\/wp-json\/wp\/v2\/pages\/397\/revisions"}],"predecessor-version":[{"id":19373,"href":"https:\/\/maxeville.fr\/index.php\/wp-json\/wp\/v2\/pages\/397\/revisions\/19373"}],"up":[{"embeddable":true,"href":"https:\/\/maxeville.fr\/index.php\/wp-json\/wp\/v2\/pages\/391"}],"wp:attachment":[{"href":"https:\/\/maxeville.fr\/index.php\/wp-json\/wp\/v2\/media?parent=397"}],"curies":[{"name":"wp","href":"https:\/\/api.w.org\/{rel}","templated":true}]}}