{"id":401,"date":"2016-04-06T12:49:24","date_gmt":"2016-04-06T14:49:24","guid":{"rendered":"http:\/\/www.maxeville.fr\/?page_id=401"},"modified":"2024-05-13T14:17:42","modified_gmt":"2024-05-13T12:17:42","slug":"site-des-brasseries","status":"publish","type":"page","link":"https:\/\/maxeville.fr\/index.php\/mes-loisirs\/site-des-brasseries\/","title":{"rendered":"Site des Brasseries"},"content":{"rendered":"<h5>Br\u00e8ve histoire du site<\/h5>\n<p>Cr\u00e9\u00e9es en 1896 de la fusion de la brasserie Bettling et de la brasserie Viennoise, les Grandes Brasseries R\u00e9unies de Max\u00e9ville sont rest\u00e9es dans l\u2019histoire de la brasserie fran\u00e7aise comme \u00e9tant l\u2019une des plus importante de son \u00e9poque. Ferm\u00e9e apr\u00e8s la deuxi\u00e8me Guerre mondiale, la brasserie laissera la place aux non moins c\u00e9l\u00e8bres Vins de la Craffe qui occuperont le site jusqu\u2019\u00e0 la fin des ann\u00e9es 90.<\/p>\n<h5><\/h5>\n<p>Le site des Brasseries accueille un grand nombre d\u2019acteurs vari\u00e9s, associations, entreprises, micro-entrepreneurs, services municipaux.<\/p>\n<p>Les Brasseries sont \u00e9galement le th\u00e9\u00e2tre de grandes et petites manifestations\u00a0: la f\u00eate de la bi\u00e8re, co-organis\u00e9e avec l\u2019Union des Brasseurs Grand Est en septembre, une partie du festival Micht\u00f4 en octobre, les rendez-vous musicaux du march\u00e9\u2026<\/p>\n<p>Enfin, le <a href=\"http:\/\/www.maxeville.fr\/index.php\/mon-quotidien\/marche-de-producteurs\/\">march\u00e9 de producteurs<\/a> de Max\u00e9ville se tient chaque jeudi sur le site.<\/p>\n<div style=\"padding-bottom:20px; padding-top:10px;\" class=\"hupso-share-buttons\"><!-- Hupso Share Buttons - https:\/\/www.hupso.com\/share\/ --><a class=\"hupso_toolbar\" href=\"https:\/\/www.hupso.com\/share\/\"><img src=\"https:\/\/static.hupso.com\/share\/buttons\/lang\/fr\/share-medium.png\" style=\"border:0px; padding-top: 5px; float:left;\" alt=\"Share Button\"\/><\/a><script type=\"text\/javascript\">var hupso_services_t=new Array();var hupso_background_t=\"#EAF4FF\";var hupso_border_t=\"#66CCFF\";var hupso_toolbar_size_t=\"medium\";var hupso_image_folder_url = \"\";var hupso_url_t=\"\";var hupso_title_t=\"Site%20des%20Brasseries\";<\/script><script type=\"text\/javascript\" src=\"https:\/\/static.hupso.com\/share\/js\/share_toolbar.js\"><\/script><!-- Hupso Share Buttons --><\/div>","protected":false},"excerpt":{"rendered":"<p>Br\u00e8ve histoire du site Cr\u00e9\u00e9es en 1896 de la fusion de la brasserie Bettling et de la brasserie Viennoise, les Grandes Brasseries R\u00e9unies de Max\u00e9ville sont rest\u00e9es dans&#8230;<\/p>\n","protected":false},"author":1,"featured_media":0,"parent":391,"menu_order":6,"comment_status":"closed","ping_status":"closed","template":"","meta":[],"_links":{"self":[{"href":"https:\/\/maxeville.fr\/index.php\/wp-json\/wp\/v2\/pages\/401"}],"collection":[{"href":"https:\/\/maxeville.fr\/index.php\/wp-json\/wp\/v2\/pages"}],"about":[{"href":"https:\/\/maxeville.fr\/index.php\/wp-json\/wp\/v2\/types\/page"}],"author":[{"embeddable":true,"href":"https:\/\/maxeville.fr\/index.php\/wp-json\/wp\/v2\/users\/1"}],"replies":[{"embeddable":true,"href":"https:\/\/maxeville.fr\/index.php\/wp-json\/wp\/v2\/comments?post=401"}],"version-history":[{"count":15,"href":"https:\/\/maxeville.fr\/index.php\/wp-json\/wp\/v2\/pages\/401\/revisions"}],"predecessor-version":[{"id":16001,"href":"https:\/\/maxeville.fr\/index.php\/wp-json\/wp\/v2\/pages\/401\/revisions\/16001"}],"up":[{"embeddable":true,"href":"https:\/\/maxeville.fr\/index.php\/wp-json\/wp\/v2\/pages\/391"}],"wp:attachment":[{"href":"https:\/\/maxeville.fr\/index.php\/wp-json\/wp\/v2\/media?parent=401"}],"curies":[{"name":"wp","href":"https:\/\/api.w.org\/{rel}","templated":true}]}}