{"id":403,"date":"2016-04-06T12:49:37","date_gmt":"2016-04-06T14:49:37","guid":{"rendered":"http:\/\/www.maxeville.fr\/?page_id=403"},"modified":"2025-01-22T16:42:21","modified_gmt":"2025-01-22T15:42:21","slug":"associations-culturelles","status":"publish","type":"page","link":"https:\/\/maxeville.fr\/index.php\/mes-loisirs\/associations-culturelles\/","title":{"rendered":"Associations culturelles"},"content":{"rendered":"<h5>Un tissu associatif dynamique<\/h5>\n<p>Les acteurs associatifs, b\u00e9n\u00e9voles ou salari\u00e9s, jouent un r\u00f4le majeur dans la vie de la commune de Max\u00e9ville.<br \/>\nLes actions qu\u2019ils portent, leur implication dans les manifestations communales, le relais qu\u2019ils assurent aupr\u00e8s de la population participent \u00e0 cr\u00e9er l\u2019indispensable lien social n\u00e9cessaire au vivre ensemble sur notre territoire.<br \/>\nPour ces raisons, la ville de Max\u00e9ville soutient le travail des associations qui \u0153uvrent sur son territoire, en direction des Max\u00e9villois, dans les domaines du sport, de la culture et des loisirs.<\/p>\n<hr \/>\n<h5>Demande de subvention<\/h5>\n<p>Comme chaque ann\u00e9e, notre collectivit\u00e9 soutient votre association dans le cadre des projets, activit\u00e9s et \u00e9v\u00e9nements qu\u2019elle organise.<\/p>\n<p>Afin de nous permettre de r\u00e9pondre au mieux \u00e0 une \u00e9ventuelle participation financi\u00e8re, vous trouverez ci-joint, un dossier de demande de subvention, \u00e0 nous retourner\u00a0<strong>avant le 17 janvier 2025.<\/strong><\/p>\n<p>Votre demande de subvention ne sera \u00e9tudi\u00e9e que si elle est d\u00fbment remplie et accompagn\u00e9e de tous les documents demand\u00e9s.<\/p>\n<p>Votre dossier sera alors pr\u00e9sent\u00e9 \u00e0 une prochaine Commission Permanente.<\/p>\n<ul>\n<li><a href=\"https:\/\/maxeville.fr\/wp-content\/uploads\/2024\/11\/Dossier-subvention-sport-culture-loisirs-2025.pdf\" target=\"_blank\" rel=\"noopener\">Associations Sport, Culture, Loisirs<\/a><\/li>\n<li><a href=\"https:\/\/maxeville.fr\/wp-content\/uploads\/2024\/11\/Formulaire_signature_CER.pdf\" target=\"_blank\" rel=\"noopener\">Contrat r\u00e9publicain<\/a><\/li>\n<\/ul>\n<p><em>Les informations personnelles que vous communiquez par renseignement de ce formulaire ci dessus sont strictement confidentielles et transmises au personnel de la ville de Max\u00e9ville en charge du traitement de votre demande. Pour en savoir plus sur le traitement des donn\u00e9es personnelles, <a href=\"https:\/\/maxeville.fr\/index.php\/contact\/\">c&#8217;est ici.<\/a><\/em><\/p>\n<div style=\"padding-bottom:20px; padding-top:10px;\" class=\"hupso-share-buttons\"><!-- Hupso Share Buttons - https:\/\/www.hupso.com\/share\/ --><a class=\"hupso_toolbar\" href=\"https:\/\/www.hupso.com\/share\/\"><img src=\"https:\/\/static.hupso.com\/share\/buttons\/lang\/fr\/share-medium.png\" style=\"border:0px; padding-top: 5px; float:left;\" alt=\"Share Button\"\/><\/a><script type=\"text\/javascript\">var hupso_services_t=new Array();var hupso_background_t=\"#EAF4FF\";var hupso_border_t=\"#66CCFF\";var hupso_toolbar_size_t=\"medium\";var hupso_image_folder_url = \"\";var hupso_url_t=\"\";var hupso_title_t=\"Associations%20culturelles\";<\/script><script type=\"text\/javascript\" src=\"https:\/\/static.hupso.com\/share\/js\/share_toolbar.js\"><\/script><!-- Hupso Share Buttons --><\/div>","protected":false},"excerpt":{"rendered":"<p>Un tissu associatif dynamique Les acteurs associatifs, b\u00e9n\u00e9voles ou salari\u00e9s, jouent un r\u00f4le majeur dans la vie de la commune de Max\u00e9ville. Les actions qu\u2019ils portent, leur implication&#8230;<\/p>\n","protected":false},"author":1,"featured_media":0,"parent":391,"menu_order":7,"comment_status":"closed","ping_status":"closed","template":"","meta":[],"_links":{"self":[{"href":"https:\/\/maxeville.fr\/index.php\/wp-json\/wp\/v2\/pages\/403"}],"collection":[{"href":"https:\/\/maxeville.fr\/index.php\/wp-json\/wp\/v2\/pages"}],"about":[{"href":"https:\/\/maxeville.fr\/index.php\/wp-json\/wp\/v2\/types\/page"}],"author":[{"embeddable":true,"href":"https:\/\/maxeville.fr\/index.php\/wp-json\/wp\/v2\/users\/1"}],"replies":[{"embeddable":true,"href":"https:\/\/maxeville.fr\/index.php\/wp-json\/wp\/v2\/comments?post=403"}],"version-history":[{"count":23,"href":"https:\/\/maxeville.fr\/index.php\/wp-json\/wp\/v2\/pages\/403\/revisions"}],"predecessor-version":[{"id":17398,"href":"https:\/\/maxeville.fr\/index.php\/wp-json\/wp\/v2\/pages\/403\/revisions\/17398"}],"up":[{"embeddable":true,"href":"https:\/\/maxeville.fr\/index.php\/wp-json\/wp\/v2\/pages\/391"}],"wp:attachment":[{"href":"https:\/\/maxeville.fr\/index.php\/wp-json\/wp\/v2\/media?parent=403"}],"curies":[{"name":"wp","href":"https:\/\/api.w.org\/{rel}","templated":true}]}}