{"id":409,"date":"2016-04-06T12:50:00","date_gmt":"2016-04-06T14:50:00","guid":{"rendered":"http:\/\/www.maxeville.fr\/?page_id=409"},"modified":"2026-01-07T09:31:53","modified_gmt":"2026-01-07T08:31:53","slug":"voyages-seniors","status":"publish","type":"page","link":"https:\/\/maxeville.fr\/index.php\/mes-loisirs\/voyages-seniors\/","title":{"rendered":"Voyages seniors"},"content":{"rendered":"<h5>S\u00e9jour seniors<\/h5>\n<p>Pour rompre l\u2019isolement, s\u2019\u00e9chapper du quotidien, cr\u00e9er des liens et privil\u00e9gier les conviviaux, il est propos\u00e9 aux seniors de participer \u00e0 un s\u00e9jour s\u00e9niors. Au programme : d\u00e9couverte d&#8217;une ville, promenade, animations et soir\u00e9es festives. Destin\u00e9 aux personnes de 60 ans et plus et de 55 ans et plus en situation de handicap. Une aide de l&#8217;ANCV est possible. Paiement en plusieurs fois accept\u00e9.<\/p>\n<h5>Voyage seniors d&#8217;une journ\u00e9e<\/h5>\n<p>La ville propose \u00e9galement un voyage d&#8217;une journ\u00e9e pour les seniors de 65 ans et plus.<\/p>\n<p>Renseignements\u00a0 aupr\u00e8s de Corinne G\u00e9nin au Point Accueil Seniors de la Mairie\u00a0au 03 83 32 30 00.<\/p>\n<div style=\"padding-bottom:20px; padding-top:10px;\" class=\"hupso-share-buttons\"><!-- Hupso Share Buttons - https:\/\/www.hupso.com\/share\/ --><a class=\"hupso_toolbar\" href=\"https:\/\/www.hupso.com\/share\/\"><img src=\"https:\/\/static.hupso.com\/share\/buttons\/lang\/fr\/share-medium.png\" style=\"border:0px; padding-top: 5px; float:left;\" alt=\"Share Button\"\/><\/a><script type=\"text\/javascript\">var hupso_services_t=new Array();var hupso_background_t=\"#EAF4FF\";var hupso_border_t=\"#66CCFF\";var hupso_toolbar_size_t=\"medium\";var hupso_image_folder_url = \"\";var hupso_url_t=\"\";var hupso_title_t=\"Voyages%20seniors\";<\/script><script type=\"text\/javascript\" src=\"https:\/\/static.hupso.com\/share\/js\/share_toolbar.js\"><\/script><!-- Hupso Share Buttons --><\/div>","protected":false},"excerpt":{"rendered":"<p>S\u00e9jour seniors Pour rompre l\u2019isolement, s\u2019\u00e9chapper du quotidien, cr\u00e9er des liens et privil\u00e9gier les conviviaux, il est propos\u00e9 aux seniors de participer \u00e0 un s\u00e9jour s\u00e9niors. Au programme&#8230;<\/p>\n","protected":false},"author":1,"featured_media":0,"parent":391,"menu_order":13,"comment_status":"closed","ping_status":"closed","template":"","meta":[],"_links":{"self":[{"href":"https:\/\/maxeville.fr\/index.php\/wp-json\/wp\/v2\/pages\/409"}],"collection":[{"href":"https:\/\/maxeville.fr\/index.php\/wp-json\/wp\/v2\/pages"}],"about":[{"href":"https:\/\/maxeville.fr\/index.php\/wp-json\/wp\/v2\/types\/page"}],"author":[{"embeddable":true,"href":"https:\/\/maxeville.fr\/index.php\/wp-json\/wp\/v2\/users\/1"}],"replies":[{"embeddable":true,"href":"https:\/\/maxeville.fr\/index.php\/wp-json\/wp\/v2\/comments?post=409"}],"version-history":[{"count":5,"href":"https:\/\/maxeville.fr\/index.php\/wp-json\/wp\/v2\/pages\/409\/revisions"}],"predecessor-version":[{"id":18922,"href":"https:\/\/maxeville.fr\/index.php\/wp-json\/wp\/v2\/pages\/409\/revisions\/18922"}],"up":[{"embeddable":true,"href":"https:\/\/maxeville.fr\/index.php\/wp-json\/wp\/v2\/pages\/391"}],"wp:attachment":[{"href":"https:\/\/maxeville.fr\/index.php\/wp-json\/wp\/v2\/media?parent=409"}],"curies":[{"name":"wp","href":"https:\/\/api.w.org\/{rel}","templated":true}]}}