{"id":423,"date":"2016-04-06T12:50:56","date_gmt":"2016-04-06T14:50:56","guid":{"rendered":"http:\/\/www.maxeville.fr\/?page_id=423"},"modified":"2021-01-07T16:09:42","modified_gmt":"2021-01-07T15:09:42","slug":"equipements-sportifs","status":"publish","type":"page","link":"https:\/\/maxeville.fr\/index.php\/mes-loisirs\/equipements-sportifs\/","title":{"rendered":"\u00c9quipements sportifs"},"content":{"rendered":"<p align=\"JUSTIFY\">Pour mettre en \u0153uvre sa politique sportive, la Mairie de Max\u00e9ville peut s\u2019appuyer sur de nombreux \u00e9quipements de qualit\u00e9 dont elle assure l\u2019entretien et garantit la s\u00e9curit\u00e9.<\/p>\n<p align=\"JUSTIFY\">Ainsi, la ville dispose dans tous ses quartiers de structures multisports permettant la pratique du sport en plein air ou \u00e0 l\u2019int\u00e9rieur. Ces \u00e9quipements sont \u00e0 la disposition de tous les Max\u00e9villois qui souhaitent pratiquer une activit\u00e9 sportive au sein d\u2019une association.<\/p>\n<h5 align=\"JUSTIFY\">Complexe sportif Marie Marvingt<\/h5>\n<h3 align=\"JUSTIFY\">11 rue Solvay \/ 03 83 37 01 65<\/h3>\n<p align=\"JUSTIFY\">Disposant d\u2019un gymnase, d\u2019un dojo et d\u2019une salle de chor\u00e9graphie cet \u00e9quipement est situ\u00e9 au centre de Max\u00e9ville. Il permet la pratique des activit\u00e9s suivantes\u00a0: handball, volley, kick boxing, karat\u00e9, a\u00efkido, boxe chinoise, judo, danse, renforcement musculaire et remise en forme (step, zumba\u2026).<\/p>\n<p align=\"JUSTIFY\">\n<h5 align=\"JUSTIFY\">Complexe sportif L\u00e9o Lagrange<\/h5>\n<h3 align=\"JUSTIFY\">16, rue de l\u2019Orne\/ 03 83 98 14 99<\/h3>\n<p align=\"JUSTIFY\">\n<p align=\"JUSTIFY\">Equip\u00e9 d\u2019un gymnase, d\u2019un dojo, d\u2019une salle polyvalente et d\u2019une salle de chor\u00e9graphie, ce complexe est au c\u0153ur du quartier du Champ-Le-B\u0153uf. Il permet la pratique des activit\u00e9s sportives suivantes\u00a0: basket, chearleading, majorettes et twirling b\u00e2ton, cardio-boxe et initiation \u00e0 la boxe, danse, renforcement musculaire et remise en forme (zumba, pilates, body scult\u2026), a\u00efkido, wing-chun et penchak-silat (arts martiaux), gym acrobatique\u2026<\/p>\n<p align=\"JUSTIFY\">\n<h5 align=\"JUSTIFY\">Stade Darnys<\/h5>\n<h3 align=\"JUSTIFY\"><b>Rue Henri Brun \/ 03 83<\/b> 56<b> 62 89<\/b><\/h3>\n<p align=\"JUSTIFY\">\n<p align=\"JUSTIFY\">Deux terrains de foot (en herbe et synth\u00e9tique) composent ce stade qui est consacr\u00e9 \u00e0 la pratique du football.<\/p>\n<p align=\"JUSTIFY\">\n<h5 align=\"JUSTIFY\">Gymnase Vautrin<\/h5>\n<h3 align=\"JUSTIFY\"><b>Rue<\/b> Charcot<\/h3>\n<p align=\"JUSTIFY\">\n<p align=\"JUSTIFY\">Le gymnase fait partie de l\u2019\u00e9tablissement scolaire Andr\u00e9 Vautrin et est utilis\u00e9 sur le temps non scolaire pour la pratique du Qi Gong et du Tai Qi Quan, ainsi que de la danse africaine et du break dance.<\/p>\n<p align=\"JUSTIFY\">\n<div style=\"padding-bottom:20px; padding-top:10px;\" class=\"hupso-share-buttons\"><!-- Hupso Share Buttons - https:\/\/www.hupso.com\/share\/ --><a class=\"hupso_toolbar\" href=\"https:\/\/www.hupso.com\/share\/\"><img src=\"https:\/\/static.hupso.com\/share\/buttons\/lang\/fr\/share-medium.png\" style=\"border:0px; padding-top: 5px; float:left;\" alt=\"Share Button\"\/><\/a><script type=\"text\/javascript\">var hupso_services_t=new Array();var hupso_background_t=\"#EAF4FF\";var hupso_border_t=\"#66CCFF\";var hupso_toolbar_size_t=\"medium\";var hupso_image_folder_url = \"\";var hupso_url_t=\"\";var hupso_title_t=\"%C3%89quipements%20sportifs\";<\/script><script type=\"text\/javascript\" src=\"https:\/\/static.hupso.com\/share\/js\/share_toolbar.js\"><\/script><!-- Hupso Share Buttons --><\/div>","protected":false},"excerpt":{"rendered":"<p>Pour mettre en \u0153uvre sa politique sportive, la Mairie de Max\u00e9ville peut s\u2019appuyer sur de nombreux \u00e9quipements de qualit\u00e9 dont elle assure l\u2019entretien et garantit la s\u00e9curit\u00e9. Ainsi,&#8230;<\/p>\n","protected":false},"author":1,"featured_media":0,"parent":391,"menu_order":15,"comment_status":"closed","ping_status":"closed","template":"","meta":[],"_links":{"self":[{"href":"https:\/\/maxeville.fr\/index.php\/wp-json\/wp\/v2\/pages\/423"}],"collection":[{"href":"https:\/\/maxeville.fr\/index.php\/wp-json\/wp\/v2\/pages"}],"about":[{"href":"https:\/\/maxeville.fr\/index.php\/wp-json\/wp\/v2\/types\/page"}],"author":[{"embeddable":true,"href":"https:\/\/maxeville.fr\/index.php\/wp-json\/wp\/v2\/users\/1"}],"replies":[{"embeddable":true,"href":"https:\/\/maxeville.fr\/index.php\/wp-json\/wp\/v2\/comments?post=423"}],"version-history":[{"count":6,"href":"https:\/\/maxeville.fr\/index.php\/wp-json\/wp\/v2\/pages\/423\/revisions"}],"predecessor-version":[{"id":9584,"href":"https:\/\/maxeville.fr\/index.php\/wp-json\/wp\/v2\/pages\/423\/revisions\/9584"}],"up":[{"embeddable":true,"href":"https:\/\/maxeville.fr\/index.php\/wp-json\/wp\/v2\/pages\/391"}],"wp:attachment":[{"href":"https:\/\/maxeville.fr\/index.php\/wp-json\/wp\/v2\/media?parent=423"}],"curies":[{"name":"wp","href":"https:\/\/api.w.org\/{rel}","templated":true}]}}