{"id":427,"date":"2016-04-06T12:51:15","date_gmt":"2016-04-06T14:51:15","guid":{"rendered":"http:\/\/www.maxeville.fr\/?page_id=427"},"modified":"2024-10-07T09:25:07","modified_gmt":"2024-10-07T07:25:07","slug":"gym-douce-seniors","status":"publish","type":"page","link":"https:\/\/maxeville.fr\/index.php\/mes-loisirs\/gym-douce-seniors\/","title":{"rendered":"Gym douce seniors"},"content":{"rendered":"<h3>Les cours de gym seniors reprennent&#8230;<\/h3>\n<p>Destin\u00e9es aux Max\u00e9villois de 60 ans et plus, les s\u00e9ances seront dispens\u00e9es d\u00e8s octobre par un \u00e9ducateur sportif dipl\u00f4m\u00e9 d\u2019Etat.<\/p>\n<p>Ainsi, elles auront lieu\u00a0:<\/p>\n<ul>\n<li><em>chaque mardi de 10h \u00e0 12h<\/em> au gymnase Marie Marvingt,<\/li>\n<\/ul>\n<h3>Le tarif propos\u00e9 :<\/h3>\n<ul>\n<li>Une participation financi\u00e8re de 3,50 \u20ac par s\u00e9ance sera demand\u00e9e aux b\u00e9n\u00e9ficiaires et encaiss\u00e9e par la collectivit\u00e9 lors de l\u2019inscription, avec la possibilit\u00e9 d\u2019un r\u00e8glement en une fois ou en deux fois.Soit un montant global de 105 \u20ac correspondant \u00e0 30 s\u00e9ances x 3,50 \u20ac.Chaque adh\u00e9rent pourra b\u00e9n\u00e9ficier de 30 s\u00e9ances.<\/li>\n<li>Les inscriptions se font aupr\u00e8s de Corinne G\u00e9nin, coordinatrice du Point Accueil Seniors au <em>03 83 32 69 67<\/em>.<\/li>\n<\/ul>\n<h3>Il existe aussi des s\u00e9ances de sophro-relaxation, en savoir + <a href=\"https:\/\/maxeville.fr\/index.php\/sophro-relaxation-seniors\/\">par ici !<\/a><\/h3>\n<div style=\"padding-bottom:20px; padding-top:10px;\" class=\"hupso-share-buttons\"><!-- Hupso Share Buttons - https:\/\/www.hupso.com\/share\/ --><a class=\"hupso_toolbar\" href=\"https:\/\/www.hupso.com\/share\/\"><img src=\"https:\/\/static.hupso.com\/share\/buttons\/lang\/fr\/share-medium.png\" style=\"border:0px; padding-top: 5px; float:left;\" alt=\"Share Button\"\/><\/a><script type=\"text\/javascript\">var hupso_services_t=new Array();var hupso_background_t=\"#EAF4FF\";var hupso_border_t=\"#66CCFF\";var hupso_toolbar_size_t=\"medium\";var hupso_image_folder_url = \"\";var hupso_url_t=\"\";var hupso_title_t=\"Gym%20douce%20seniors\";<\/script><script type=\"text\/javascript\" src=\"https:\/\/static.hupso.com\/share\/js\/share_toolbar.js\"><\/script><!-- Hupso Share Buttons --><\/div>","protected":false},"excerpt":{"rendered":"<p>Les cours de gym seniors reprennent&#8230; Destin\u00e9es aux Max\u00e9villois de 60 ans et plus, les s\u00e9ances seront dispens\u00e9es d\u00e8s octobre par un \u00e9ducateur sportif dipl\u00f4m\u00e9 d\u2019Etat. Ainsi, elles&#8230;<\/p>\n","protected":false},"author":1,"featured_media":0,"parent":391,"menu_order":16,"comment_status":"closed","ping_status":"closed","template":"","meta":[],"_links":{"self":[{"href":"https:\/\/maxeville.fr\/index.php\/wp-json\/wp\/v2\/pages\/427"}],"collection":[{"href":"https:\/\/maxeville.fr\/index.php\/wp-json\/wp\/v2\/pages"}],"about":[{"href":"https:\/\/maxeville.fr\/index.php\/wp-json\/wp\/v2\/types\/page"}],"author":[{"embeddable":true,"href":"https:\/\/maxeville.fr\/index.php\/wp-json\/wp\/v2\/users\/1"}],"replies":[{"embeddable":true,"href":"https:\/\/maxeville.fr\/index.php\/wp-json\/wp\/v2\/comments?post=427"}],"version-history":[{"count":5,"href":"https:\/\/maxeville.fr\/index.php\/wp-json\/wp\/v2\/pages\/427\/revisions"}],"predecessor-version":[{"id":16815,"href":"https:\/\/maxeville.fr\/index.php\/wp-json\/wp\/v2\/pages\/427\/revisions\/16815"}],"up":[{"embeddable":true,"href":"https:\/\/maxeville.fr\/index.php\/wp-json\/wp\/v2\/pages\/391"}],"wp:attachment":[{"href":"https:\/\/maxeville.fr\/index.php\/wp-json\/wp\/v2\/media?parent=427"}],"curies":[{"name":"wp","href":"https:\/\/api.w.org\/{rel}","templated":true}]}}