{"id":4328,"date":"2018-04-27T16:43:54","date_gmt":"2018-04-27T14:43:54","guid":{"rendered":"http:\/\/maxeville.fr\/?page_id=4328"},"modified":"2026-02-05T15:03:15","modified_gmt":"2026-02-05T14:03:15","slug":"offres-emploi","status":"publish","type":"page","link":"https:\/\/maxeville.fr\/index.php\/mon-quotidien\/offres-emploi\/","title":{"rendered":"Travailler \u00e0 Max\u00e9ville"},"content":{"rendered":"\n<figure class=\"wp-block-image size-wcslider is-resized\"><img decoding=\"async\" loading=\"lazy\" src=\"https:\/\/maxeville.fr\/wp-content\/uploads\/2020\/06\/pexels-photo-dev-eco-site-internet-1100x500.jpeg\" alt=\"\" class=\"wp-image-8442\" width=\"527\" height=\"239\"\/><\/figure>\n\n\n\n<p><strong>PRIORIT\u00c9 A L&#8217;EMPLOI<\/strong><\/p>\n\n\n\n<p><a href=\"https:\/\/maxeville.fr\/index.php\/ma-famille\/service-emploi\/\">Service Emploi <\/a><\/p>\n\n\n\n<p><a rel=\"noreferrer noopener\" href=\"https:\/\/maxeville.fr\/index.php\/offres-demploi\/\" data-type=\"URL\" data-id=\"https:\/\/maxeville.fr\/index.php\/offres-demploi\/\" target=\"_blank\">Offres d&#8217;emploi<\/a> de la ville de Max\u00e9ville<\/p>\n\n\n\n<p><strong>SITUATION ET ACC\u00c8S<\/strong><\/p>\n\n\n\n<p><a href=\"https:\/\/maxeville.fr\/index.php\/ma-ville\/situation-geographique\/\">Situation g\u00e9ographique<\/a><\/p>\n\n\n\n<p><strong>ZONES D\u2019ACTIVIT\u00c9S\/<\/strong> <strong>MAX<strong>\u00c9<\/strong>VILLE ARTICOM <\/strong><\/p>\n\n\n\n<p><a href=\"https:\/\/maxeville.fr\/index.php\/ma-ville\/zones-activites\/\">Zones d&#8217;activit\u00e9<\/a><\/p>\n\n\n\n<p><a href=\"https:\/\/maxeville.fr\/index.php\/ma-ville\/maxeville-articom\/\">Max\u00e9ville ARTICOM<\/a><\/p>\n\n\n\n<p><strong>S&#8217;IMPLANTER \u00c0 MAX<strong>\u00c9<\/strong>VILLE<\/strong><\/p>\n\n\n\n<p><a href=\"https:\/\/maxeville.fr\/index.php\/ma-ville\/restauration-ambulante\/\">Food Truck<\/a><\/p>\n\n\n\n<p><a href=\"https:\/\/maxeville.fr\/index.php\/mon-quotidien\/implantation-marche\/\">Implantation au march\u00e9<\/a><\/p>\n\n\n\n<p><a href=\"https:\/\/maxeville.fr\/index.php\/mon-quotidien\/publicite-exterieure\/\">Publicit\u00e9 ext\u00e9rieure<\/a><\/p>\n<div style=\"padding-bottom:20px; padding-top:10px;\" class=\"hupso-share-buttons\"><!-- Hupso Share Buttons - https:\/\/www.hupso.com\/share\/ --><a class=\"hupso_toolbar\" href=\"https:\/\/www.hupso.com\/share\/\"><img src=\"https:\/\/static.hupso.com\/share\/buttons\/lang\/fr\/share-medium.png\" style=\"border:0px; padding-top: 5px; float:left;\" alt=\"Share Button\"\/><\/a><script type=\"text\/javascript\">var hupso_services_t=new Array();var hupso_background_t=\"#EAF4FF\";var hupso_border_t=\"#66CCFF\";var hupso_toolbar_size_t=\"medium\";var hupso_image_folder_url = \"\";var hupso_url_t=\"\";var hupso_title_t=\"Travailler%20%C3%A0%20Max%C3%A9ville\";<\/script><script type=\"text\/javascript\" src=\"https:\/\/static.hupso.com\/share\/js\/share_toolbar.js\"><\/script><!-- Hupso Share Buttons --><\/div>","protected":false},"excerpt":{"rendered":"<p>PRIORIT\u00c9 A L&#8217;EMPLOI Service Emploi Offres d&#8217;emploi de la ville de Max\u00e9ville SITUATION ET ACC\u00c8S Situation g\u00e9ographique ZONES D\u2019ACTIVIT\u00c9S\/ MAX\u00c9VILLE ARTICOM Zones d&#8217;activit\u00e9 Max\u00e9ville ARTICOM S&#8217;IMPLANTER \u00c0 MAX\u00c9VILLE&#8230;<\/p>\n","protected":false},"author":1,"featured_media":0,"parent":242,"menu_order":0,"comment_status":"closed","ping_status":"closed","template":"","meta":[],"_links":{"self":[{"href":"https:\/\/maxeville.fr\/index.php\/wp-json\/wp\/v2\/pages\/4328"}],"collection":[{"href":"https:\/\/maxeville.fr\/index.php\/wp-json\/wp\/v2\/pages"}],"about":[{"href":"https:\/\/maxeville.fr\/index.php\/wp-json\/wp\/v2\/types\/page"}],"author":[{"embeddable":true,"href":"https:\/\/maxeville.fr\/index.php\/wp-json\/wp\/v2\/users\/1"}],"replies":[{"embeddable":true,"href":"https:\/\/maxeville.fr\/index.php\/wp-json\/wp\/v2\/comments?post=4328"}],"version-history":[{"count":56,"href":"https:\/\/maxeville.fr\/index.php\/wp-json\/wp\/v2\/pages\/4328\/revisions"}],"predecessor-version":[{"id":19068,"href":"https:\/\/maxeville.fr\/index.php\/wp-json\/wp\/v2\/pages\/4328\/revisions\/19068"}],"up":[{"embeddable":true,"href":"https:\/\/maxeville.fr\/index.php\/wp-json\/wp\/v2\/pages\/242"}],"wp:attachment":[{"href":"https:\/\/maxeville.fr\/index.php\/wp-json\/wp\/v2\/media?parent=4328"}],"curies":[{"name":"wp","href":"https:\/\/api.w.org\/{rel}","templated":true}]}}