{"id":433,"date":"2016-04-06T12:51:50","date_gmt":"2016-04-06T14:51:50","guid":{"rendered":"http:\/\/www.maxeville.fr\/?page_id=433"},"modified":"2025-10-14T11:46:58","modified_gmt":"2025-10-14T09:46:58","slug":"association-solidarite-emploi","status":"publish","type":"page","link":"https:\/\/maxeville.fr\/index.php\/ma-famille\/association-solidarite-emploi\/","title":{"rendered":"Associations Solidarit\u00e9 et Emploi"},"content":{"rendered":"<p>La Ville de Max\u00e9ville soutient, au travers de ses subventions, de nombreuses associations dans le secteur de la solidarit\u00e9, du d\u00e9veloppement \u00e9conomique et de la coh\u00e9sion sociale. Malgr\u00e9 un contexte financier de plus en plus contraint, la Ville continue \u00e0 accro\u00eetre cet effort en direction des acteurs associatifs, qui expriment la vitalit\u00e9 et la cr\u00e9ativit\u00e9 de notre territoire.<\/p>\n<p>Dans le secteur de la solidarit\u00e9, les subventions s\u2019inscrivent dans le cadre des orientations strat\u00e9giques d\u00e9velopp\u00e9es lors du d\u00e9bat d\u2019orientation budg\u00e9taire et du budget autour du d\u00e9veloppement social local. Ce dernier consiste en la mise en \u0153uvre d\u2019une dynamique autour du tissu social par la mobilisation de toutes les politiques publiques, et l\u2019encouragement d\u2019initiatives.<\/p>\n<h5>Demande de subvention :<\/h5>\n<p>Comme chaque ann\u00e9e, notre collectivit\u00e9 soutient votre association dans le cadre des projets, activit\u00e9s et \u00e9v\u00e9nements qu\u2019elle organise.<\/p>\n<p>Afin de nous permettre de r\u00e9pondre au mieux \u00e0 une \u00e9ventuelle participation financi\u00e8re, vous trouverez ci-joint, un dossier de demande de subvention \u00a0\u00e0 retourner.<\/p>\n<p>Votre demande de subvention ne sera \u00e9tudi\u00e9e que si elle est d\u00fbment remplie et accompagn\u00e9e de tous les documents demand\u00e9s.<\/p>\n<p><strong><span style=\"color: #ff0000;\">2026 &#8211;<\/span><\/strong> T\u00e9l\u00e9charger le dossier :\u00a0 <a href=\"https:\/\/maxeville.fr\/wp-content\/uploads\/2025\/10\/Dossier-subvention-2026-Solidarite.pdf\" target=\"_blank\" rel=\"noopener\">demande de subvention | associations &#8220;Solidarit\u00e9&#8221;<\/a><br \/>\n<strong>&gt;\u00e0 retourner avant <u>le 12 d\u00e9cembre\u00a0 2025.<\/u><\/strong><\/p>\n<div style=\"padding-bottom:20px; padding-top:10px;\" class=\"hupso-share-buttons\"><!-- Hupso Share Buttons - https:\/\/www.hupso.com\/share\/ --><a class=\"hupso_toolbar\" href=\"https:\/\/www.hupso.com\/share\/\"><img src=\"https:\/\/static.hupso.com\/share\/buttons\/lang\/fr\/share-medium.png\" style=\"border:0px; padding-top: 5px; float:left;\" alt=\"Share Button\"\/><\/a><script type=\"text\/javascript\">var hupso_services_t=new Array();var hupso_background_t=\"#EAF4FF\";var hupso_border_t=\"#66CCFF\";var hupso_toolbar_size_t=\"medium\";var hupso_image_folder_url = \"\";var hupso_url_t=\"\";var hupso_title_t=\"Associations%20Solidarit%C3%A9%20et%20Emploi\";<\/script><script type=\"text\/javascript\" src=\"https:\/\/static.hupso.com\/share\/js\/share_toolbar.js\"><\/script><!-- Hupso Share Buttons --><\/div>","protected":false},"excerpt":{"rendered":"<p>La Ville de Max\u00e9ville soutient, au travers de ses subventions, de nombreuses associations dans le secteur de la solidarit\u00e9, du d\u00e9veloppement \u00e9conomique et de la coh\u00e9sion sociale. Malgr\u00e9&#8230;<\/p>\n","protected":false},"author":1,"featured_media":0,"parent":341,"menu_order":13,"comment_status":"closed","ping_status":"closed","template":"","meta":[],"_links":{"self":[{"href":"https:\/\/maxeville.fr\/index.php\/wp-json\/wp\/v2\/pages\/433"}],"collection":[{"href":"https:\/\/maxeville.fr\/index.php\/wp-json\/wp\/v2\/pages"}],"about":[{"href":"https:\/\/maxeville.fr\/index.php\/wp-json\/wp\/v2\/types\/page"}],"author":[{"embeddable":true,"href":"https:\/\/maxeville.fr\/index.php\/wp-json\/wp\/v2\/users\/1"}],"replies":[{"embeddable":true,"href":"https:\/\/maxeville.fr\/index.php\/wp-json\/wp\/v2\/comments?post=433"}],"version-history":[{"count":20,"href":"https:\/\/maxeville.fr\/index.php\/wp-json\/wp\/v2\/pages\/433\/revisions"}],"predecessor-version":[{"id":18674,"href":"https:\/\/maxeville.fr\/index.php\/wp-json\/wp\/v2\/pages\/433\/revisions\/18674"}],"up":[{"embeddable":true,"href":"https:\/\/maxeville.fr\/index.php\/wp-json\/wp\/v2\/pages\/341"}],"wp:attachment":[{"href":"https:\/\/maxeville.fr\/index.php\/wp-json\/wp\/v2\/media?parent=433"}],"curies":[{"name":"wp","href":"https:\/\/api.w.org\/{rel}","templated":true}]}}