{"id":435,"date":"2016-04-06T12:52:00","date_gmt":"2016-04-06T14:52:00","guid":{"rendered":"http:\/\/www.maxeville.fr\/?page_id=435"},"modified":"2024-02-05T15:10:31","modified_gmt":"2024-02-05T14:10:31","slug":"mjc-massinon","status":"publish","type":"page","link":"https:\/\/maxeville.fr\/index.php\/mes-loisirs\/mjc-massinon\/","title":{"rendered":"MJC Massinon"},"content":{"rendered":"<p><img decoding=\"async\" loading=\"lazy\" class=\"alignnone size-full wp-image-8461\" src=\"https:\/\/maxeville.fr\/wp-content\/uploads\/2020\/06\/MJC-Massinon-Logo.jpg\" alt=\"\" width=\"307\" height=\"89\" srcset=\"https:\/\/maxeville.fr\/wp-content\/uploads\/2020\/06\/MJC-Massinon-Logo.jpg 307w, https:\/\/maxeville.fr\/wp-content\/uploads\/2020\/06\/MJC-Massinon-Logo-300x87.jpg 300w, https:\/\/maxeville.fr\/wp-content\/uploads\/2020\/06\/MJC-Massinon-Logo-250x72.jpg 250w, https:\/\/maxeville.fr\/wp-content\/uploads\/2020\/06\/MJC-Massinon-Logo-24x7.jpg 24w, https:\/\/maxeville.fr\/wp-content\/uploads\/2020\/06\/MJC-Massinon-Logo-36x10.jpg 36w, https:\/\/maxeville.fr\/wp-content\/uploads\/2020\/06\/MJC-Massinon-Logo-48x14.jpg 48w\" sizes=\"(max-width: 307px) 100vw, 307px\" \/><\/p>\n<p>La MJC porte le nom de Massinon (Jean-Christophe Massinon), artiste et plasticien, qui croyait en un rapport simple, actif et quotidien \u00e0 l\u2019art, ce qui l\u2019a conduit \u00e0 intervenir souvent dans le milieu de l\u2019\u00e9ducation populaire. Il souhaitait transmettre le go\u00fbt de l\u2019art, montrer que l\u2019art est aussi \u00e9change, partage, convivialit\u00e9, quelque chose de stimulant et de d\u00e9sirable, producteur d\u2019\u00e9tonnement et d\u2019action.<\/p>\n<p>C\u2019est exactement dans cet esprit qu\u2019a grandi la MJC depuis quelques ann\u00e9es.<\/p>\n<p>C\u2019est un lieu o\u00f9 l\u2019on pratique une activit\u00e9, mais \u00e9galement, un lieu d\u2019une construction du vivre ensemble o\u00f9 tout un chacun est impliqu\u00e9.<\/p>\n<p>+ d&#8217;infos :\u00a0<a href=\"http:\/\/www.mjc-massinon.fr\/\" target=\"_blank\" rel=\"noopener noreferrer\">www.mjc-massinon.fr<\/a><\/p>\n<div style=\"padding-bottom:20px; padding-top:10px;\" class=\"hupso-share-buttons\"><!-- Hupso Share Buttons - https:\/\/www.hupso.com\/share\/ --><a class=\"hupso_toolbar\" href=\"https:\/\/www.hupso.com\/share\/\"><img src=\"https:\/\/static.hupso.com\/share\/buttons\/lang\/fr\/share-medium.png\" style=\"border:0px; padding-top: 5px; float:left;\" alt=\"Share Button\"\/><\/a><script type=\"text\/javascript\">var hupso_services_t=new Array();var hupso_background_t=\"#EAF4FF\";var hupso_border_t=\"#66CCFF\";var hupso_toolbar_size_t=\"medium\";var hupso_image_folder_url = \"\";var hupso_url_t=\"\";var hupso_title_t=\"MJC%20Massinon\";<\/script><script type=\"text\/javascript\" src=\"https:\/\/static.hupso.com\/share\/js\/share_toolbar.js\"><\/script><!-- Hupso Share Buttons --><\/div>","protected":false},"excerpt":{"rendered":"<p>La MJC porte le nom de Massinon (Jean-Christophe Massinon), artiste et plasticien, qui croyait en un rapport simple, actif et quotidien \u00e0 l\u2019art, ce qui l\u2019a conduit \u00e0&#8230;<\/p>\n","protected":false},"author":1,"featured_media":0,"parent":391,"menu_order":4,"comment_status":"closed","ping_status":"closed","template":"","meta":[],"_links":{"self":[{"href":"https:\/\/maxeville.fr\/index.php\/wp-json\/wp\/v2\/pages\/435"}],"collection":[{"href":"https:\/\/maxeville.fr\/index.php\/wp-json\/wp\/v2\/pages"}],"about":[{"href":"https:\/\/maxeville.fr\/index.php\/wp-json\/wp\/v2\/types\/page"}],"author":[{"embeddable":true,"href":"https:\/\/maxeville.fr\/index.php\/wp-json\/wp\/v2\/users\/1"}],"replies":[{"embeddable":true,"href":"https:\/\/maxeville.fr\/index.php\/wp-json\/wp\/v2\/comments?post=435"}],"version-history":[{"count":12,"href":"https:\/\/maxeville.fr\/index.php\/wp-json\/wp\/v2\/pages\/435\/revisions"}],"predecessor-version":[{"id":15436,"href":"https:\/\/maxeville.fr\/index.php\/wp-json\/wp\/v2\/pages\/435\/revisions\/15436"}],"up":[{"embeddable":true,"href":"https:\/\/maxeville.fr\/index.php\/wp-json\/wp\/v2\/pages\/391"}],"wp:attachment":[{"href":"https:\/\/maxeville.fr\/index.php\/wp-json\/wp\/v2\/media?parent=435"}],"curies":[{"name":"wp","href":"https:\/\/api.w.org\/{rel}","templated":true}]}}