{"id":451,"date":"2016-04-06T12:53:45","date_gmt":"2016-04-06T14:53:45","guid":{"rendered":"http:\/\/www.maxeville.fr\/?page_id=451"},"modified":"2023-02-06T11:32:05","modified_gmt":"2023-02-06T10:32:05","slug":"festival-michto","status":"publish","type":"page","link":"https:\/\/maxeville.fr\/index.php\/mes-loisirs\/festival-michto\/","title":{"rendered":"Le Mem\u00f4"},"content":{"rendered":"<p><em>Le MEM\u00d4 est un espace de rencontres entre artistes, techniciens, publics de tous horizons, habitants du quartier Sauvoy et professionnels du secteur culturel. Il se construit entre Nancy et Max\u00e9ville, prolongement naturel du festival Micht\u00f4, il est port\u00e9 par l\u2019\u00e9nergie de son collectif. La volont\u00e9 d&#8217;ouvrir le champ des possibles est un point de ralliement fort pour les membres du collectif et toutes les personnes qui prennent part \u00e0 la construction du projet.<\/em><\/p>\n<p><a href=\"http:\/\/www.le-memo.com\">www.le-memo.com<\/a><\/p>\n<h5>Le Festival Micht\u00f4<\/h5>\n<p>Depuis plus de 10 ans, le festival Micht\u00f4, consacr\u00e9 au cirque et aux arts de la rue, agite la ville et plus particuli\u00e8rement le site du Grand Sauvoy et des Brasseries \u00e0 la fin du mois d\u2019octobre&nbsp;! Organis\u00e9 par le collectif Micht\u00f4, compos\u00e9 d\u2019associations, de compagnies de cirque et de th\u00e9\u00e2tre, d\u2019artistes et de nombreux b\u00e9n\u00e9voles ce festival est une parenth\u00e8se color\u00e9e et artistique dans la grisaille de l\u2019automne.<\/p>\n<p><a href=\"http:\/\/www.festivalmichto.com\" target=\"_blank\" rel=\"noopener noreferrer\">www.festivalmichto.com<\/a><\/p>\n<h5>Les Escapades<\/h5>\n<p>La ville de Max\u00e9ville est partenaire de cet \u00e9v\u00e8nement. Elle travaille \u00e9galement \u00e9troitement avec le collectif, pour apporter l\u2019\u00e9nergie, la cr\u00e9ativit\u00e9 et de la convivialit\u00e9 qui caract\u00e9risent Micht\u00f4 au c\u0153ur du quartier du Champ-Le-B\u0153uf, une semaine avant le festival, lors des <em>Escapades<\/em>.<\/p>\n\n\n<h5 class=\"wp-block-heading\"><strong>L&#8217;Ecole de cirque <\/strong><\/h5>\n\n\n\n<figure class=\"wp-block-image size-large\"><img decoding=\"async\" loading=\"lazy\" width=\"683\" height=\"1024\" src=\"https:\/\/maxeville.fr\/wp-content\/uploads\/2023\/02\/trapeze-volant-Ruben-Silozio-1-1-683x1024.jpg\" alt=\"\" class=\"wp-image-13248\" srcset=\"https:\/\/maxeville.fr\/wp-content\/uploads\/2023\/02\/trapeze-volant-Ruben-Silozio-1-1-683x1024.jpg 683w, https:\/\/maxeville.fr\/wp-content\/uploads\/2023\/02\/trapeze-volant-Ruben-Silozio-1-1-200x300.jpg 200w, https:\/\/maxeville.fr\/wp-content\/uploads\/2023\/02\/trapeze-volant-Ruben-Silozio-1-1-768x1152.jpg 768w, https:\/\/maxeville.fr\/wp-content\/uploads\/2023\/02\/trapeze-volant-Ruben-Silozio-1-1-1024x1536.jpg 1024w, https:\/\/maxeville.fr\/wp-content\/uploads\/2023\/02\/trapeze-volant-Ruben-Silozio-1-1-973x1460.jpg 973w, https:\/\/maxeville.fr\/wp-content\/uploads\/2023\/02\/trapeze-volant-Ruben-Silozio-1-1-508x762.jpg 508w, https:\/\/maxeville.fr\/wp-content\/uploads\/2023\/02\/trapeze-volant-Ruben-Silozio-1-1-250x375.jpg 250w, https:\/\/maxeville.fr\/wp-content\/uploads\/2023\/02\/trapeze-volant-Ruben-Silozio-1-1-550x825.jpg 550w, https:\/\/maxeville.fr\/wp-content\/uploads\/2023\/02\/trapeze-volant-Ruben-Silozio-1-1-800x1200.jpg 800w, https:\/\/maxeville.fr\/wp-content\/uploads\/2023\/02\/trapeze-volant-Ruben-Silozio-1-1-120x180.jpg 120w, https:\/\/maxeville.fr\/wp-content\/uploads\/2023\/02\/trapeze-volant-Ruben-Silozio-1-1-333x500.jpg 333w, https:\/\/maxeville.fr\/wp-content\/uploads\/2023\/02\/trapeze-volant-Ruben-Silozio-1-1-16x24.jpg 16w, https:\/\/maxeville.fr\/wp-content\/uploads\/2023\/02\/trapeze-volant-Ruben-Silozio-1-1-24x36.jpg 24w, https:\/\/maxeville.fr\/wp-content\/uploads\/2023\/02\/trapeze-volant-Ruben-Silozio-1-1-32x48.jpg 32w, https:\/\/maxeville.fr\/wp-content\/uploads\/2023\/02\/trapeze-volant-Ruben-Silozio-1-1.jpg 1280w\" sizes=\"(max-width: 683px) 100vw, 683px\" \/><figcaption>(c) Ruben Silozio<\/figcaption><\/figure>\n\n\n\n<p>Depuis septembre 2020, <strong>l&#8217;\u00e9cole de cirque du MEM\u00d4 a ouvert ses portes<\/strong> et propose \u00e0 toutes les personnes d\u00e9sireuses de d\u00e9couvrir ou d&#8217;approfondir les techniques de cirque de progresser dans un cadre adapt\u00e9 et cr\u00e9atif. <strong>Un cursus de formation loisir de qualit\u00e9 est propos\u00e9 sous le chapiteau en bois, dans un \u00e9quipement adapt\u00e9, favorisant un bon apprentissage.<\/strong><\/p>\n\n\n\n<p>>><strong>Des cours de cirque enfants<\/strong> et ados permettant d&#8217;aborder toutes les techniques, jonglerie, \u00e9quilibr\u00e9 , a\u00e9riens, acrobatie dynamiques, port\u00e9s&#8230;<\/p>\n\n\n\n<p>>><strong>Des cours plus sp\u00e9cialis\u00e9s<\/strong> \u00e0 destinations des ados et adultes qui souhaitent approfondir une technique en particulier et se sp\u00e9cialiser&#8230;<\/p>\n\n\n\n<p>>><strong>Des stages ponctuels et pointus, <\/strong>consacr\u00e9s \u00e0 un agr\u00e8s, permettant pour certains de d\u00e9couvrir une nouvelle technique et pour d&#8217;autres de b\u00e9n\u00e9ficier d&#8217;une master class (file de fer, trap\u00e8ze volant, bascule cor\u00e9enne, mat chinois, clown&#8230;)<\/p>\n\n\n\n<p><em>L&#8217;ouverture de l&#8217;\u00e9cole du cirque MEM\u00d4 est l&#8217;aboutissement d&#8217;une d\u00e9marche entam\u00e9e il y a plusieurs ann\u00e9es avec la mise en place (hors les murs) de stages de d\u00e9couverte ou de perfectionnement associ\u00e9s ou non \u00e0 une cr\u00e9ation de spectacle.<\/em><\/p>\n\n\n\n<p><\/p>\n\n\n\n<p>  <\/p>\n\n\n\n<p> <\/p>\n<div style=\"padding-bottom:20px; padding-top:10px;\" class=\"hupso-share-buttons\"><!-- Hupso Share Buttons - https:\/\/www.hupso.com\/share\/ --><a class=\"hupso_toolbar\" href=\"https:\/\/www.hupso.com\/share\/\"><img src=\"https:\/\/static.hupso.com\/share\/buttons\/lang\/fr\/share-medium.png\" style=\"border:0px; padding-top: 5px; float:left;\" alt=\"Share Button\"\/><\/a><script type=\"text\/javascript\">var hupso_services_t=new Array();var hupso_background_t=\"#EAF4FF\";var hupso_border_t=\"#66CCFF\";var hupso_toolbar_size_t=\"medium\";var hupso_image_folder_url = \"\";var hupso_url_t=\"\";var hupso_title_t=\"Le%20Mem%C3%B4\";<\/script><script type=\"text\/javascript\" src=\"https:\/\/static.hupso.com\/share\/js\/share_toolbar.js\"><\/script><!-- Hupso Share Buttons --><\/div>","protected":false},"excerpt":{"rendered":"<p>Le MEM\u00d4 est un espace de rencontres entre artistes, techniciens, publics de tous horizons, habitants du quartier Sauvoy et professionnels du secteur culturel. Il se construit entre Nancy&#8230;<\/p>\n","protected":false},"author":1,"featured_media":0,"parent":391,"menu_order":23,"comment_status":"closed","ping_status":"closed","template":"","meta":[],"_links":{"self":[{"href":"https:\/\/maxeville.fr\/index.php\/wp-json\/wp\/v2\/pages\/451"}],"collection":[{"href":"https:\/\/maxeville.fr\/index.php\/wp-json\/wp\/v2\/pages"}],"about":[{"href":"https:\/\/maxeville.fr\/index.php\/wp-json\/wp\/v2\/types\/page"}],"author":[{"embeddable":true,"href":"https:\/\/maxeville.fr\/index.php\/wp-json\/wp\/v2\/users\/1"}],"replies":[{"embeddable":true,"href":"https:\/\/maxeville.fr\/index.php\/wp-json\/wp\/v2\/comments?post=451"}],"version-history":[{"count":22,"href":"https:\/\/maxeville.fr\/index.php\/wp-json\/wp\/v2\/pages\/451\/revisions"}],"predecessor-version":[{"id":13251,"href":"https:\/\/maxeville.fr\/index.php\/wp-json\/wp\/v2\/pages\/451\/revisions\/13251"}],"up":[{"embeddable":true,"href":"https:\/\/maxeville.fr\/index.php\/wp-json\/wp\/v2\/pages\/391"}],"wp:attachment":[{"href":"https:\/\/maxeville.fr\/index.php\/wp-json\/wp\/v2\/media?parent=451"}],"curies":[{"name":"wp","href":"https:\/\/api.w.org\/{rel}","templated":true}]}}