{"id":453,"date":"2016-04-06T12:53:58","date_gmt":"2016-04-06T14:53:58","guid":{"rendered":"http:\/\/www.maxeville.fr\/?page_id=453"},"modified":"2026-01-20T10:08:07","modified_gmt":"2026-01-20T09:08:07","slug":"fete-de-la-biere","status":"publish","type":"page","link":"https:\/\/maxeville.fr\/index.php\/mes-loisirs\/fete-de-la-biere\/","title":{"rendered":"Rock&#8217;N Bock | F\u00eate de la Bi\u00e8re"},"content":{"rendered":"\n<p><em>Forte de son pass\u00e9 brassicole et de son patrimoine architectural unique, la ville de Max\u00e9ville, en partenariat avec l\u2019<strong>Union des Brasseurs Grand Est<\/strong>, <strong>O\u2019lavach<\/strong> et la <strong>SCIC Turbul\u2019lance<\/strong>, organise chaque deuxi\u00e8me week-end de septembre, la f\u00eate de la bi\u00e8re : <strong>Rock&#8217;N Bock Festival<\/strong>.<\/em><\/p>\n\n\n\n<figure class=\"wp-block-embed is-type-video is-provider-youtube wp-block-embed-youtube wp-embed-aspect-16-9 wp-has-aspect-ratio\"><div class=\"wp-block-embed__wrapper\">\n<iframe loading=\"lazy\" title=\"Rock\u2019N Bock | F\u00eate de la Bi\u00e8re | Site des Brasseries \u00e0 Max\u00e9ville\" width=\"620\" height=\"349\" src=\"https:\/\/www.youtube.com\/embed\/iIb69U0G3Dc?feature=oembed\" frameborder=\"0\" allow=\"accelerometer; autoplay; clipboard-write; encrypted-media; gyroscope; picture-in-picture; web-share\" referrerpolicy=\"strict-origin-when-cross-origin\" allowfullscreen><\/iframe>\n<\/div><figcaption class=\"wp-element-caption\">r\u00e9alisation : Lux Shooting<\/figcaption><\/figure>\n\n\n\n<p><strong>Deux jours de concerts gratuits, accompagn\u00e9s par la production d\u2019une 20<sup>e<\/sup> de brasseries locales.<\/strong> <\/p>\n\n\n\n<h2 class=\"wp-block-heading\"><strong><em>En 2026, r\u00e9servez vos 12 et 13 septembre <\/em><\/strong>!<\/h2>\n\n\n\n<hr class=\"wp-block-separator has-alpha-channel-opacity\"\/>\n\n\n\n<p><strong>Retour sur l&#8217;\u00e9lectrique programmation 2025<\/strong><\/p>\n\n\n\n<figure class=\"wp-block-image size-large\"><img decoding=\"async\" loading=\"lazy\" width=\"819\" height=\"1024\" src=\"https:\/\/maxeville.fr\/wp-content\/uploads\/2025\/09\/RNB-2025-prog-samedi-819x1024.jpg\" alt=\"\" class=\"wp-image-18424\" srcset=\"https:\/\/maxeville.fr\/wp-content\/uploads\/2025\/09\/RNB-2025-prog-samedi-819x1024.jpg 819w, https:\/\/maxeville.fr\/wp-content\/uploads\/2025\/09\/RNB-2025-prog-samedi-240x300.jpg 240w, https:\/\/maxeville.fr\/wp-content\/uploads\/2025\/09\/RNB-2025-prog-samedi-768x960.jpg 768w, https:\/\/maxeville.fr\/wp-content\/uploads\/2025\/09\/RNB-2025-prog-samedi-1229x1536.jpg 1229w, https:\/\/maxeville.fr\/wp-content\/uploads\/2025\/09\/RNB-2025-prog-samedi-1638x2048.jpg 1638w, https:\/\/maxeville.fr\/wp-content\/uploads\/2025\/09\/RNB-2025-prog-samedi-973x1216.jpg 973w, https:\/\/maxeville.fr\/wp-content\/uploads\/2025\/09\/RNB-2025-prog-samedi-508x635.jpg 508w, https:\/\/maxeville.fr\/wp-content\/uploads\/2025\/09\/RNB-2025-prog-samedi-19x24.jpg 19w, https:\/\/maxeville.fr\/wp-content\/uploads\/2025\/09\/RNB-2025-prog-samedi-29x36.jpg 29w, https:\/\/maxeville.fr\/wp-content\/uploads\/2025\/09\/RNB-2025-prog-samedi-38x48.jpg 38w, https:\/\/maxeville.fr\/wp-content\/uploads\/2025\/09\/RNB-2025-prog-samedi-scaled.jpg 2048w\" sizes=\"(max-width: 819px) 100vw, 819px\" \/><\/figure>\n\n\n\n<figure class=\"wp-block-image size-large\"><img decoding=\"async\" loading=\"lazy\" width=\"819\" height=\"1024\" src=\"https:\/\/maxeville.fr\/wp-content\/uploads\/2025\/09\/RNB-2025-prog-dimanche2-819x1024.jpg\" alt=\"\" class=\"wp-image-18479\" srcset=\"https:\/\/maxeville.fr\/wp-content\/uploads\/2025\/09\/RNB-2025-prog-dimanche2-819x1024.jpg 819w, https:\/\/maxeville.fr\/wp-content\/uploads\/2025\/09\/RNB-2025-prog-dimanche2-240x300.jpg 240w, https:\/\/maxeville.fr\/wp-content\/uploads\/2025\/09\/RNB-2025-prog-dimanche2-768x960.jpg 768w, https:\/\/maxeville.fr\/wp-content\/uploads\/2025\/09\/RNB-2025-prog-dimanche2-1229x1536.jpg 1229w, https:\/\/maxeville.fr\/wp-content\/uploads\/2025\/09\/RNB-2025-prog-dimanche2-1638x2048.jpg 1638w, https:\/\/maxeville.fr\/wp-content\/uploads\/2025\/09\/RNB-2025-prog-dimanche2-973x1216.jpg 973w, https:\/\/maxeville.fr\/wp-content\/uploads\/2025\/09\/RNB-2025-prog-dimanche2-508x635.jpg 508w, https:\/\/maxeville.fr\/wp-content\/uploads\/2025\/09\/RNB-2025-prog-dimanche2-19x24.jpg 19w, https:\/\/maxeville.fr\/wp-content\/uploads\/2025\/09\/RNB-2025-prog-dimanche2-29x36.jpg 29w, https:\/\/maxeville.fr\/wp-content\/uploads\/2025\/09\/RNB-2025-prog-dimanche2-38x48.jpg 38w, https:\/\/maxeville.fr\/wp-content\/uploads\/2025\/09\/RNB-2025-prog-dimanche2-scaled.jpg 2048w\" sizes=\"(max-width: 819px) 100vw, 819px\" \/><\/figure>\n\n\n\n<figure class=\"wp-block-image size-large\"><img decoding=\"async\" loading=\"lazy\" width=\"819\" height=\"1024\" src=\"https:\/\/maxeville.fr\/wp-content\/uploads\/2025\/09\/RNB-2025-Merci-partenaires-819x1024.jpg\" alt=\"\" class=\"wp-image-18425\" srcset=\"https:\/\/maxeville.fr\/wp-content\/uploads\/2025\/09\/RNB-2025-Merci-partenaires-819x1024.jpg 819w, https:\/\/maxeville.fr\/wp-content\/uploads\/2025\/09\/RNB-2025-Merci-partenaires-240x300.jpg 240w, https:\/\/maxeville.fr\/wp-content\/uploads\/2025\/09\/RNB-2025-Merci-partenaires-768x960.jpg 768w, https:\/\/maxeville.fr\/wp-content\/uploads\/2025\/09\/RNB-2025-Merci-partenaires-1229x1536.jpg 1229w, https:\/\/maxeville.fr\/wp-content\/uploads\/2025\/09\/RNB-2025-Merci-partenaires-1638x2048.jpg 1638w, https:\/\/maxeville.fr\/wp-content\/uploads\/2025\/09\/RNB-2025-Merci-partenaires-973x1216.jpg 973w, https:\/\/maxeville.fr\/wp-content\/uploads\/2025\/09\/RNB-2025-Merci-partenaires-508x635.jpg 508w, https:\/\/maxeville.fr\/wp-content\/uploads\/2025\/09\/RNB-2025-Merci-partenaires-19x24.jpg 19w, https:\/\/maxeville.fr\/wp-content\/uploads\/2025\/09\/RNB-2025-Merci-partenaires-29x36.jpg 29w, https:\/\/maxeville.fr\/wp-content\/uploads\/2025\/09\/RNB-2025-Merci-partenaires-38x48.jpg 38w, https:\/\/maxeville.fr\/wp-content\/uploads\/2025\/09\/RNB-2025-Merci-partenaires-scaled.jpg 2048w\" sizes=\"(max-width: 819px) 100vw, 819px\" \/><\/figure>\n<div style=\"padding-bottom:20px; padding-top:10px;\" class=\"hupso-share-buttons\"><!-- Hupso Share Buttons - https:\/\/www.hupso.com\/share\/ --><a class=\"hupso_toolbar\" href=\"https:\/\/www.hupso.com\/share\/\"><img src=\"https:\/\/static.hupso.com\/share\/buttons\/lang\/fr\/share-medium.png\" style=\"border:0px; padding-top: 5px; float:left;\" alt=\"Share Button\"\/><\/a><script type=\"text\/javascript\">var hupso_services_t=new Array();var hupso_background_t=\"#EAF4FF\";var hupso_border_t=\"#66CCFF\";var hupso_toolbar_size_t=\"medium\";var hupso_image_folder_url = \"\";var hupso_url_t=\"\";var hupso_title_t=\"Rock%27N%20Bock%20%7C%20F%C3%AAte%20de%20la%20Bi%C3%A8re\";<\/script><script type=\"text\/javascript\" src=\"https:\/\/static.hupso.com\/share\/js\/share_toolbar.js\"><\/script><!-- Hupso Share Buttons --><\/div>","protected":false},"excerpt":{"rendered":"<p>Forte de son pass\u00e9 brassicole et de son patrimoine architectural unique, la ville de Max\u00e9ville, en partenariat avec l\u2019Union des Brasseurs Grand Est, O\u2019lavach et la SCIC Turbul\u2019lance,&#8230;<\/p>\n","protected":false},"author":1,"featured_media":18188,"parent":391,"menu_order":19,"comment_status":"closed","ping_status":"closed","template":"","meta":[],"_links":{"self":[{"href":"https:\/\/maxeville.fr\/index.php\/wp-json\/wp\/v2\/pages\/453"}],"collection":[{"href":"https:\/\/maxeville.fr\/index.php\/wp-json\/wp\/v2\/pages"}],"about":[{"href":"https:\/\/maxeville.fr\/index.php\/wp-json\/wp\/v2\/types\/page"}],"author":[{"embeddable":true,"href":"https:\/\/maxeville.fr\/index.php\/wp-json\/wp\/v2\/users\/1"}],"replies":[{"embeddable":true,"href":"https:\/\/maxeville.fr\/index.php\/wp-json\/wp\/v2\/comments?post=453"}],"version-history":[{"count":78,"href":"https:\/\/maxeville.fr\/index.php\/wp-json\/wp\/v2\/pages\/453\/revisions"}],"predecessor-version":[{"id":18972,"href":"https:\/\/maxeville.fr\/index.php\/wp-json\/wp\/v2\/pages\/453\/revisions\/18972"}],"up":[{"embeddable":true,"href":"https:\/\/maxeville.fr\/index.php\/wp-json\/wp\/v2\/pages\/391"}],"wp:featuredmedia":[{"embeddable":true,"href":"https:\/\/maxeville.fr\/index.php\/wp-json\/wp\/v2\/media\/18188"}],"wp:attachment":[{"href":"https:\/\/maxeville.fr\/index.php\/wp-json\/wp\/v2\/media?parent=453"}],"curies":[{"name":"wp","href":"https:\/\/api.w.org\/{rel}","templated":true}]}}