{"id":457,"date":"2016-04-06T12:54:16","date_gmt":"2016-04-06T14:54:16","guid":{"rendered":"http:\/\/www.maxeville.fr\/?page_id=457"},"modified":"2025-12-10T11:03:12","modified_gmt":"2025-12-10T10:03:12","slug":"saint-nicolas","status":"publish","type":"page","link":"https:\/\/maxeville.fr\/index.php\/mes-loisirs\/saint-nicolas\/","title":{"rendered":"La Saint-Nicolas"},"content":{"rendered":"<h5>F\u00eates de la Saint-Nicolas<\/h5>\n<p>Chaque ann\u00e9e, Saint Nicolas enchante petits et grands \u00e0 Max\u00e9ville !<\/p>\n<p><em>L\u2019ensemble des \u00e9coliers sont convi\u00e9s \u00e0 un spectacle programm\u00e9 pour l\u2019occasion et accueillent Saint Nicolas et le p\u00e8re fouettard dans leur classe. Le char de la ville est transform\u00e9 tous les ans par une \u00e9quipe de b\u00e9n\u00e9voles pour participer \u00e0 Nancy, au plus grand d\u00e9fil\u00e9 de la Saint-Nicolas.<\/em><\/p>\n<p><strong>Et pour tous les habitants, de nombreuses animations et spectacles, gratuits, sont propos\u00e9s,\u00a0 dans diff\u00e9rents quartiers de Max\u00e9ville.<\/strong><\/p>\n<div style=\"padding-bottom:20px; padding-top:10px;\" class=\"hupso-share-buttons\"><!-- Hupso Share Buttons - https:\/\/www.hupso.com\/share\/ --><a class=\"hupso_toolbar\" href=\"https:\/\/www.hupso.com\/share\/\"><img src=\"https:\/\/static.hupso.com\/share\/buttons\/lang\/fr\/share-medium.png\" style=\"border:0px; padding-top: 5px; float:left;\" alt=\"Share Button\"\/><\/a><script type=\"text\/javascript\">var hupso_services_t=new Array();var hupso_background_t=\"#EAF4FF\";var hupso_border_t=\"#66CCFF\";var hupso_toolbar_size_t=\"medium\";var hupso_image_folder_url = \"\";var hupso_url_t=\"\";var hupso_title_t=\"La%20Saint-Nicolas\";<\/script><script type=\"text\/javascript\" src=\"https:\/\/static.hupso.com\/share\/js\/share_toolbar.js\"><\/script><!-- Hupso Share Buttons --><\/div>","protected":false},"excerpt":{"rendered":"<p>F\u00eates de la Saint-Nicolas Chaque ann\u00e9e, Saint Nicolas enchante petits et grands \u00e0 Max\u00e9ville ! L\u2019ensemble des \u00e9coliers sont convi\u00e9s \u00e0 un spectacle programm\u00e9 pour l\u2019occasion et accueillent&#8230;<\/p>\n","protected":false},"author":1,"featured_media":5574,"parent":391,"menu_order":21,"comment_status":"closed","ping_status":"closed","template":"","meta":[],"_links":{"self":[{"href":"https:\/\/maxeville.fr\/index.php\/wp-json\/wp\/v2\/pages\/457"}],"collection":[{"href":"https:\/\/maxeville.fr\/index.php\/wp-json\/wp\/v2\/pages"}],"about":[{"href":"https:\/\/maxeville.fr\/index.php\/wp-json\/wp\/v2\/types\/page"}],"author":[{"embeddable":true,"href":"https:\/\/maxeville.fr\/index.php\/wp-json\/wp\/v2\/users\/1"}],"replies":[{"embeddable":true,"href":"https:\/\/maxeville.fr\/index.php\/wp-json\/wp\/v2\/comments?post=457"}],"version-history":[{"count":17,"href":"https:\/\/maxeville.fr\/index.php\/wp-json\/wp\/v2\/pages\/457\/revisions"}],"predecessor-version":[{"id":18831,"href":"https:\/\/maxeville.fr\/index.php\/wp-json\/wp\/v2\/pages\/457\/revisions\/18831"}],"up":[{"embeddable":true,"href":"https:\/\/maxeville.fr\/index.php\/wp-json\/wp\/v2\/pages\/391"}],"wp:featuredmedia":[{"embeddable":true,"href":"https:\/\/maxeville.fr\/index.php\/wp-json\/wp\/v2\/media\/5574"}],"wp:attachment":[{"href":"https:\/\/maxeville.fr\/index.php\/wp-json\/wp\/v2\/media?parent=457"}],"curies":[{"name":"wp","href":"https:\/\/api.w.org\/{rel}","templated":true}]}}