{"id":574,"date":"2016-05-31T07:30:04","date_gmt":"2016-05-31T09:30:04","guid":{"rendered":"http:\/\/www.maxeville.fr\/?page_id=574"},"modified":"2020-01-15T09:39:15","modified_gmt":"2020-01-15T08:39:15","slug":"horaires-mairie","status":"publish","type":"page","link":"https:\/\/maxeville.fr\/index.php\/mon-quotidien\/horaires-mairie\/","title":{"rendered":"Horaires mairie"},"content":{"rendered":"<hr \/>\n<h5>Mairie de Max\u00e9ville<\/h5>\n<p>14 rue du\u00a015 Septembre 1944 &#8211;\u00a054320 MAX\u00c9VILLE<br \/>\nDu lundi au vendredi de 8h30 \u00e0 12h et de 13h30 \u00e0 17h<br \/>\nPar t\u00e9l\u00e9phone 24h\/24 et 7j\/7 au 03 83 32 30 00<br \/>\nPar fax au 03 83 37 89 85<\/p>\n<p>contact@mairie-maxeville.fr<\/p>\n<p>etatcivil@mairie-maxeville.fr<\/p>\n<h5>Services du Grand Nancy<\/h5>\n<p>Les services du Grand Nancy sont \u00e0 votre disposition :<\/p>\n<div>\n<ul>\n<li>Standard<br \/>\n03 83 91 83 91 (8h-18h) 22-24 viaduc Kennedy 54000 Nancy<\/li>\n<li>Allo Voirie<br \/>\n03 83 91 81 71 (8h-17h)<\/li>\n<li>Circulation<br \/>\n03 83 40 46 46 (24h\/24)<\/li>\n<li>Allo Stan<br \/>\n03 83 30 08 08<\/li>\n<li>Service des eaux<br \/>\n03 83 91 83 83 (8h-17h) \/ 03 83 91 83 62 (apr\u00e8s 17h)<\/li>\n<li>Viabilit\u00e9 hivernale<br \/>\n03 54 50 90 64 (24h\/24) \/ 03 54 50 90 83<\/li>\n<li>\u00c9clairage public<br \/>\n03 83 91 83 58 (24h\/24)<\/li>\n<li>Collecte d\u00e9chets \/ Maison de la propret\u00e9<br \/>\n03 54 50 20 40 (8h-17h)<\/li>\n<\/ul>\n<\/div>\n<div style=\"padding-bottom:20px; padding-top:10px;\" class=\"hupso-share-buttons\"><!-- Hupso Share Buttons - https:\/\/www.hupso.com\/share\/ --><a class=\"hupso_toolbar\" href=\"https:\/\/www.hupso.com\/share\/\"><img src=\"https:\/\/static.hupso.com\/share\/buttons\/lang\/fr\/share-medium.png\" style=\"border:0px; padding-top: 5px; float:left;\" alt=\"Share Button\"\/><\/a><script type=\"text\/javascript\">var hupso_services_t=new Array();var hupso_background_t=\"#EAF4FF\";var hupso_border_t=\"#66CCFF\";var hupso_toolbar_size_t=\"medium\";var hupso_image_folder_url = \"\";var hupso_url_t=\"\";var hupso_title_t=\"Horaires%20mairie\";<\/script><script type=\"text\/javascript\" src=\"https:\/\/static.hupso.com\/share\/js\/share_toolbar.js\"><\/script><!-- Hupso Share Buttons --><\/div>","protected":false},"excerpt":{"rendered":"<p>Mairie de Max\u00e9ville 14 rue du\u00a015 Septembre 1944 &#8211;\u00a054320 MAX\u00c9VILLE Du lundi au vendredi de 8h30 \u00e0 12h et de 13h30 \u00e0 17h Par t\u00e9l\u00e9phone 24h\/24 et 7j\/7&#8230;<\/p>\n","protected":false},"author":1,"featured_media":0,"parent":242,"menu_order":2,"comment_status":"closed","ping_status":"closed","template":"","meta":[],"_links":{"self":[{"href":"https:\/\/maxeville.fr\/index.php\/wp-json\/wp\/v2\/pages\/574"}],"collection":[{"href":"https:\/\/maxeville.fr\/index.php\/wp-json\/wp\/v2\/pages"}],"about":[{"href":"https:\/\/maxeville.fr\/index.php\/wp-json\/wp\/v2\/types\/page"}],"author":[{"embeddable":true,"href":"https:\/\/maxeville.fr\/index.php\/wp-json\/wp\/v2\/users\/1"}],"replies":[{"embeddable":true,"href":"https:\/\/maxeville.fr\/index.php\/wp-json\/wp\/v2\/comments?post=574"}],"version-history":[{"count":39,"href":"https:\/\/maxeville.fr\/index.php\/wp-json\/wp\/v2\/pages\/574\/revisions"}],"predecessor-version":[{"id":7687,"href":"https:\/\/maxeville.fr\/index.php\/wp-json\/wp\/v2\/pages\/574\/revisions\/7687"}],"up":[{"embeddable":true,"href":"https:\/\/maxeville.fr\/index.php\/wp-json\/wp\/v2\/pages\/242"}],"wp:attachment":[{"href":"https:\/\/maxeville.fr\/index.php\/wp-json\/wp\/v2\/media?parent=574"}],"curies":[{"name":"wp","href":"https:\/\/api.w.org\/{rel}","templated":true}]}}