{"id":6978,"date":"2019-07-17T11:58:40","date_gmt":"2019-07-17T09:58:40","guid":{"rendered":"http:\/\/maxeville.fr\/?page_id=6978"},"modified":"2024-06-03T11:26:04","modified_gmt":"2024-06-03T09:26:04","slug":"les-parcs-de-maxeville","status":"publish","type":"page","link":"https:\/\/maxeville.fr\/index.php\/les-parcs-de-maxeville\/","title":{"rendered":"Les parcs de Max\u00e9ville"},"content":{"rendered":"<h5>Quartier centre : Le parc de la Mairie<\/h5>\n<p><img decoding=\"async\" loading=\"lazy\" class=\"alignnone size-full wp-image-6980\" src=\"https:\/\/maxeville.fr\/wp-content\/uploads\/2019\/07\/NBMax-22.jpg\" alt=\"\" width=\"1772\" height=\"1182\" srcset=\"https:\/\/maxeville.fr\/wp-content\/uploads\/2019\/07\/NBMax-22.jpg 1772w, https:\/\/maxeville.fr\/wp-content\/uploads\/2019\/07\/NBMax-22-300x200.jpg 300w, https:\/\/maxeville.fr\/wp-content\/uploads\/2019\/07\/NBMax-22-768x512.jpg 768w, https:\/\/maxeville.fr\/wp-content\/uploads\/2019\/07\/NBMax-22-1024x683.jpg 1024w, https:\/\/maxeville.fr\/wp-content\/uploads\/2019\/07\/NBMax-22-973x649.jpg 973w, https:\/\/maxeville.fr\/wp-content\/uploads\/2019\/07\/NBMax-22-508x339.jpg 508w, https:\/\/maxeville.fr\/wp-content\/uploads\/2019\/07\/NBMax-22-250x167.jpg 250w, https:\/\/maxeville.fr\/wp-content\/uploads\/2019\/07\/NBMax-22-550x367.jpg 550w, https:\/\/maxeville.fr\/wp-content\/uploads\/2019\/07\/NBMax-22-800x534.jpg 800w, https:\/\/maxeville.fr\/wp-content\/uploads\/2019\/07\/NBMax-22-270x180.jpg 270w, https:\/\/maxeville.fr\/wp-content\/uploads\/2019\/07\/NBMax-22-450x300.jpg 450w, https:\/\/maxeville.fr\/wp-content\/uploads\/2019\/07\/NBMax-22-750x500.jpg 750w, https:\/\/maxeville.fr\/wp-content\/uploads\/2019\/07\/NBMax-22-24x16.jpg 24w, https:\/\/maxeville.fr\/wp-content\/uploads\/2019\/07\/NBMax-22-36x24.jpg 36w, https:\/\/maxeville.fr\/wp-content\/uploads\/2019\/07\/NBMax-22-48x32.jpg 48w\" sizes=\"(max-width: 1772px) 100vw, 1772px\" \/><em>cr\u00e9dit photo : Nicolas Bram<\/em><\/p>\n<h5>Quartier Champ-le-B\u0153uf : Le Parc L\u00e9o Lagrange<\/h5>\n<p><img decoding=\"async\" loading=\"lazy\" class=\"alignnone size-medium wp-image-16166\" src=\"https:\/\/maxeville.fr\/wp-content\/uploads\/2024\/06\/FIL_5872-300x200.jpg\" alt=\"\" width=\"300\" height=\"200\" srcset=\"https:\/\/maxeville.fr\/wp-content\/uploads\/2024\/06\/FIL_5872-300x200.jpg 300w, https:\/\/maxeville.fr\/wp-content\/uploads\/2024\/06\/FIL_5872-1024x683.jpg 1024w, https:\/\/maxeville.fr\/wp-content\/uploads\/2024\/06\/FIL_5872-768x512.jpg 768w, https:\/\/maxeville.fr\/wp-content\/uploads\/2024\/06\/FIL_5872-1536x1024.jpg 1536w, https:\/\/maxeville.fr\/wp-content\/uploads\/2024\/06\/FIL_5872-2048x1365.jpg 2048w, https:\/\/maxeville.fr\/wp-content\/uploads\/2024\/06\/FIL_5872-973x649.jpg 973w, https:\/\/maxeville.fr\/wp-content\/uploads\/2024\/06\/FIL_5872-508x339.jpg 508w, https:\/\/maxeville.fr\/wp-content\/uploads\/2024\/06\/FIL_5872-24x16.jpg 24w, https:\/\/maxeville.fr\/wp-content\/uploads\/2024\/06\/FIL_5872-36x24.jpg 36w, https:\/\/maxeville.fr\/wp-content\/uploads\/2024\/06\/FIL_5872-48x32.jpg 48w\" sizes=\"(max-width: 300px) 100vw, 300px\" \/><br \/>\n<em>cr\u00e9dit photo : Imagem<\/em><\/p>\n<div style=\"padding-bottom:20px; padding-top:10px;\" class=\"hupso-share-buttons\"><!-- Hupso Share Buttons - https:\/\/www.hupso.com\/share\/ --><a class=\"hupso_toolbar\" href=\"https:\/\/www.hupso.com\/share\/\"><img src=\"https:\/\/static.hupso.com\/share\/buttons\/lang\/fr\/share-medium.png\" style=\"border:0px; padding-top: 5px; float:left;\" alt=\"Share Button\"\/><\/a><script type=\"text\/javascript\">var hupso_services_t=new Array();var hupso_background_t=\"#EAF4FF\";var hupso_border_t=\"#66CCFF\";var hupso_toolbar_size_t=\"medium\";var hupso_image_folder_url = \"\";var hupso_url_t=\"\";var hupso_title_t=\"Les%20parcs%20de%20Max%C3%A9ville\";<\/script><script type=\"text\/javascript\" src=\"https:\/\/static.hupso.com\/share\/js\/share_toolbar.js\"><\/script><!-- Hupso Share Buttons --><\/div>","protected":false},"excerpt":{"rendered":"<p>Quartier centre : Le parc de la Mairie cr\u00e9dit photo : Nicolas Bram Quartier Champ-le-B\u0153uf : Le Parc L\u00e9o Lagrange cr\u00e9dit photo : Imagem<\/p>\n","protected":false},"author":1,"featured_media":0,"parent":0,"menu_order":0,"comment_status":"closed","ping_status":"closed","template":"","meta":[],"_links":{"self":[{"href":"https:\/\/maxeville.fr\/index.php\/wp-json\/wp\/v2\/pages\/6978"}],"collection":[{"href":"https:\/\/maxeville.fr\/index.php\/wp-json\/wp\/v2\/pages"}],"about":[{"href":"https:\/\/maxeville.fr\/index.php\/wp-json\/wp\/v2\/types\/page"}],"author":[{"embeddable":true,"href":"https:\/\/maxeville.fr\/index.php\/wp-json\/wp\/v2\/users\/1"}],"replies":[{"embeddable":true,"href":"https:\/\/maxeville.fr\/index.php\/wp-json\/wp\/v2\/comments?post=6978"}],"version-history":[{"count":4,"href":"https:\/\/maxeville.fr\/index.php\/wp-json\/wp\/v2\/pages\/6978\/revisions"}],"predecessor-version":[{"id":16167,"href":"https:\/\/maxeville.fr\/index.php\/wp-json\/wp\/v2\/pages\/6978\/revisions\/16167"}],"wp:attachment":[{"href":"https:\/\/maxeville.fr\/index.php\/wp-json\/wp\/v2\/media?parent=6978"}],"curies":[{"name":"wp","href":"https:\/\/api.w.org\/{rel}","templated":true}]}}