{"id":73,"date":"2016-04-01T11:06:56","date_gmt":"2016-04-01T13:06:56","guid":{"rendered":"http:\/\/www.maxeville.fr\/?page_id=73"},"modified":"2026-03-03T16:45:02","modified_gmt":"2026-03-03T15:45:02","slug":"ma-ville","status":"publish","type":"page","link":"https:\/\/maxeville.fr\/index.php\/ma-ville\/","title":{"rendered":"MA VILLE"},"content":{"rendered":"<p><img decoding=\"async\" loading=\"lazy\" class=\"alignnone size-full wp-image-1334\" src=\"http:\/\/www.maxeville.fr\/wp-content\/uploads\/2017\/10\/vue_maxeville_centre.png\" alt=\"ma_ville\" width=\"800\" height=\"200\" \/><\/p>\n<p><!-- ------------------------------------------ --><\/p>\n<div class=\"csRow\">\n<div class=\"csColumn\" style=\"margin: 0px; padding: 0px; float: left; width: 31.3%;\" data-csstartpoint=\"15\" data-csendpoint=\"315\" data-cswidth=\"31.3%\" data-csid=\"400af3d3-9c46-4c73-8c91-d4768b875a45\">\n<h4>municipalit\u00e9<\/h4>\n<\/div>\n<div class=\"csColumnGap\" style=\"margin: 0px; padding: 0px; float: left; width: 1.56%;\"><img decoding=\"async\" src=\"http:\/\/www.maxeville.fr\/wp-content\/plugins\/advanced-wp-columns\/assets\/js\/plugins\/views\/img\/1x1-pixel.png\" alt=\"\" \/><\/div>\n<div class=\"csColumn\" style=\"margin: 0px; padding: 0px; float: left; width: 31.3%;\" data-csstartpoint=\"330\" data-csendpoint=\"630\" data-cswidth=\"31.3%\" data-csid=\"d79a3701-be9b-845e-8b7f-f25623c09eed\"><a href=\"https:\/\/maxeville.fr\/index.php\/ma-ville\/elus-municipaux\">\u00c9lus municipaux<\/a><br \/>\n<a href=\"https:\/\/maxeville.fr\/index.php\/ma-ville\/conseil-municipal-enfants\">Conseil municipal d&#8217;enfants<\/a><br \/>\n<a href=\"https:\/\/maxeville.fr\/index.php\/organigramme-general\">Organigramme g\u00e9n\u00e9ral des services<\/a><\/div>\n<div class=\"csColumnGap\" style=\"margin: 0px; padding: 0px; float: left; width: 1.56%;\"><img decoding=\"async\" src=\"http:\/\/www.maxeville.fr\/wp-content\/plugins\/advanced-wp-columns\/assets\/js\/plugins\/views\/img\/1x1-pixel.png\" alt=\"\" \/><\/div>\n<div class=\"csColumn\" style=\"margin: 0px; padding: 0px; float: left; width: 31.3%;\" data-csstartpoint=\"645\" data-csendpoint=\"945\" data-cswidth=\"31.3%\" data-csid=\"b2e8439d-bfd4-adfb-bbdd-c3d0eba6633e\"><a href=\"https:\/\/maxeville.fr\/index.php\/les-commissions-municipales\/\">Commissions municipales<\/a><br \/>\n<a href=\"https:\/\/maxeville.fr\/index.php\/conseils-municipaux\">Conseils municipaux<\/a><br \/>\n<a href=\"https:\/\/maxeville.fr\/index.php\/ma-ville\/journal-municipal\">Journal municipal<\/a><br \/>\n<a href=\"https:\/\/maxeville.fr\/index.php\/maxeville-une-ville-amie-des-enfants\/\">Ville Amie des Enfants<\/a><br \/>\n<a href=\"https:\/\/www.villesetvillagesouilfaitbonvivre.com\/vivre-a-Max%C3%A9ville-54320\/54357\/54?isRanking=true\" target=\"_blank\" rel=\"noopener\">Villes &amp; Villages o\u00f9 il fait bon vivre<\/a><\/div>\n<div style=\"clear: both; float: none; display: block; visibility: hidden; width: 0px; font-size: 0px; line-height: 0;\"><\/div>\n<\/div>\n<hr \/>\n<p><!-- ------------------------------------------ --><\/p>\n<div class=\"csRow\">\n<div class=\"csColumn\" style=\"margin: 0px; padding: 0px; float: left; width: 31.3%;\" data-csstartpoint=\"15\" data-csendpoint=\"315\" data-cswidth=\"31.3%\" data-csid=\"400af3d3-9c46-4c73-8c91-d4768b875a45\">\n<h4>histoire<\/h4>\n<\/div>\n<div class=\"csColumnGap\" style=\"margin: 0px; padding: 0px; float: left; width: 1.56%;\"><img decoding=\"async\" src=\"http:\/\/www.maxeville.fr\/wp-content\/plugins\/advanced-wp-columns\/assets\/js\/plugins\/views\/img\/1x1-pixel.png\" alt=\"\" \/><\/div>\n<div class=\"csColumn\" style=\"margin: 0px; padding: 0px; float: left; width: 31.3%;\" data-csstartpoint=\"330\" data-csendpoint=\"630\" data-cswidth=\"31.3%\" data-csid=\"d79a3701-be9b-845e-8b7f-f25623c09eed\"><a href=\"https:\/\/maxeville.fr\/index.php\/ma-ville\/ville-de-maxeville\">La ville de Max\u00e9ville<\/a><br \/>\n<a href=\"https:\/\/maxeville.fr\/index.php\/ma-ville\/les-brasseries\">Les Brasseries<\/a><br \/>\n<a href=\"https:\/\/maxeville.fr\/index.php\/ma-ville\/les-carrieres\">Les Carri\u00e8res<\/a><br \/>\n<a href=\"https:\/\/maxeville.fr\/index.php\/imageest\/\">Image&#8217;Est<\/a><br \/>\n<a href=\"https:\/\/maxeville.fr\/index.php\/memoire-de-maxeville\/\">M\u00e9moire de Max\u00e9ville<\/a><\/div>\n<div class=\"csColumnGap\" style=\"margin: 0px; padding: 0px; float: left; width: 1.56%;\"><img decoding=\"async\" src=\"http:\/\/www.maxeville.fr\/wp-content\/plugins\/advanced-wp-columns\/assets\/js\/plugins\/views\/img\/1x1-pixel.png\" alt=\"\" \/><\/div>\n<div class=\"csColumn\" style=\"margin: 0px; padding: 0px; float: left; width: 31.3%;\" data-csstartpoint=\"645\" data-csendpoint=\"945\" data-cswidth=\"31.3%\" data-csid=\"b2e8439d-bfd4-adfb-bbdd-c3d0eba6633e\"><a href=\"https:\/\/maxeville.fr\/index.php\/ma-ville\/vins-de-la-craffe\">Les vins de la Craffe<\/a><br \/>\n<a href=\"https:\/\/maxeville.fr\/index.php\/ma-ville\/le-lavoir\">Le lavoir<\/a><br \/>\n<a href=\"https:\/\/maxeville.fr\/index.php\/un-soir-une-commune-office-de-tourisme-nancy\/\">La Mine des belges<\/a><br \/>\n<a href=\"https:\/\/maxeville.fr\/index.php\/decouvrir-les-sentiers-de-votre-ville\/\" target=\"_blank\" rel=\"noopener\">Les Sentiers de Max\u00e9ville<\/a><\/div>\n<div style=\"clear: both; float: none; display: block; visibility: hidden; width: 0px; font-size: 0px; line-height: 0;\"><\/div>\n<\/div>\n<hr \/>\n<p><!-- ------------------------------------------ --><\/p>\n<div class=\"csRow\">\n<div class=\"csColumn\" style=\"margin: 0px; padding: 0px; float: left; width: 31.3%;\" data-csstartpoint=\"15\" data-csendpoint=\"315\" data-cswidth=\"31.3%\" data-csid=\"400af3d3-9c46-4c73-8c91-d4768b875a45\">\n<h4>g\u00e9ographie<\/h4>\n<\/div>\n<div class=\"csColumnGap\" style=\"margin: 0px; padding: 0px; float: left; width: 1.56%;\"><img decoding=\"async\" src=\"http:\/\/www.maxeville.fr\/wp-content\/plugins\/advanced-wp-columns\/assets\/js\/plugins\/views\/img\/1x1-pixel.png\" alt=\"\" \/><\/div>\n<div class=\"csColumn\" style=\"margin: 0px; padding: 0px; float: left; width: 31.3%;\" data-csstartpoint=\"330\" data-csendpoint=\"630\" data-cswidth=\"31.3%\" data-csid=\"d79a3701-be9b-845e-8b7f-f25623c09eed\"><a href=\"https:\/\/maxeville.fr\/index.php\/ma-ville\/situation-geographique\">Situation g\u00e9ographique<\/a><br \/>\n<a href=\"https:\/\/maxeville.fr\/index.php\/ma-ville\/les-quartiers-de-maxeville\">Les quartiers de Max\u00e9ville<\/a><br \/>\n<a href=\"https:\/\/maxeville.fr\/index.php\/plan-de-maxeville\">Plan de Max\u00e9ville<\/a><br \/>\n<a href=\"https:\/\/maxeville.fr\/index.php\/les-parcs-de-maxeville\/\">Les parcs de Max\u00e9ville<\/a><\/div>\n<div class=\"csColumnGap\" style=\"margin: 0px; padding: 0px; float: left; width: 1.56%;\"><img decoding=\"async\" src=\"http:\/\/www.maxeville.fr\/wp-content\/plugins\/advanced-wp-columns\/assets\/js\/plugins\/views\/img\/1x1-pixel.png\" alt=\"\" \/><\/div>\n<div class=\"csColumn\" style=\"margin: 0px; padding: 0px; float: left; width: 31.3%;\" data-csstartpoint=\"645\" data-csendpoint=\"945\" data-cswidth=\"31.3%\" data-csid=\"b2e8439d-bfd4-adfb-bbdd-c3d0eba6633e\"><a href=\"https:\/\/maxeville.fr\/index.php\/ma-ville\/eco-quartier\">R\u00e9novation du Plateau de Haye<\/a><br \/>\n<a href=\"http:\/\/www.maxeville.fr\/index.php\/ma-ville\/aire-d-accueil-manitas-de-plata\">Aire Manitas de Plata<\/a><br \/>\n<a href=\"https:\/\/maxeville.fr\/index.php\/ma-ville\/nancy-metropole\">Nancy M\u00e9tropole<\/a><br \/>\n<a href=\"https:\/\/maxeville.fr\/index.php\/decouvrir-les-sentiers-de-votre-ville\/\" target=\"_blank\" rel=\"noopener\">Les Sentiers de Max\u00e9ville<\/a><\/div>\n<div data-csstartpoint=\"645\" data-csendpoint=\"945\" data-cswidth=\"31.3%\" data-csid=\"b2e8439d-bfd4-adfb-bbdd-c3d0eba6633e\"><\/div>\n<div style=\"clear: both; float: none; display: block; visibility: hidden; width: 0px; font-size: 0px; line-height: 0;\"><\/div>\n<\/div>\n<hr \/>\n<p><!-- ------------------------------------------ --><\/p>\n<div class=\"csRow\">\n<div class=\"csColumn\" style=\"margin: 0px; padding: 0px; float: left; width: 31.3%;\" data-csstartpoint=\"15\" data-csendpoint=\"315\" data-cswidth=\"31.3%\" data-csid=\"400af3d3-9c46-4c73-8c91-d4768b875a45\">\n<h4>urbanisme<\/h4>\n<\/div>\n<div class=\"csColumnGap\" style=\"margin: 0px; padding: 0px; float: left; width: 1.56%;\"><img decoding=\"async\" src=\"http:\/\/www.maxeville.fr\/wp-content\/plugins\/advanced-wp-columns\/assets\/js\/plugins\/views\/img\/1x1-pixel.png\" alt=\"\" \/><\/div>\n<div class=\"csColumn\" style=\"margin: 0px; padding: 0px; float: left; width: 31.3%;\" data-csstartpoint=\"330\" data-csendpoint=\"630\" data-cswidth=\"31.3%\" data-csid=\"d79a3701-be9b-845e-8b7f-f25623c09eed\"><a href=\"https:\/\/maxeville.fr\/index.php\/ma-ville\/service-urbanisme\">Service urbanisme<\/a><br \/>\n<a href=\"https:\/\/maxeville.fr\/index.php\/ma-ville\/amelioration-habitat\">Am\u00e9lioration de l&#8217;habitat<\/a><br \/>\n<a href=\"https:\/\/maxeville.fr\/index.php\/decouvrez-cartoradio-loutil-qui-vous-donne-les-positions-et-mesures-de-chaque-antenne-mobile\/\">Cartoradio<\/a><br \/>\n<a href=\"https:\/\/maxeville.fr\/index.php\/enquete-publique-extension-du-cimetiere-communal\/\">Extension du cimeti\u00e8re communal<\/a><\/div>\n<div class=\"csColumnGap\" style=\"margin: 0px; padding: 0px; float: left; width: 1.56%;\"><img decoding=\"async\" src=\"http:\/\/www.maxeville.fr\/wp-content\/plugins\/advanced-wp-columns\/assets\/js\/plugins\/views\/img\/1x1-pixel.png\" alt=\"\" \/><\/div>\n<div class=\"csColumn\" style=\"margin: 0px; padding: 0px; float: left; width: 31.3%;\" data-csstartpoint=\"645\" data-csendpoint=\"945\" data-cswidth=\"31.3%\" data-csid=\"b2e8439d-bfd4-adfb-bbdd-c3d0eba6633e\"><a href=\"https:\/\/maxeville.fr\/index.php\/ma-ville\/plan-local-urbanisme-intercommunal\/\">PLUi &#8211; HD<\/a><br \/>\n<a href=\"https:\/\/maxeville.fr\/index.php\/ma-ville\/cadastre\/\">Cadastre<\/a><br \/>\n<a href=\"https:\/\/maxeville.fr\/index.php\/mon-quotidien\/publicite-exterieure\/\">Publicit\u00e9 ext\u00e9rieure<\/a><br \/>\n<a href=\"https:\/\/maxeville.fr\/index.php\/cadre-de-vie-mur-anti-bruit-rue-de-la-justice\/\">Cadre de vie : \u00e9crans acoustiques rue de la Justice<\/a><\/div>\n<div data-csstartpoint=\"645\" data-csendpoint=\"945\" data-cswidth=\"31.3%\" data-csid=\"b2e8439d-bfd4-adfb-bbdd-c3d0eba6633e\"><a href=\"https:\/\/maxeville.fr\/wp-content\/uploads\/2020\/10\/75-20-2-Campagne-ravalement-de-fa\u00e7ades-2020-2023_L\u00e9galis\u00e9e.pdf\">\u00a0<\/a><\/div>\n<div style=\"clear: both; float: none; display: block; visibility: hidden; width: 0px; font-size: 0px; line-height: 0;\"><\/div>\n<\/div>\n<hr \/>\n<p><!-- ------------------------------------------ --><\/p>\n<div class=\"csRow\">\n<div class=\"csColumn\" style=\"margin: 0px; padding: 0px; float: left; width: 31.3%;\" data-csstartpoint=\"15\" data-csendpoint=\"315\" data-cswidth=\"31.3%\" data-csid=\"400af3d3-9c46-4c73-8c91-d4768b875a45\">\n<h4>jumelages<\/h4>\n<\/div>\n<div class=\"csColumnGap\" style=\"margin: 0px; padding: 0px; float: left; width: 1.56%;\"><img decoding=\"async\" src=\"http:\/\/www.maxeville.fr\/wp-content\/plugins\/advanced-wp-columns\/assets\/js\/plugins\/views\/img\/1x1-pixel.png\" alt=\"\" \/><\/div>\n<div class=\"csColumn\" style=\"margin: 0px; padding: 0px; float: left; width: 31.3%;\" data-csstartpoint=\"330\" data-csendpoint=\"630\" data-cswidth=\"31.3%\" data-csid=\"d79a3701-be9b-845e-8b7f-f25623c09eed\"><a href=\"https:\/\/maxeville.fr\/index.php\/ma-ville\/historique-comite-jumelage\">Historique<\/a><\/div>\n<div class=\"csColumnGap\" style=\"margin: 0px; padding: 0px; float: left; width: 1.56%;\"><img decoding=\"async\" src=\"http:\/\/www.maxeville.fr\/wp-content\/plugins\/advanced-wp-columns\/assets\/js\/plugins\/views\/img\/1x1-pixel.png\" alt=\"\" \/><\/div>\n<div class=\"csColumn\" style=\"margin: 0px; padding: 0px; float: left; width: 31.3%;\" data-csstartpoint=\"645\" data-csendpoint=\"945\" data-cswidth=\"31.3%\" data-csid=\"b2e8439d-bfd4-adfb-bbdd-c3d0eba6633e\"><a href=\"https:\/\/maxeville.fr\/index.php\/ma-ville\/activites-comite-jumelage\">Activit\u00e9s du comit\u00e9<\/a><\/div>\n<div style=\"clear: both; float: none; display: block; visibility: hidden; width: 0px; font-size: 0px; line-height: 0;\"><\/div>\n<\/div>\n<hr \/>\n<p><!-- ------------------------------------------ --><\/p>\n<div class=\"csRow\">\n<div class=\"csColumn\" style=\"margin: 0px; padding: 0px; float: left; width: 31.3%;\" data-csstartpoint=\"15\" data-csendpoint=\"315\" data-cswidth=\"31.3%\" data-csid=\"400af3d3-9c46-4c73-8c91-d4768b875a45\">\n<h4>participation citoyenne<\/h4>\n<\/div>\n<div class=\"csColumnGap\" style=\"margin: 0px; padding: 0px; float: left; width: 1.56%;\"><img decoding=\"async\" src=\"http:\/\/www.maxeville.fr\/wp-content\/plugins\/advanced-wp-columns\/assets\/js\/plugins\/views\/img\/1x1-pixel.png\" alt=\"\" \/><\/div>\n<div class=\"csColumn\" style=\"margin: 0px; padding: 0px; float: left; width: 31.3%;\" data-csstartpoint=\"330\" data-csendpoint=\"630\" data-cswidth=\"31.3%\" data-csid=\"d79a3701-be9b-845e-8b7f-f25623c09eed\"><a href=\"https:\/\/maxeville.fr\/index.php\/ma-ville\/je-participe\">&#8220;Je participe&#8221;<\/a><br \/>\n<a href=\"https:\/\/maxeville.fr\/index.php\/ma-ville\/conseil-citoyen\">Conseil citoyen<\/a><\/div>\n<div data-csstartpoint=\"330\" data-csendpoint=\"630\" data-cswidth=\"31.3%\" data-csid=\"d79a3701-be9b-845e-8b7f-f25623c09eed\">\n<p><a href=\"https:\/\/maxeville.fr\/index.php\/les-bureaux-de-vote-a-maxeville\/\">Elections <\/a><\/p>\n<\/div>\n<div data-csstartpoint=\"330\" data-csendpoint=\"630\" data-cswidth=\"31.3%\" data-csid=\"d79a3701-be9b-845e-8b7f-f25623c09eed\"><a href=\"https:\/\/maxeville.fr\/index.php\/deambulations\/\">D\u00e9ambulations<\/a><\/div>\n<div class=\"csColumn\" style=\"margin: 0px; padding: 0px; float: left; width: 31.3%;\" data-csstartpoint=\"330\" data-csendpoint=\"630\" data-cswidth=\"31.3%\" data-csid=\"d79a3701-be9b-845e-8b7f-f25623c09eed\"><img decoding=\"async\" src=\"http:\/\/www.maxeville.fr\/wp-content\/plugins\/advanced-wp-columns\/assets\/js\/plugins\/views\/img\/1x1-pixel.png\" alt=\"\" \/><a href=\"https:\/\/maxeville.fr\/index.php\/ma-ville\/fete-des-voisins\">F\u00eate des voisins<\/a><br \/>\n<a href=\"https:\/\/maxeville.fr\/index.php\/ma-ville\/nouveaux-arrivants\">Nouveaux arrivants<\/a><\/div>\n<\/div>\n<div class=\"csRow\">\n<div data-csstartpoint=\"645\" data-csendpoint=\"945\" data-cswidth=\"31.3%\" data-csid=\"b2e8439d-bfd4-adfb-bbdd-c3d0eba6633e\"><\/div>\n<\/div>\n<div data-csstartpoint=\"645\" data-csendpoint=\"945\" data-cswidth=\"31.3%\" data-csid=\"b2e8439d-bfd4-adfb-bbdd-c3d0eba6633e\"><\/div>\n<div style=\"clear: both; float: none; display: block; visibility: hidden; width: 0px; font-size: 0px; line-height: 0;\"><\/div>\n<hr \/>\n<p><!-- ------------------------------------------ --><\/p>\n<div class=\"csRow\">\n<div class=\"csColumn\" style=\"margin: 0px; padding: 0px; float: left; width: 31.3%;\" data-csstartpoint=\"15\" data-csendpoint=\"315\" data-cswidth=\"31.3%\" data-csid=\"400af3d3-9c46-4c73-8c91-d4768b875a45\">\n<h4>finances<\/h4>\n<\/div>\n<div class=\"csColumnGap\" style=\"margin: 0px; padding: 0px; float: left; width: 1.56%;\"><img decoding=\"async\" src=\"http:\/\/www.maxeville.fr\/wp-content\/plugins\/advanced-wp-columns\/assets\/js\/plugins\/views\/img\/1x1-pixel.png\" alt=\"\" \/><\/div>\n<div class=\"csColumn\" style=\"margin: 0px; padding: 0px; float: left; width: 31.3%;\" data-csstartpoint=\"330\" data-csendpoint=\"630\" data-cswidth=\"31.3%\" data-csid=\"d79a3701-be9b-845e-8b7f-f25623c09eed\"><a href=\"https:\/\/maxeville.fr\/index.php\/ma-ville\/rapport-budget-primitif\">Rapport Budget Primitif<\/a><br \/>\n<a href=\"https:\/\/maxeville.fr\/index.php\/ma-ville\/rapport-audit-comptes-maxeville\">Rapport d&#8217;audit 2014<\/a><br \/>\n<a href=\"https:\/\/maxeville.fr\/index.php\/ma-ville\/rapport-de-presentations-des-comptes-administratifs\">Comptes administratifs<\/a><br \/>\n<a href=\"https:\/\/maxeville.fr\/index.php\/ma-ville\/rapport-chambre-regionale-des-comptes\">Rapport Chambre R\u00e9g. Comptes<\/a><\/div>\n<div class=\"csColumnGap\" style=\"margin: 0px; padding: 0px; float: left; width: 1.56%;\"><img decoding=\"async\" src=\"http:\/\/www.maxeville.fr\/wp-content\/plugins\/advanced-wp-columns\/assets\/js\/plugins\/views\/img\/1x1-pixel.png\" alt=\"\" \/><\/div>\n<div class=\"csColumn\" style=\"margin: 0px; padding: 0px; float: left; width: 31.3%;\" data-csstartpoint=\"645\" data-csendpoint=\"945\" data-cswidth=\"31.3%\" data-csid=\"b2e8439d-bfd4-adfb-bbdd-c3d0eba6633e\"><a href=\"https:\/\/maxeville.fr\/index.php\/ma-ville\/rapport-orientation-budgetaire\">Rapport d&#8217;Orientation Budg\u00e9taire<\/a><br \/>\n<a href=\"https:\/\/maxeville.fr\/index.php\/ma-ville\/subventions\">Subventions<\/a><\/div>\n<div style=\"clear: both; float: none; display: block; visibility: hidden; width: 0px; font-size: 0px; line-height: 0;\"><\/div>\n<\/div>\n<hr \/>\n<div style=\"padding-bottom:20px; padding-top:10px;\" class=\"hupso-share-buttons\"><!-- Hupso Share Buttons - https:\/\/www.hupso.com\/share\/ --><a class=\"hupso_toolbar\" href=\"https:\/\/www.hupso.com\/share\/\"><img src=\"https:\/\/static.hupso.com\/share\/buttons\/lang\/fr\/share-medium.png\" style=\"border:0px; padding-top: 5px; float:left;\" alt=\"Share Button\"\/><\/a><script type=\"text\/javascript\">var hupso_services_t=new Array();var hupso_background_t=\"#EAF4FF\";var hupso_border_t=\"#66CCFF\";var hupso_toolbar_size_t=\"medium\";var hupso_image_folder_url = \"\";var hupso_url_t=\"\";var hupso_title_t=\"MA%20VILLE\";<\/script><script type=\"text\/javascript\" src=\"https:\/\/static.hupso.com\/share\/js\/share_toolbar.js\"><\/script><!-- Hupso Share Buttons --><\/div>","protected":false},"excerpt":{"rendered":"<p>municipalit\u00e9 \u00c9lus municipaux Conseil municipal d&#8217;enfants Organigramme g\u00e9n\u00e9ral des services Commissions municipales Conseils municipaux Journal municipal Ville Amie des Enfants Villes &amp; Villages o\u00f9 il fait bon vivre&#8230;<\/p>\n","protected":false},"author":1,"featured_media":0,"parent":0,"menu_order":3,"comment_status":"closed","ping_status":"closed","template":"","meta":[],"_links":{"self":[{"href":"https:\/\/maxeville.fr\/index.php\/wp-json\/wp\/v2\/pages\/73"}],"collection":[{"href":"https:\/\/maxeville.fr\/index.php\/wp-json\/wp\/v2\/pages"}],"about":[{"href":"https:\/\/maxeville.fr\/index.php\/wp-json\/wp\/v2\/types\/page"}],"author":[{"embeddable":true,"href":"https:\/\/maxeville.fr\/index.php\/wp-json\/wp\/v2\/users\/1"}],"replies":[{"embeddable":true,"href":"https:\/\/maxeville.fr\/index.php\/wp-json\/wp\/v2\/comments?post=73"}],"version-history":[{"count":222,"href":"https:\/\/maxeville.fr\/index.php\/wp-json\/wp\/v2\/pages\/73\/revisions"}],"predecessor-version":[{"id":19142,"href":"https:\/\/maxeville.fr\/index.php\/wp-json\/wp\/v2\/pages\/73\/revisions\/19142"}],"wp:attachment":[{"href":"https:\/\/maxeville.fr\/index.php\/wp-json\/wp\/v2\/media?parent=73"}],"curies":[{"name":"wp","href":"https:\/\/api.w.org\/{rel}","templated":true}]}}