{"id":79,"date":"2016-04-01T11:07:34","date_gmt":"2016-04-01T13:07:34","guid":{"rendered":"http:\/\/www.maxeville.fr\/?page_id=79"},"modified":"2025-09-19T15:52:33","modified_gmt":"2025-09-19T13:52:33","slug":"nouveaux-arrivants","status":"publish","type":"page","link":"https:\/\/maxeville.fr\/index.php\/ma-ville\/nouveaux-arrivants\/","title":{"rendered":"C\u00e9r\u00e9monie d&#8217;accueil des Nouveaux Habitants"},"content":{"rendered":"<p><em>\u00a0<\/em><\/p>\n<p><em><strong>Vous avez emm\u00e9nag\u00e9 \u00e0 Max\u00e9ville ?<\/strong><\/em><br \/>\nLe Maire et l&#8217;\u00e9quipe municipale vous invitent \u00e0 participer \u00e0 cette journ\u00e9e d&#8217;accueil. Une fois par an, la c\u00e9r\u00e9monie d&#8217;accueil permet de pr\u00e9senter la commune aux nouveaux Max\u00e9villois et d\u2019\u00e9tablir le contact avec l\u2019\u00e9quipe municipale.<\/p>\n<p>Con\u00e7ue comme un moment de rencontre et d\u2019\u00e9changes, la c\u00e9r\u00e9monie donnera l\u2019occasion de d\u00e9couvrir la ville ainsi que les grands axes de l\u2019action municipale.<\/p>\n<p>Inscription : <a href=\"mailto:participation@mairie-maxeville.fr\">participation@mairie-maxeville.fr<\/a><\/p>\n<hr \/>\n<div><b>Changement d&#8217;adresse:<\/b><\/div>\n<div><\/div>\n<div><span style=\"font-size: inherit;\">Le site du Service Public, <\/span><a style=\"font-size: inherit;\" href=\"https:\/\/www.service-public.fr\/particuliers\/vosdroits\/R11193\" target=\"_blank\" rel=\"noopener noreferrer\">via le formulaire R11193<\/a><span style=\"font-size: inherit;\"> permet de signaler le changement d&#8217;adresse aupr\u00e8s de plusieurs organismes publics et priv\u00e9s. de mani\u00e8re simultan\u00e9e, comme la S\u00e9curit\u00e9 sociale, la mutuelle sant\u00e9 ou P\u00f4le emploi.<\/span><\/div>\n<div>\n<p dir=\"ltr\"><em>Important<\/em>: Il est recommand\u00e9 de garder une trace de l\u2019\u00e9tat des lieux d&#8217;entr\u00e9e pour effectuer l&#8217;\u00e9tat des lieux de sortie, afin de disposer de preuves formelles permettant d&#8217;\u00e9viter les litiges. D&#8217;autre part, si le document d&#8217;\u00e9tat des lieux est bien r\u00e9dig\u00e9 comme ceux t\u00e9l\u00e9chargeables gratuitement sur <a href=\"https:\/\/bailpdf.com\/etat-des-lieux\" target=\"_blank\" rel=\"noopener noreferrer\">bailpdf.com<\/a> permet de n\u2019omettre aucun d\u00e9tail.<\/p>\n<p><span id=\"m_2657584957259462533m_-1798329336478589274m_8392794359612017589gmail-docs-internal-guid-6eef270b-7fff-a77f-cff4-7c4c262a8a3b\">15 jours avant environ, pour \u00eatre certain de bien avoir l\u2019\u00e9lectricit\u00e9, il faudra appeler EDF et demander \u00e0 ce qu&#8217;ils mettent en service le ou les compteurs d&#8217;\u00e9lectricit\u00e9 et \/ ou de gaz \u00e0 votre nom. Vous pouvez aussi changer de fournisseur en consultant au pr\u00e9alable les diff\u00e9rents tarifs sur <a href=\"https:\/\/prix-elec.com\/tarifs\" target=\"_blank\" rel=\"noopener noreferrer\">prix-elec.com<\/a><\/span><\/p>\n<\/div>\n<div><\/div>\n<div style=\"padding-bottom:20px; padding-top:10px;\" class=\"hupso-share-buttons\"><!-- Hupso Share Buttons - https:\/\/www.hupso.com\/share\/ --><a class=\"hupso_toolbar\" href=\"https:\/\/www.hupso.com\/share\/\"><img src=\"https:\/\/static.hupso.com\/share\/buttons\/lang\/fr\/share-medium.png\" style=\"border:0px; padding-top: 5px; float:left;\" alt=\"Share Button\"\/><\/a><script type=\"text\/javascript\">var hupso_services_t=new Array();var hupso_background_t=\"#EAF4FF\";var hupso_border_t=\"#66CCFF\";var hupso_toolbar_size_t=\"medium\";var hupso_image_folder_url = \"\";var hupso_url_t=\"\";var hupso_title_t=\"C%C3%A9r%C3%A9monie%20d%27accueil%20des%20Nouveaux%20Habitants\";<\/script><script type=\"text\/javascript\" src=\"https:\/\/static.hupso.com\/share\/js\/share_toolbar.js\"><\/script><!-- Hupso Share Buttons --><\/div>","protected":false},"excerpt":{"rendered":"<p>\u00a0 Vous avez emm\u00e9nag\u00e9 \u00e0 Max\u00e9ville ? Le Maire et l&#8217;\u00e9quipe municipale vous invitent \u00e0 participer \u00e0 cette journ\u00e9e d&#8217;accueil. Une fois par an, la c\u00e9r\u00e9monie d&#8217;accueil permet&#8230;<\/p>\n","protected":false},"author":1,"featured_media":13222,"parent":73,"menu_order":32,"comment_status":"closed","ping_status":"closed","template":"","meta":[],"_links":{"self":[{"href":"https:\/\/maxeville.fr\/index.php\/wp-json\/wp\/v2\/pages\/79"}],"collection":[{"href":"https:\/\/maxeville.fr\/index.php\/wp-json\/wp\/v2\/pages"}],"about":[{"href":"https:\/\/maxeville.fr\/index.php\/wp-json\/wp\/v2\/types\/page"}],"author":[{"embeddable":true,"href":"https:\/\/maxeville.fr\/index.php\/wp-json\/wp\/v2\/users\/1"}],"replies":[{"embeddable":true,"href":"https:\/\/maxeville.fr\/index.php\/wp-json\/wp\/v2\/comments?post=79"}],"version-history":[{"count":19,"href":"https:\/\/maxeville.fr\/index.php\/wp-json\/wp\/v2\/pages\/79\/revisions"}],"predecessor-version":[{"id":18527,"href":"https:\/\/maxeville.fr\/index.php\/wp-json\/wp\/v2\/pages\/79\/revisions\/18527"}],"up":[{"embeddable":true,"href":"https:\/\/maxeville.fr\/index.php\/wp-json\/wp\/v2\/pages\/73"}],"wp:featuredmedia":[{"embeddable":true,"href":"https:\/\/maxeville.fr\/index.php\/wp-json\/wp\/v2\/media\/13222"}],"wp:attachment":[{"href":"https:\/\/maxeville.fr\/index.php\/wp-json\/wp\/v2\/media?parent=79"}],"curies":[{"name":"wp","href":"https:\/\/api.w.org\/{rel}","templated":true}]}}