{"id":88,"date":"2016-04-01T11:09:17","date_gmt":"2016-04-01T13:09:17","guid":{"rendered":"http:\/\/www.maxeville.fr\/?page_id=88"},"modified":"2025-08-18T10:14:20","modified_gmt":"2025-08-18T08:14:20","slug":"lignes-de-bus","status":"publish","type":"page","link":"https:\/\/maxeville.fr\/index.php\/mon-quotidien\/lignes-de-bus\/","title":{"rendered":"Lignes de bus"},"content":{"rendered":"<div class=\"post-content\">\n<p><em>Le r\u00e9seau de transport exploit\u00e9 par Keolis modifie le nom des lignes et les trac\u00e9s. Une meilleure desserte pour les Max\u00e9villois \u00e0 la demande de la municipalit\u00e9.&nbsp;<\/em><\/p>\n<p>Ce r\u00e9seau a \u00e9t\u00e9 r\u00e9alis\u00e9 en concertation avec les maires des 20 communes de la M\u00e9tropole du Grand Nancy et pour r\u00e9pondre plus efficacement aux attentes et besoin des habitants.<\/p>\n<p>Suivez toutes les actualit\u00e9s sur le <a href=\"https:\/\/www.reseau-stan.com\/le-reseau-stan\/stan-et-vous\/actualites\/reseau-aout-2025?fbclid=IwY2xjawMPtuNleHRuA2FlbQIxMABicmlkETA3RUlrclFlS1FJdjZRc3hzAR71Sf5WMFUm9DTZypzNT8DmpAFto6iG2-Smg22dCoLkLTmXEgD8Xs-dkaZLCQ_aem_S4iWfUf8R56IYADoDvOCBA\">site d\u00e9di\u00e9.<\/a><\/p>\n<p>Plan g\u00e9n\u00e9ral du r\u00e9seau, <a href=\"https:\/\/www.reseau-stan.com\/le-reseau-stan\/stan-et-vous\/actualites\/reseau-aout-2025?fbclid=IwY2xjawMPtuNleHRuA2FlbQIxMABicmlkETA3RUlrclFlS1FJdjZRc3hzAR71Sf5WMFUm9DTZypzNT8DmpAFto6iG2-Smg22dCoLkLTmXEgD8Xs-dkaZLCQ_aem_S4iWfUf8R56IYADoDvOCBA\">par ici.<\/a><\/p>\n<hr>\n<p><strong>Retrouvez les trac\u00e9s des diff\u00e9rentes lignes qui traversent Max\u00e9ville :<\/strong><\/p>\n<p><a href=\"https:\/\/tim.reseau-stan.com\/tim\/data\/pdf\/2453_Corol_2025.pdf\" target=\"_blank\" rel=\"noopener\">Les lignes Corol<\/a><\/p>\n<p>Li<a href=\"https:\/\/tim.reseau-stan.com\/tim\/data\/pdf\/2440_Ligne%2013_2025.pdf\" target=\"_blank\" rel=\"noopener\">gne 13<\/a><\/p>\n<p><a href=\"https:\/\/tim.reseau-stan.com\/tim\/data\/pdf\/2457_Tempo%202_2025.pdf\">Tempo 2<\/a><\/p>\n<p><a href=\"https:\/\/tim.reseau-stan.com\/tim\/data\/pdf\/2460_Tempo%205_2025.pdf\">Tempo 5<\/a><\/p>\n<\/div>\n<hr>\n<div style=\"padding-bottom:20px; padding-top:10px;\" class=\"hupso-share-buttons\"><!-- Hupso Share Buttons - https:\/\/www.hupso.com\/share\/ --><a class=\"hupso_toolbar\" href=\"https:\/\/www.hupso.com\/share\/\"><img src=\"https:\/\/static.hupso.com\/share\/buttons\/lang\/fr\/share-medium.png\" style=\"border:0px; padding-top: 5px; float:left;\" alt=\"Share Button\"\/><\/a><script type=\"text\/javascript\">var hupso_services_t=new Array();var hupso_background_t=\"#EAF4FF\";var hupso_border_t=\"#66CCFF\";var hupso_toolbar_size_t=\"medium\";var hupso_image_folder_url = \"\";var hupso_url_t=\"\";var hupso_title_t=\"Lignes%20de%20bus\";<\/script><script type=\"text\/javascript\" src=\"https:\/\/static.hupso.com\/share\/js\/share_toolbar.js\"><\/script><!-- Hupso Share Buttons --><\/div>","protected":false},"excerpt":{"rendered":"<p>Le r\u00e9seau de transport exploit\u00e9 par Keolis modifie le nom des lignes et les trac\u00e9s. Une meilleure desserte pour les Max\u00e9villois \u00e0 la demande de la municipalit\u00e9.&nbsp; Ce&#8230;<\/p>\n","protected":false},"author":1,"featured_media":18306,"parent":242,"menu_order":7,"comment_status":"closed","ping_status":"closed","template":"","meta":[],"_links":{"self":[{"href":"https:\/\/maxeville.fr\/index.php\/wp-json\/wp\/v2\/pages\/88"}],"collection":[{"href":"https:\/\/maxeville.fr\/index.php\/wp-json\/wp\/v2\/pages"}],"about":[{"href":"https:\/\/maxeville.fr\/index.php\/wp-json\/wp\/v2\/types\/page"}],"author":[{"embeddable":true,"href":"https:\/\/maxeville.fr\/index.php\/wp-json\/wp\/v2\/users\/1"}],"replies":[{"embeddable":true,"href":"https:\/\/maxeville.fr\/index.php\/wp-json\/wp\/v2\/comments?post=88"}],"version-history":[{"count":34,"href":"https:\/\/maxeville.fr\/index.php\/wp-json\/wp\/v2\/pages\/88\/revisions"}],"predecessor-version":[{"id":18335,"href":"https:\/\/maxeville.fr\/index.php\/wp-json\/wp\/v2\/pages\/88\/revisions\/18335"}],"up":[{"embeddable":true,"href":"https:\/\/maxeville.fr\/index.php\/wp-json\/wp\/v2\/pages\/242"}],"wp:featuredmedia":[{"embeddable":true,"href":"https:\/\/maxeville.fr\/index.php\/wp-json\/wp\/v2\/media\/18306"}],"wp:attachment":[{"href":"https:\/\/maxeville.fr\/index.php\/wp-json\/wp\/v2\/media?parent=88"}],"curies":[{"name":"wp","href":"https:\/\/api.w.org\/{rel}","templated":true}]}}